{"id":1299,"date":"2016-09-19T14:20:34","date_gmt":"2016-09-19T13:20:34","guid":{"rendered":"http:\/\/meeplendice.net\/?page_id=1299"},"modified":"2024-11-24T23:17:06","modified_gmt":"2024-11-24T21:17:06","slug":"kraken","status":"publish","type":"page","link":"https:\/\/meeplendice.net\/?page_id=1299","title":{"rendered":"Kraken"},"content":{"rendered":"<p style=\"text-align: justify;\"><span id=\"result_box\" lang=\"fr\"><span class=\"hps\">Entrez dans les profondeurs<\/span> <span class=\"hps\">les plus sombres<\/span> <span class=\"hps\">du royaume, accompagn\u00e9 par le myst\u00e9rieux Kraken.<\/span>\u00a0<span class=\"hps\">Dans<\/span> <span class=\"hps\">cette n\u00e9cropole<\/span>, les repr\u00e9sentants des <span class=\"hps\">guildes<\/span>\u00a0font du commerce gr\u00e2ce \u00e0 de\u00a0<span class=\"hps\">magnifiques<\/span>\u00a0<span class=\"hps\">perles noires<\/span>,\u00a0<span class=\"hps\">monnaie<\/span>\u00a0d&rsquo;\u00e9change\u00a0<span class=\"hps\">officieuse<\/span> <span class=\"hps\">du royaume<\/span>.\u00a0Cet argent<span class=\"hps\">\u00a0acc\u00e9l\u00e8rera<\/span>\u00a0<span class=\"hps\">votre chemin<\/span> <span class=\"hps\">au pouvoir<\/span>, <span class=\"hps\">mais il faudra \u00eatre<\/span> <span class=\"hps\">prudent car<\/span>\u00a0<span class=\"hps\">ceux qui seront pris avec ces perles en leur<\/span><span class=\"hps\">\u00a0possession<\/span>\u00a0sont promis \u00e0\u00a0<span class=\"hps\">un terrible destin<\/span> <span class=\"hps\">!<\/span><\/span><\/p>\n<p style=\"text-align: justify;\">Cette premi\u00e8re extension pour Abyss. Les r\u00e8gles ne changent pas m\u00eame si de nouveaux \u00e9l\u00e9ments sont ajout\u00e9s : de nouveaux Lords, de nouveaux Alli\u00e9s, de nouveaux lieux et ces \u00e9tranges perles noires&#8230;<\/p>\n<p style=\"text-align: justify;\"><span id=\"result_box\" class=\"\" lang=\"fr\"><span class=\"\">\u00a0<\/span><\/span><\/p>\n","protected":false},"excerpt":{"rendered":"<p>Entrez dans les profondeurs les plus sombres du royaume, accompagn\u00e9 par le myst\u00e9rieux Kraken.\u00a0Dans cette n\u00e9cropole, les repr\u00e9sentants des guildes\u00a0font du commerce gr\u00e2ce \u00e0 de\u00a0magnifiques\u00a0perles noires,\u00a0monnaie\u00a0d&rsquo;\u00e9change\u00a0officieuse du royaume.\u00a0Cet argent\u00a0acc\u00e9l\u00e8rera\u00a0votre chemin au pouvoir, mais il faudra \u00eatre prudent car\u00a0ceux qui seront pris avec ces perles en leur\u00a0possession\u00a0sont promis \u00e0\u00a0un terrible destin ! Cette premi\u00e8re extension pour Abyss. Les r\u00e8gles ne changent pas m\u00eame si de nouveaux \u00e9l\u00e9ments sont ajout\u00e9s : de nouveaux Lords, de nouveaux Alli\u00e9s, de nouveaux lieux et ces \u00e9tranges perles noires&#8230; \u00a0<\/p>\n","protected":false},"author":2,"featured_media":1304,"parent":55,"menu_order":1,"comment_status":"closed","ping_status":"closed","template":"","meta":{"footnotes":""},"class_list":["post-1299","page","type-page","status-publish","has-post-thumbnail","hentry"],"acf":[],"rttpg_featured_image_url":{"full":["https:\/\/meeplendice.net\/wp-content\/uploads\/2016\/09\/Abyss_Kraken.png",350,350,false],"landscape":["https:\/\/meeplendice.net\/wp-content\/uploads\/2016\/09\/Abyss_Kraken.png",350,350,false],"portraits":["https:\/\/meeplendice.net\/wp-content\/uploads\/2016\/09\/Abyss_Kraken.png",350,350,false],"thumbnail":["https:\/\/meeplendice.net\/wp-content\/uploads\/2016\/09\/Abyss_Kraken-150x150.png",150,150,true],"medium":["https:\/\/meeplendice.net\/wp-content\/uploads\/2016\/09\/Abyss_Kraken-300x300.png",300,300,true],"large":["https:\/\/meeplendice.net\/wp-content\/uploads\/2016\/09\/Abyss_Kraken.png",350,350,false],"ug_big":["https:\/\/meeplendice.net\/wp-content\/uploads\/2016\/09\/Abyss_Kraken.png",350,350,false],"1536x1536":["https:\/\/meeplendice.net\/wp-content\/uploads\/2016\/09\/Abyss_Kraken.png",350,350,false],"2048x2048":["https:\/\/meeplendice.net\/wp-content\/uploads\/2016\/09\/Abyss_Kraken.png",350,350,false],"ashe-slider-grid-thumbnail":["https:\/\/meeplendice.net\/wp-content\/uploads\/2016\/09\/Abyss_Kraken.png",350,350,false],"ashe-full-thumbnail":["https:\/\/meeplendice.net\/wp-content\/uploads\/2016\/09\/Abyss_Kraken.png",350,350,false],"ashe-grid-thumbnail":["https:\/\/meeplendice.net\/wp-content\/uploads\/2016\/09\/Abyss_Kraken-350x330.png",350,330,true],"ashe-list-thumbnail":["https:\/\/meeplendice.net\/wp-content\/uploads\/2016\/09\/Abyss_Kraken-300x300.png",300,300,true],"ashe-single-navigation":["https:\/\/meeplendice.net\/wp-content\/uploads\/2016\/09\/Abyss_Kraken-75x75.png",75,75,true],"mailpoet_newsletter_max":["https:\/\/meeplendice.net\/wp-content\/uploads\/2016\/09\/Abyss_Kraken.png",350,350,false],"rpwe-thumbnail":["https:\/\/meeplendice.net\/wp-content\/uploads\/2016\/09\/Abyss_Kraken-45x45.png",45,45,true],"sow-carousel-default":["https:\/\/meeplendice.net\/wp-content\/uploads\/2016\/09\/Abyss_Kraken-272x182.png",272,182,true],"rt_custom":["https:\/\/meeplendice.net\/wp-content\/uploads\/2016\/09\/Abyss_Kraken.png",350,350,false]},"rttpg_author":{"display_name":"Karnby","author_link":"https:\/\/meeplendice.net\/?author=2"},"rttpg_comment":0,"rttpg_category":null,"rttpg_excerpt":"Entrez dans les profondeurs les plus sombres du royaume, accompagn\u00e9 par le myst\u00e9rieux Kraken.\u00a0Dans cette n\u00e9cropole, les repr\u00e9sentants des guildes\u00a0font du commerce gr\u00e2ce \u00e0 de\u00a0magnifiques\u00a0perles noires,\u00a0monnaie\u00a0d&rsquo;\u00e9change\u00a0officieuse du royaume.\u00a0Cet argent\u00a0acc\u00e9l\u00e8rera\u00a0votre chemin au pouvoir, mais il faudra \u00eatre prudent car\u00a0ceux qui seront pris avec ces perles en leur\u00a0possession\u00a0sont promis \u00e0\u00a0un terrible destin ! Cette premi\u00e8re extension pour\u2026","_links":{"self":[{"href":"https:\/\/meeplendice.net\/index.php?rest_route=\/wp\/v2\/pages\/1299","targetHints":{"allow":["GET"]}}],"collection":[{"href":"https:\/\/meeplendice.net\/index.php?rest_route=\/wp\/v2\/pages"}],"about":[{"href":"https:\/\/meeplendice.net\/index.php?rest_route=\/wp\/v2\/types\/page"}],"author":[{"embeddable":true,"href":"https:\/\/meeplendice.net\/index.php?rest_route=\/wp\/v2\/users\/2"}],"replies":[{"embeddable":true,"href":"https:\/\/meeplendice.net\/index.php?rest_route=%2Fwp%2Fv2%2Fcomments&post=1299"}],"version-history":[{"count":8,"href":"https:\/\/meeplendice.net\/index.php?rest_route=\/wp\/v2\/pages\/1299\/revisions"}],"predecessor-version":[{"id":12979,"href":"https:\/\/meeplendice.net\/index.php?rest_route=\/wp\/v2\/pages\/1299\/revisions\/12979"}],"up":[{"embeddable":true,"href":"https:\/\/meeplendice.net\/index.php?rest_route=\/wp\/v2\/pages\/55"}],"wp:featuredmedia":[{"embeddable":true,"href":"https:\/\/meeplendice.net\/index.php?rest_route=\/wp\/v2\/media\/1304"}],"wp:attachment":[{"href":"https:\/\/meeplendice.net\/index.php?rest_route=%2Fwp%2Fv2%2Fmedia&parent=1299"}],"curies":[{"name":"wp","href":"https:\/\/api.w.org\/{rel}","templated":true}]}}