{"id":12999,"date":"2024-11-25T11:42:59","date_gmt":"2024-11-25T09:42:59","guid":{"rendered":"https:\/\/meeplendice.net\/?page_id=12999"},"modified":"2024-11-25T11:42:59","modified_gmt":"2024-11-25T09:42:59","slug":"turbulences","status":"publish","type":"page","link":"https:\/\/meeplendice.net\/?page_id=12999","title":{"rendered":"Turbulences"},"content":{"rendered":"<p><em>La m\u00e9t\u00e9o a \u00e9t\u00e9 plut\u00f4t cl\u00e9mente jusqu&rsquo;\u00e0 pr\u00e9sent, mais les choses sont sur le point de changer. Le ciel s&rsquo;assombrit et le vent se l\u00e8ve. De nouveaux a\u00e9roports, encore plus exigeants, s&rsquo;offrent \u00e0 vous. <\/em><\/p>\n<p><em>Vous sentez ces secousses ? Ou est-ce vos mains qui tremblent ?<\/em><\/p>\n<p>Avec <em>Sky Team &#8211; Turbulences<\/em>, des conditions climatiques d\u00e9favorables et des incidents techniques seront \u00e0 l&rsquo;honneur de vos prochains atterrissages.<\/p>\n<p>Prenez place dans votre cockpit et testez vos comp\u00e9tences dans 20 sc\u00e9narios encore plus exigeants, incluant de nouvelles r\u00e8gles et de nouveaux modules qui enrichissent le jeu de base : Turbulences, Manque de visibilit\u00e9, Alarmes&#8230;<\/p>\n<p>Embarquement imm\u00e9diat vers des destinations in\u00e9dites telles que Beijing, Madrid, Varsovie, Sydney, Le Cap, Kiev, Saint Martin.<\/p>\n<div>Attention les secousses !<\/div>\n","protected":false},"excerpt":{"rendered":"<p>La m\u00e9t\u00e9o a \u00e9t\u00e9 plut\u00f4t cl\u00e9mente jusqu&rsquo;\u00e0 pr\u00e9sent, mais les choses sont sur le point de changer. Le ciel s&rsquo;assombrit et le vent se l\u00e8ve. De nouveaux a\u00e9roports, encore plus exigeants, s&rsquo;offrent \u00e0 vous. Vous sentez ces secousses ? Ou est-ce vos mains qui tremblent ? Avec Sky Team &#8211; Turbulences, des conditions climatiques d\u00e9favorables et des incidents techniques seront \u00e0 l&rsquo;honneur de vos prochains atterrissages. Prenez place dans votre cockpit et testez vos comp\u00e9tences dans 20 sc\u00e9narios encore plus exigeants, incluant de nouvelles r\u00e8gles et de nouveaux modules qui enrichissent le jeu de base : Turbulences, Manque de visibilit\u00e9, Alarmes&#8230; Embarquement imm\u00e9diat vers des destinations in\u00e9dites telles que Beijing, Madrid, Varsovie, Sydney, Le Cap, Kiev, Saint Martin. Attention les secousses !<\/p>\n","protected":false},"author":2,"featured_media":13000,"parent":11617,"menu_order":1,"comment_status":"closed","ping_status":"closed","template":"","meta":{"footnotes":""},"class_list":["post-12999","page","type-page","status-publish","has-post-thumbnail","hentry"],"acf":[],"rttpg_featured_image_url":{"full":["https:\/\/meeplendice.net\/wp-content\/uploads\/2024\/11\/ST_Turbulences.png",350,350,false],"landscape":["https:\/\/meeplendice.net\/wp-content\/uploads\/2024\/11\/ST_Turbulences.png",350,350,false],"portraits":["https:\/\/meeplendice.net\/wp-content\/uploads\/2024\/11\/ST_Turbulences.png",350,350,false],"thumbnail":["https:\/\/meeplendice.net\/wp-content\/uploads\/2024\/11\/ST_Turbulences-150x150.png",150,150,true],"medium":["https:\/\/meeplendice.net\/wp-content\/uploads\/2024\/11\/ST_Turbulences-300x300.png",300,300,true],"large":["https:\/\/meeplendice.net\/wp-content\/uploads\/2024\/11\/ST_Turbulences.png",350,350,false],"ug_big":["https:\/\/meeplendice.net\/wp-content\/uploads\/2024\/11\/ST_Turbulences.png",350,350,false],"1536x1536":["https:\/\/meeplendice.net\/wp-content\/uploads\/2024\/11\/ST_Turbulences.png",350,350,false],"2048x2048":["https:\/\/meeplendice.net\/wp-content\/uploads\/2024\/11\/ST_Turbulences.png",350,350,false],"ashe-slider-grid-thumbnail":["https:\/\/meeplendice.net\/wp-content\/uploads\/2024\/11\/ST_Turbulences.png",350,350,false],"ashe-full-thumbnail":["https:\/\/meeplendice.net\/wp-content\/uploads\/2024\/11\/ST_Turbulences.png",350,350,false],"ashe-grid-thumbnail":["https:\/\/meeplendice.net\/wp-content\/uploads\/2024\/11\/ST_Turbulences-350x330.png",350,330,true],"ashe-list-thumbnail":["https:\/\/meeplendice.net\/wp-content\/uploads\/2024\/11\/ST_Turbulences-300x300.png",300,300,true],"ashe-single-navigation":["https:\/\/meeplendice.net\/wp-content\/uploads\/2024\/11\/ST_Turbulences-75x75.png",75,75,true],"mailpoet_newsletter_max":["https:\/\/meeplendice.net\/wp-content\/uploads\/2024\/11\/ST_Turbulences.png",350,350,false],"rpwe-thumbnail":["https:\/\/meeplendice.net\/wp-content\/uploads\/2024\/11\/ST_Turbulences-45x45.png",45,45,true],"sow-carousel-default":["https:\/\/meeplendice.net\/wp-content\/uploads\/2024\/11\/ST_Turbulences-272x182.png",272,182,true],"rt_custom":["https:\/\/meeplendice.net\/wp-content\/uploads\/2024\/11\/ST_Turbulences.png",350,350,false]},"rttpg_author":{"display_name":"Karnby","author_link":"https:\/\/meeplendice.net\/?author=2"},"rttpg_comment":0,"rttpg_category":null,"rttpg_excerpt":"La m\u00e9t\u00e9o a \u00e9t\u00e9 plut\u00f4t cl\u00e9mente jusqu&rsquo;\u00e0 pr\u00e9sent, mais les choses sont sur le point de changer. Le ciel s&rsquo;assombrit et le vent se l\u00e8ve. De nouveaux a\u00e9roports, encore plus exigeants, s&rsquo;offrent \u00e0 vous. Vous sentez ces secousses ? Ou est-ce vos mains qui tremblent ? Avec Sky Team &#8211; Turbulences, des conditions climatiques d\u00e9favorables\u2026","_links":{"self":[{"href":"https:\/\/meeplendice.net\/index.php?rest_route=\/wp\/v2\/pages\/12999","targetHints":{"allow":["GET"]}}],"collection":[{"href":"https:\/\/meeplendice.net\/index.php?rest_route=\/wp\/v2\/pages"}],"about":[{"href":"https:\/\/meeplendice.net\/index.php?rest_route=\/wp\/v2\/types\/page"}],"author":[{"embeddable":true,"href":"https:\/\/meeplendice.net\/index.php?rest_route=\/wp\/v2\/users\/2"}],"replies":[{"embeddable":true,"href":"https:\/\/meeplendice.net\/index.php?rest_route=%2Fwp%2Fv2%2Fcomments&post=12999"}],"version-history":[{"count":1,"href":"https:\/\/meeplendice.net\/index.php?rest_route=\/wp\/v2\/pages\/12999\/revisions"}],"predecessor-version":[{"id":13001,"href":"https:\/\/meeplendice.net\/index.php?rest_route=\/wp\/v2\/pages\/12999\/revisions\/13001"}],"up":[{"embeddable":true,"href":"https:\/\/meeplendice.net\/index.php?rest_route=\/wp\/v2\/pages\/11617"}],"wp:featuredmedia":[{"embeddable":true,"href":"https:\/\/meeplendice.net\/index.php?rest_route=\/wp\/v2\/media\/13000"}],"wp:attachment":[{"href":"https:\/\/meeplendice.net\/index.php?rest_route=%2Fwp%2Fv2%2Fmedia&parent=12999"}],"curies":[{"name":"wp","href":"https:\/\/api.w.org\/{rel}","templated":true}]}}