{"id":13004,"date":"2024-11-25T11:58:22","date_gmt":"2024-11-25T09:58:22","guid":{"rendered":"https:\/\/meeplendice.net\/?page_id=13004"},"modified":"2024-11-25T12:06:05","modified_gmt":"2024-11-25T10:06:05","slug":"superstore-3000","status":"publish","type":"page","link":"https:\/\/meeplendice.net\/?page_id=13004","title":{"rendered":"Superstore 3000"},"content":{"rendered":"<div id=\"pl-13004\"  class=\"panel-layout\" ><div id=\"pg-13004-0\"  class=\"panel-grid panel-no-style\" ><div id=\"pgc-13004-0-0\"  class=\"panel-grid-cell\" ><div id=\"panel-13004-0-0-0\" class=\"so-panel widget widget_sow-editor panel-first-child panel-last-child\" data-index=\"0\" ><div\n\t\t\t\n\t\t\tclass=\"so-widget-sow-editor so-widget-sow-editor-base\"\n\t\t\t\n\t\t>\n<div class=\"siteorigin-widget-tinymce textwidget\">\n\t<p style=\"text-align: center;\"><strong>Nombre de joueurs :<\/strong><br \/>\n2 - 4<\/p>\n<\/div>\n<\/div><\/div><\/div><div id=\"pgc-13004-0-1\"  class=\"panel-grid-cell\" ><div id=\"panel-13004-0-1-0\" class=\"so-panel widget widget_sow-editor panel-first-child panel-last-child\" data-index=\"1\" ><div\n\t\t\t\n\t\t\tclass=\"so-widget-sow-editor so-widget-sow-editor-base\"\n\t\t\t\n\t\t>\n<div class=\"siteorigin-widget-tinymce textwidget\">\n\t<p style=\"text-align: center;\"><strong>Dur\u00e9e moyenne :<\/strong><br \/>\n45 min<\/p>\n<\/div>\n<\/div><\/div><\/div><div id=\"pgc-13004-0-2\"  class=\"panel-grid-cell\" ><div id=\"panel-13004-0-2-0\" class=\"so-panel widget widget_sow-editor panel-first-child panel-last-child\" data-index=\"2\" ><div\n\t\t\t\n\t\t\tclass=\"so-widget-sow-editor so-widget-sow-editor-base\"\n\t\t\t\n\t\t>\n<div class=\"siteorigin-widget-tinymce textwidget\">\n\t<p style=\"text-align: center;\"><strong>Age :<\/strong><br \/>\n10 ans et plus<\/p>\n<\/div>\n<\/div><\/div><\/div><\/div><div id=\"pg-13004-1\"  class=\"panel-grid panel-no-style\" ><div id=\"pgc-13004-1-0\"  class=\"panel-grid-cell\" ><div id=\"panel-13004-1-0-0\" class=\"so-panel widget widget_sow-editor panel-first-child panel-last-child\" data-index=\"3\" ><div\n\t\t\t\n\t\t\tclass=\"so-widget-sow-editor so-widget-sow-editor-base\"\n\t\t\t\n\t\t>\n<div class=\"siteorigin-widget-tinymce textwidget\">\n\t<p style=\"text-align: center;\"><strong>Auteur(s) :<br \/>\n<\/strong><span class=\"data-siloing\" title=\"Voir tous les jeux\" data-siloing=\"https:\/\/www.philibertnet.com\/fr\/recherche?feature=31&amp;feature_value=Corentin Lebrat\"><span class=\"data-siloing\" title=\"D\u00e9couvrez tous ces jeux\" data-siloing=\"https:\/\/www.philibertnet.com\/fr\/recherche?feature=31&amp;feature_value=Rodrigo Rego\">Rodrigo Rego<\/span><\/span><\/p>\n<\/div>\n<\/div><\/div><\/div><div id=\"pgc-13004-1-1\"  class=\"panel-grid-cell\" ><div id=\"panel-13004-1-1-0\" class=\"so-panel widget widget_sow-editor panel-first-child panel-last-child\" data-index=\"4\" ><div\n\t\t\t\n\t\t\tclass=\"so-widget-sow-editor so-widget-sow-editor-base\"\n\t\t\t\n\t\t>\n<div class=\"siteorigin-widget-tinymce textwidget\">\n\t<p style=\"text-align: center;\"><strong>Illustrations :<\/strong><br \/>\n<span class=\"data-siloing\" title=\"D\u00e9couvrez tous ces jeux\" data-siloing=\"https:\/\/www.philibertnet.com\/fr\/recherche?feature=41&amp;feature_value=Ryan Goldsberry\">Ryan Goldsberry<\/span><\/p>\n<\/div>\n<\/div><\/div><\/div><div id=\"pgc-13004-1-2\"  class=\"panel-grid-cell\" ><div id=\"panel-13004-1-2-0\" class=\"so-panel widget widget_sow-editor panel-first-child panel-last-child\" data-index=\"5\" ><div\n\t\t\t\n\t\t\tclass=\"so-widget-sow-editor so-widget-sow-editor-base\"\n\t\t\t\n\t\t>\n<div class=\"siteorigin-widget-tinymce textwidget\">\n\t<p style=\"text-align: center;\"><strong>\u00c9dition :<\/strong><br \/>\nSpace Cowboys<br \/>\n2024<\/p>\n<\/div>\n<\/div><\/div><\/div><div id=\"pgc-13004-1-3\"  class=\"panel-grid-cell\" ><div id=\"panel-13004-1-3-0\" class=\"so-panel widget widget_sow-editor panel-first-child panel-last-child\" data-index=\"6\" ><div\n\t\t\t\n\t\t\tclass=\"so-widget-sow-editor so-widget-sow-editor-base\"\n\t\t\t\n\t\t>\n<div class=\"siteorigin-widget-tinymce textwidget\">\n\t<p style=\"text-align: center;\"><strong>Version :<\/strong><br \/>\nFran\u00e7aise<\/p>\n<\/div>\n<\/div><\/div><\/div><\/div><div id=\"pg-13004-2\"  class=\"panel-grid panel-no-style\" ><div id=\"pgc-13004-2-0\"  class=\"panel-grid-cell\" ><div id=\"panel-13004-2-0-0\" class=\"so-panel widget widget_sow-editor panel-first-child panel-last-child\" data-index=\"7\" ><div\n\t\t\t\n\t\t\tclass=\"so-widget-sow-editor so-widget-sow-editor-base\"\n\t\t\t\n\t\t>\n<div class=\"siteorigin-widget-tinymce textwidget\">\n\t<hr \/>\n<p><em>Ann\u00e9e cosmique 2964 : les centres commerciaux ont toujours la cote. Apr\u00e8s tout, qu'y a-t-il de mal \u00e0 vouloir d\u00e9nicher tout ce dont on r\u00eave dans un immense complexe commercial ? Le hic, c'est qu'il en apparait partout dans la galaxie et que le Distributeur Automatique de Boutiques 3000tm (DAB 3000) peine \u00e0 satisfaire la demande.<\/em><\/p>\n<p><em>Alors que buggys, fus\u00e9es et navettes sont en approche des Zone d'Arriv\u00e9e Prioritaires (ZAP), c'est aux ing\u00e9nieurs qu'il incombe de proposer une exp\u00e9rience de shopping adapt\u00e9e aux clients fr\u00e9n\u00e9tiques qui d\u00e9barquent dans les centres commerciaux. Ce joyeux d\u00e9sordre peut accoucher de structures pour le moins biscornues, mais tout le monde s'en moque tant que l'exp\u00e9rience est satisfaisante !<\/em><\/p>\n<p>Dans le jeu <em><span class=\"style-client-colored-text\">Superstore 3000<\/span><\/em>, \u00e0 votre tour, choisissez votre action et ajoutez un nouveau magasin \u00e0 votre centre commercial ou gagnez des cr\u00e9dits. Puis attirez des clients : plus ils seront satisfaits, plus vous le serez \u00e9galement. Et enfin, remplissez un maximum d'objectifs pour b\u00e2tir des attractions extraordinaires ...<\/p>\n<p>Simple, tactique et... spectaculaire !<\/p>\n<\/div>\n<\/div><\/div><\/div><\/div><div id=\"pg-13004-3\"  class=\"panel-grid panel-no-style\" ><div id=\"pgc-13004-3-0\"  class=\"panel-grid-cell\" ><div id=\"panel-13004-3-0-0\" class=\"so-panel widget widget_sow-editor panel-first-child panel-last-child\" data-index=\"8\" ><div\n\t\t\t\n\t\t\tclass=\"so-widget-sow-editor so-widget-sow-editor-base\"\n\t\t\t\n\t\t>\n<div class=\"siteorigin-widget-tinymce textwidget\">\n\t<hr \/>\n<h3 style=\"text-align: center;\">En vid\u00e9o<\/h3>\n<\/div>\n<\/div><\/div><\/div><\/div><div id=\"pg-13004-4\"  class=\"panel-grid panel-no-style\" ><div id=\"pgc-13004-4-0\"  class=\"panel-grid-cell\" ><div id=\"panel-13004-4-0-0\" class=\"so-panel widget widget_sow-editor panel-first-child panel-last-child\" data-index=\"9\" ><div\n\t\t\t\n\t\t\tclass=\"so-widget-sow-editor so-widget-sow-editor-base\"\n\t\t\t\n\t\t>\n<div class=\"siteorigin-widget-tinymce textwidget\">\n\t<hr \/>\n<h3 style=\"text-align: center;\">Pour aller plus loin<\/h3>\n<\/div>\n<\/div><\/div><\/div><\/div><\/div>","protected":false},"excerpt":{"rendered":"<p>Nombre de joueurs : 2 &#8211; 4 Dur\u00e9e moyenne : 45 min Age : 10 ans et plus Auteur(s) : Rodrigo Rego Illustrations : Ryan Goldsberry \u00c9dition : Space Cowboys 2024 Version : Fran\u00e7aise<\/p>\n","protected":false},"author":2,"featured_media":13005,"parent":0,"menu_order":0,"comment_status":"closed","ping_status":"closed","template":"","meta":{"footnotes":""},"class_list":["post-13004","page","type-page","status-publish","has-post-thumbnail","hentry"],"acf":[],"rttpg_featured_image_url":{"full":["https:\/\/meeplendice.net\/wp-content\/uploads\/2024\/11\/Superstore3000.png",350,350,false],"landscape":["https:\/\/meeplendice.net\/wp-content\/uploads\/2024\/11\/Superstore3000.png",350,350,false],"portraits":["https:\/\/meeplendice.net\/wp-content\/uploads\/2024\/11\/Superstore3000.png",350,350,false],"thumbnail":["https:\/\/meeplendice.net\/wp-content\/uploads\/2024\/11\/Superstore3000-150x150.png",150,150,true],"medium":["https:\/\/meeplendice.net\/wp-content\/uploads\/2024\/11\/Superstore3000-300x300.png",300,300,true],"large":["https:\/\/meeplendice.net\/wp-content\/uploads\/2024\/11\/Superstore3000.png",350,350,false],"ug_big":["https:\/\/meeplendice.net\/wp-content\/uploads\/2024\/11\/Superstore3000.png",350,350,false],"1536x1536":["https:\/\/meeplendice.net\/wp-content\/uploads\/2024\/11\/Superstore3000.png",350,350,false],"2048x2048":["https:\/\/meeplendice.net\/wp-content\/uploads\/2024\/11\/Superstore3000.png",350,350,false],"ashe-slider-grid-thumbnail":["https:\/\/meeplendice.net\/wp-content\/uploads\/2024\/11\/Superstore3000.png",350,350,false],"ashe-full-thumbnail":["https:\/\/meeplendice.net\/wp-content\/uploads\/2024\/11\/Superstore3000.png",350,350,false],"ashe-grid-thumbnail":["https:\/\/meeplendice.net\/wp-content\/uploads\/2024\/11\/Superstore3000-350x330.png",350,330,true],"ashe-list-thumbnail":["https:\/\/meeplendice.net\/wp-content\/uploads\/2024\/11\/Superstore3000-300x300.png",300,300,true],"ashe-single-navigation":["https:\/\/meeplendice.net\/wp-content\/uploads\/2024\/11\/Superstore3000-75x75.png",75,75,true],"mailpoet_newsletter_max":["https:\/\/meeplendice.net\/wp-content\/uploads\/2024\/11\/Superstore3000.png",350,350,false],"rpwe-thumbnail":["https:\/\/meeplendice.net\/wp-content\/uploads\/2024\/11\/Superstore3000-45x45.png",45,45,true],"sow-carousel-default":["https:\/\/meeplendice.net\/wp-content\/uploads\/2024\/11\/Superstore3000-272x182.png",272,182,true],"rt_custom":["https:\/\/meeplendice.net\/wp-content\/uploads\/2024\/11\/Superstore3000.png",350,350,false]},"rttpg_author":{"display_name":"Karnby","author_link":"https:\/\/meeplendice.net\/?author=2"},"rttpg_comment":0,"rttpg_category":null,"rttpg_excerpt":"Nombre de joueurs : 2 - 4 Dur\u00e9e moyenne : 45 min Age : 10 ans et plus Auteur(s) : Rodrigo Rego Illustrations : Ryan Goldsberry \u00c9dition : Space Cowboys 2024 Version : Fran\u00e7aise","_links":{"self":[{"href":"https:\/\/meeplendice.net\/index.php?rest_route=\/wp\/v2\/pages\/13004","targetHints":{"allow":["GET"]}}],"collection":[{"href":"https:\/\/meeplendice.net\/index.php?rest_route=\/wp\/v2\/pages"}],"about":[{"href":"https:\/\/meeplendice.net\/index.php?rest_route=\/wp\/v2\/types\/page"}],"author":[{"embeddable":true,"href":"https:\/\/meeplendice.net\/index.php?rest_route=\/wp\/v2\/users\/2"}],"replies":[{"embeddable":true,"href":"https:\/\/meeplendice.net\/index.php?rest_route=%2Fwp%2Fv2%2Fcomments&post=13004"}],"version-history":[{"count":3,"href":"https:\/\/meeplendice.net\/index.php?rest_route=\/wp\/v2\/pages\/13004\/revisions"}],"predecessor-version":[{"id":13008,"href":"https:\/\/meeplendice.net\/index.php?rest_route=\/wp\/v2\/pages\/13004\/revisions\/13008"}],"wp:featuredmedia":[{"embeddable":true,"href":"https:\/\/meeplendice.net\/index.php?rest_route=\/wp\/v2\/media\/13005"}],"wp:attachment":[{"href":"https:\/\/meeplendice.net\/index.php?rest_route=%2Fwp%2Fv2%2Fmedia&parent=13004"}],"curies":[{"name":"wp","href":"https:\/\/api.w.org\/{rel}","templated":true}]}}