{"id":13076,"date":"2025-01-04T00:24:22","date_gmt":"2025-01-03T22:24:22","guid":{"rendered":"https:\/\/meeplendice.net\/?page_id=13076"},"modified":"2025-12-16T15:53:36","modified_gmt":"2025-12-16T13:53:36","slug":"la-route-de-la-soie","status":"publish","type":"page","link":"https:\/\/meeplendice.net\/?page_id=13076","title":{"rendered":"La Route de la Soie"},"content":{"rendered":"<p><em>Splendor : La Route de la Soie<\/em> est une extension pour Splendor (2024), ajoutant deux modules : les Cit\u00e9s et les Comptoirs. Ces deux modules se jouent individuellement ou combin\u00e9s aux autres modules de Splendor.<\/p>\n<p><em><strong>Les Cit\u00e9s<\/strong> <\/em><br \/>\nAmboise, Cracovie, Delhi, Madrid, Samarcande, S\u00e9oul, Tombouctou : chaque cit\u00e9 cherche \u00e0 r\u00e9aliser une \u0153uvre de joaillerie unique et d\u00e9pense sans compter. Mais saurez-vous satisfaire ces exigences extravagantes ?<\/p>\n<p><em><strong>Les Comptoirs<\/strong><\/em><br \/>\nLa route de la soie ne suffit plus aux empire commerciaux, et chaque guilde ouvre de nouveaux comptoirs dans des r\u00e9gions et des territoires lointains. Qui s&rsquo;adaptera le mieux et le plus rapidement aux nouvelles r\u00e8gles du n\u00e9goce mondial ?<\/p>\n<p>&nbsp;<\/p>\n<p><span id=\"result_box\" class=\"\" lang=\"fr\"><span class=\"\">\u00a0<\/span><\/span><\/p>\n","protected":false},"excerpt":{"rendered":"<p>Splendor : La Route de la Soie est une extension pour Splendor (2024), ajoutant deux modules : les Cit\u00e9s et les Comptoirs. Ces deux modules se jouent individuellement ou combin\u00e9s aux autres modules de Splendor. Les Cit\u00e9s Amboise, Cracovie, Delhi, Madrid, Samarcande, S\u00e9oul, Tombouctou : chaque cit\u00e9 cherche \u00e0 r\u00e9aliser une \u0153uvre de joaillerie unique et d\u00e9pense sans compter. Mais saurez-vous satisfaire ces exigences extravagantes ? Les Comptoirs La route de la soie ne suffit plus aux empire commerciaux, et chaque guilde ouvre de nouveaux comptoirs dans des r\u00e9gions et des territoires lointains. Qui s&rsquo;adaptera le mieux et le plus rapidement aux nouvelles r\u00e8gles du n\u00e9goce mondial ? &nbsp; \u00a0<\/p>\n","protected":false},"author":2,"featured_media":13233,"parent":13895,"menu_order":1,"comment_status":"closed","ping_status":"closed","template":"","meta":{"footnotes":""},"class_list":["post-13076","page","type-page","status-publish","has-post-thumbnail","hentry"],"acf":[],"rttpg_featured_image_url":{"full":["https:\/\/meeplendice.net\/wp-content\/uploads\/2025\/01\/Splendor_soie.png",350,350,false],"landscape":["https:\/\/meeplendice.net\/wp-content\/uploads\/2025\/01\/Splendor_soie.png",350,350,false],"portraits":["https:\/\/meeplendice.net\/wp-content\/uploads\/2025\/01\/Splendor_soie.png",350,350,false],"thumbnail":["https:\/\/meeplendice.net\/wp-content\/uploads\/2025\/01\/Splendor_soie-150x150.png",150,150,true],"medium":["https:\/\/meeplendice.net\/wp-content\/uploads\/2025\/01\/Splendor_soie-300x300.png",300,300,true],"large":["https:\/\/meeplendice.net\/wp-content\/uploads\/2025\/01\/Splendor_soie.png",350,350,false],"ug_big":["https:\/\/meeplendice.net\/wp-content\/uploads\/2025\/01\/Splendor_soie.png",350,350,false],"1536x1536":["https:\/\/meeplendice.net\/wp-content\/uploads\/2025\/01\/Splendor_soie.png",350,350,false],"2048x2048":["https:\/\/meeplendice.net\/wp-content\/uploads\/2025\/01\/Splendor_soie.png",350,350,false],"ashe-slider-grid-thumbnail":["https:\/\/meeplendice.net\/wp-content\/uploads\/2025\/01\/Splendor_soie.png",350,350,false],"ashe-full-thumbnail":["https:\/\/meeplendice.net\/wp-content\/uploads\/2025\/01\/Splendor_soie.png",350,350,false],"ashe-grid-thumbnail":["https:\/\/meeplendice.net\/wp-content\/uploads\/2025\/01\/Splendor_soie-350x330.png",350,330,true],"ashe-list-thumbnail":["https:\/\/meeplendice.net\/wp-content\/uploads\/2025\/01\/Splendor_soie-300x300.png",300,300,true],"ashe-single-navigation":["https:\/\/meeplendice.net\/wp-content\/uploads\/2025\/01\/Splendor_soie-75x75.png",75,75,true],"mailpoet_newsletter_max":["https:\/\/meeplendice.net\/wp-content\/uploads\/2025\/01\/Splendor_soie.png",350,350,false],"rpwe-thumbnail":["https:\/\/meeplendice.net\/wp-content\/uploads\/2025\/01\/Splendor_soie-45x45.png",45,45,true],"sow-carousel-default":["https:\/\/meeplendice.net\/wp-content\/uploads\/2025\/01\/Splendor_soie-272x182.png",272,182,true],"rt_custom":["https:\/\/meeplendice.net\/wp-content\/uploads\/2025\/01\/Splendor_soie.png",350,350,false]},"rttpg_author":{"display_name":"Karnby","author_link":"https:\/\/meeplendice.net\/?author=2"},"rttpg_comment":0,"rttpg_category":null,"rttpg_excerpt":"Splendor : La Route de la Soie est une extension pour Splendor (2024), ajoutant deux modules : les Cit\u00e9s et les Comptoirs. Ces deux modules se jouent individuellement ou combin\u00e9s aux autres modules de Splendor. Les Cit\u00e9s Amboise, Cracovie, Delhi, Madrid, Samarcande, S\u00e9oul, Tombouctou : chaque cit\u00e9 cherche \u00e0 r\u00e9aliser une \u0153uvre de joaillerie unique\u2026","_links":{"self":[{"href":"https:\/\/meeplendice.net\/index.php?rest_route=\/wp\/v2\/pages\/13076","targetHints":{"allow":["GET"]}}],"collection":[{"href":"https:\/\/meeplendice.net\/index.php?rest_route=\/wp\/v2\/pages"}],"about":[{"href":"https:\/\/meeplendice.net\/index.php?rest_route=\/wp\/v2\/types\/page"}],"author":[{"embeddable":true,"href":"https:\/\/meeplendice.net\/index.php?rest_route=\/wp\/v2\/users\/2"}],"replies":[{"embeddable":true,"href":"https:\/\/meeplendice.net\/index.php?rest_route=%2Fwp%2Fv2%2Fcomments&post=13076"}],"version-history":[{"count":4,"href":"https:\/\/meeplendice.net\/index.php?rest_route=\/wp\/v2\/pages\/13076\/revisions"}],"predecessor-version":[{"id":13901,"href":"https:\/\/meeplendice.net\/index.php?rest_route=\/wp\/v2\/pages\/13076\/revisions\/13901"}],"up":[{"embeddable":true,"href":"https:\/\/meeplendice.net\/index.php?rest_route=\/wp\/v2\/pages\/13895"}],"wp:featuredmedia":[{"embeddable":true,"href":"https:\/\/meeplendice.net\/index.php?rest_route=\/wp\/v2\/media\/13233"}],"wp:attachment":[{"href":"https:\/\/meeplendice.net\/index.php?rest_route=%2Fwp%2Fv2%2Fmedia&parent=13076"}],"curies":[{"name":"wp","href":"https:\/\/api.w.org\/{rel}","templated":true}]}}