{"id":13082,"date":"2025-01-04T00:53:02","date_gmt":"2025-01-03T22:53:02","guid":{"rendered":"https:\/\/meeplendice.net\/?page_id=13082"},"modified":"2025-01-04T00:53:02","modified_gmt":"2025-01-03T22:53:02","slug":"matcha","status":"publish","type":"page","link":"https:\/\/meeplendice.net\/?page_id=13082","title":{"rendered":"Matcha"},"content":{"rendered":"<p><em>La c\u00e9r\u00e9monie du th\u00e9 est au coeur de la culture japonaise. Elle est l&rsquo;essence m\u00eame des concepts les plus essentiels et les plus \u00e9l\u00e9mentaires d&rsquo;hospitalit\u00e9 et de respect, et l&rsquo;un des piliers de la philosophie zen.<\/em><\/p>\n<p><em>Les japonais croient que le th\u00e9, venu de Chine au XIIIe si\u00e8cle, r\u00e9solvait les probl\u00e8mes de sant\u00e9 des moines bouddhistes qui le buvaient. A travers les \u00e2ges, la c\u00e9r\u00e9monie du th\u00e9 a \u00e9volu\u00e9. Elle a offert aux samoura\u00efs un moment de calme, loin du chaos des champs de bataille. L&rsquo;influence du ma\u00eetre de th\u00e9 Sen no Rikyu l&rsquo;a ensuite transform\u00e9e en un moyen habile de montrer son statut. Puis, elle est devenue un espace de culture, la religion et de n\u00e9gociation politique pour la nation japonaise.<\/em><\/p>\n<p><em>Avoir des membres de votre bien plac\u00e9 au sein du Chashitsu (la maison du th\u00e9) vous aidera \u00e0 atteindre un plus haut degr\u00e9 d&rsquo;influence au sein de la cour du ch\u00e2teau de Himeji.<\/em><\/p>\n<p>Dans <em>Le Ch\u00e2teau Blanc &#8211; Matcha,<\/em> vous devrez faire face \u00e0 un nouveau lieu o\u00f9 vous pourrez influencer la cour en utilisant les nouveaux membres de votre clan. Le fait d&rsquo;avoir des membres de votre clan bien plac\u00e9s dans le Chashitsu (salon de th\u00e9) vous aidera \u00e0 obtenir un plus grand niveau d&rsquo;influence au sein de la cour de Himeji. De plus, vous disposerez d&rsquo;une action suppl\u00e9mentaire \u00e0 chaque tour. Cela suffira-t-il ?<span id=\"result_box\" class=\"\" lang=\"fr\"><span class=\"\">\u00a0<\/span><\/span><\/p>\n","protected":false},"excerpt":{"rendered":"<p>La c\u00e9r\u00e9monie du th\u00e9 est au coeur de la culture japonaise. Elle est l&rsquo;essence m\u00eame des concepts les plus essentiels et les plus \u00e9l\u00e9mentaires d&rsquo;hospitalit\u00e9 et de respect, et l&rsquo;un des piliers de la philosophie zen. Les japonais croient que le th\u00e9, venu de Chine au XIIIe si\u00e8cle, r\u00e9solvait les probl\u00e8mes de sant\u00e9 des moines bouddhistes qui le buvaient. A travers les \u00e2ges, la c\u00e9r\u00e9monie du th\u00e9 a \u00e9volu\u00e9. Elle a offert aux samoura\u00efs un moment de calme, loin du chaos des champs de bataille. L&rsquo;influence du ma\u00eetre de th\u00e9 Sen no Rikyu l&rsquo;a ensuite transform\u00e9e en un moyen habile de montrer son statut. Puis, elle est devenue un espace de culture, la religion et de n\u00e9gociation politique pour la nation japonaise. Avoir des membres de votre bien plac\u00e9 au sein du Chashitsu (la maison du th\u00e9) vous aidera \u00e0 atteindre un plus haut degr\u00e9 d&rsquo;influence au sein de la cour du ch\u00e2teau de Himeji. Dans Le Ch\u00e2teau Blanc &#8211; Matcha, vous devrez faire face \u00e0 un nouveau lieu o\u00f9 vous pourrez influencer la cour en utilisant les nouveaux membres de votre clan. Le fait d&rsquo;avoir des membres de votre clan bien plac\u00e9s dans le Chashitsu (salon de th\u00e9) vous aidera \u00e0 obtenir un plus grand niveau d&rsquo;influence au sein de la cour de Himeji. De plus, vous disposerez d&rsquo;une action suppl\u00e9mentaire \u00e0 chaque tour. Cela suffira-t-il ?\u00a0<\/p>\n","protected":false},"author":2,"featured_media":13075,"parent":11611,"menu_order":1,"comment_status":"closed","ping_status":"closed","template":"","meta":{"footnotes":""},"class_list":["post-13082","page","type-page","status-publish","has-post-thumbnail","hentry"],"acf":[],"rttpg_featured_image_url":{"full":["https:\/\/meeplendice.net\/wp-content\/uploads\/2025\/01\/Chateau_Blanc_Matcha.png",350,350,false],"landscape":["https:\/\/meeplendice.net\/wp-content\/uploads\/2025\/01\/Chateau_Blanc_Matcha.png",350,350,false],"portraits":["https:\/\/meeplendice.net\/wp-content\/uploads\/2025\/01\/Chateau_Blanc_Matcha.png",350,350,false],"thumbnail":["https:\/\/meeplendice.net\/wp-content\/uploads\/2025\/01\/Chateau_Blanc_Matcha-150x150.png",150,150,true],"medium":["https:\/\/meeplendice.net\/wp-content\/uploads\/2025\/01\/Chateau_Blanc_Matcha-300x300.png",300,300,true],"large":["https:\/\/meeplendice.net\/wp-content\/uploads\/2025\/01\/Chateau_Blanc_Matcha.png",350,350,false],"ug_big":["https:\/\/meeplendice.net\/wp-content\/uploads\/2025\/01\/Chateau_Blanc_Matcha.png",350,350,false],"1536x1536":["https:\/\/meeplendice.net\/wp-content\/uploads\/2025\/01\/Chateau_Blanc_Matcha.png",350,350,false],"2048x2048":["https:\/\/meeplendice.net\/wp-content\/uploads\/2025\/01\/Chateau_Blanc_Matcha.png",350,350,false],"ashe-slider-grid-thumbnail":["https:\/\/meeplendice.net\/wp-content\/uploads\/2025\/01\/Chateau_Blanc_Matcha.png",350,350,false],"ashe-full-thumbnail":["https:\/\/meeplendice.net\/wp-content\/uploads\/2025\/01\/Chateau_Blanc_Matcha.png",350,350,false],"ashe-grid-thumbnail":["https:\/\/meeplendice.net\/wp-content\/uploads\/2025\/01\/Chateau_Blanc_Matcha-350x330.png",350,330,true],"ashe-list-thumbnail":["https:\/\/meeplendice.net\/wp-content\/uploads\/2025\/01\/Chateau_Blanc_Matcha-300x300.png",300,300,true],"ashe-single-navigation":["https:\/\/meeplendice.net\/wp-content\/uploads\/2025\/01\/Chateau_Blanc_Matcha-75x75.png",75,75,true],"mailpoet_newsletter_max":["https:\/\/meeplendice.net\/wp-content\/uploads\/2025\/01\/Chateau_Blanc_Matcha.png",350,350,false],"rpwe-thumbnail":["https:\/\/meeplendice.net\/wp-content\/uploads\/2025\/01\/Chateau_Blanc_Matcha-45x45.png",45,45,true],"sow-carousel-default":["https:\/\/meeplendice.net\/wp-content\/uploads\/2025\/01\/Chateau_Blanc_Matcha-272x182.png",272,182,true],"rt_custom":["https:\/\/meeplendice.net\/wp-content\/uploads\/2025\/01\/Chateau_Blanc_Matcha.png",350,350,false]},"rttpg_author":{"display_name":"Karnby","author_link":"https:\/\/meeplendice.net\/?author=2"},"rttpg_comment":0,"rttpg_category":null,"rttpg_excerpt":"La c\u00e9r\u00e9monie du th\u00e9 est au coeur de la culture japonaise. Elle est l&rsquo;essence m\u00eame des concepts les plus essentiels et les plus \u00e9l\u00e9mentaires d&rsquo;hospitalit\u00e9 et de respect, et l&rsquo;un des piliers de la philosophie zen. Les japonais croient que le th\u00e9, venu de Chine au XIIIe si\u00e8cle, r\u00e9solvait les probl\u00e8mes de sant\u00e9 des moines\u2026","_links":{"self":[{"href":"https:\/\/meeplendice.net\/index.php?rest_route=\/wp\/v2\/pages\/13082","targetHints":{"allow":["GET"]}}],"collection":[{"href":"https:\/\/meeplendice.net\/index.php?rest_route=\/wp\/v2\/pages"}],"about":[{"href":"https:\/\/meeplendice.net\/index.php?rest_route=\/wp\/v2\/types\/page"}],"author":[{"embeddable":true,"href":"https:\/\/meeplendice.net\/index.php?rest_route=\/wp\/v2\/users\/2"}],"replies":[{"embeddable":true,"href":"https:\/\/meeplendice.net\/index.php?rest_route=%2Fwp%2Fv2%2Fcomments&post=13082"}],"version-history":[{"count":1,"href":"https:\/\/meeplendice.net\/index.php?rest_route=\/wp\/v2\/pages\/13082\/revisions"}],"predecessor-version":[{"id":13083,"href":"https:\/\/meeplendice.net\/index.php?rest_route=\/wp\/v2\/pages\/13082\/revisions\/13083"}],"up":[{"embeddable":true,"href":"https:\/\/meeplendice.net\/index.php?rest_route=\/wp\/v2\/pages\/11611"}],"wp:featuredmedia":[{"embeddable":true,"href":"https:\/\/meeplendice.net\/index.php?rest_route=\/wp\/v2\/media\/13075"}],"wp:attachment":[{"href":"https:\/\/meeplendice.net\/index.php?rest_route=%2Fwp%2Fv2%2Fmedia&parent=13082"}],"curies":[{"name":"wp","href":"https:\/\/api.w.org\/{rel}","templated":true}]}}