{"id":13085,"date":"2025-01-04T01:09:46","date_gmt":"2025-01-03T23:09:46","guid":{"rendered":"https:\/\/meeplendice.net\/?page_id=13085"},"modified":"2025-01-04T01:42:55","modified_gmt":"2025-01-03T23:42:55","slug":"escape-the-dark-castle","status":"publish","type":"page","link":"https:\/\/meeplendice.net\/?page_id=13085","title":{"rendered":"Escape the Dark Castle"},"content":{"rendered":"<div id=\"pl-13085\"  class=\"panel-layout\" ><div id=\"pg-13085-0\"  class=\"panel-grid panel-no-style\" ><div id=\"pgc-13085-0-0\"  class=\"panel-grid-cell\" ><div id=\"panel-13085-0-0-0\" class=\"so-panel widget widget_sow-editor panel-first-child panel-last-child\" data-index=\"0\" ><div\n\t\t\t\n\t\t\tclass=\"so-widget-sow-editor so-widget-sow-editor-base\"\n\t\t\t\n\t\t>\n<div class=\"siteorigin-widget-tinymce textwidget\">\n\t<p style=\"text-align: center;\"><strong>Nombre de joueurs :<\/strong><br \/>\n1 - 4<\/p>\n<\/div>\n<\/div><\/div><\/div><div id=\"pgc-13085-0-1\"  class=\"panel-grid-cell\" ><div id=\"panel-13085-0-1-0\" class=\"so-panel widget widget_sow-editor panel-first-child panel-last-child\" data-index=\"1\" ><div\n\t\t\t\n\t\t\tclass=\"so-widget-sow-editor so-widget-sow-editor-base\"\n\t\t\t\n\t\t>\n<div class=\"siteorigin-widget-tinymce textwidget\">\n\t<p style=\"text-align: center;\"><strong>Dur\u00e9e moyenne :<\/strong><br \/>\n30 min<\/p>\n<\/div>\n<\/div><\/div><\/div><div id=\"pgc-13085-0-2\"  class=\"panel-grid-cell\" ><div id=\"panel-13085-0-2-0\" class=\"so-panel widget widget_sow-editor panel-first-child panel-last-child\" data-index=\"2\" ><div\n\t\t\t\n\t\t\tclass=\"so-widget-sow-editor so-widget-sow-editor-base\"\n\t\t\t\n\t\t>\n<div class=\"siteorigin-widget-tinymce textwidget\">\n\t<p style=\"text-align: center;\"><strong>Age :<\/strong><br \/>\n14 ans et plus<\/p>\n<\/div>\n<\/div><\/div><\/div><\/div><div id=\"pg-13085-1\"  class=\"panel-grid panel-no-style\" ><div id=\"pgc-13085-1-0\"  class=\"panel-grid-cell\" ><div id=\"panel-13085-1-0-0\" class=\"so-panel widget widget_sow-editor panel-first-child panel-last-child\" data-index=\"3\" ><div\n\t\t\t\n\t\t\tclass=\"so-widget-sow-editor so-widget-sow-editor-base\"\n\t\t\t\n\t\t>\n<div class=\"siteorigin-widget-tinymce textwidget\">\n\t<p style=\"text-align: center;\"><strong>Auteur(s) :<br \/>\n<\/strong><span class=\"data-siloing\" title=\"Voir tous les jeux\" data-siloing=\"https:\/\/www.philibertnet.com\/fr\/recherche?feature=31&amp;feature_value=Corentin Lebrat\">Alex Crispin<br \/>\nThomas Pike<br \/>\nJames Shelton<br \/>\n<\/span><\/p>\n<\/div>\n<\/div><\/div><\/div><div id=\"pgc-13085-1-1\"  class=\"panel-grid-cell\" ><div id=\"panel-13085-1-1-0\" class=\"so-panel widget widget_sow-editor panel-first-child panel-last-child\" data-index=\"4\" ><div\n\t\t\t\n\t\t\tclass=\"so-widget-sow-editor so-widget-sow-editor-base\"\n\t\t\t\n\t\t>\n<div class=\"siteorigin-widget-tinymce textwidget\">\n\t<p style=\"text-align: center;\"><strong>Illustrations :<\/strong><br \/>\n<span class=\"data-siloing\" title=\"D\u00e9couvrez tous ces jeux\" data-siloing=\"https:\/\/www.philibertnet.com\/fr\/recherche?feature=41&amp;feature_value=Jiahui Eva Gao\">Alex Crispin<br \/>\n<\/span><\/p>\n<\/div>\n<\/div><\/div><\/div><div id=\"pgc-13085-1-2\"  class=\"panel-grid-cell\" ><div id=\"panel-13085-1-2-0\" class=\"so-panel widget widget_sow-editor panel-first-child panel-last-child\" data-index=\"5\" ><div\n\t\t\t\n\t\t\tclass=\"so-widget-sow-editor so-widget-sow-editor-base\"\n\t\t\t\n\t\t>\n<div class=\"siteorigin-widget-tinymce textwidget\">\n\t<p style=\"text-align: center;\"><strong>\u00c9dition :<\/strong><br \/>\nThemeborne Ltd.<br \/>\n2017<\/p>\n<\/div>\n<\/div><\/div><\/div><div id=\"pgc-13085-1-3\"  class=\"panel-grid-cell\" ><div id=\"panel-13085-1-3-0\" class=\"so-panel widget widget_sow-editor panel-first-child panel-last-child\" data-index=\"6\" ><div\n\t\t\t\n\t\t\tclass=\"so-widget-sow-editor so-widget-sow-editor-base\"\n\t\t\t\n\t\t>\n<div class=\"siteorigin-widget-tinymce textwidget\">\n\t<p style=\"text-align: center;\"><strong>Version :<\/strong><br \/>\nFran\u00e7aise<\/p>\n<\/div>\n<\/div><\/div><\/div><\/div><div id=\"pg-13085-2\"  class=\"panel-grid panel-no-style\" ><div id=\"pgc-13085-2-0\"  class=\"panel-grid-cell\" ><div id=\"panel-13085-2-0-0\" class=\"so-panel widget widget_sow-editor panel-first-child panel-last-child\" data-index=\"7\" ><div\n\t\t\t\n\t\t\tclass=\"so-widget-sow-editor so-widget-sow-editor-base\"\n\t\t\t\n\t\t>\n<div class=\"siteorigin-widget-tinymce textwidget\">\n\t<hr \/>\n<p><em>Apr\u00e8s des ann\u00e9es de captivit\u00e9 dans les profondeurs du Dark Castle, vous parvenez enfin \u00e0 vous \u00e9chapper de votre cachot.<br \/>\nVous devez d\u00e9sormais faire face \u00e0 d'innombrables dangers dans votre qu\u00eate d\u00e9sesp\u00e9r\u00e9e pour vous \u00e9chapper...<\/em><\/p>\n<p>&nbsp;<\/p>\n<p><em>Escape the Dark Castle <\/em>est un jeu d'aventure fantasy dans lequel l'accent est mis sur l'atmosph\u00e8re, la narration et la coop\u00e9ration das joueurs.<\/p>\n<p>Vous jouerez le r\u00f4le de prisonniers et devrez travailler ensemble, utilisant d\u00e9s et cartes Objet pour surmonter les nombreuses horreurs, les pi\u00e8ges et les d\u00e9fis que le Ch\u00e2teau mettra sur votre chemin !<\/p>\n<p>Pourrez-vous \u00e9chapper \u00e0 l'obscurit\u00e9 ?<\/p>\n<\/div>\n<\/div><\/div><\/div><\/div><div id=\"pg-13085-3\"  class=\"panel-grid panel-no-style\" ><div id=\"pgc-13085-3-0\"  class=\"panel-grid-cell\" ><div id=\"panel-13085-3-0-0\" class=\"so-panel widget widget_sow-editor panel-first-child panel-last-child\" data-index=\"8\" ><div\n\t\t\t\n\t\t\tclass=\"so-widget-sow-editor so-widget-sow-editor-base\"\n\t\t\t\n\t\t>\n<div class=\"siteorigin-widget-tinymce textwidget\">\n\t<hr \/>\n<h3 style=\"text-align: center;\">En vid\u00e9o<\/h3>\n<p><a href=\"https:\/\/www.youtube.com\/watch?v=KFOfwJenOC8&amp;t=5s\" target=\"_blank\" rel=\"noopener\"><img loading=\"lazy\" decoding=\"async\" class=\"alignnone size-full wp-image-9090\" src=\"https:\/\/meeplendice.net\/wp-content\/uploads\/2022\/01\/Link_CJ_v2.png\" alt=\"\" width=\"200\" height=\"170\" \/><\/a><\/p>\n<\/div>\n<\/div><\/div><\/div><\/div><div id=\"pg-13085-4\"  class=\"panel-grid panel-no-style\" ><div id=\"pgc-13085-4-0\"  class=\"panel-grid-cell\" ><div id=\"panel-13085-4-0-0\" class=\"so-panel widget widget_sow-editor panel-first-child panel-last-child\" data-index=\"9\" ><div\n\t\t\t\n\t\t\tclass=\"so-widget-sow-editor so-widget-sow-editor-base\"\n\t\t\t\n\t\t>\n<div class=\"siteorigin-widget-tinymce textwidget\">\n\t<hr \/>\n<h3 style=\"text-align: center;\">Extension(s)<\/h3>\n<p style=\"text-align: center;\"><style type='text\/css' media='all'>#rt-tpg-container-625034880 .read-more a{border-radius:px;}#rt-tpg-container-625034880 .rt-img-holder img.rt-img-responsive,#rt-tpg-container-625034880 .rt-img-holder,\n\t\t\t\t\t#rt-tpg-container-625034880 .rt-post-overlay .post-img,\n\t\t\t\t\t#rt-tpg-container-625034880 .post-sm .post-img,\n\t\t\t\t\t#rt-tpg-container-625034880 .rt-post-grid .post-img,\n\t\t\t\t\t#rt-tpg-container-625034880 .post-img img {border-radius:px;}#rt-tpg-container-625034880 .layout9 .rt-holder h2.entry-title,\n\t\t\t\t\t#rt-tpg-container-625034880 .layout9 .rt-holder h3.entry-title,\n\t\t\t\t\t#rt-tpg-container-625034880 .layout9 .rt-holder h4.entry-title,\n\t\t\t\t\t#rt-tpg-container-625034880 .layout9 .rt-holder h2.entry-title a,\n\t\t\t\t\t#rt-tpg-container-625034880 .layout9 .rt-holder h3.entry-title a,\n\t\t\t\t\t#rt-tpg-container-625034880 .layout9 .rt-holder h4.entry-title a,\n\t\t\t\t\t#rt-tpg-container-625034880 .rt-holder .rt-woo-info h2 a,\n\t\t\t\t\t#rt-tpg-container-625034880 .rt-holder .rt-woo-info h3 a,\n\t\t\t\t\t#rt-tpg-container-625034880 .rt-holder .rt-woo-info h4 a,\n\t\t\t\t\t#rt-tpg-container-625034880 .post-content .post-title,\n\t\t\t\t\t#rt-tpg-container-625034880 .rt-post-grid .post-title,\n\t\t\t\t\t#rt-tpg-container-625034880 .rt-post-grid .post-title a,\n\t\t\t\t\t#rt-tpg-container-625034880 .post-content .post-title a,\n\t\t\t\t\t#rt-tpg-container-625034880 .rt-holder .rt-woo-info h2,\n\t\t\t\t\t#rt-tpg-container-625034880 .rt-holder .rt-woo-info h3,\n\t\t\t\t\t#rt-tpg-container-625034880 .rt-holder .rt-woo-info h4{font-size:16px;line-height:26px;font-weight:normal;text-align:center;}#rt-tpg-container-625034880 .post-grid-lg-style-1 .post-title,\n\t\t\t\t\t\t#rt-tpg-container-625034880 .post-grid-lg-style-1 .post-title a,\n\t\t\t\t\t\t#rt-tpg-container-625034880 .big-layout .post-title,\n\t\t\t\t\t\t#rt-tpg-container-625034880 .big-layout .post-title a,\n\t\t\t\t\t\t#rt-tpg-container-625034880 .post-grid-lg-style-1 .post-title,\n\t\t\t\t\t\t#rt-tpg-container-625034880 .post-grid-lg-style-1 .post-title a {font-size:24px;line-height:34px;}<\/style><div class='rt-container-fluid rt-tpg-container tpg-shortcode-main-wrapper ' id='rt-tpg-container-625034880'   data-layout='layout9' data-grid-style='masonry' data-desktop-col='3'  data-tab-col='2'  data-mobile-col='1' data-sc-id='13090'><div data-title='Loading ...' class='rt-row rt-content-loader   layout9 tpg-masonry '><div class=\"rt-col-md-4 rt-col-sm-6 rt-col-xs-12 masonry-grid-item rt-grid-item img_zoom_in\" data-id=\"13088\"><div class=\"rt-holder\"><div class='overlay'><a data-id='13088' class=' tpg-single-popup' href='https:\/\/meeplendice.net\/?page_id=13088'><img loading=\"lazy\" decoding=\"async\" width=\"350\" height=\"350\" src=\"https:\/\/meeplendice.net\/wp-content\/uploads\/2025\/01\/Escape_TDC_Ext1.png\" class=\"rt-img-responsive \" alt=\"\" \/><\/a><\/div><div class='post-info'><h3 class=\"entry-title\"><a data-id=\"13088\" class=\" tpg-single-popup\" href=\"https:\/\/meeplendice.net\/?page_id=13088\">Pack d&rsquo;aventure n\u00b01 : Le Culte du Chevalier de la Mort<\/a><\/h3><div class='post-meta-user '><\/div><\/div><\/div><\/div><div class=\"rt-col-md-4 rt-col-sm-6 rt-col-xs-12 masonry-grid-item rt-grid-item img_zoom_in\" data-id=\"13094\"><div class=\"rt-holder\"><div class='overlay'><a data-id='13094' class=' tpg-single-popup' href='https:\/\/meeplendice.net\/?page_id=13094'><img loading=\"lazy\" decoding=\"async\" width=\"350\" height=\"350\" src=\"https:\/\/meeplendice.net\/wp-content\/uploads\/2025\/01\/Escape_TDC_Ext2.png\" class=\"rt-img-responsive \" alt=\"\" \/><\/a><\/div><div class='post-info'><h3 class=\"entry-title\"><a data-id=\"13094\" class=\" tpg-single-popup\" href=\"https:\/\/meeplendice.net\/?page_id=13094\">Pack d&rsquo;aventure n\u00b02 : Le Joug de la Reine Revenante<\/a><\/h3><div class='post-meta-user '><\/div><\/div><\/div><\/div><div class=\"rt-col-md-4 rt-col-sm-6 rt-col-xs-12 masonry-grid-item rt-grid-item img_zoom_in\" data-id=\"13096\"><div class=\"rt-holder\"><div class='overlay'><a data-id='13096' class=' tpg-single-popup' href='https:\/\/meeplendice.net\/?page_id=13096'><img loading=\"lazy\" decoding=\"async\" width=\"350\" height=\"350\" src=\"https:\/\/meeplendice.net\/wp-content\/uploads\/2025\/01\/Escape_TDC_Ext3.png\" class=\"rt-img-responsive \" alt=\"\" \/><\/a><\/div><div class='post-info'><h3 class=\"entry-title\"><a data-id=\"13096\" class=\" tpg-single-popup\" href=\"https:\/\/meeplendice.net\/?page_id=13096\">Pack d&rsquo;aventure n\u00b03 : Le Fl\u00e9au du Seigneur de la Peste<\/a><\/h3><div class='post-meta-user '><\/div><\/div><\/div><\/div><\/div><div class='rt-pagination-wrap' data-total-pages='2' data-posts-per-page='3' data-type='pagination_ajax'  ><div class='rt-page-numbers'><\/div><\/div><\/div><\/p>\n<\/div>\n<\/div><\/div><\/div><\/div><div id=\"pg-13085-5\"  class=\"panel-grid panel-no-style\" ><div id=\"pgc-13085-5-0\"  class=\"panel-grid-cell\" ><div id=\"panel-13085-5-0-0\" class=\"so-panel widget widget_sow-editor panel-first-child panel-last-child\" data-index=\"10\" ><div\n\t\t\t\n\t\t\tclass=\"so-widget-sow-editor so-widget-sow-editor-base\"\n\t\t\t\n\t\t>\n<div class=\"siteorigin-widget-tinymce textwidget\">\n\t<hr \/>\n<h3 style=\"text-align: center;\">Pour aller plus loin<\/h3>\n<\/div>\n<\/div><\/div><\/div><\/div><\/div>","protected":false},"excerpt":{"rendered":"<p>Nombre de joueurs : 1 &#8211; 4 Dur\u00e9e moyenne : 30 min Age : 14 ans et plus Auteur(s) : Alex Crispin Thomas Pike James Shelton Illustrations : Alex Crispin \u00c9dition : Themeborne Ltd. 2017 Version : Fran\u00e7aise<\/p>\n","protected":false},"author":2,"featured_media":13049,"parent":0,"menu_order":0,"comment_status":"closed","ping_status":"closed","template":"","meta":{"footnotes":""},"class_list":["post-13085","page","type-page","status-publish","has-post-thumbnail","hentry"],"acf":[],"rttpg_featured_image_url":{"full":["https:\/\/meeplendice.net\/wp-content\/uploads\/2025\/01\/Escape_TDC.png",350,350,false],"landscape":["https:\/\/meeplendice.net\/wp-content\/uploads\/2025\/01\/Escape_TDC.png",350,350,false],"portraits":["https:\/\/meeplendice.net\/wp-content\/uploads\/2025\/01\/Escape_TDC.png",350,350,false],"thumbnail":["https:\/\/meeplendice.net\/wp-content\/uploads\/2025\/01\/Escape_TDC-150x150.png",150,150,true],"medium":["https:\/\/meeplendice.net\/wp-content\/uploads\/2025\/01\/Escape_TDC-300x300.png",300,300,true],"large":["https:\/\/meeplendice.net\/wp-content\/uploads\/2025\/01\/Escape_TDC.png",350,350,false],"ug_big":["https:\/\/meeplendice.net\/wp-content\/uploads\/2025\/01\/Escape_TDC.png",350,350,false],"1536x1536":["https:\/\/meeplendice.net\/wp-content\/uploads\/2025\/01\/Escape_TDC.png",350,350,false],"2048x2048":["https:\/\/meeplendice.net\/wp-content\/uploads\/2025\/01\/Escape_TDC.png",350,350,false],"ashe-slider-grid-thumbnail":["https:\/\/meeplendice.net\/wp-content\/uploads\/2025\/01\/Escape_TDC.png",350,350,false],"ashe-full-thumbnail":["https:\/\/meeplendice.net\/wp-content\/uploads\/2025\/01\/Escape_TDC.png",350,350,false],"ashe-grid-thumbnail":["https:\/\/meeplendice.net\/wp-content\/uploads\/2025\/01\/Escape_TDC-350x330.png",350,330,true],"ashe-list-thumbnail":["https:\/\/meeplendice.net\/wp-content\/uploads\/2025\/01\/Escape_TDC-300x300.png",300,300,true],"ashe-single-navigation":["https:\/\/meeplendice.net\/wp-content\/uploads\/2025\/01\/Escape_TDC-75x75.png",75,75,true],"mailpoet_newsletter_max":["https:\/\/meeplendice.net\/wp-content\/uploads\/2025\/01\/Escape_TDC.png",350,350,false],"rpwe-thumbnail":["https:\/\/meeplendice.net\/wp-content\/uploads\/2025\/01\/Escape_TDC-45x45.png",45,45,true],"sow-carousel-default":["https:\/\/meeplendice.net\/wp-content\/uploads\/2025\/01\/Escape_TDC-272x182.png",272,182,true],"rt_custom":["https:\/\/meeplendice.net\/wp-content\/uploads\/2025\/01\/Escape_TDC.png",350,350,false]},"rttpg_author":{"display_name":"Karnby","author_link":"https:\/\/meeplendice.net\/?author=2"},"rttpg_comment":0,"rttpg_category":null,"rttpg_excerpt":"Nombre de joueurs : 1 - 4 Dur\u00e9e moyenne : 30 min Age : 14 ans et plus Auteur(s) : Alex Crispin Thomas Pike James Shelton Illustrations : Alex Crispin \u00c9dition : Themeborne Ltd. 2017 Version : Fran\u00e7aise","_links":{"self":[{"href":"https:\/\/meeplendice.net\/index.php?rest_route=\/wp\/v2\/pages\/13085","targetHints":{"allow":["GET"]}}],"collection":[{"href":"https:\/\/meeplendice.net\/index.php?rest_route=\/wp\/v2\/pages"}],"about":[{"href":"https:\/\/meeplendice.net\/index.php?rest_route=\/wp\/v2\/types\/page"}],"author":[{"embeddable":true,"href":"https:\/\/meeplendice.net\/index.php?rest_route=\/wp\/v2\/users\/2"}],"replies":[{"embeddable":true,"href":"https:\/\/meeplendice.net\/index.php?rest_route=%2Fwp%2Fv2%2Fcomments&post=13085"}],"version-history":[{"count":5,"href":"https:\/\/meeplendice.net\/index.php?rest_route=\/wp\/v2\/pages\/13085\/revisions"}],"predecessor-version":[{"id":13103,"href":"https:\/\/meeplendice.net\/index.php?rest_route=\/wp\/v2\/pages\/13085\/revisions\/13103"}],"wp:featuredmedia":[{"embeddable":true,"href":"https:\/\/meeplendice.net\/index.php?rest_route=\/wp\/v2\/media\/13049"}],"wp:attachment":[{"href":"https:\/\/meeplendice.net\/index.php?rest_route=%2Fwp%2Fv2%2Fmedia&parent=13085"}],"curies":[{"name":"wp","href":"https:\/\/api.w.org\/{rel}","templated":true}]}}