{"id":13096,"date":"2025-01-04T01:34:28","date_gmt":"2025-01-03T23:34:28","guid":{"rendered":"https:\/\/meeplendice.net\/?page_id=13096"},"modified":"2025-01-04T01:39:14","modified_gmt":"2025-01-03T23:39:14","slug":"pack-daventure-n3-le-fleau-du-seigneur-de-la-peste","status":"publish","type":"page","link":"https:\/\/meeplendice.net\/?page_id=13096","title":{"rendered":"Pack d&rsquo;aventure n\u00b03 : Le Fl\u00e9au du Seigneur de la Peste"},"content":{"rendered":"<p><em>Des couloirs les plus profonds et longtemps oubli\u00e9s aux mansardes vo\u00fbt\u00e9es des plus hautes tours, vous trouverez sa cr\u00e9ation. Car il est le Seigneur de la Peste, une monstrueuse masse consciente dot\u00e9e de pustules purulentes, fi\u00e8re \u00e9manation incarn\u00e9e d&rsquo;une malfaisance d\u00e9bordante.<br \/>\nVous satisferiez son plaisir le plus pervers si vous deviez succomber doucement aux tourments d&rsquo;agonie que procure la peste..<\/em><em>.<\/em><\/p>\n<p>&nbsp;<\/p>\n<p><em>Le Fl\u00e9au du Seigneur de la Peste<\/em> est un pack d&rsquo;extension pour <em>Escape the Dark Castle<\/em>. Il introduit de nouvelles r\u00e8gles et intensifie vos aventures.<\/p>\n<p>&nbsp;<\/p>\n<p style=\"text-align: justify;\"><span id=\"result_box\" class=\"\" lang=\"fr\"><span class=\"\">\u00a0<\/span><\/span><\/p>\n","protected":false},"excerpt":{"rendered":"<p>Des couloirs les plus profonds et longtemps oubli\u00e9s aux mansardes vo\u00fbt\u00e9es des plus hautes tours, vous trouverez sa cr\u00e9ation. Car il est le Seigneur de la Peste, une monstrueuse masse consciente dot\u00e9e de pustules purulentes, fi\u00e8re \u00e9manation incarn\u00e9e d&rsquo;une malfaisance d\u00e9bordante. Vous satisferiez son plaisir le plus pervers si vous deviez succomber doucement aux tourments d&rsquo;agonie que procure la peste&#8230; &nbsp; Le Fl\u00e9au du Seigneur de la Peste est un pack d&rsquo;extension pour Escape the Dark Castle. Il introduit de nouvelles r\u00e8gles et intensifie vos aventures. &nbsp; \u00a0<\/p>\n","protected":false},"author":2,"featured_media":13073,"parent":13085,"menu_order":3,"comment_status":"closed","ping_status":"closed","template":"","meta":{"footnotes":""},"class_list":["post-13096","page","type-page","status-publish","has-post-thumbnail","hentry"],"acf":[],"rttpg_featured_image_url":{"full":["https:\/\/meeplendice.net\/wp-content\/uploads\/2025\/01\/Escape_TDC_Ext3.png",350,350,false],"landscape":["https:\/\/meeplendice.net\/wp-content\/uploads\/2025\/01\/Escape_TDC_Ext3.png",350,350,false],"portraits":["https:\/\/meeplendice.net\/wp-content\/uploads\/2025\/01\/Escape_TDC_Ext3.png",350,350,false],"thumbnail":["https:\/\/meeplendice.net\/wp-content\/uploads\/2025\/01\/Escape_TDC_Ext3-150x150.png",150,150,true],"medium":["https:\/\/meeplendice.net\/wp-content\/uploads\/2025\/01\/Escape_TDC_Ext3-300x300.png",300,300,true],"large":["https:\/\/meeplendice.net\/wp-content\/uploads\/2025\/01\/Escape_TDC_Ext3.png",350,350,false],"ug_big":["https:\/\/meeplendice.net\/wp-content\/uploads\/2025\/01\/Escape_TDC_Ext3.png",350,350,false],"1536x1536":["https:\/\/meeplendice.net\/wp-content\/uploads\/2025\/01\/Escape_TDC_Ext3.png",350,350,false],"2048x2048":["https:\/\/meeplendice.net\/wp-content\/uploads\/2025\/01\/Escape_TDC_Ext3.png",350,350,false],"ashe-slider-grid-thumbnail":["https:\/\/meeplendice.net\/wp-content\/uploads\/2025\/01\/Escape_TDC_Ext3.png",350,350,false],"ashe-full-thumbnail":["https:\/\/meeplendice.net\/wp-content\/uploads\/2025\/01\/Escape_TDC_Ext3.png",350,350,false],"ashe-grid-thumbnail":["https:\/\/meeplendice.net\/wp-content\/uploads\/2025\/01\/Escape_TDC_Ext3-350x330.png",350,330,true],"ashe-list-thumbnail":["https:\/\/meeplendice.net\/wp-content\/uploads\/2025\/01\/Escape_TDC_Ext3-300x300.png",300,300,true],"ashe-single-navigation":["https:\/\/meeplendice.net\/wp-content\/uploads\/2025\/01\/Escape_TDC_Ext3-75x75.png",75,75,true],"mailpoet_newsletter_max":["https:\/\/meeplendice.net\/wp-content\/uploads\/2025\/01\/Escape_TDC_Ext3.png",350,350,false],"rpwe-thumbnail":["https:\/\/meeplendice.net\/wp-content\/uploads\/2025\/01\/Escape_TDC_Ext3-45x45.png",45,45,true],"sow-carousel-default":["https:\/\/meeplendice.net\/wp-content\/uploads\/2025\/01\/Escape_TDC_Ext3-272x182.png",272,182,true],"rt_custom":["https:\/\/meeplendice.net\/wp-content\/uploads\/2025\/01\/Escape_TDC_Ext3.png",350,350,false]},"rttpg_author":{"display_name":"Karnby","author_link":"https:\/\/meeplendice.net\/?author=2"},"rttpg_comment":0,"rttpg_category":null,"rttpg_excerpt":"Des couloirs les plus profonds et longtemps oubli\u00e9s aux mansardes vo\u00fbt\u00e9es des plus hautes tours, vous trouverez sa cr\u00e9ation. Car il est le Seigneur de la Peste, une monstrueuse masse consciente dot\u00e9e de pustules purulentes, fi\u00e8re \u00e9manation incarn\u00e9e d&rsquo;une malfaisance d\u00e9bordante. Vous satisferiez son plaisir le plus pervers si vous deviez succomber doucement aux tourments\u2026","_links":{"self":[{"href":"https:\/\/meeplendice.net\/index.php?rest_route=\/wp\/v2\/pages\/13096","targetHints":{"allow":["GET"]}}],"collection":[{"href":"https:\/\/meeplendice.net\/index.php?rest_route=\/wp\/v2\/pages"}],"about":[{"href":"https:\/\/meeplendice.net\/index.php?rest_route=\/wp\/v2\/types\/page"}],"author":[{"embeddable":true,"href":"https:\/\/meeplendice.net\/index.php?rest_route=\/wp\/v2\/users\/2"}],"replies":[{"embeddable":true,"href":"https:\/\/meeplendice.net\/index.php?rest_route=%2Fwp%2Fv2%2Fcomments&post=13096"}],"version-history":[{"count":3,"href":"https:\/\/meeplendice.net\/index.php?rest_route=\/wp\/v2\/pages\/13096\/revisions"}],"predecessor-version":[{"id":13099,"href":"https:\/\/meeplendice.net\/index.php?rest_route=\/wp\/v2\/pages\/13096\/revisions\/13099"}],"up":[{"embeddable":true,"href":"https:\/\/meeplendice.net\/index.php?rest_route=\/wp\/v2\/pages\/13085"}],"wp:featuredmedia":[{"embeddable":true,"href":"https:\/\/meeplendice.net\/index.php?rest_route=\/wp\/v2\/media\/13073"}],"wp:attachment":[{"href":"https:\/\/meeplendice.net\/index.php?rest_route=%2Fwp%2Fv2%2Fmedia&parent=13096"}],"curies":[{"name":"wp","href":"https:\/\/api.w.org\/{rel}","templated":true}]}}