{"id":13101,"date":"2025-01-04T01:42:52","date_gmt":"2025-01-03T23:42:52","guid":{"rendered":"https:\/\/meeplendice.net\/?page_id=13101"},"modified":"2025-01-04T01:42:52","modified_gmt":"2025-01-03T23:42:52","slug":"boite-collector","status":"publish","type":"page","link":"https:\/\/meeplendice.net\/?page_id=13101","title":{"rendered":"Boite Collector"},"content":{"rendered":"<p>Une extension \u00e0 part enti\u00e8re, la Collector&rsquo;s Box contient une multitude de nouveaux contenus de jeu cr\u00e9\u00e9s par les fans pour <em>Escape the Dark Castle<\/em>, tout en offrant un rangement \u00e9l\u00e9gant et pratique pour l&rsquo;ensemble de votre collection.<\/p>\n<p>Contient :<\/p>\n<p>&#8211; 6 nouvelles cartes Boss: Un \u00e9ventail de nouveaux ennemis puissants, chacun dot\u00e9 d&rsquo;une m\u00e9canique unique et sournoise.<br \/>\n&#8211; 12 cartes de d\u00e9fauts de personnages: L&rsquo;incarc\u00e9ration a chang\u00e9 les prisonniers pour le pire, mais leurs d\u00e9fauts peuvent-ils\u00a0\u00a0 les aider \u00e0 surmonter le mal qu&rsquo;ils sont sur le point d&rsquo;affronter ?<br \/>\n&#8211; 4 d\u00e9s de la mort: Utilis\u00e9s pour rendre le combat encore plus difficile pour ceux qui recherchent un plus grand d\u00e9fi.<br \/>\n&#8211; 2 nouvelles cartes de d\u00e9part: D\u00e9sormais, vous ne saurez jamais exactement comment votre aventure va commencer.<br \/>\n&#8211; 2 cartes \u00c9pilogue: Que vous vous \u00e9chappiez ou non, vous obtiendrez une conclusion narrative compl\u00e8te pour chaque qu\u00eate.<br \/>\n&#8211; 1 nouvelle relique et un d\u00e9: La pierre vivante, qui donne aux prisonniers une chance de r\u00e9surrection lorsque tout semble perdu.<br \/>\n&#8211; 4 Compteurs de sant\u00e9 avec marqueurs de cr\u00e2ne en m\u00e9tal: Une alternative optionnelle au syst\u00e8me de score et de crayon.<br \/>\n&#8211; 1 sac \u00e0 d\u00e9s: Rangez tous les beaux d\u00e9s du jeu dans une pochette satisfaisante.<br \/>\n&#8211; 1 jeton \u00ab\u00a0YOU\u00a0\u00bb en m\u00e9tal: Permet de savoir quel prisonnier prend la t\u00eate de chaque chapitre.<br \/>\n&#8211; 4 tableaux de rappel des r\u00e8gles: Une r\u00e9f\u00e9rence pratique pour aider les nouveaux joueurs \u00e0 se rappeler ce que tout signifie.<\/p>\n<p>&nbsp;<\/p>\n<p>&nbsp;<\/p>\n<p style=\"text-align: justify;\"><span id=\"result_box\" class=\"\" lang=\"fr\"><span class=\"\">\u00a0<\/span><\/span><\/p>\n","protected":false},"excerpt":{"rendered":"<p>Une extension \u00e0 part enti\u00e8re, la Collector&rsquo;s Box contient une multitude de nouveaux contenus de jeu cr\u00e9\u00e9s par les fans pour Escape the Dark Castle, tout en offrant un rangement \u00e9l\u00e9gant et pratique pour l&rsquo;ensemble de votre collection. Contient : &#8211; 6 nouvelles cartes Boss: Un \u00e9ventail de nouveaux ennemis puissants, chacun dot\u00e9 d&rsquo;une m\u00e9canique unique et sournoise. &#8211; 12 cartes de d\u00e9fauts de personnages: L&rsquo;incarc\u00e9ration a chang\u00e9 les prisonniers pour le pire, mais leurs d\u00e9fauts peuvent-ils\u00a0\u00a0 les aider \u00e0 surmonter le mal qu&rsquo;ils sont sur le point d&rsquo;affronter ? &#8211; 4 d\u00e9s de la mort: Utilis\u00e9s pour rendre le combat encore plus difficile pour ceux qui recherchent un plus grand d\u00e9fi. &#8211; 2 nouvelles cartes de d\u00e9part: D\u00e9sormais, vous ne saurez jamais exactement comment votre aventure va commencer. &#8211; 2 cartes \u00c9pilogue: Que vous vous \u00e9chappiez ou non, vous obtiendrez une conclusion narrative compl\u00e8te pour chaque qu\u00eate. &#8211; 1 nouvelle relique et un d\u00e9: La pierre vivante, qui donne aux prisonniers une chance de r\u00e9surrection lorsque tout semble perdu. &#8211; 4 Compteurs de sant\u00e9 avec marqueurs de cr\u00e2ne en m\u00e9tal: Une alternative optionnelle au syst\u00e8me de score et de crayon. &#8211; 1 sac \u00e0 d\u00e9s: Rangez tous les beaux d\u00e9s du jeu dans une pochette satisfaisante. &#8211; 1 jeton \u00ab\u00a0YOU\u00a0\u00bb en m\u00e9tal: Permet de savoir quel prisonnier prend la t\u00eate de chaque chapitre. &#8211; 4 tableaux de rappel des r\u00e8gles: Une r\u00e9f\u00e9rence pratique pour aider les nouveaux joueurs \u00e0 se rappeler ce que tout signifie. &nbsp; &nbsp; \u00a0<\/p>\n","protected":false},"author":2,"featured_media":13074,"parent":13085,"menu_order":4,"comment_status":"closed","ping_status":"closed","template":"","meta":{"footnotes":""},"class_list":["post-13101","page","type-page","status-publish","has-post-thumbnail","hentry"],"acf":[],"rttpg_featured_image_url":{"full":["https:\/\/meeplendice.net\/wp-content\/uploads\/2025\/01\/Escape_TDC_BigBox.png",350,350,false],"landscape":["https:\/\/meeplendice.net\/wp-content\/uploads\/2025\/01\/Escape_TDC_BigBox.png",350,350,false],"portraits":["https:\/\/meeplendice.net\/wp-content\/uploads\/2025\/01\/Escape_TDC_BigBox.png",350,350,false],"thumbnail":["https:\/\/meeplendice.net\/wp-content\/uploads\/2025\/01\/Escape_TDC_BigBox-150x150.png",150,150,true],"medium":["https:\/\/meeplendice.net\/wp-content\/uploads\/2025\/01\/Escape_TDC_BigBox-300x300.png",300,300,true],"large":["https:\/\/meeplendice.net\/wp-content\/uploads\/2025\/01\/Escape_TDC_BigBox.png",350,350,false],"ug_big":["https:\/\/meeplendice.net\/wp-content\/uploads\/2025\/01\/Escape_TDC_BigBox.png",350,350,false],"1536x1536":["https:\/\/meeplendice.net\/wp-content\/uploads\/2025\/01\/Escape_TDC_BigBox.png",350,350,false],"2048x2048":["https:\/\/meeplendice.net\/wp-content\/uploads\/2025\/01\/Escape_TDC_BigBox.png",350,350,false],"ashe-slider-grid-thumbnail":["https:\/\/meeplendice.net\/wp-content\/uploads\/2025\/01\/Escape_TDC_BigBox.png",350,350,false],"ashe-full-thumbnail":["https:\/\/meeplendice.net\/wp-content\/uploads\/2025\/01\/Escape_TDC_BigBox.png",350,350,false],"ashe-grid-thumbnail":["https:\/\/meeplendice.net\/wp-content\/uploads\/2025\/01\/Escape_TDC_BigBox-350x330.png",350,330,true],"ashe-list-thumbnail":["https:\/\/meeplendice.net\/wp-content\/uploads\/2025\/01\/Escape_TDC_BigBox-300x300.png",300,300,true],"ashe-single-navigation":["https:\/\/meeplendice.net\/wp-content\/uploads\/2025\/01\/Escape_TDC_BigBox-75x75.png",75,75,true],"mailpoet_newsletter_max":["https:\/\/meeplendice.net\/wp-content\/uploads\/2025\/01\/Escape_TDC_BigBox.png",350,350,false],"rpwe-thumbnail":["https:\/\/meeplendice.net\/wp-content\/uploads\/2025\/01\/Escape_TDC_BigBox-45x45.png",45,45,true],"sow-carousel-default":["https:\/\/meeplendice.net\/wp-content\/uploads\/2025\/01\/Escape_TDC_BigBox-272x182.png",272,182,true],"rt_custom":["https:\/\/meeplendice.net\/wp-content\/uploads\/2025\/01\/Escape_TDC_BigBox.png",350,350,false]},"rttpg_author":{"display_name":"Karnby","author_link":"https:\/\/meeplendice.net\/?author=2"},"rttpg_comment":0,"rttpg_category":null,"rttpg_excerpt":"Une extension \u00e0 part enti\u00e8re, la Collector&rsquo;s Box contient une multitude de nouveaux contenus de jeu cr\u00e9\u00e9s par les fans pour Escape the Dark Castle, tout en offrant un rangement \u00e9l\u00e9gant et pratique pour l&rsquo;ensemble de votre collection. Contient : &#8211; 6 nouvelles cartes Boss: Un \u00e9ventail de nouveaux ennemis puissants, chacun dot\u00e9 d&rsquo;une m\u00e9canique\u2026","_links":{"self":[{"href":"https:\/\/meeplendice.net\/index.php?rest_route=\/wp\/v2\/pages\/13101","targetHints":{"allow":["GET"]}}],"collection":[{"href":"https:\/\/meeplendice.net\/index.php?rest_route=\/wp\/v2\/pages"}],"about":[{"href":"https:\/\/meeplendice.net\/index.php?rest_route=\/wp\/v2\/types\/page"}],"author":[{"embeddable":true,"href":"https:\/\/meeplendice.net\/index.php?rest_route=\/wp\/v2\/users\/2"}],"replies":[{"embeddable":true,"href":"https:\/\/meeplendice.net\/index.php?rest_route=%2Fwp%2Fv2%2Fcomments&post=13101"}],"version-history":[{"count":1,"href":"https:\/\/meeplendice.net\/index.php?rest_route=\/wp\/v2\/pages\/13101\/revisions"}],"predecessor-version":[{"id":13102,"href":"https:\/\/meeplendice.net\/index.php?rest_route=\/wp\/v2\/pages\/13101\/revisions\/13102"}],"up":[{"embeddable":true,"href":"https:\/\/meeplendice.net\/index.php?rest_route=\/wp\/v2\/pages\/13085"}],"wp:featuredmedia":[{"embeddable":true,"href":"https:\/\/meeplendice.net\/index.php?rest_route=\/wp\/v2\/media\/13074"}],"wp:attachment":[{"href":"https:\/\/meeplendice.net\/index.php?rest_route=%2Fwp%2Fv2%2Fmedia&parent=13101"}],"curies":[{"name":"wp","href":"https:\/\/api.w.org\/{rel}","templated":true}]}}