{"id":1313,"date":"2016-09-19T14:52:01","date_gmt":"2016-09-19T13:52:01","guid":{"rendered":"http:\/\/meeplendice.net\/?page_id=1313"},"modified":"2022-01-24T15:37:35","modified_gmt":"2022-01-24T14:37:35","slug":"armee-les-gardiens-dhernfar","status":"publish","type":"page","link":"https:\/\/meeplendice.net\/?page_id=1313","title":{"rendered":"Arm\u00e9e : Les Gardiens d&rsquo;Hernfar"},"content":{"rendered":"<p style=\"text-align: justify;\"><em>La forteresse de l\u2019\u00cele Hernfar garde le gu\u00e9 de la Rivi\u00e8re Lothan et la fronti\u00e8re nord de Terrinoth. Par le pass\u00e9, Hernfar fut le th\u00e9\u00e2tre de nombreuses batailles sanglantes contre les Uthuk Y\u2019llan et la garnison \u00e9tait tenue par des guerriers d\u2019\u00e9lite venus de tout Terrinoth. Les Gardiens d\u2019Hernfar n\u2019ont plus vu de bataille depuis des g\u00e9n\u00e9rations, mais leur temps est de nouveau venu !<\/em><\/p>\n<p style=\"text-align: justify;\">Ajoutez une force arm\u00e9e l\u00e9gendaire et une magie ancestrale \u00e0 vos parties de Battlelore Seconde \u00c9dition avec la bo\u00eete d\u2019arm\u00e9e Les Gardiens d\u2019Hernfar. Cette troupe d\u2019\u00e9lite recrute ses \u00e9l\u00e9ments parmi la fine fleur des Seigneurs Daqan, de l\u2019\u00e9cole de magie de Greyhaven aux armureries secr\u00e8tes de Nerekhall. Les puissants sortil\u00e8ges et la force d\u00e9vastatrice de cette l\u00e9gion donneront du fil \u00e0 retordre \u00e0 tous ceux qui contestent la souverainet\u00e9 des Seigneurs Daqan.<\/p>\n<p>&nbsp;<\/p>\n","protected":false},"excerpt":{"rendered":"<p>La forteresse de l\u2019\u00cele Hernfar garde le gu\u00e9 de la Rivi\u00e8re Lothan et la fronti\u00e8re nord de Terrinoth. Par le pass\u00e9, Hernfar fut le th\u00e9\u00e2tre de nombreuses batailles sanglantes contre les Uthuk Y\u2019llan et la garnison \u00e9tait tenue par des guerriers d\u2019\u00e9lite venus de tout Terrinoth. Les Gardiens d\u2019Hernfar n\u2019ont plus vu de bataille depuis des g\u00e9n\u00e9rations, mais leur temps est de nouveau venu ! Ajoutez une force arm\u00e9e l\u00e9gendaire et une magie ancestrale \u00e0 vos parties de Battlelore Seconde \u00c9dition avec la bo\u00eete d\u2019arm\u00e9e Les Gardiens d\u2019Hernfar. Cette troupe d\u2019\u00e9lite recrute ses \u00e9l\u00e9ments parmi la fine fleur des Seigneurs Daqan, de l\u2019\u00e9cole de magie de Greyhaven aux armureries secr\u00e8tes de Nerekhall. Les puissants sortil\u00e8ges et la force d\u00e9vastatrice de cette l\u00e9gion donneront du fil \u00e0 retordre \u00e0 tous ceux qui contestent la souverainet\u00e9 des Seigneurs Daqan. &nbsp;<\/p>\n","protected":false},"author":2,"featured_media":1353,"parent":154,"menu_order":3,"comment_status":"closed","ping_status":"closed","template":"","meta":{"footnotes":""},"class_list":["post-1313","page","type-page","status-publish","has-post-thumbnail","hentry"],"acf":[],"rttpg_featured_image_url":{"full":["https:\/\/meeplendice.net\/wp-content\/uploads\/2016\/09\/Battlelore_gardiensdhernfar.png",350,350,false],"landscape":["https:\/\/meeplendice.net\/wp-content\/uploads\/2016\/09\/Battlelore_gardiensdhernfar.png",350,350,false],"portraits":["https:\/\/meeplendice.net\/wp-content\/uploads\/2016\/09\/Battlelore_gardiensdhernfar.png",350,350,false],"thumbnail":["https:\/\/meeplendice.net\/wp-content\/uploads\/2016\/09\/Battlelore_gardiensdhernfar-150x150.png",150,150,true],"medium":["https:\/\/meeplendice.net\/wp-content\/uploads\/2016\/09\/Battlelore_gardiensdhernfar-300x300.png",300,300,true],"large":["https:\/\/meeplendice.net\/wp-content\/uploads\/2016\/09\/Battlelore_gardiensdhernfar.png",350,350,false],"ug_big":["https:\/\/meeplendice.net\/wp-content\/uploads\/2016\/09\/Battlelore_gardiensdhernfar.png",350,350,false],"1536x1536":["https:\/\/meeplendice.net\/wp-content\/uploads\/2016\/09\/Battlelore_gardiensdhernfar.png",350,350,false],"2048x2048":["https:\/\/meeplendice.net\/wp-content\/uploads\/2016\/09\/Battlelore_gardiensdhernfar.png",350,350,false],"ashe-slider-grid-thumbnail":["https:\/\/meeplendice.net\/wp-content\/uploads\/2016\/09\/Battlelore_gardiensdhernfar.png",350,350,false],"ashe-full-thumbnail":["https:\/\/meeplendice.net\/wp-content\/uploads\/2016\/09\/Battlelore_gardiensdhernfar.png",350,350,false],"ashe-grid-thumbnail":["https:\/\/meeplendice.net\/wp-content\/uploads\/2016\/09\/Battlelore_gardiensdhernfar-350x330.png",350,330,true],"ashe-list-thumbnail":["https:\/\/meeplendice.net\/wp-content\/uploads\/2016\/09\/Battlelore_gardiensdhernfar-300x300.png",300,300,true],"ashe-single-navigation":["https:\/\/meeplendice.net\/wp-content\/uploads\/2016\/09\/Battlelore_gardiensdhernfar-75x75.png",75,75,true],"mailpoet_newsletter_max":["https:\/\/meeplendice.net\/wp-content\/uploads\/2016\/09\/Battlelore_gardiensdhernfar.png",350,350,false],"rpwe-thumbnail":["https:\/\/meeplendice.net\/wp-content\/uploads\/2016\/09\/Battlelore_gardiensdhernfar-45x45.png",45,45,true],"sow-carousel-default":["https:\/\/meeplendice.net\/wp-content\/uploads\/2016\/09\/Battlelore_gardiensdhernfar-272x182.png",272,182,true],"rt_custom":["https:\/\/meeplendice.net\/wp-content\/uploads\/2016\/09\/Battlelore_gardiensdhernfar.png",350,350,false]},"rttpg_author":{"display_name":"Karnby","author_link":"https:\/\/meeplendice.net\/?author=2"},"rttpg_comment":0,"rttpg_category":null,"rttpg_excerpt":"La forteresse de l\u2019\u00cele Hernfar garde le gu\u00e9 de la Rivi\u00e8re Lothan et la fronti\u00e8re nord de Terrinoth. Par le pass\u00e9, Hernfar fut le th\u00e9\u00e2tre de nombreuses batailles sanglantes contre les Uthuk Y\u2019llan et la garnison \u00e9tait tenue par des guerriers d\u2019\u00e9lite venus de tout Terrinoth. Les Gardiens d\u2019Hernfar n\u2019ont plus vu de bataille depuis\u2026","_links":{"self":[{"href":"https:\/\/meeplendice.net\/index.php?rest_route=\/wp\/v2\/pages\/1313","targetHints":{"allow":["GET"]}}],"collection":[{"href":"https:\/\/meeplendice.net\/index.php?rest_route=\/wp\/v2\/pages"}],"about":[{"href":"https:\/\/meeplendice.net\/index.php?rest_route=\/wp\/v2\/types\/page"}],"author":[{"embeddable":true,"href":"https:\/\/meeplendice.net\/index.php?rest_route=\/wp\/v2\/users\/2"}],"replies":[{"embeddable":true,"href":"https:\/\/meeplendice.net\/index.php?rest_route=%2Fwp%2Fv2%2Fcomments&post=1313"}],"version-history":[{"count":6,"href":"https:\/\/meeplendice.net\/index.php?rest_route=\/wp\/v2\/pages\/1313\/revisions"}],"predecessor-version":[{"id":6239,"href":"https:\/\/meeplendice.net\/index.php?rest_route=\/wp\/v2\/pages\/1313\/revisions\/6239"}],"up":[{"embeddable":true,"href":"https:\/\/meeplendice.net\/index.php?rest_route=\/wp\/v2\/pages\/154"}],"wp:featuredmedia":[{"embeddable":true,"href":"https:\/\/meeplendice.net\/index.php?rest_route=\/wp\/v2\/media\/1353"}],"wp:attachment":[{"href":"https:\/\/meeplendice.net\/index.php?rest_route=%2Fwp%2Fv2%2Fmedia&parent=1313"}],"curies":[{"name":"wp","href":"https:\/\/api.w.org\/{rel}","templated":true}]}}