{"id":13130,"date":"2025-01-05T01:24:48","date_gmt":"2025-01-04T23:24:48","guid":{"rendered":"https:\/\/meeplendice.net\/?page_id=13130"},"modified":"2025-01-05T02:08:20","modified_gmt":"2025-01-05T00:08:20","slug":"toriki-lile-des-naufrages","status":"publish","type":"page","link":"https:\/\/meeplendice.net\/?page_id=13130","title":{"rendered":"Toriki : L\u2019\u00eele des Naufrag\u00e9s"},"content":{"rendered":"<div id=\"pl-13130\"  class=\"panel-layout\" ><div id=\"pg-13130-0\"  class=\"panel-grid panel-no-style\" ><div id=\"pgc-13130-0-0\"  class=\"panel-grid-cell\" ><div id=\"panel-13130-0-0-0\" class=\"so-panel widget widget_sow-editor panel-first-child panel-last-child\" data-index=\"0\" ><div\n\t\t\t\n\t\t\tclass=\"so-widget-sow-editor so-widget-sow-editor-base\"\n\t\t\t\n\t\t>\n<div class=\"siteorigin-widget-tinymce textwidget\">\n\t<p style=\"text-align: center;\"><strong>Nombre de joueurs :<\/strong><br \/>\n1 - 4<\/p>\n<\/div>\n<\/div><\/div><\/div><div id=\"pgc-13130-0-1\"  class=\"panel-grid-cell\" ><div id=\"panel-13130-0-1-0\" class=\"so-panel widget widget_sow-editor panel-first-child panel-last-child\" data-index=\"1\" ><div\n\t\t\t\n\t\t\tclass=\"so-widget-sow-editor so-widget-sow-editor-base\"\n\t\t\t\n\t\t>\n<div class=\"siteorigin-widget-tinymce textwidget\">\n\t<p style=\"text-align: center;\"><strong>Dur\u00e9e moyenne :<\/strong><br \/>\n30 min<\/p>\n<\/div>\n<\/div><\/div><\/div><div id=\"pgc-13130-0-2\"  class=\"panel-grid-cell\" ><div id=\"panel-13130-0-2-0\" class=\"so-panel widget widget_sow-editor panel-first-child panel-last-child\" data-index=\"2\" ><div\n\t\t\t\n\t\t\tclass=\"so-widget-sow-editor so-widget-sow-editor-base\"\n\t\t\t\n\t\t>\n<div class=\"siteorigin-widget-tinymce textwidget\">\n\t<p style=\"text-align: center;\"><strong>Age :<\/strong><br \/>\n8 ans et plus<\/p>\n<\/div>\n<\/div><\/div><\/div><\/div><div id=\"pg-13130-1\"  class=\"panel-grid panel-no-style\" ><div id=\"pgc-13130-1-0\"  class=\"panel-grid-cell\" ><div id=\"panel-13130-1-0-0\" class=\"so-panel widget widget_sow-editor panel-first-child panel-last-child\" data-index=\"3\" ><div\n\t\t\t\n\t\t\tclass=\"so-widget-sow-editor so-widget-sow-editor-base\"\n\t\t\t\n\t\t>\n<div class=\"siteorigin-widget-tinymce textwidget\">\n\t<p style=\"text-align: center;\"><strong>Auteur(s) :<br \/>\n<\/strong><span class=\"data-siloing\" title=\"D\u00e9couvrez tous ces jeux\" data-siloing=\"https:\/\/www.philibertnet.com\/fr\/recherche?feature=31&amp;feature_value=Th\u00e9o Riviere\">Wojciech Grajkowski<br \/>\n<\/span><\/p>\n<\/div>\n<\/div><\/div><\/div><div id=\"pgc-13130-1-1\"  class=\"panel-grid-cell\" ><div id=\"panel-13130-1-1-0\" class=\"so-panel widget widget_sow-editor panel-first-child panel-last-child\" data-index=\"4\" ><div\n\t\t\t\n\t\t\tclass=\"so-widget-sow-editor so-widget-sow-editor-base\"\n\t\t\t\n\t\t>\n<div class=\"siteorigin-widget-tinymce textwidget\">\n\t<p style=\"text-align: center;\"><strong>Illustrations :<\/strong><br \/>\nKary Jane<br \/>\nTomasz Larek<br \/>\nPawe\u0142 Marchwicki<br \/>\nAnia Przyby\u0142ko<br \/>\nIn\u00eas Toczyska<\/p>\n<\/div>\n<\/div><\/div><\/div><div id=\"pgc-13130-1-2\"  class=\"panel-grid-cell\" ><div id=\"panel-13130-1-2-0\" class=\"so-panel widget widget_sow-editor panel-first-child panel-last-child\" data-index=\"5\" ><div\n\t\t\t\n\t\t\tclass=\"so-widget-sow-editor so-widget-sow-editor-base\"\n\t\t\t\n\t\t>\n<div class=\"siteorigin-widget-tinymce textwidget\">\n\t<p style=\"text-align: center;\"><strong>\u00c9dition :<\/strong><br \/>\nLucky Duck Games<br \/>\n2024<\/p>\n<\/div>\n<\/div><\/div><\/div><div id=\"pgc-13130-1-3\"  class=\"panel-grid-cell\" ><div id=\"panel-13130-1-3-0\" class=\"so-panel widget widget_sow-editor panel-first-child panel-last-child\" data-index=\"6\" ><div\n\t\t\t\n\t\t\tclass=\"so-widget-sow-editor so-widget-sow-editor-base\"\n\t\t\t\n\t\t>\n<div class=\"siteorigin-widget-tinymce textwidget\">\n\t<p style=\"text-align: center;\"><strong>Version :<\/strong><br \/>\nFran\u00e7aise<\/p>\n<\/div>\n<\/div><\/div><\/div><\/div><div id=\"pg-13130-2\"  class=\"panel-grid panel-no-style\" ><div id=\"pgc-13130-2-0\"  class=\"panel-grid-cell\" ><div id=\"panel-13130-2-0-0\" class=\"so-panel widget widget_sow-editor panel-first-child panel-last-child\" data-index=\"7\" ><div\n\t\t\t\n\t\t\tclass=\"so-widget-sow-editor so-widget-sow-editor-base\"\n\t\t\t\n\t\t>\n<div class=\"siteorigin-widget-tinymce textwidget\">\n\t<hr \/>\n<p><em>Nous sommes au XIXe sic\u00e8le et vous \u00eates des adolescents talentueux venus du monde entier, qui avez saisi l'opportunit\u00e9 unique de participer \u00e0 une exp\u00e9dition scientifique organis\u00e9e par un c\u00e9l\u00e8bre professeur de biologie. Il vous emm\u00e8ne en croisi\u00e8re \u00e0 destination d'une \u00eele devenue presque l\u00e9gendaire : Toriki.<\/em><\/p>\n<p><em>D'apr\u00e8s les rumeurs, ce bout de terre inexplor\u00e9 serait peupl\u00e9 d'animaux et de v\u00e9g\u00e9taux que l'on ne trouve nulle part ailleurs sur la plan\u00e8te. Aucun scientifique n'y a encore jamais mis les pieds ; toutes les informations dont vous disposez sur la faune et la flore de l'\u00eele viennent des r\u00e9cits de marins qui se sont aventur\u00e9s dans ces eaux lointaines, et dont la cr\u00e9dibilit\u00e9 reste \u00e0 prouver.<\/em><\/p>\n<p><em>Apr\u00e8s plusieurs semaine en mer, vous approchez enfin du but... mais votre navire est pris dans une terrible temp\u00eate et s'\u00e9crase contre des r\u00e9cifs. A bout de forces, vous nagez jusqu'au rivage.<br \/>\nC'est l\u00e0 que commence votre aventure !<\/em><\/p>\n<p>&nbsp;<\/p>\n<p><em>Toriki : L\u2019\u00eele des Naufrag\u00e9s <\/em>est un jeu coop\u00e9ratif dans lequel vous tentez de survivre en explorant les quatre coins de l'\u00eele, en glanant des ressources et en confectionnant de nouveaux objets. Votre ultime objectif est de trouver un moyen de rentrer chez vous, mais pas avant d'avoir accompli votre mission : d\u00e9couvrir et nommer les esp\u00e8ces inconnues qui peuplent Toriki !<\/p>\n<p>Tous les joueurs \u0153uvrent ensemble et obtiennent un score collectif \u00e0 la fin de la partie.<\/p>\n<\/div>\n<\/div><\/div><\/div><\/div><div id=\"pg-13130-3\"  class=\"panel-grid panel-no-style\" ><div id=\"pgc-13130-3-0\"  class=\"panel-grid-cell\" ><div id=\"panel-13130-3-0-0\" class=\"so-panel widget widget_sow-editor panel-first-child panel-last-child\" data-index=\"8\" ><div\n\t\t\t\n\t\t\tclass=\"so-widget-sow-editor so-widget-sow-editor-base\"\n\t\t\t\n\t\t>\n<div class=\"siteorigin-widget-tinymce textwidget\">\n\t<hr \/>\n<h3 style=\"text-align: center;\">En vid\u00e9o<\/h3>\n<p><a href=\"https:\/\/www.youtube.com\/watch?v=Te6hESZYD2o\" target=\"_blank\" rel=\"noopener\"><img loading=\"lazy\" decoding=\"async\" class=\"alignnone size-full wp-image-9090\" src=\"https:\/\/meeplendice.net\/wp-content\/uploads\/2022\/01\/Link_CJ_v2.png\" alt=\"\" width=\"200\" height=\"170\" \/><\/a><\/p>\n<\/div>\n<\/div><\/div><\/div><\/div><div id=\"pg-13130-4\"  class=\"panel-grid panel-no-style\" ><div id=\"pgc-13130-4-0\"  class=\"panel-grid-cell\" ><div id=\"panel-13130-4-0-0\" class=\"so-panel widget widget_sow-editor panel-first-child panel-last-child\" data-index=\"9\" ><div\n\t\t\t\n\t\t\tclass=\"so-widget-sow-editor so-widget-sow-editor-base\"\n\t\t\t\n\t\t>\n<div class=\"siteorigin-widget-tinymce textwidget\">\n\t<hr \/>\n<h3 style=\"text-align: center;\">Pour aller plus loin<\/h3>\n<\/div>\n<\/div><\/div><\/div><\/div><\/div>","protected":false},"excerpt":{"rendered":"<p>Nombre de joueurs : 1 &#8211; 4 Dur\u00e9e moyenne : 30 min Age : 8 ans et plus Auteur(s) : Wojciech Grajkowski Illustrations : Kary Jane Tomasz Larek Pawe\u0142 Marchwicki Ania Przyby\u0142ko In\u00eas Toczyska \u00c9dition : Lucky Duck Games 2024 Version : Fran\u00e7aise<\/p>\n","protected":false},"author":2,"featured_media":13064,"parent":0,"menu_order":0,"comment_status":"closed","ping_status":"closed","template":"","meta":{"footnotes":""},"class_list":["post-13130","page","type-page","status-publish","has-post-thumbnail","hentry"],"acf":[],"rttpg_featured_image_url":{"full":["https:\/\/meeplendice.net\/wp-content\/uploads\/2025\/01\/Toriki.png",350,350,false],"landscape":["https:\/\/meeplendice.net\/wp-content\/uploads\/2025\/01\/Toriki.png",350,350,false],"portraits":["https:\/\/meeplendice.net\/wp-content\/uploads\/2025\/01\/Toriki.png",350,350,false],"thumbnail":["https:\/\/meeplendice.net\/wp-content\/uploads\/2025\/01\/Toriki-150x150.png",150,150,true],"medium":["https:\/\/meeplendice.net\/wp-content\/uploads\/2025\/01\/Toriki-300x300.png",300,300,true],"large":["https:\/\/meeplendice.net\/wp-content\/uploads\/2025\/01\/Toriki.png",350,350,false],"ug_big":["https:\/\/meeplendice.net\/wp-content\/uploads\/2025\/01\/Toriki.png",350,350,false],"1536x1536":["https:\/\/meeplendice.net\/wp-content\/uploads\/2025\/01\/Toriki.png",350,350,false],"2048x2048":["https:\/\/meeplendice.net\/wp-content\/uploads\/2025\/01\/Toriki.png",350,350,false],"ashe-slider-grid-thumbnail":["https:\/\/meeplendice.net\/wp-content\/uploads\/2025\/01\/Toriki.png",350,350,false],"ashe-full-thumbnail":["https:\/\/meeplendice.net\/wp-content\/uploads\/2025\/01\/Toriki.png",350,350,false],"ashe-grid-thumbnail":["https:\/\/meeplendice.net\/wp-content\/uploads\/2025\/01\/Toriki-350x330.png",350,330,true],"ashe-list-thumbnail":["https:\/\/meeplendice.net\/wp-content\/uploads\/2025\/01\/Toriki-300x300.png",300,300,true],"ashe-single-navigation":["https:\/\/meeplendice.net\/wp-content\/uploads\/2025\/01\/Toriki-75x75.png",75,75,true],"mailpoet_newsletter_max":["https:\/\/meeplendice.net\/wp-content\/uploads\/2025\/01\/Toriki.png",350,350,false],"rpwe-thumbnail":["https:\/\/meeplendice.net\/wp-content\/uploads\/2025\/01\/Toriki-45x45.png",45,45,true],"sow-carousel-default":["https:\/\/meeplendice.net\/wp-content\/uploads\/2025\/01\/Toriki-272x182.png",272,182,true],"rt_custom":["https:\/\/meeplendice.net\/wp-content\/uploads\/2025\/01\/Toriki.png",350,350,false]},"rttpg_author":{"display_name":"Karnby","author_link":"https:\/\/meeplendice.net\/?author=2"},"rttpg_comment":0,"rttpg_category":null,"rttpg_excerpt":"Nombre de joueurs : 1 - 4 Dur\u00e9e moyenne : 30 min Age : 8 ans et plus Auteur(s) : Wojciech Grajkowski Illustrations : Kary Jane Tomasz Larek Pawe\u0142 Marchwicki Ania Przyby\u0142ko In\u00eas Toczyska \u00c9dition : Lucky Duck Games 2024 Version : Fran\u00e7aise","_links":{"self":[{"href":"https:\/\/meeplendice.net\/index.php?rest_route=\/wp\/v2\/pages\/13130","targetHints":{"allow":["GET"]}}],"collection":[{"href":"https:\/\/meeplendice.net\/index.php?rest_route=\/wp\/v2\/pages"}],"about":[{"href":"https:\/\/meeplendice.net\/index.php?rest_route=\/wp\/v2\/types\/page"}],"author":[{"embeddable":true,"href":"https:\/\/meeplendice.net\/index.php?rest_route=\/wp\/v2\/users\/2"}],"replies":[{"embeddable":true,"href":"https:\/\/meeplendice.net\/index.php?rest_route=%2Fwp%2Fv2%2Fcomments&post=13130"}],"version-history":[{"count":2,"href":"https:\/\/meeplendice.net\/index.php?rest_route=\/wp\/v2\/pages\/13130\/revisions"}],"predecessor-version":[{"id":13132,"href":"https:\/\/meeplendice.net\/index.php?rest_route=\/wp\/v2\/pages\/13130\/revisions\/13132"}],"wp:featuredmedia":[{"embeddable":true,"href":"https:\/\/meeplendice.net\/index.php?rest_route=\/wp\/v2\/media\/13064"}],"wp:attachment":[{"href":"https:\/\/meeplendice.net\/index.php?rest_route=%2Fwp%2Fv2%2Fmedia&parent=13130"}],"curies":[{"name":"wp","href":"https:\/\/api.w.org\/{rel}","templated":true}]}}