{"id":13137,"date":"2025-01-05T12:19:30","date_gmt":"2025-01-05T10:19:30","guid":{"rendered":"https:\/\/meeplendice.net\/?page_id=13137"},"modified":"2025-01-05T12:28:22","modified_gmt":"2025-01-05T10:28:22","slug":"nekojima-2","status":"publish","type":"page","link":"https:\/\/meeplendice.net\/?page_id=13137","title":{"rendered":"Nekojima"},"content":{"rendered":"<div id=\"pl-13137\"  class=\"panel-layout\" ><div id=\"pg-13137-0\"  class=\"panel-grid panel-no-style\" ><div id=\"pgc-13137-0-0\"  class=\"panel-grid-cell\" ><div id=\"panel-13137-0-0-0\" class=\"so-panel widget widget_sow-editor panel-first-child panel-last-child\" data-index=\"0\" ><div\n\t\t\t\n\t\t\tclass=\"so-widget-sow-editor so-widget-sow-editor-base\"\n\t\t\t\n\t\t>\n<div class=\"siteorigin-widget-tinymce textwidget\">\n\t<p style=\"text-align: center;\"><strong>Nombre de joueurs :<\/strong><br \/>\n1 - 5<\/p>\n<\/div>\n<\/div><\/div><\/div><div id=\"pgc-13137-0-1\"  class=\"panel-grid-cell\" ><div id=\"panel-13137-0-1-0\" class=\"so-panel widget widget_sow-editor panel-first-child panel-last-child\" data-index=\"1\" ><div\n\t\t\t\n\t\t\tclass=\"so-widget-sow-editor so-widget-sow-editor-base\"\n\t\t\t\n\t\t>\n<div class=\"siteorigin-widget-tinymce textwidget\">\n\t<p style=\"text-align: center;\"><strong>Dur\u00e9e moyenne :<\/strong><br \/>\n15 min<\/p>\n<\/div>\n<\/div><\/div><\/div><div id=\"pgc-13137-0-2\"  class=\"panel-grid-cell\" ><div id=\"panel-13137-0-2-0\" class=\"so-panel widget widget_sow-editor panel-first-child panel-last-child\" data-index=\"2\" ><div\n\t\t\t\n\t\t\tclass=\"so-widget-sow-editor so-widget-sow-editor-base\"\n\t\t\t\n\t\t>\n<div class=\"siteorigin-widget-tinymce textwidget\">\n\t<p style=\"text-align: center;\"><strong>Age :<\/strong><br \/>\n7 ans et plus<\/p>\n<\/div>\n<\/div><\/div><\/div><\/div><div id=\"pg-13137-1\"  class=\"panel-grid panel-no-style\" ><div id=\"pgc-13137-1-0\"  class=\"panel-grid-cell\" ><div id=\"panel-13137-1-0-0\" class=\"so-panel widget widget_sow-editor panel-first-child panel-last-child\" data-index=\"3\" ><div\n\t\t\t\n\t\t\tclass=\"so-widget-sow-editor so-widget-sow-editor-base\"\n\t\t\t\n\t\t>\n<div class=\"siteorigin-widget-tinymce textwidget\">\n\t<p style=\"text-align: center;\"><strong>Auteur(s) :<br \/>\n<\/strong>David Carmona<br \/>\nKaren Nguyen<\/p>\n<\/div>\n<\/div><\/div><\/div><div id=\"pgc-13137-1-1\"  class=\"panel-grid-cell\" ><div id=\"panel-13137-1-1-0\" class=\"so-panel widget widget_sow-editor panel-first-child panel-last-child\" data-index=\"4\" ><div\n\t\t\t\n\t\t\tclass=\"so-widget-sow-editor so-widget-sow-editor-base\"\n\t\t\t\n\t\t>\n<div class=\"siteorigin-widget-tinymce textwidget\">\n\t<p style=\"text-align: center;\"><strong>Illustrations :<\/strong><br \/>\n<span class=\"data-siloing\" title=\"D\u00e9couvrez tous ces jeux\" data-siloing=\"https:\/\/www.philibertnet.com\/fr\/recherche?feature=41&amp;feature_value=Jiahui Eva Gao\">Gilles Warmoes<\/span><\/p>\n<\/div>\n<\/div><\/div><\/div><div id=\"pgc-13137-1-2\"  class=\"panel-grid-cell\" ><div id=\"panel-13137-1-2-0\" class=\"so-panel widget widget_sow-editor panel-first-child panel-last-child\" data-index=\"5\" ><div\n\t\t\t\n\t\t\tclass=\"so-widget-sow-editor so-widget-sow-editor-base\"\n\t\t\t\n\t\t>\n<div class=\"siteorigin-widget-tinymce textwidget\">\n\t<p style=\"text-align: center;\"><strong>\u00c9dition :<\/strong><br \/>\nUnfriendly Games<br \/>\n2023<\/p>\n<\/div>\n<\/div><\/div><\/div><div id=\"pgc-13137-1-3\"  class=\"panel-grid-cell\" ><div id=\"panel-13137-1-3-0\" class=\"so-panel widget widget_sow-editor panel-first-child panel-last-child\" data-index=\"6\" ><div\n\t\t\t\n\t\t\tclass=\"so-widget-sow-editor so-widget-sow-editor-base\"\n\t\t\t\n\t\t>\n<div class=\"siteorigin-widget-tinymce textwidget\">\n\t<p style=\"text-align: center;\"><strong>Version :<\/strong><br \/>\nFran\u00e7aise<\/p>\n<\/div>\n<\/div><\/div><\/div><\/div><div id=\"pg-13137-2\"  class=\"panel-grid panel-no-style\" ><div id=\"pgc-13137-2-0\"  class=\"panel-grid-cell\" ><div id=\"panel-13137-2-0-0\" class=\"so-panel widget widget_sow-editor panel-first-child panel-last-child\" data-index=\"7\" ><div\n\t\t\t\n\t\t\tclass=\"so-widget-sow-editor so-widget-sow-editor-base\"\n\t\t\t\n\t\t>\n<div class=\"siteorigin-widget-tinymce textwidget\">\n\t<hr \/>\n<p><em>Bienvenue sur Nekojima, l\u00efle des chats au Japon.<br \/>\nIci, vous devrez faire preuve d'ing\u00e9niosit\u00e9 et de dext\u00e9rit\u00e9 pour d\u00e9velopper le r\u00e9seau \u00e9lectrique et alimenter les quatre quartiers de l'\u00eele. Cependant, l'installation des poteaux \u00e9lectriques s'av\u00e8re \u00eatre une t\u00e2che complexe en raison de l'\u00e9troitesse du t\u00e9rritoire et de sa curieuse population de chats, qui adorent se balader sur les c\u00e2bles \u00e9lectriques.<br \/>\nIl faudra \u00eatre vigilant, car le court-circuit doit \u00eatre \u00e9vit\u00e9 : aucun c\u00e2ble ne doit entrer en contact avec un autre.<\/em><\/p>\n<p><em>Saurez-vous maintenir l'\u00e9quilibre sur Nekojima ?<\/em><\/p>\n<p>&nbsp;<\/p>\n<p>Dans <em><span class=\"style-client-colored-text\">Nekojima<\/span><\/em>, votre but est de maintenir l'\u00e9quilibre entre tous ces poteaux \u00e9lectriques tout en respectant les emplacements impos\u00e9s. Aucun c\u00e2ble ne doit se toucher et les chats malicieux viennent jouer les \u00e9quilibristes sur tous ces fils qui pendent au gr\u00e9 du vent.<\/p>\n<p>Votre dext\u00e9rit\u00e9 est mise \u00e0 rude \u00e9preuve dans ce jeu d'adresse aussi tactique qu'amusant. Car dans Nekojima, vous devez manipuler les poteaux \u00e0 deux mains, et relier les 4 quartiers de l'\u00eele n'est pas une mince affaire quand tous les fils se m\u00e9langent et que les chats viennent tester votre installation.<\/p>\n<\/div>\n<\/div><\/div><\/div><\/div><div id=\"pg-13137-3\"  class=\"panel-grid panel-no-style\" ><div id=\"pgc-13137-3-0\"  class=\"panel-grid-cell\" ><div id=\"panel-13137-3-0-0\" class=\"so-panel widget widget_sow-editor panel-first-child panel-last-child\" data-index=\"8\" ><div\n\t\t\t\n\t\t\tclass=\"so-widget-sow-editor so-widget-sow-editor-base\"\n\t\t\t\n\t\t>\n<div class=\"siteorigin-widget-tinymce textwidget\">\n\t<hr \/>\n<h3 style=\"text-align: center;\">En vid\u00e9o<\/h3>\n<p><a href=\"https:\/\/www.youtube.com\/watch?v=rfzx0V4bJyA\" target=\"_blank\" rel=\"noopener\"><img loading=\"lazy\" decoding=\"async\" class=\"alignnone size-full wp-image-9090\" src=\"https:\/\/meeplendice.net\/wp-content\/uploads\/2022\/01\/Link_CJ_v2.png\" alt=\"\" width=\"200\" height=\"170\" \/><\/a><\/p>\n<\/div>\n<\/div><\/div><\/div><\/div><div id=\"pg-13137-4\"  class=\"panel-grid panel-no-style\" ><div id=\"pgc-13137-4-0\"  class=\"panel-grid-cell\" ><div id=\"panel-13137-4-0-0\" class=\"so-panel widget widget_sow-editor panel-first-child panel-last-child\" data-index=\"9\" ><div\n\t\t\t\n\t\t\tclass=\"so-widget-sow-editor so-widget-sow-editor-base\"\n\t\t\t\n\t\t>\n<div class=\"siteorigin-widget-tinymce textwidget\">\n\t<hr \/>\n<h3 style=\"text-align: center;\">Extension(s)<\/h3>\n<p style=\"text-align: center;\"><style type='text\/css' media='all'>#rt-tpg-container-129991722 .read-more a{border-radius:px;}#rt-tpg-container-129991722 .rt-img-holder img.rt-img-responsive,#rt-tpg-container-129991722 .rt-img-holder,\n\t\t\t\t\t#rt-tpg-container-129991722 .rt-post-overlay .post-img,\n\t\t\t\t\t#rt-tpg-container-129991722 .post-sm .post-img,\n\t\t\t\t\t#rt-tpg-container-129991722 .rt-post-grid .post-img,\n\t\t\t\t\t#rt-tpg-container-129991722 .post-img img {border-radius:px;}#rt-tpg-container-129991722 .layout9 .rt-holder h2.entry-title,\n\t\t\t\t\t#rt-tpg-container-129991722 .layout9 .rt-holder h3.entry-title,\n\t\t\t\t\t#rt-tpg-container-129991722 .layout9 .rt-holder h4.entry-title,\n\t\t\t\t\t#rt-tpg-container-129991722 .layout9 .rt-holder h2.entry-title a,\n\t\t\t\t\t#rt-tpg-container-129991722 .layout9 .rt-holder h3.entry-title a,\n\t\t\t\t\t#rt-tpg-container-129991722 .layout9 .rt-holder h4.entry-title a,\n\t\t\t\t\t#rt-tpg-container-129991722 .rt-holder .rt-woo-info h2 a,\n\t\t\t\t\t#rt-tpg-container-129991722 .rt-holder .rt-woo-info h3 a,\n\t\t\t\t\t#rt-tpg-container-129991722 .rt-holder .rt-woo-info h4 a,\n\t\t\t\t\t#rt-tpg-container-129991722 .post-content .post-title,\n\t\t\t\t\t#rt-tpg-container-129991722 .rt-post-grid .post-title,\n\t\t\t\t\t#rt-tpg-container-129991722 .rt-post-grid .post-title a,\n\t\t\t\t\t#rt-tpg-container-129991722 .post-content .post-title a,\n\t\t\t\t\t#rt-tpg-container-129991722 .rt-holder .rt-woo-info h2,\n\t\t\t\t\t#rt-tpg-container-129991722 .rt-holder .rt-woo-info h3,\n\t\t\t\t\t#rt-tpg-container-129991722 .rt-holder .rt-woo-info h4{font-size:16px;line-height:26px;font-weight:normal;text-align:center;}#rt-tpg-container-129991722 .post-grid-lg-style-1 .post-title,\n\t\t\t\t\t\t#rt-tpg-container-129991722 .post-grid-lg-style-1 .post-title a,\n\t\t\t\t\t\t#rt-tpg-container-129991722 .big-layout .post-title,\n\t\t\t\t\t\t#rt-tpg-container-129991722 .big-layout .post-title a,\n\t\t\t\t\t\t#rt-tpg-container-129991722 .post-grid-lg-style-1 .post-title,\n\t\t\t\t\t\t#rt-tpg-container-129991722 .post-grid-lg-style-1 .post-title a {font-size:24px;line-height:34px;}<\/style><div class='rt-container-fluid rt-tpg-container tpg-shortcode-main-wrapper ' id='rt-tpg-container-129991722'   data-layout='layout9' data-grid-style='masonry' data-desktop-col='3'  data-tab-col='2'  data-mobile-col='1' data-sc-id='13141'><div data-title='Loading ...' class='rt-row rt-content-loader   layout9 tpg-masonry '><div class=\"rt-col-md-4 rt-col-sm-6 rt-col-xs-12 masonry-grid-item rt-grid-item img_zoom_in\" data-id=\"13139\"><div class=\"rt-holder\"><div class='overlay'><a data-id='13139' class=' tpg-single-popup' href='https:\/\/meeplendice.net\/?page_id=13139'><img loading=\"lazy\" decoding=\"async\" width=\"350\" height=\"350\" src=\"https:\/\/meeplendice.net\/wp-content\/uploads\/2025\/01\/Nekojima_Torii.png\" class=\"rt-img-responsive \" alt=\"\" \/><\/a><\/div><div class='post-info'><h3 class=\"entry-title\"><a data-id=\"13139\" class=\" tpg-single-popup\" href=\"https:\/\/meeplendice.net\/?page_id=13139\">Torii Pack<\/a><\/h3><div class='post-meta-user '><\/div><\/div><\/div><\/div><\/div><div class='rt-pagination-wrap' data-total-pages='1' data-posts-per-page='3' data-type='pagination_ajax'  ><div class='rt-page-numbers'><\/div><\/div><\/div><\/p>\n<\/div>\n<\/div><\/div><\/div><\/div><div id=\"pg-13137-5\"  class=\"panel-grid panel-no-style\" ><div id=\"pgc-13137-5-0\"  class=\"panel-grid-cell\" ><div id=\"panel-13137-5-0-0\" class=\"so-panel widget widget_sow-editor panel-first-child panel-last-child\" data-index=\"10\" ><div\n\t\t\t\n\t\t\tclass=\"so-widget-sow-editor so-widget-sow-editor-base\"\n\t\t\t\n\t\t>\n<div class=\"siteorigin-widget-tinymce textwidget\">\n\t<hr \/>\n<h3 style=\"text-align: center;\">Pour aller plus loin<\/h3>\n<\/div>\n<\/div><\/div><\/div><\/div><\/div>","protected":false},"excerpt":{"rendered":"<p>Nombre de joueurs : 1 &#8211; 5 Dur\u00e9e moyenne : 15 min Age : 7 ans et plus Auteur(s) : David Carmona Karen Nguyen Illustrations : Gilles Warmoes \u00c9dition : Unfriendly Games 2023 Version : Fran\u00e7aise<\/p>\n","protected":false},"author":2,"featured_media":13062,"parent":0,"menu_order":0,"comment_status":"closed","ping_status":"closed","template":"","meta":{"footnotes":""},"class_list":["post-13137","page","type-page","status-publish","has-post-thumbnail","hentry"],"acf":[],"rttpg_featured_image_url":{"full":["https:\/\/meeplendice.net\/wp-content\/uploads\/2025\/01\/Nekojima.png",350,350,false],"landscape":["https:\/\/meeplendice.net\/wp-content\/uploads\/2025\/01\/Nekojima.png",350,350,false],"portraits":["https:\/\/meeplendice.net\/wp-content\/uploads\/2025\/01\/Nekojima.png",350,350,false],"thumbnail":["https:\/\/meeplendice.net\/wp-content\/uploads\/2025\/01\/Nekojima-150x150.png",150,150,true],"medium":["https:\/\/meeplendice.net\/wp-content\/uploads\/2025\/01\/Nekojima-300x300.png",300,300,true],"large":["https:\/\/meeplendice.net\/wp-content\/uploads\/2025\/01\/Nekojima.png",350,350,false],"ug_big":["https:\/\/meeplendice.net\/wp-content\/uploads\/2025\/01\/Nekojima.png",350,350,false],"1536x1536":["https:\/\/meeplendice.net\/wp-content\/uploads\/2025\/01\/Nekojima.png",350,350,false],"2048x2048":["https:\/\/meeplendice.net\/wp-content\/uploads\/2025\/01\/Nekojima.png",350,350,false],"ashe-slider-grid-thumbnail":["https:\/\/meeplendice.net\/wp-content\/uploads\/2025\/01\/Nekojima.png",350,350,false],"ashe-full-thumbnail":["https:\/\/meeplendice.net\/wp-content\/uploads\/2025\/01\/Nekojima.png",350,350,false],"ashe-grid-thumbnail":["https:\/\/meeplendice.net\/wp-content\/uploads\/2025\/01\/Nekojima-350x330.png",350,330,true],"ashe-list-thumbnail":["https:\/\/meeplendice.net\/wp-content\/uploads\/2025\/01\/Nekojima-300x300.png",300,300,true],"ashe-single-navigation":["https:\/\/meeplendice.net\/wp-content\/uploads\/2025\/01\/Nekojima-75x75.png",75,75,true],"mailpoet_newsletter_max":["https:\/\/meeplendice.net\/wp-content\/uploads\/2025\/01\/Nekojima.png",350,350,false],"rpwe-thumbnail":["https:\/\/meeplendice.net\/wp-content\/uploads\/2025\/01\/Nekojima-45x45.png",45,45,true],"sow-carousel-default":["https:\/\/meeplendice.net\/wp-content\/uploads\/2025\/01\/Nekojima-272x182.png",272,182,true],"rt_custom":["https:\/\/meeplendice.net\/wp-content\/uploads\/2025\/01\/Nekojima.png",350,350,false]},"rttpg_author":{"display_name":"Karnby","author_link":"https:\/\/meeplendice.net\/?author=2"},"rttpg_comment":0,"rttpg_category":null,"rttpg_excerpt":"Nombre de joueurs : 1 - 5 Dur\u00e9e moyenne : 15 min Age : 7 ans et plus Auteur(s) : David Carmona Karen Nguyen Illustrations : Gilles Warmoes \u00c9dition : Unfriendly Games 2023 Version : Fran\u00e7aise","_links":{"self":[{"href":"https:\/\/meeplendice.net\/index.php?rest_route=\/wp\/v2\/pages\/13137","targetHints":{"allow":["GET"]}}],"collection":[{"href":"https:\/\/meeplendice.net\/index.php?rest_route=\/wp\/v2\/pages"}],"about":[{"href":"https:\/\/meeplendice.net\/index.php?rest_route=\/wp\/v2\/types\/page"}],"author":[{"embeddable":true,"href":"https:\/\/meeplendice.net\/index.php?rest_route=\/wp\/v2\/users\/2"}],"replies":[{"embeddable":true,"href":"https:\/\/meeplendice.net\/index.php?rest_route=%2Fwp%2Fv2%2Fcomments&post=13137"}],"version-history":[{"count":4,"href":"https:\/\/meeplendice.net\/index.php?rest_route=\/wp\/v2\/pages\/13137\/revisions"}],"predecessor-version":[{"id":13144,"href":"https:\/\/meeplendice.net\/index.php?rest_route=\/wp\/v2\/pages\/13137\/revisions\/13144"}],"wp:featuredmedia":[{"embeddable":true,"href":"https:\/\/meeplendice.net\/index.php?rest_route=\/wp\/v2\/media\/13062"}],"wp:attachment":[{"href":"https:\/\/meeplendice.net\/index.php?rest_route=%2Fwp%2Fv2%2Fmedia&parent=13137"}],"curies":[{"name":"wp","href":"https:\/\/api.w.org\/{rel}","templated":true}]}}