{"id":1315,"date":"2016-09-19T14:52:45","date_gmt":"2016-09-19T13:52:45","guid":{"rendered":"http:\/\/meeplendice.net\/?page_id=1315"},"modified":"2022-01-24T15:37:31","modified_gmt":"2022-01-24T14:37:31","slug":"armee-la-horde-de-scorn","status":"publish","type":"page","link":"https:\/\/meeplendice.net\/?page_id=1315","title":{"rendered":"Arm\u00e9e : La Horde de Scorn"},"content":{"rendered":"<p style=\"text-align: justify;\"><em>Les steppes de Scorn sont arides et d\u00e9sol\u00e9es, une terre isol\u00e9e o\u00f9 le vent hurle \u00e0 travers les roches ac\u00e9r\u00e9es et o\u00f9 ne vivent que monstres et d\u00e9mons. Dans ce paysage cauchemardesque, les Uthuk Y\u2019llan r\u00f4dent et prosp\u00e8rent. Men\u00e9s par un cercle de Soeurs de Sang visionnaires, les Uthuk Y\u2019llan ont chass\u00e9 les d\u00e9mons de leur nouvelle demeure et ont repris des forces. Maintenant que les pr\u00e9sages annoncent la saison du sang, la Horde de Scorn est en marche pour la guerre.<\/em><\/p>\n<p style=\"text-align: justify;\">Ajoutez de f\u00e9roces guerriers et une sorcellerie malfaisante \u00e0 vos parties de Battlelore Seconde \u00c9dition avec la bo\u00eete d\u2019arm\u00e9e La Horde de Scorn. Ces Uthuk Y\u2019llan qui portent la marque du d\u00e9mon d\u00e9cha\u00eenent d\u2019inqui\u00e9tantes nouvelles forces, parmi lesquelles la magie sacrificielle des Soeurs de Sang et la b\u00eate f\u00e9roce connue sous le nom de Funeste. \u00c9cumez le pays et \u00e9crasez vos ennemis !<\/p>\n<p>&nbsp;<\/p>\n","protected":false},"excerpt":{"rendered":"<p>Les steppes de Scorn sont arides et d\u00e9sol\u00e9es, une terre isol\u00e9e o\u00f9 le vent hurle \u00e0 travers les roches ac\u00e9r\u00e9es et o\u00f9 ne vivent que monstres et d\u00e9mons. Dans ce paysage cauchemardesque, les Uthuk Y\u2019llan r\u00f4dent et prosp\u00e8rent. Men\u00e9s par un cercle de Soeurs de Sang visionnaires, les Uthuk Y\u2019llan ont chass\u00e9 les d\u00e9mons de leur nouvelle demeure et ont repris des forces. Maintenant que les pr\u00e9sages annoncent la saison du sang, la Horde de Scorn est en marche pour la guerre. Ajoutez de f\u00e9roces guerriers et une sorcellerie malfaisante \u00e0 vos parties de Battlelore Seconde \u00c9dition avec la bo\u00eete d\u2019arm\u00e9e La Horde de Scorn. Ces Uthuk Y\u2019llan qui portent la marque du d\u00e9mon d\u00e9cha\u00eenent d\u2019inqui\u00e9tantes nouvelles forces, parmi lesquelles la magie sacrificielle des Soeurs de Sang et la b\u00eate f\u00e9roce connue sous le nom de Funeste. \u00c9cumez le pays et \u00e9crasez vos ennemis ! &nbsp;<\/p>\n","protected":false},"author":2,"featured_media":1351,"parent":154,"menu_order":2,"comment_status":"closed","ping_status":"closed","template":"","meta":{"footnotes":""},"class_list":["post-1315","page","type-page","status-publish","has-post-thumbnail","hentry"],"acf":[],"rttpg_featured_image_url":{"full":["https:\/\/meeplendice.net\/wp-content\/uploads\/2016\/09\/Battlelore_hordedescorn.png",350,350,false],"landscape":["https:\/\/meeplendice.net\/wp-content\/uploads\/2016\/09\/Battlelore_hordedescorn.png",350,350,false],"portraits":["https:\/\/meeplendice.net\/wp-content\/uploads\/2016\/09\/Battlelore_hordedescorn.png",350,350,false],"thumbnail":["https:\/\/meeplendice.net\/wp-content\/uploads\/2016\/09\/Battlelore_hordedescorn-150x150.png",150,150,true],"medium":["https:\/\/meeplendice.net\/wp-content\/uploads\/2016\/09\/Battlelore_hordedescorn-300x300.png",300,300,true],"large":["https:\/\/meeplendice.net\/wp-content\/uploads\/2016\/09\/Battlelore_hordedescorn.png",350,350,false],"ug_big":["https:\/\/meeplendice.net\/wp-content\/uploads\/2016\/09\/Battlelore_hordedescorn.png",350,350,false],"1536x1536":["https:\/\/meeplendice.net\/wp-content\/uploads\/2016\/09\/Battlelore_hordedescorn.png",350,350,false],"2048x2048":["https:\/\/meeplendice.net\/wp-content\/uploads\/2016\/09\/Battlelore_hordedescorn.png",350,350,false],"ashe-slider-grid-thumbnail":["https:\/\/meeplendice.net\/wp-content\/uploads\/2016\/09\/Battlelore_hordedescorn.png",350,350,false],"ashe-full-thumbnail":["https:\/\/meeplendice.net\/wp-content\/uploads\/2016\/09\/Battlelore_hordedescorn.png",350,350,false],"ashe-grid-thumbnail":["https:\/\/meeplendice.net\/wp-content\/uploads\/2016\/09\/Battlelore_hordedescorn-350x330.png",350,330,true],"ashe-list-thumbnail":["https:\/\/meeplendice.net\/wp-content\/uploads\/2016\/09\/Battlelore_hordedescorn-300x300.png",300,300,true],"ashe-single-navigation":["https:\/\/meeplendice.net\/wp-content\/uploads\/2016\/09\/Battlelore_hordedescorn-75x75.png",75,75,true],"mailpoet_newsletter_max":["https:\/\/meeplendice.net\/wp-content\/uploads\/2016\/09\/Battlelore_hordedescorn.png",350,350,false],"rpwe-thumbnail":["https:\/\/meeplendice.net\/wp-content\/uploads\/2016\/09\/Battlelore_hordedescorn-45x45.png",45,45,true],"sow-carousel-default":["https:\/\/meeplendice.net\/wp-content\/uploads\/2016\/09\/Battlelore_hordedescorn-272x182.png",272,182,true],"rt_custom":["https:\/\/meeplendice.net\/wp-content\/uploads\/2016\/09\/Battlelore_hordedescorn.png",350,350,false]},"rttpg_author":{"display_name":"Karnby","author_link":"https:\/\/meeplendice.net\/?author=2"},"rttpg_comment":0,"rttpg_category":null,"rttpg_excerpt":"Les steppes de Scorn sont arides et d\u00e9sol\u00e9es, une terre isol\u00e9e o\u00f9 le vent hurle \u00e0 travers les roches ac\u00e9r\u00e9es et o\u00f9 ne vivent que monstres et d\u00e9mons. Dans ce paysage cauchemardesque, les Uthuk Y\u2019llan r\u00f4dent et prosp\u00e8rent. Men\u00e9s par un cercle de Soeurs de Sang visionnaires, les Uthuk Y\u2019llan ont chass\u00e9 les d\u00e9mons de\u2026","_links":{"self":[{"href":"https:\/\/meeplendice.net\/index.php?rest_route=\/wp\/v2\/pages\/1315","targetHints":{"allow":["GET"]}}],"collection":[{"href":"https:\/\/meeplendice.net\/index.php?rest_route=\/wp\/v2\/pages"}],"about":[{"href":"https:\/\/meeplendice.net\/index.php?rest_route=\/wp\/v2\/types\/page"}],"author":[{"embeddable":true,"href":"https:\/\/meeplendice.net\/index.php?rest_route=\/wp\/v2\/users\/2"}],"replies":[{"embeddable":true,"href":"https:\/\/meeplendice.net\/index.php?rest_route=%2Fwp%2Fv2%2Fcomments&post=1315"}],"version-history":[{"count":7,"href":"https:\/\/meeplendice.net\/index.php?rest_route=\/wp\/v2\/pages\/1315\/revisions"}],"predecessor-version":[{"id":6240,"href":"https:\/\/meeplendice.net\/index.php?rest_route=\/wp\/v2\/pages\/1315\/revisions\/6240"}],"up":[{"embeddable":true,"href":"https:\/\/meeplendice.net\/index.php?rest_route=\/wp\/v2\/pages\/154"}],"wp:featuredmedia":[{"embeddable":true,"href":"https:\/\/meeplendice.net\/index.php?rest_route=\/wp\/v2\/media\/1351"}],"wp:attachment":[{"href":"https:\/\/meeplendice.net\/index.php?rest_route=%2Fwp%2Fv2%2Fmedia&parent=1315"}],"curies":[{"name":"wp","href":"https:\/\/api.w.org\/{rel}","templated":true}]}}