{"id":13158,"date":"2025-01-06T00:11:16","date_gmt":"2025-01-05T22:11:16","guid":{"rendered":"https:\/\/meeplendice.net\/?page_id=13158"},"modified":"2025-01-06T00:34:14","modified_gmt":"2025-01-05T22:34:14","slug":"tree-society","status":"publish","type":"page","link":"https:\/\/meeplendice.net\/?page_id=13158","title":{"rendered":"Tree Society"},"content":{"rendered":"<div id=\"pl-13158\"  class=\"panel-layout\" ><div id=\"pg-13158-0\"  class=\"panel-grid panel-no-style\" ><div id=\"pgc-13158-0-0\"  class=\"panel-grid-cell\" ><div id=\"panel-13158-0-0-0\" class=\"so-panel widget widget_sow-editor panel-first-child panel-last-child\" data-index=\"0\" ><div\n\t\t\t\n\t\t\tclass=\"so-widget-sow-editor so-widget-sow-editor-base\"\n\t\t\t\n\t\t>\n<div class=\"siteorigin-widget-tinymce textwidget\">\n\t<p style=\"text-align: center;\"><strong>Nombre de joueurs :<\/strong><br \/>\n2 - 4<\/p>\n<\/div>\n<\/div><\/div><\/div><div id=\"pgc-13158-0-1\"  class=\"panel-grid-cell\" ><div id=\"panel-13158-0-1-0\" class=\"so-panel widget widget_sow-editor panel-first-child panel-last-child\" data-index=\"1\" ><div\n\t\t\t\n\t\t\tclass=\"so-widget-sow-editor so-widget-sow-editor-base\"\n\t\t\t\n\t\t>\n<div class=\"siteorigin-widget-tinymce textwidget\">\n\t<p style=\"text-align: center;\"><strong>Dur\u00e9e moyenne :<\/strong><br \/>\n45 min<\/p>\n<\/div>\n<\/div><\/div><\/div><div id=\"pgc-13158-0-2\"  class=\"panel-grid-cell\" ><div id=\"panel-13158-0-2-0\" class=\"so-panel widget widget_sow-editor panel-first-child panel-last-child\" data-index=\"2\" ><div\n\t\t\t\n\t\t\tclass=\"so-widget-sow-editor so-widget-sow-editor-base\"\n\t\t\t\n\t\t>\n<div class=\"siteorigin-widget-tinymce textwidget\">\n\t<p style=\"text-align: center;\"><strong>Age :<\/strong><br \/>\n8 ans et plus<\/p>\n<\/div>\n<\/div><\/div><\/div><\/div><div id=\"pg-13158-1\"  class=\"panel-grid panel-no-style\" ><div id=\"pgc-13158-1-0\"  class=\"panel-grid-cell\" ><div id=\"panel-13158-1-0-0\" class=\"so-panel widget widget_sow-editor panel-first-child panel-last-child\" data-index=\"3\" ><div\n\t\t\t\n\t\t\tclass=\"so-widget-sow-editor so-widget-sow-editor-base\"\n\t\t\t\n\t\t>\n<div class=\"siteorigin-widget-tinymce textwidget\">\n\t<p style=\"text-align: center;\"><strong>Auteur(s) :<br \/>\n<\/strong><span class=\"data-siloing\" title=\"D\u00e9couvrez tous ces jeux\" data-siloing=\"https:\/\/www.philibertnet.com\/fr\/recherche?feature=31&amp;feature_value=Th\u00e9o Riviere\">Matthew Dunstan<br \/>\nBrett J. Gilbert<br \/>\n<\/span><\/p>\n<\/div>\n<\/div><\/div><\/div><div id=\"pgc-13158-1-1\"  class=\"panel-grid-cell\" ><div id=\"panel-13158-1-1-0\" class=\"so-panel widget widget_sow-editor panel-first-child panel-last-child\" data-index=\"4\" ><div\n\t\t\t\n\t\t\tclass=\"so-widget-sow-editor so-widget-sow-editor-base\"\n\t\t\t\n\t\t>\n<div class=\"siteorigin-widget-tinymce textwidget\">\n\t<p style=\"text-align: center;\"><strong>Illustrations :<\/strong><br \/>\n<span class=\"data-siloing\" title=\"D\u00e9couvrez tous ces jeux\" data-siloing=\"https:\/\/www.philibertnet.com\/fr\/recherche?feature=41&amp;feature_value=Jiahui Eva Gao\">Chris Quilliams<br \/>\n<\/span><\/p>\n<\/div>\n<\/div><\/div><\/div><div id=\"pgc-13158-1-2\"  class=\"panel-grid-cell\" ><div id=\"panel-13158-1-2-0\" class=\"so-panel widget widget_sow-editor panel-first-child panel-last-child\" data-index=\"5\" ><div\n\t\t\t\n\t\t\tclass=\"so-widget-sow-editor so-widget-sow-editor-base\"\n\t\t\t\n\t\t>\n<div class=\"siteorigin-widget-tinymce textwidget\">\n\t<p style=\"text-align: center;\"><strong>\u00c9dition :<\/strong><br \/>\nNext Move<br \/>\n2024<\/p>\n<\/div>\n<\/div><\/div><\/div><div id=\"pgc-13158-1-3\"  class=\"panel-grid-cell\" ><div id=\"panel-13158-1-3-0\" class=\"so-panel widget widget_sow-editor panel-first-child panel-last-child\" data-index=\"6\" ><div\n\t\t\t\n\t\t\tclass=\"so-widget-sow-editor so-widget-sow-editor-base\"\n\t\t\t\n\t\t>\n<div class=\"siteorigin-widget-tinymce textwidget\">\n\t<p style=\"text-align: center;\"><strong>Version :<\/strong><br \/>\nFran\u00e7aise<\/p>\n<\/div>\n<\/div><\/div><\/div><\/div><div id=\"pg-13158-2\"  class=\"panel-grid panel-no-style\" ><div id=\"pgc-13158-2-0\"  class=\"panel-grid-cell\" ><div id=\"panel-13158-2-0-0\" class=\"so-panel widget widget_sow-editor panel-first-child panel-last-child\" data-index=\"7\" ><div\n\t\t\t\n\t\t\tclass=\"so-widget-sow-editor so-widget-sow-editor-base\"\n\t\t\t\n\t\t>\n<div class=\"siteorigin-widget-tinymce textwidget\">\n\t<hr \/>\n<p><em>Pr\u00e8s de la cime des arbres, des \u00e9crivains, des architectes, des banquiers, des marchands, des botanistes ainsi que des explorateurs ont longtemps collabor\u00e9 afin de b\u00e2tir une nouvelle soci\u00e9t\u00e9.<\/em><\/p>\n<p><em>Aidez-les \u00e0 finaliser leurs plans en vendant les fruits locaux et utilisez les habilit\u00e9s uniques des guildes en cr\u00e9ant des synergies.<\/em><\/p>\n<p><em>Devenez le contributeur le plus important en grimpant au sommet de la Tree Society !!<\/em><\/p>\n<p>&nbsp;<\/p>\n<p>Dans <em>Tree Society<\/em>, vous r\u00e9coltez des fonds en vendant des fruits : plus ces fruits sont pr\u00e9sents sur le march\u00e9 ou chez les autres joueurs, plus vos ventes vous rapportent. Ensuite, utilisez les capacit\u00e9s de vos cartes fruits et l'argent r\u00e9colt\u00e9 pour recruter une guilde ou am\u00e9liorer son niveau. Chaque carte guilde poss\u00e8de 3 niveaux, chacun ayant un co\u00fbt sp\u00e9cifique. Atteignez le niveau ultime pour accumuler des points de victoire. De plus, les cartes guildes disposent d'effets et de pouvoirs qui peuvent \u00eatre activ\u00e9s. Progressivement, construisez votre \u00ab moteur \u00bb de points en g\u00e9n\u00e9rant des synergies entre vos cartes.<\/p>\n<p>La bo\u00eete contient six guildes diff\u00e9rentes, mais seulement quatre seront utilis\u00e9es \u00e0 chaque partie, vous offrant ainsi une grande vari\u00e9t\u00e9 de strat\u00e9gies et de possibilit\u00e9s de rejouer.<\/p>\n<\/div>\n<\/div><\/div><\/div><\/div><div id=\"pg-13158-3\"  class=\"panel-grid panel-no-style\" ><div id=\"pgc-13158-3-0\"  class=\"panel-grid-cell\" ><div id=\"panel-13158-3-0-0\" class=\"so-panel widget widget_sow-editor panel-first-child panel-last-child\" data-index=\"8\" ><div\n\t\t\t\n\t\t\tclass=\"so-widget-sow-editor so-widget-sow-editor-base\"\n\t\t\t\n\t\t>\n<div class=\"siteorigin-widget-tinymce textwidget\">\n\t<hr \/>\n<h3 style=\"text-align: center;\">En vid\u00e9o<\/h3>\n<\/div>\n<\/div><\/div><\/div><\/div><div id=\"pg-13158-4\"  class=\"panel-grid panel-no-style\" ><div id=\"pgc-13158-4-0\"  class=\"panel-grid-cell\" ><div id=\"panel-13158-4-0-0\" class=\"so-panel widget widget_sow-editor panel-first-child panel-last-child\" data-index=\"9\" ><div\n\t\t\t\n\t\t\tclass=\"so-widget-sow-editor so-widget-sow-editor-base\"\n\t\t\t\n\t\t>\n<div class=\"siteorigin-widget-tinymce textwidget\">\n\t<hr \/>\n<h3 style=\"text-align: center;\">Pour aller plus loin<\/h3>\n<\/div>\n<\/div><\/div><\/div><\/div><\/div>","protected":false},"excerpt":{"rendered":"<p>Nombre de joueurs : 2 &#8211; 4 Dur\u00e9e moyenne : 45 min Age : 8 ans et plus Auteur(s) : Matthew Dunstan Brett J. Gilbert Illustrations : Chris Quilliams \u00c9dition : Next Move 2024 Version : Fran\u00e7aise<\/p>\n","protected":false},"author":2,"featured_media":13048,"parent":0,"menu_order":0,"comment_status":"closed","ping_status":"closed","template":"","meta":{"footnotes":""},"class_list":["post-13158","page","type-page","status-publish","has-post-thumbnail","hentry"],"acf":[],"rttpg_featured_image_url":{"full":["https:\/\/meeplendice.net\/wp-content\/uploads\/2025\/01\/Tree_Society.png",350,350,false],"landscape":["https:\/\/meeplendice.net\/wp-content\/uploads\/2025\/01\/Tree_Society.png",350,350,false],"portraits":["https:\/\/meeplendice.net\/wp-content\/uploads\/2025\/01\/Tree_Society.png",350,350,false],"thumbnail":["https:\/\/meeplendice.net\/wp-content\/uploads\/2025\/01\/Tree_Society-150x150.png",150,150,true],"medium":["https:\/\/meeplendice.net\/wp-content\/uploads\/2025\/01\/Tree_Society-300x300.png",300,300,true],"large":["https:\/\/meeplendice.net\/wp-content\/uploads\/2025\/01\/Tree_Society.png",350,350,false],"ug_big":["https:\/\/meeplendice.net\/wp-content\/uploads\/2025\/01\/Tree_Society.png",350,350,false],"1536x1536":["https:\/\/meeplendice.net\/wp-content\/uploads\/2025\/01\/Tree_Society.png",350,350,false],"2048x2048":["https:\/\/meeplendice.net\/wp-content\/uploads\/2025\/01\/Tree_Society.png",350,350,false],"ashe-slider-grid-thumbnail":["https:\/\/meeplendice.net\/wp-content\/uploads\/2025\/01\/Tree_Society.png",350,350,false],"ashe-full-thumbnail":["https:\/\/meeplendice.net\/wp-content\/uploads\/2025\/01\/Tree_Society.png",350,350,false],"ashe-grid-thumbnail":["https:\/\/meeplendice.net\/wp-content\/uploads\/2025\/01\/Tree_Society-350x330.png",350,330,true],"ashe-list-thumbnail":["https:\/\/meeplendice.net\/wp-content\/uploads\/2025\/01\/Tree_Society-300x300.png",300,300,true],"ashe-single-navigation":["https:\/\/meeplendice.net\/wp-content\/uploads\/2025\/01\/Tree_Society-75x75.png",75,75,true],"mailpoet_newsletter_max":["https:\/\/meeplendice.net\/wp-content\/uploads\/2025\/01\/Tree_Society.png",350,350,false],"rpwe-thumbnail":["https:\/\/meeplendice.net\/wp-content\/uploads\/2025\/01\/Tree_Society-45x45.png",45,45,true],"sow-carousel-default":["https:\/\/meeplendice.net\/wp-content\/uploads\/2025\/01\/Tree_Society-272x182.png",272,182,true],"rt_custom":["https:\/\/meeplendice.net\/wp-content\/uploads\/2025\/01\/Tree_Society.png",350,350,false]},"rttpg_author":{"display_name":"Karnby","author_link":"https:\/\/meeplendice.net\/?author=2"},"rttpg_comment":0,"rttpg_category":null,"rttpg_excerpt":"Nombre de joueurs : 2 - 4 Dur\u00e9e moyenne : 45 min Age : 8 ans et plus Auteur(s) : Matthew Dunstan Brett J. Gilbert Illustrations : Chris Quilliams \u00c9dition : Next Move 2024 Version : Fran\u00e7aise","_links":{"self":[{"href":"https:\/\/meeplendice.net\/index.php?rest_route=\/wp\/v2\/pages\/13158","targetHints":{"allow":["GET"]}}],"collection":[{"href":"https:\/\/meeplendice.net\/index.php?rest_route=\/wp\/v2\/pages"}],"about":[{"href":"https:\/\/meeplendice.net\/index.php?rest_route=\/wp\/v2\/types\/page"}],"author":[{"embeddable":true,"href":"https:\/\/meeplendice.net\/index.php?rest_route=\/wp\/v2\/users\/2"}],"replies":[{"embeddable":true,"href":"https:\/\/meeplendice.net\/index.php?rest_route=%2Fwp%2Fv2%2Fcomments&post=13158"}],"version-history":[{"count":3,"href":"https:\/\/meeplendice.net\/index.php?rest_route=\/wp\/v2\/pages\/13158\/revisions"}],"predecessor-version":[{"id":13161,"href":"https:\/\/meeplendice.net\/index.php?rest_route=\/wp\/v2\/pages\/13158\/revisions\/13161"}],"wp:featuredmedia":[{"embeddable":true,"href":"https:\/\/meeplendice.net\/index.php?rest_route=\/wp\/v2\/media\/13048"}],"wp:attachment":[{"href":"https:\/\/meeplendice.net\/index.php?rest_route=%2Fwp%2Fv2%2Fmedia&parent=13158"}],"curies":[{"name":"wp","href":"https:\/\/api.w.org\/{rel}","templated":true}]}}