{"id":13162,"date":"2025-01-06T00:48:46","date_gmt":"2025-01-05T22:48:46","guid":{"rendered":"https:\/\/meeplendice.net\/?page_id=13162"},"modified":"2025-01-06T12:48:48","modified_gmt":"2025-01-06T10:48:48","slug":"bardwood-grove","status":"publish","type":"page","link":"https:\/\/meeplendice.net\/?page_id=13162","title":{"rendered":"Bardwood Grove"},"content":{"rendered":"<div id=\"pl-13162\"  class=\"panel-layout\" ><div id=\"pg-13162-0\"  class=\"panel-grid panel-no-style\" ><div id=\"pgc-13162-0-0\"  class=\"panel-grid-cell\" ><div id=\"panel-13162-0-0-0\" class=\"so-panel widget widget_sow-editor panel-first-child panel-last-child\" data-index=\"0\" ><div\n\t\t\t\n\t\t\tclass=\"so-widget-sow-editor so-widget-sow-editor-base\"\n\t\t\t\n\t\t>\n<div class=\"siteorigin-widget-tinymce textwidget\">\n\t<p style=\"text-align: center;\"><strong>Nombre de joueurs :<\/strong><br \/>\n1 - 4 (5 avec extension)<\/p>\n<\/div>\n<\/div><\/div><\/div><div id=\"pgc-13162-0-1\"  class=\"panel-grid-cell\" ><div id=\"panel-13162-0-1-0\" class=\"so-panel widget widget_sow-editor panel-first-child panel-last-child\" data-index=\"1\" ><div\n\t\t\t\n\t\t\tclass=\"so-widget-sow-editor so-widget-sow-editor-base\"\n\t\t\t\n\t\t>\n<div class=\"siteorigin-widget-tinymce textwidget\">\n\t<p style=\"text-align: center;\"><strong>Dur\u00e9e moyenne :<\/strong><br \/>\n90 min<\/p>\n<\/div>\n<\/div><\/div><\/div><div id=\"pgc-13162-0-2\"  class=\"panel-grid-cell\" ><div id=\"panel-13162-0-2-0\" class=\"so-panel widget widget_sow-editor panel-first-child panel-last-child\" data-index=\"2\" ><div\n\t\t\t\n\t\t\tclass=\"so-widget-sow-editor so-widget-sow-editor-base\"\n\t\t\t\n\t\t>\n<div class=\"siteorigin-widget-tinymce textwidget\">\n\t<p style=\"text-align: center;\"><strong>Age :<\/strong><br \/>\n14 ans et plus<\/p>\n<\/div>\n<\/div><\/div><\/div><\/div><div id=\"pg-13162-1\"  class=\"panel-grid panel-no-style\" ><div id=\"pgc-13162-1-0\"  class=\"panel-grid-cell\" ><div id=\"panel-13162-1-0-0\" class=\"so-panel widget widget_sow-editor panel-first-child panel-last-child\" data-index=\"3\" ><div\n\t\t\t\n\t\t\tclass=\"so-widget-sow-editor so-widget-sow-editor-base\"\n\t\t\t\n\t\t>\n<div class=\"siteorigin-widget-tinymce textwidget\">\n\t<p style=\"text-align: center;\"><strong>Auteur(s) :<br \/>\n<\/strong><span class=\"data-siloing\" title=\"D\u00e9couvrez tous ces jeux\" data-siloing=\"https:\/\/www.philibertnet.com\/fr\/recherche?feature=31&amp;feature_value=Th\u00e9o Riviere\">Carl Van Ostrand<br \/>\n<\/span><\/p>\n<\/div>\n<\/div><\/div><\/div><div id=\"pgc-13162-1-1\"  class=\"panel-grid-cell\" ><div id=\"panel-13162-1-1-0\" class=\"so-panel widget widget_sow-editor panel-first-child panel-last-child\" data-index=\"4\" ><div\n\t\t\t\n\t\t\tclass=\"so-widget-sow-editor so-widget-sow-editor-base\"\n\t\t\t\n\t\t>\n<div class=\"siteorigin-widget-tinymce textwidget\">\n\t<p style=\"text-align: center;\"><strong>Illustrations :<\/strong><br \/>\nMihajlo Dimitrievski<\/p>\n<\/div>\n<\/div><\/div><\/div><div id=\"pgc-13162-1-2\"  class=\"panel-grid-cell\" ><div id=\"panel-13162-1-2-0\" class=\"so-panel widget widget_sow-editor panel-first-child panel-last-child\" data-index=\"5\" ><div\n\t\t\t\n\t\t\tclass=\"so-widget-sow-editor so-widget-sow-editor-base\"\n\t\t\t\n\t\t>\n<div class=\"siteorigin-widget-tinymce textwidget\">\n\t<p style=\"text-align: center;\"><strong>\u00c9dition :<\/strong><br \/>\nSuper Meeple<br \/>\n2024<\/p>\n<\/div>\n<\/div><\/div><\/div><div id=\"pgc-13162-1-3\"  class=\"panel-grid-cell\" ><div id=\"panel-13162-1-3-0\" class=\"so-panel widget widget_sow-editor panel-first-child panel-last-child\" data-index=\"6\" ><div\n\t\t\t\n\t\t\tclass=\"so-widget-sow-editor so-widget-sow-editor-base\"\n\t\t\t\n\t\t>\n<div class=\"siteorigin-widget-tinymce textwidget\">\n\t<p style=\"text-align: center;\"><strong>Version :<\/strong><br \/>\nFran\u00e7aise<\/p>\n<\/div>\n<\/div><\/div><\/div><\/div><div id=\"pg-13162-2\"  class=\"panel-grid panel-no-style\" ><div id=\"pgc-13162-2-0\"  class=\"panel-grid-cell\" ><div id=\"panel-13162-2-0-0\" class=\"so-panel widget widget_sow-editor panel-first-child panel-last-child\" data-index=\"7\" ><div\n\t\t\t\n\t\t\tclass=\"so-widget-sow-editor so-widget-sow-editor-base\"\n\t\t\t\n\t\t>\n<div class=\"siteorigin-widget-tinymce textwidget\">\n\t<hr \/>\n<p><em>Avec son histoire riche en l\u00e9gendes, Bardwood Grove fut le centre artistique des Cinq Royaumes pendant pr\u00e8s de cent nas. Mais lorsque la guerre \u00e9clata sur le continent, les habitants du Royaume des Halfelins d\u00e9cid\u00e8rent de fermer leurs fronti\u00e8res, et se cloitr\u00e8rent pendant plusieurs d\u00e9cennies. Aujourd'hui, en voyant le succ\u00e8s des villes multiculturelles de Caveborn et de la Baie des Marchands, le Haut Conseil Halfelin a vot\u00e9 \u00e0 l'unanimit\u00e9 la r\u00e9ouverture des fronti\u00e8res aux autres citoyens des Cinq Royaumes.<\/em><\/p>\n<p><em>En tant\u00a0 que barde fraichement arriv\u00e9, vous trouverez une myriade de fa\u00e7ons de vous faire un nom.<br \/>\nJouez \u00e0 guichets ferm\u00e9s pour gagner de nouveaux fans. Apaisez les cr\u00e9atures enrag\u00e9es avec des m\u00e9lodies harmonieuses. Racontez des l\u00e9gendes oubli\u00e9es depuis longtemps qui fa\u00e7onnent l'opinion publique. Perfectionnez votre art gr\u00e2ce \u00e0 de nouvelles comp\u00e9tences et improvisations acquises lors de cours payants. D\u00e9fiez d'autres bardes lors de confrontations musicales, \u00e9laborer des motifs, contr\u00f4lez votre tempo et utilisez efficacement le pouvoir des pierre bardiques pour aider \u00e0 s\u00e9curiser votre h\u00e9ritage musical !<\/em><\/p>\n<p>&nbsp;<\/p>\n<p>Bienvenue au Royaume des Halfelins !<\/p>\n<div><em>Bardwood Grove<\/em> est un Eurogame de construction de tableaux dans lequel chaque joueur endosse le r\u00f4le d\u2019un barde fantasque qui cherche \u00e0 se faire un nom.<\/div>\n<div><\/div>\n<div>Dans ce jeu, les joueurs vont pouvoir s\u2019aventurer au-del\u00e0 des fronti\u00e8res nouvellement ouvertes et atteindre la l\u00e9gendaire cit\u00e9 m\u00e9lodieuse de Bardwood Grove, situ\u00e9e dans les Cinq Royaumes (La Baie des Marchands, Rise to Nobility, Cavern Tavvern \u2026) et plus pr\u00e9cis\u00e9ment au coeur du Royaume des Halfelins. Ici, les arbres du bois des bardes font d\u2019excellents instruments et les formations cristallines naturelles ont des propri\u00e9t\u00e9s sonores uniques.<\/div>\n<div>En tant que barde, vous g\u00e9rez un m\u00e9canisme unique de cadran de tempo pour cr\u00e9er des chansons. A chaque tour, vous piochez deux cartes et devez d\u00e9cider laquelle d\u00e9fausser pour gagner des avantages instantan\u00e9s, et laquelle ajouter \u00e0 votre chanson.<br \/>\nChaque barde est unique et commence avec son propre deck et instrument, tous deux correspondant \u00e0 son style. Sous le r\u00f4le d\u2019un barde, comme le Duelliste au banjo, le Bopper au bongo ou la Harpiste elfe, les joueurs acquerront de nouvelles comp\u00e9tences bardiques, raconteront des histoires, se produiront sur sc\u00e8ne et calmeront les cr\u00e9atures qui envahissent Bardwood Grove.<\/div>\n<\/div>\n<\/div><\/div><\/div><\/div><div id=\"pg-13162-3\"  class=\"panel-grid panel-no-style\" ><div id=\"pgc-13162-3-0\"  class=\"panel-grid-cell\" ><div id=\"panel-13162-3-0-0\" class=\"so-panel widget widget_sow-editor panel-first-child panel-last-child\" data-index=\"8\" ><div\n\t\t\t\n\t\t\tclass=\"so-widget-sow-editor so-widget-sow-editor-base\"\n\t\t\t\n\t\t>\n<div class=\"siteorigin-widget-tinymce textwidget\">\n\t<hr \/>\n<h3 style=\"text-align: center;\">En vid\u00e9o<\/h3>\n<p><a href=\"https:\/\/www.youtube.com\/watch?v=d2FyXLz0pMU\" target=\"_blank\" rel=\"noopener\"><img loading=\"lazy\" decoding=\"async\" class=\"alignnone size-full wp-image-9090\" src=\"https:\/\/meeplendice.net\/wp-content\/uploads\/2022\/01\/Link_CJ_v2.png\" alt=\"\" width=\"200\" height=\"170\" \/><\/a><\/p>\n<\/div>\n<\/div><\/div><\/div><\/div><div id=\"pg-13162-4\"  class=\"panel-grid panel-no-style\" ><div id=\"pgc-13162-4-0\"  class=\"panel-grid-cell\" ><div id=\"panel-13162-4-0-0\" class=\"so-panel widget widget_sow-editor panel-first-child panel-last-child\" data-index=\"9\" ><div\n\t\t\t\n\t\t\tclass=\"so-widget-sow-editor so-widget-sow-editor-base\"\n\t\t\t\n\t\t>\n<div class=\"siteorigin-widget-tinymce textwidget\">\n\t<hr \/>\n<h3 style=\"text-align: center;\">Extension(s)<\/h3>\n<p style=\"text-align: center;\"><style type='text\/css' media='all'>#rt-tpg-container-1903479013 .read-more a{border-radius:px;}#rt-tpg-container-1903479013 .rt-img-holder img.rt-img-responsive,#rt-tpg-container-1903479013 .rt-img-holder,\n\t\t\t\t\t#rt-tpg-container-1903479013 .rt-post-overlay .post-img,\n\t\t\t\t\t#rt-tpg-container-1903479013 .post-sm .post-img,\n\t\t\t\t\t#rt-tpg-container-1903479013 .rt-post-grid .post-img,\n\t\t\t\t\t#rt-tpg-container-1903479013 .post-img img {border-radius:px;}#rt-tpg-container-1903479013 .layout9 .rt-holder h2.entry-title,\n\t\t\t\t\t#rt-tpg-container-1903479013 .layout9 .rt-holder h3.entry-title,\n\t\t\t\t\t#rt-tpg-container-1903479013 .layout9 .rt-holder h4.entry-title,\n\t\t\t\t\t#rt-tpg-container-1903479013 .layout9 .rt-holder h2.entry-title a,\n\t\t\t\t\t#rt-tpg-container-1903479013 .layout9 .rt-holder h3.entry-title a,\n\t\t\t\t\t#rt-tpg-container-1903479013 .layout9 .rt-holder h4.entry-title a,\n\t\t\t\t\t#rt-tpg-container-1903479013 .rt-holder .rt-woo-info h2 a,\n\t\t\t\t\t#rt-tpg-container-1903479013 .rt-holder .rt-woo-info h3 a,\n\t\t\t\t\t#rt-tpg-container-1903479013 .rt-holder .rt-woo-info h4 a,\n\t\t\t\t\t#rt-tpg-container-1903479013 .post-content .post-title,\n\t\t\t\t\t#rt-tpg-container-1903479013 .rt-post-grid .post-title,\n\t\t\t\t\t#rt-tpg-container-1903479013 .rt-post-grid .post-title a,\n\t\t\t\t\t#rt-tpg-container-1903479013 .post-content .post-title a,\n\t\t\t\t\t#rt-tpg-container-1903479013 .rt-holder .rt-woo-info h2,\n\t\t\t\t\t#rt-tpg-container-1903479013 .rt-holder .rt-woo-info h3,\n\t\t\t\t\t#rt-tpg-container-1903479013 .rt-holder .rt-woo-info h4{font-size:16px;line-height:26px;font-weight:normal;text-align:center;}#rt-tpg-container-1903479013 .post-grid-lg-style-1 .post-title,\n\t\t\t\t\t\t#rt-tpg-container-1903479013 .post-grid-lg-style-1 .post-title a,\n\t\t\t\t\t\t#rt-tpg-container-1903479013 .big-layout .post-title,\n\t\t\t\t\t\t#rt-tpg-container-1903479013 .big-layout .post-title a,\n\t\t\t\t\t\t#rt-tpg-container-1903479013 .post-grid-lg-style-1 .post-title,\n\t\t\t\t\t\t#rt-tpg-container-1903479013 .post-grid-lg-style-1 .post-title a {font-size:24px;line-height:34px;}<\/style><div class='rt-container-fluid rt-tpg-container tpg-shortcode-main-wrapper ' id='rt-tpg-container-1903479013'   data-layout='layout9' data-grid-style='masonry' data-desktop-col='3'  data-tab-col='2'  data-mobile-col='1' data-sc-id='13166'><div data-title='Loading ...' class='rt-row rt-content-loader   layout9 tpg-masonry '><div class=\"rt-col-md-4 rt-col-sm-6 rt-col-xs-12 masonry-grid-item rt-grid-item img_zoom_in\" data-id=\"13164\"><div class=\"rt-holder\"><div class='overlay'><a data-id='13164' class=' tpg-single-popup' href='https:\/\/meeplendice.net\/?page_id=13164'><img loading=\"lazy\" decoding=\"async\" width=\"350\" height=\"350\" src=\"https:\/\/meeplendice.net\/wp-content\/uploads\/2025\/01\/BG_Spirits.png\" class=\"rt-img-responsive \" alt=\"\" \/><\/a><\/div><div class='post-info'><h3 class=\"entry-title\"><a data-id=\"13164\" class=\" tpg-single-popup\" href=\"https:\/\/meeplendice.net\/?page_id=13164\">Spirits of the Grove<\/a><\/h3><div class='post-meta-user '><\/div><\/div><\/div><\/div><\/div><div class='rt-pagination-wrap' data-total-pages='1' data-posts-per-page='3' data-type='pagination_ajax'  ><div class='rt-page-numbers'><\/div><\/div><\/div><\/p>\n<\/div>\n<\/div><\/div><\/div><\/div><div id=\"pg-13162-5\"  class=\"panel-grid panel-no-style\" ><div id=\"pgc-13162-5-0\"  class=\"panel-grid-cell\" ><div id=\"panel-13162-5-0-0\" class=\"so-panel widget widget_sow-editor panel-first-child panel-last-child\" data-index=\"10\" ><div\n\t\t\t\n\t\t\tclass=\"so-widget-sow-editor so-widget-sow-editor-base\"\n\t\t\t\n\t\t>\n<div class=\"siteorigin-widget-tinymce textwidget\">\n\t<hr \/>\n<h3 style=\"text-align: center;\">Pour aller plus loin<\/h3>\n<\/div>\n<\/div><\/div><\/div><\/div><\/div>","protected":false},"excerpt":{"rendered":"<p>Nombre de joueurs : 1 &#8211; 4 (5 avec extension) Dur\u00e9e moyenne : 90 min Age : 14 ans et plus Auteur(s) : Carl Van Ostrand Illustrations : Mihajlo Dimitrievski \u00c9dition : Super Meeple 2024 Version : Fran\u00e7aise<\/p>\n","protected":false},"author":2,"featured_media":13059,"parent":0,"menu_order":0,"comment_status":"closed","ping_status":"closed","template":"","meta":{"footnotes":""},"class_list":["post-13162","page","type-page","status-publish","has-post-thumbnail","hentry"],"acf":[],"rttpg_featured_image_url":{"full":["https:\/\/meeplendice.net\/wp-content\/uploads\/2025\/01\/Bardwood_Grove.png",350,350,false],"landscape":["https:\/\/meeplendice.net\/wp-content\/uploads\/2025\/01\/Bardwood_Grove.png",350,350,false],"portraits":["https:\/\/meeplendice.net\/wp-content\/uploads\/2025\/01\/Bardwood_Grove.png",350,350,false],"thumbnail":["https:\/\/meeplendice.net\/wp-content\/uploads\/2025\/01\/Bardwood_Grove-150x150.png",150,150,true],"medium":["https:\/\/meeplendice.net\/wp-content\/uploads\/2025\/01\/Bardwood_Grove-300x300.png",300,300,true],"large":["https:\/\/meeplendice.net\/wp-content\/uploads\/2025\/01\/Bardwood_Grove.png",350,350,false],"ug_big":["https:\/\/meeplendice.net\/wp-content\/uploads\/2025\/01\/Bardwood_Grove.png",350,350,false],"1536x1536":["https:\/\/meeplendice.net\/wp-content\/uploads\/2025\/01\/Bardwood_Grove.png",350,350,false],"2048x2048":["https:\/\/meeplendice.net\/wp-content\/uploads\/2025\/01\/Bardwood_Grove.png",350,350,false],"ashe-slider-grid-thumbnail":["https:\/\/meeplendice.net\/wp-content\/uploads\/2025\/01\/Bardwood_Grove.png",350,350,false],"ashe-full-thumbnail":["https:\/\/meeplendice.net\/wp-content\/uploads\/2025\/01\/Bardwood_Grove.png",350,350,false],"ashe-grid-thumbnail":["https:\/\/meeplendice.net\/wp-content\/uploads\/2025\/01\/Bardwood_Grove-350x330.png",350,330,true],"ashe-list-thumbnail":["https:\/\/meeplendice.net\/wp-content\/uploads\/2025\/01\/Bardwood_Grove-300x300.png",300,300,true],"ashe-single-navigation":["https:\/\/meeplendice.net\/wp-content\/uploads\/2025\/01\/Bardwood_Grove-75x75.png",75,75,true],"mailpoet_newsletter_max":["https:\/\/meeplendice.net\/wp-content\/uploads\/2025\/01\/Bardwood_Grove.png",350,350,false],"rpwe-thumbnail":["https:\/\/meeplendice.net\/wp-content\/uploads\/2025\/01\/Bardwood_Grove-45x45.png",45,45,true],"sow-carousel-default":["https:\/\/meeplendice.net\/wp-content\/uploads\/2025\/01\/Bardwood_Grove-272x182.png",272,182,true],"rt_custom":["https:\/\/meeplendice.net\/wp-content\/uploads\/2025\/01\/Bardwood_Grove.png",350,350,false]},"rttpg_author":{"display_name":"Karnby","author_link":"https:\/\/meeplendice.net\/?author=2"},"rttpg_comment":0,"rttpg_category":null,"rttpg_excerpt":"Nombre de joueurs : 1 - 4 (5 avec extension) Dur\u00e9e moyenne : 90 min Age : 14 ans et plus Auteur(s) : Carl Van Ostrand Illustrations : Mihajlo Dimitrievski \u00c9dition : Super Meeple 2024 Version : Fran\u00e7aise","_links":{"self":[{"href":"https:\/\/meeplendice.net\/index.php?rest_route=\/wp\/v2\/pages\/13162","targetHints":{"allow":["GET"]}}],"collection":[{"href":"https:\/\/meeplendice.net\/index.php?rest_route=\/wp\/v2\/pages"}],"about":[{"href":"https:\/\/meeplendice.net\/index.php?rest_route=\/wp\/v2\/types\/page"}],"author":[{"embeddable":true,"href":"https:\/\/meeplendice.net\/index.php?rest_route=\/wp\/v2\/users\/2"}],"replies":[{"embeddable":true,"href":"https:\/\/meeplendice.net\/index.php?rest_route=%2Fwp%2Fv2%2Fcomments&post=13162"}],"version-history":[{"count":7,"href":"https:\/\/meeplendice.net\/index.php?rest_route=\/wp\/v2\/pages\/13162\/revisions"}],"predecessor-version":[{"id":13174,"href":"https:\/\/meeplendice.net\/index.php?rest_route=\/wp\/v2\/pages\/13162\/revisions\/13174"}],"wp:featuredmedia":[{"embeddable":true,"href":"https:\/\/meeplendice.net\/index.php?rest_route=\/wp\/v2\/media\/13059"}],"wp:attachment":[{"href":"https:\/\/meeplendice.net\/index.php?rest_route=%2Fwp%2Fv2%2Fmedia&parent=13162"}],"curies":[{"name":"wp","href":"https:\/\/api.w.org\/{rel}","templated":true}]}}