{"id":13192,"date":"2025-01-08T00:11:18","date_gmt":"2025-01-07T22:11:18","guid":{"rendered":"https:\/\/meeplendice.net\/?page_id=13192"},"modified":"2025-01-08T00:32:32","modified_gmt":"2025-01-07T22:32:32","slug":"radlands-super-deluxe-edition","status":"publish","type":"page","link":"https:\/\/meeplendice.net\/?page_id=13192","title":{"rendered":"Radlands &#8211; Super Deluxe Edition"},"content":{"rendered":"<div id=\"pl-13192\"  class=\"panel-layout\" ><div id=\"pg-13192-0\"  class=\"panel-grid panel-no-style\" ><div id=\"pgc-13192-0-0\"  class=\"panel-grid-cell\" ><div id=\"panel-13192-0-0-0\" class=\"so-panel widget widget_sow-editor panel-first-child panel-last-child\" data-index=\"0\" ><div\n\t\t\t\n\t\t\tclass=\"so-widget-sow-editor so-widget-sow-editor-base\"\n\t\t\t\n\t\t>\n<div class=\"siteorigin-widget-tinymce textwidget\">\n\t<p style=\"text-align: center;\"><strong>Nombre de joueurs :<\/strong><br \/>\n2 - 2<\/p>\n<\/div>\n<\/div><\/div><\/div><div id=\"pgc-13192-0-1\"  class=\"panel-grid-cell\" ><div id=\"panel-13192-0-1-0\" class=\"so-panel widget widget_sow-editor panel-first-child panel-last-child\" data-index=\"1\" ><div\n\t\t\t\n\t\t\tclass=\"so-widget-sow-editor so-widget-sow-editor-base\"\n\t\t\t\n\t\t>\n<div class=\"siteorigin-widget-tinymce textwidget\">\n\t<p style=\"text-align: center;\"><strong>Dur\u00e9e moyenne :<\/strong><br \/>\n40 min<\/p>\n<\/div>\n<\/div><\/div><\/div><div id=\"pgc-13192-0-2\"  class=\"panel-grid-cell\" ><div id=\"panel-13192-0-2-0\" class=\"so-panel widget widget_sow-editor panel-first-child panel-last-child\" data-index=\"2\" ><div\n\t\t\t\n\t\t\tclass=\"so-widget-sow-editor so-widget-sow-editor-base\"\n\t\t\t\n\t\t>\n<div class=\"siteorigin-widget-tinymce textwidget\">\n\t<p style=\"text-align: center;\"><strong>Age :<\/strong><br \/>\n14 ans et plus<\/p>\n<\/div>\n<\/div><\/div><\/div><\/div><div id=\"pg-13192-1\"  class=\"panel-grid panel-no-style\" ><div id=\"pgc-13192-1-0\"  class=\"panel-grid-cell\" ><div id=\"panel-13192-1-0-0\" class=\"so-panel widget widget_sow-editor panel-first-child panel-last-child\" data-index=\"3\" ><div\n\t\t\t\n\t\t\tclass=\"so-widget-sow-editor so-widget-sow-editor-base\"\n\t\t\t\n\t\t>\n<div class=\"siteorigin-widget-tinymce textwidget\">\n\t<p style=\"text-align: center;\"><strong>Auteur(s) :<br \/>\n<\/strong><span class=\"data-siloing\" title=\"D\u00e9couvrez tous ces jeux\" data-siloing=\"https:\/\/www.philibertnet.com\/fr\/recherche?feature=31&amp;feature_value=Th\u00e9o Riviere\">Daniel Piechnick<\/span><\/p>\n<\/div>\n<\/div><\/div><\/div><div id=\"pgc-13192-1-1\"  class=\"panel-grid-cell\" ><div id=\"panel-13192-1-1-0\" class=\"so-panel widget widget_sow-editor panel-first-child panel-last-child\" data-index=\"4\" ><div\n\t\t\t\n\t\t\tclass=\"so-widget-sow-editor so-widget-sow-editor-base\"\n\t\t\t\n\t\t>\n<div class=\"siteorigin-widget-tinymce textwidget\">\n\t<p style=\"text-align: center;\"><strong>Illustrations :<\/strong><br \/>\nDelia Arnone<br \/>\nLina Cossette<br \/>\nDamien Mammoliti<br \/>\nManny Trembley<\/p>\n<\/div>\n<\/div><\/div><\/div><div id=\"pgc-13192-1-2\"  class=\"panel-grid-cell\" ><div id=\"panel-13192-1-2-0\" class=\"so-panel widget widget_sow-editor panel-first-child panel-last-child\" data-index=\"5\" ><div\n\t\t\t\n\t\t\tclass=\"so-widget-sow-editor so-widget-sow-editor-base\"\n\t\t\t\n\t\t>\n<div class=\"siteorigin-widget-tinymce textwidget\">\n\t<p style=\"text-align: center;\"><strong>\u00c9dition :<\/strong><br \/>\nLucky Duck Games<br \/>\n2022<\/p>\n<\/div>\n<\/div><\/div><\/div><div id=\"pgc-13192-1-3\"  class=\"panel-grid-cell\" ><div id=\"panel-13192-1-3-0\" class=\"so-panel widget widget_sow-editor panel-first-child panel-last-child\" data-index=\"6\" ><div\n\t\t\t\n\t\t\tclass=\"so-widget-sow-editor so-widget-sow-editor-base\"\n\t\t\t\n\t\t>\n<div class=\"siteorigin-widget-tinymce textwidget\">\n\t<p style=\"text-align: center;\"><strong>Version :<\/strong><br \/>\nFran\u00e7aise<\/p>\n<\/div>\n<\/div><\/div><\/div><\/div><div id=\"pg-13192-2\"  class=\"panel-grid panel-no-style\" ><div id=\"pgc-13192-2-0\"  class=\"panel-grid-cell\" ><div id=\"panel-13192-2-0-0\" class=\"so-panel widget widget_sow-editor panel-first-child panel-last-child\" data-index=\"7\" ><div\n\t\t\t\n\t\t\tclass=\"so-widget-sow-editor so-widget-sow-editor-base\"\n\t\t\t\n\t\t>\n<div class=\"siteorigin-widget-tinymce textwidget\">\n\t<hr \/>\n<p><em>Notre clan a de l'eau. Et ils viennent nous la prendre.<br \/>\nAlors nous attaquerons les premiers !<\/em><\/p>\n<p><em>On pensait qu'en frappant vitre et fort... il rentreraient chez eux.<\/em><br \/>\n<em>Mais ils n'ont plus de chez eux...<\/em><\/p>\n<p>&nbsp;<\/p>\n<p><em>Dans Radlands, <\/em>chaque clan (joueur) re\u00e7oit un set unique de 3 cartes Camp \u00e0 prot\u00e9ger.<br \/>\nPour remporter la victoire, d\u00e9truisez les 3 camps de votre adversaire !<\/p>\n<p>L'eau est la principale ressource du jeu. Vous aller la d\u00e9penser pour jouer des personnages et des \u00e9v\u00e8nements, et pour utiliser les capacit\u00e9s des cartes d\u00e9j\u00e0 plac\u00e9es sur la table. Les personnages prot\u00e8gent vos camps et vos fournissent des capacit\u00e9s utiles, tandis que les \u00e9v\u00e8nements sont de puissants effets qui prennent du temps \u00e0 se d\u00e9clencher.<\/p>\n<p>Les 2 adversaires piochent des cartes dans le m\u00eame paquet. Toutes les cartes de votre main peuvent \u00eatre jou\u00e9es soit sur la table, soit d\u00e9fauss\u00e9es pour des effets rapides de \"gaspillage\" . Pour remporter la victoire, il faudra ainsi g\u00e9rer astucieusement vos cartes et votre eau.<\/p>\n<\/div>\n<\/div><\/div><\/div><\/div><div id=\"pg-13192-3\"  class=\"panel-grid panel-no-style\" ><div id=\"pgc-13192-3-0\"  class=\"panel-grid-cell\" ><div id=\"panel-13192-3-0-0\" class=\"so-panel widget widget_sow-editor panel-first-child panel-last-child\" data-index=\"8\" ><div\n\t\t\t\n\t\t\tclass=\"so-widget-sow-editor so-widget-sow-editor-base\"\n\t\t\t\n\t\t>\n<div class=\"siteorigin-widget-tinymce textwidget\">\n\t<hr \/>\n<h3 style=\"text-align: center;\">En vid\u00e9o<\/h3>\n<p><a href=\"https:\/\/www.youtube.com\/watch?v=xblNb1QaECA\" target=\"_blank\" rel=\"noopener\"><img loading=\"lazy\" decoding=\"async\" class=\"alignnone size-full wp-image-9090\" src=\"https:\/\/meeplendice.net\/wp-content\/uploads\/2022\/01\/Link_CJ_v2.png\" alt=\"\" width=\"200\" height=\"170\" \/><\/a><\/p>\n<\/div>\n<\/div><\/div><\/div><\/div><div id=\"pg-13192-4\"  class=\"panel-grid panel-no-style\" ><div id=\"pgc-13192-4-0\"  class=\"panel-grid-cell\" ><div id=\"panel-13192-4-0-0\" class=\"so-panel widget widget_sow-editor panel-first-child panel-last-child\" data-index=\"9\" ><div\n\t\t\t\n\t\t\tclass=\"so-widget-sow-editor so-widget-sow-editor-base\"\n\t\t\t\n\t\t>\n<div class=\"siteorigin-widget-tinymce textwidget\">\n\t<hr \/>\n<h3 style=\"text-align: center;\">Pour aller plus loin<\/h3>\n<\/div>\n<\/div><\/div><\/div><\/div><\/div>","protected":false},"excerpt":{"rendered":"<p>Nombre de joueurs : 2 &#8211; 2 Dur\u00e9e moyenne : 40 min Age : 14 ans et plus Auteur(s) : Daniel Piechnick Illustrations : Delia Arnone Lina Cossette Damien Mammoliti Manny Trembley \u00c9dition : Lucky Duck Games 2022 Version : Fran\u00e7aise<\/p>\n","protected":false},"author":2,"featured_media":13045,"parent":0,"menu_order":0,"comment_status":"closed","ping_status":"closed","template":"","meta":{"footnotes":""},"class_list":["post-13192","page","type-page","status-publish","has-post-thumbnail","hentry"],"acf":[],"rttpg_featured_image_url":{"full":["https:\/\/meeplendice.net\/wp-content\/uploads\/2025\/01\/Radlands_SD.png",350,350,false],"landscape":["https:\/\/meeplendice.net\/wp-content\/uploads\/2025\/01\/Radlands_SD.png",350,350,false],"portraits":["https:\/\/meeplendice.net\/wp-content\/uploads\/2025\/01\/Radlands_SD.png",350,350,false],"thumbnail":["https:\/\/meeplendice.net\/wp-content\/uploads\/2025\/01\/Radlands_SD-150x150.png",150,150,true],"medium":["https:\/\/meeplendice.net\/wp-content\/uploads\/2025\/01\/Radlands_SD-300x300.png",300,300,true],"large":["https:\/\/meeplendice.net\/wp-content\/uploads\/2025\/01\/Radlands_SD.png",350,350,false],"ug_big":["https:\/\/meeplendice.net\/wp-content\/uploads\/2025\/01\/Radlands_SD.png",350,350,false],"1536x1536":["https:\/\/meeplendice.net\/wp-content\/uploads\/2025\/01\/Radlands_SD.png",350,350,false],"2048x2048":["https:\/\/meeplendice.net\/wp-content\/uploads\/2025\/01\/Radlands_SD.png",350,350,false],"ashe-slider-grid-thumbnail":["https:\/\/meeplendice.net\/wp-content\/uploads\/2025\/01\/Radlands_SD.png",350,350,false],"ashe-full-thumbnail":["https:\/\/meeplendice.net\/wp-content\/uploads\/2025\/01\/Radlands_SD.png",350,350,false],"ashe-grid-thumbnail":["https:\/\/meeplendice.net\/wp-content\/uploads\/2025\/01\/Radlands_SD-350x330.png",350,330,true],"ashe-list-thumbnail":["https:\/\/meeplendice.net\/wp-content\/uploads\/2025\/01\/Radlands_SD-300x300.png",300,300,true],"ashe-single-navigation":["https:\/\/meeplendice.net\/wp-content\/uploads\/2025\/01\/Radlands_SD-75x75.png",75,75,true],"mailpoet_newsletter_max":["https:\/\/meeplendice.net\/wp-content\/uploads\/2025\/01\/Radlands_SD.png",350,350,false],"rpwe-thumbnail":["https:\/\/meeplendice.net\/wp-content\/uploads\/2025\/01\/Radlands_SD-45x45.png",45,45,true],"sow-carousel-default":["https:\/\/meeplendice.net\/wp-content\/uploads\/2025\/01\/Radlands_SD-272x182.png",272,182,true],"rt_custom":["https:\/\/meeplendice.net\/wp-content\/uploads\/2025\/01\/Radlands_SD.png",350,350,false]},"rttpg_author":{"display_name":"Karnby","author_link":"https:\/\/meeplendice.net\/?author=2"},"rttpg_comment":0,"rttpg_category":null,"rttpg_excerpt":"Nombre de joueurs : 2 - 2 Dur\u00e9e moyenne : 40 min Age : 14 ans et plus Auteur(s) : Daniel Piechnick Illustrations : Delia Arnone Lina Cossette Damien Mammoliti Manny Trembley \u00c9dition : Lucky Duck Games 2022 Version : Fran\u00e7aise","_links":{"self":[{"href":"https:\/\/meeplendice.net\/index.php?rest_route=\/wp\/v2\/pages\/13192","targetHints":{"allow":["GET"]}}],"collection":[{"href":"https:\/\/meeplendice.net\/index.php?rest_route=\/wp\/v2\/pages"}],"about":[{"href":"https:\/\/meeplendice.net\/index.php?rest_route=\/wp\/v2\/types\/page"}],"author":[{"embeddable":true,"href":"https:\/\/meeplendice.net\/index.php?rest_route=\/wp\/v2\/users\/2"}],"replies":[{"embeddable":true,"href":"https:\/\/meeplendice.net\/index.php?rest_route=%2Fwp%2Fv2%2Fcomments&post=13192"}],"version-history":[{"count":2,"href":"https:\/\/meeplendice.net\/index.php?rest_route=\/wp\/v2\/pages\/13192\/revisions"}],"predecessor-version":[{"id":13194,"href":"https:\/\/meeplendice.net\/index.php?rest_route=\/wp\/v2\/pages\/13192\/revisions\/13194"}],"wp:featuredmedia":[{"embeddable":true,"href":"https:\/\/meeplendice.net\/index.php?rest_route=\/wp\/v2\/media\/13045"}],"wp:attachment":[{"href":"https:\/\/meeplendice.net\/index.php?rest_route=%2Fwp%2Fv2%2Fmedia&parent=13192"}],"curies":[{"name":"wp","href":"https:\/\/api.w.org\/{rel}","templated":true}]}}