{"id":13195,"date":"2025-01-08T00:58:31","date_gmt":"2025-01-07T22:58:31","guid":{"rendered":"https:\/\/meeplendice.net\/?page_id=13195"},"modified":"2025-01-08T01:20:03","modified_gmt":"2025-01-07T23:20:03","slug":"la-riviere-de-lor","status":"publish","type":"page","link":"https:\/\/meeplendice.net\/?page_id=13195","title":{"rendered":"La Rivi\u00e8re de l&rsquo;Or"},"content":{"rendered":"<div id=\"pl-13195\"  class=\"panel-layout\" ><div id=\"pg-13195-0\"  class=\"panel-grid panel-no-style\" ><div id=\"pgc-13195-0-0\"  class=\"panel-grid-cell\" ><div id=\"panel-13195-0-0-0\" class=\"so-panel widget widget_sow-editor panel-first-child panel-last-child\" data-index=\"0\" ><div\n\t\t\t\n\t\t\tclass=\"so-widget-sow-editor so-widget-sow-editor-base\"\n\t\t\t\n\t\t>\n<div class=\"siteorigin-widget-tinymce textwidget\">\n\t<p style=\"text-align: center;\"><strong>Nombre de joueurs :<\/strong><br \/>\n2 - 4<\/p>\n<\/div>\n<\/div><\/div><\/div><div id=\"pgc-13195-0-1\"  class=\"panel-grid-cell\" ><div id=\"panel-13195-0-1-0\" class=\"so-panel widget widget_sow-editor panel-first-child panel-last-child\" data-index=\"1\" ><div\n\t\t\t\n\t\t\tclass=\"so-widget-sow-editor so-widget-sow-editor-base\"\n\t\t\t\n\t\t>\n<div class=\"siteorigin-widget-tinymce textwidget\">\n\t<p style=\"text-align: center;\"><strong>Dur\u00e9e moyenne :<\/strong><br \/>\n90 min<\/p>\n<\/div>\n<\/div><\/div><\/div><div id=\"pgc-13195-0-2\"  class=\"panel-grid-cell\" ><div id=\"panel-13195-0-2-0\" class=\"so-panel widget widget_sow-editor panel-first-child panel-last-child\" data-index=\"2\" ><div\n\t\t\t\n\t\t\tclass=\"so-widget-sow-editor so-widget-sow-editor-base\"\n\t\t\t\n\t\t>\n<div class=\"siteorigin-widget-tinymce textwidget\">\n\t<p style=\"text-align: center;\"><strong>Age :<\/strong><br \/>\n14 ans et plus<\/p>\n<\/div>\n<\/div><\/div><\/div><\/div><div id=\"pg-13195-1\"  class=\"panel-grid panel-no-style\" ><div id=\"pgc-13195-1-0\"  class=\"panel-grid-cell\" ><div id=\"panel-13195-1-0-0\" class=\"so-panel widget widget_sow-editor panel-first-child panel-last-child\" data-index=\"3\" ><div\n\t\t\t\n\t\t\tclass=\"so-widget-sow-editor so-widget-sow-editor-base\"\n\t\t\t\n\t\t>\n<div class=\"siteorigin-widget-tinymce textwidget\">\n\t<p style=\"text-align: center;\"><strong>Auteur(s) :<br \/>\n<\/strong>Keith Piggott<\/p>\n<\/div>\n<\/div><\/div><\/div><div id=\"pgc-13195-1-1\"  class=\"panel-grid-cell\" ><div id=\"panel-13195-1-1-0\" class=\"so-panel widget widget_sow-editor panel-first-child panel-last-child\" data-index=\"4\" ><div\n\t\t\t\n\t\t\tclass=\"so-widget-sow-editor so-widget-sow-editor-base\"\n\t\t\t\n\t\t>\n<div class=\"siteorigin-widget-tinymce textwidget\">\n\t<p style=\"text-align: center;\"><strong>Illustrations :<\/strong><br \/>\nFrancesca Baerald<\/p>\n<\/div>\n<\/div><\/div><\/div><div id=\"pgc-13195-1-2\"  class=\"panel-grid-cell\" ><div id=\"panel-13195-1-2-0\" class=\"so-panel widget widget_sow-editor panel-first-child panel-last-child\" data-index=\"5\" ><div\n\t\t\t\n\t\t\tclass=\"so-widget-sow-editor so-widget-sow-editor-base\"\n\t\t\t\n\t\t>\n<div class=\"siteorigin-widget-tinymce textwidget\">\n\t<p style=\"text-align: center;\"><strong>\u00c9dition :<\/strong><br \/>\nOffice Dog<br \/>\n2024<\/p>\n<\/div>\n<\/div><\/div><\/div><div id=\"pgc-13195-1-3\"  class=\"panel-grid-cell\" ><div id=\"panel-13195-1-3-0\" class=\"so-panel widget widget_sow-editor panel-first-child panel-last-child\" data-index=\"6\" ><div\n\t\t\t\n\t\t\tclass=\"so-widget-sow-editor so-widget-sow-editor-base\"\n\t\t\t\n\t\t>\n<div class=\"siteorigin-widget-tinymce textwidget\">\n\t<p style=\"text-align: center;\"><strong>Version :<\/strong><br \/>\nFran\u00e7aise<\/p>\n<\/div>\n<\/div><\/div><\/div><\/div><div id=\"pg-13195-2\"  class=\"panel-grid panel-no-style\" ><div id=\"pgc-13195-2-0\"  class=\"panel-grid-cell\" ><div id=\"panel-13195-2-0-0\" class=\"so-panel widget widget_sow-editor panel-first-child panel-last-child\" data-index=\"7\" ><div\n\t\t\t\n\t\t\tclass=\"so-widget-sow-editor so-widget-sow-editor-base\"\n\t\t\t\n\t\t>\n<div class=\"siteorigin-widget-tinymce textwidget\">\n\t<hr \/>\n<p><em>Au sud du Rokugan, la l\u00e9gendaire\u00a0 Rivi\u00e8re de l'Or t\u00e9moigne de la prosp\u00e9rit\u00e9 des terres qui l'entourent. De riches marchands parcourent ses flots scintillants pour se rendre d'un port \u00e0 l'autre afin d'\u00e9tablir de grands empires commerciaux.<br \/>\nVous incarnez un honorable marchands du Crabe, de la Grue, de la Mante ou du Scorpion et embarquez pour un voyage particuli\u00e8rement important, au cours duquel vous devrez b\u00e2tir votre propre route commerciale, mais aussi acqu\u00e9rir le plus d'influence aupr\u00e8s des nobles de la r\u00e9gion.<br \/>\nLa comp\u00e9tition sera f\u00e9roce, mais vous avez la ferme intention de tenter votre chance, et de couvrir votre clan d'incommensurable richesses.<\/em><\/p>\n<p>&nbsp;<\/p>\n<p><em>La Rivi\u00e8re de l'Or<\/em>, un jeu de placement d'ouvrier dans l'univers de La L\u00e9gende des Cinq Anneaux.<\/p>\n<p>Construisez votre empire commercial sur la Rivi\u00e8re de l'Or tout en affrontant vos adversaires sur le plan politique, gr\u00e2ce \u00e0 l'influence gagn\u00e9e aupr\u00e8s des nobles de Rokugan, pour peu que les dieux accordent leurs faveurs \u00e0 votre entreprise !<\/p>\n<p>\u00c0 chaque tour, votre d\u00e9 vous pr\u00e9sente trois opportunit\u00e9s uniques, mais vous ne devrez en retenir qu'une : vous pourrez soit d\u00e9velopper votre empire commercial en construisant des b\u00e2timents sur la berge, soit naviguer vers l'embouchure de la rivi\u00e8re pour charger vos soutes d'or et de marchandises, soit remplir un juteux contrat avec un client influent. Si le r\u00e9sultat de votre d\u00e9 ne correspond pas \u00e0 votre strat\u00e9gie, vous pourrez toujours en appeler aux dieux pour obtenir un coup de pouce du destin !<\/p>\n<p>Gr\u00e2ce \u00e0 la mini-extension incluse, M\u00e9c\u00e8nes des Clans, associez-vous \u00e0 un m\u00e9c\u00e8ne l\u00e9gendaire de votre clan, et b\u00e9n\u00e9ficiez de ses puissantes capacit\u00e9s pour \u00e9laborer de nouvelles tactiques et vous attribuer la victoire !<\/p>\n<\/div>\n<\/div><\/div><\/div><\/div><div id=\"pg-13195-3\"  class=\"panel-grid panel-no-style\" ><div id=\"pgc-13195-3-0\"  class=\"panel-grid-cell\" ><div id=\"panel-13195-3-0-0\" class=\"so-panel widget widget_sow-editor panel-first-child panel-last-child\" data-index=\"8\" ><div\n\t\t\t\n\t\t\tclass=\"so-widget-sow-editor so-widget-sow-editor-base\"\n\t\t\t\n\t\t>\n<div class=\"siteorigin-widget-tinymce textwidget\">\n\t<hr \/>\n<h3 style=\"text-align: center;\">En vid\u00e9o<\/h3>\n<p><a href=\"https:\/\/www.youtube.com\/watch?v=iYpXApnIhgU\" target=\"_blank\" rel=\"noopener\"><img loading=\"lazy\" decoding=\"async\" class=\"alignnone size-full wp-image-9090\" src=\"https:\/\/meeplendice.net\/wp-content\/uploads\/2022\/01\/Link_CJ_v2.png\" alt=\"\" width=\"200\" height=\"170\" \/><\/a><\/p>\n<\/div>\n<\/div><\/div><\/div><\/div><div id=\"pg-13195-4\"  class=\"panel-grid panel-no-style\" ><div id=\"pgc-13195-4-0\"  class=\"panel-grid-cell\" ><div id=\"panel-13195-4-0-0\" class=\"so-panel widget widget_sow-editor panel-first-child panel-last-child\" data-index=\"9\" ><div\n\t\t\t\n\t\t\tclass=\"so-widget-sow-editor so-widget-sow-editor-base\"\n\t\t\t\n\t\t>\n<div class=\"siteorigin-widget-tinymce textwidget\">\n\t<hr \/>\n<h3 style=\"text-align: center;\">Pour aller plus loin<\/h3>\n<\/div>\n<\/div><\/div><\/div><\/div><\/div>","protected":false},"excerpt":{"rendered":"<p>Nombre de joueurs : 2 &#8211; 4 Dur\u00e9e moyenne : 90 min Age : 14 ans et plus Auteur(s) : Keith Piggott Illustrations : Francesca Baerald \u00c9dition : Office Dog 2024 Version : Fran\u00e7aise<\/p>\n","protected":false},"author":2,"featured_media":13053,"parent":0,"menu_order":0,"comment_status":"closed","ping_status":"closed","template":"","meta":{"footnotes":""},"class_list":["post-13195","page","type-page","status-publish","has-post-thumbnail","hentry"],"acf":[],"rttpg_featured_image_url":{"full":["https:\/\/meeplendice.net\/wp-content\/uploads\/2025\/01\/Riviere_dor.png",350,350,false],"landscape":["https:\/\/meeplendice.net\/wp-content\/uploads\/2025\/01\/Riviere_dor.png",350,350,false],"portraits":["https:\/\/meeplendice.net\/wp-content\/uploads\/2025\/01\/Riviere_dor.png",350,350,false],"thumbnail":["https:\/\/meeplendice.net\/wp-content\/uploads\/2025\/01\/Riviere_dor-150x150.png",150,150,true],"medium":["https:\/\/meeplendice.net\/wp-content\/uploads\/2025\/01\/Riviere_dor-300x300.png",300,300,true],"large":["https:\/\/meeplendice.net\/wp-content\/uploads\/2025\/01\/Riviere_dor.png",350,350,false],"ug_big":["https:\/\/meeplendice.net\/wp-content\/uploads\/2025\/01\/Riviere_dor.png",350,350,false],"1536x1536":["https:\/\/meeplendice.net\/wp-content\/uploads\/2025\/01\/Riviere_dor.png",350,350,false],"2048x2048":["https:\/\/meeplendice.net\/wp-content\/uploads\/2025\/01\/Riviere_dor.png",350,350,false],"ashe-slider-grid-thumbnail":["https:\/\/meeplendice.net\/wp-content\/uploads\/2025\/01\/Riviere_dor.png",350,350,false],"ashe-full-thumbnail":["https:\/\/meeplendice.net\/wp-content\/uploads\/2025\/01\/Riviere_dor.png",350,350,false],"ashe-grid-thumbnail":["https:\/\/meeplendice.net\/wp-content\/uploads\/2025\/01\/Riviere_dor-350x330.png",350,330,true],"ashe-list-thumbnail":["https:\/\/meeplendice.net\/wp-content\/uploads\/2025\/01\/Riviere_dor-300x300.png",300,300,true],"ashe-single-navigation":["https:\/\/meeplendice.net\/wp-content\/uploads\/2025\/01\/Riviere_dor-75x75.png",75,75,true],"mailpoet_newsletter_max":["https:\/\/meeplendice.net\/wp-content\/uploads\/2025\/01\/Riviere_dor.png",350,350,false],"rpwe-thumbnail":["https:\/\/meeplendice.net\/wp-content\/uploads\/2025\/01\/Riviere_dor-45x45.png",45,45,true],"sow-carousel-default":["https:\/\/meeplendice.net\/wp-content\/uploads\/2025\/01\/Riviere_dor-272x182.png",272,182,true],"rt_custom":["https:\/\/meeplendice.net\/wp-content\/uploads\/2025\/01\/Riviere_dor.png",350,350,false]},"rttpg_author":{"display_name":"Karnby","author_link":"https:\/\/meeplendice.net\/?author=2"},"rttpg_comment":0,"rttpg_category":null,"rttpg_excerpt":"Nombre de joueurs : 2 - 4 Dur\u00e9e moyenne : 90 min Age : 14 ans et plus Auteur(s) : Keith Piggott Illustrations : Francesca Baerald \u00c9dition : Office Dog 2024 Version : Fran\u00e7aise","_links":{"self":[{"href":"https:\/\/meeplendice.net\/index.php?rest_route=\/wp\/v2\/pages\/13195","targetHints":{"allow":["GET"]}}],"collection":[{"href":"https:\/\/meeplendice.net\/index.php?rest_route=\/wp\/v2\/pages"}],"about":[{"href":"https:\/\/meeplendice.net\/index.php?rest_route=\/wp\/v2\/types\/page"}],"author":[{"embeddable":true,"href":"https:\/\/meeplendice.net\/index.php?rest_route=\/wp\/v2\/users\/2"}],"replies":[{"embeddable":true,"href":"https:\/\/meeplendice.net\/index.php?rest_route=%2Fwp%2Fv2%2Fcomments&post=13195"}],"version-history":[{"count":3,"href":"https:\/\/meeplendice.net\/index.php?rest_route=\/wp\/v2\/pages\/13195\/revisions"}],"predecessor-version":[{"id":13198,"href":"https:\/\/meeplendice.net\/index.php?rest_route=\/wp\/v2\/pages\/13195\/revisions\/13198"}],"wp:featuredmedia":[{"embeddable":true,"href":"https:\/\/meeplendice.net\/index.php?rest_route=\/wp\/v2\/media\/13053"}],"wp:attachment":[{"href":"https:\/\/meeplendice.net\/index.php?rest_route=%2Fwp%2Fv2%2Fmedia&parent=13195"}],"curies":[{"name":"wp","href":"https:\/\/api.w.org\/{rel}","templated":true}]}}