{"id":13199,"date":"2025-01-08T01:23:30","date_gmt":"2025-01-07T23:23:30","guid":{"rendered":"https:\/\/meeplendice.net\/?page_id=13199"},"modified":"2025-12-01T01:06:48","modified_gmt":"2025-11-30T23:06:48","slug":"survive-the-island","status":"publish","type":"page","link":"https:\/\/meeplendice.net\/?page_id=13199","title":{"rendered":"Survive the Island"},"content":{"rendered":"<div id=\"pl-13199\"  class=\"panel-layout\" ><div id=\"pg-13199-0\"  class=\"panel-grid panel-no-style\" ><div id=\"pgc-13199-0-0\"  class=\"panel-grid-cell\" ><div id=\"panel-13199-0-0-0\" class=\"so-panel widget widget_sow-editor panel-first-child panel-last-child\" data-index=\"0\" ><div\n\t\t\t\n\t\t\tclass=\"so-widget-sow-editor so-widget-sow-editor-base\"\n\t\t\t\n\t\t>\n<div class=\"siteorigin-widget-tinymce textwidget\">\n\t<p style=\"text-align: center;\"><strong>Nombre de joueurs :<\/strong><br \/>\n2 - 5<\/p>\n<\/div>\n<\/div><\/div><\/div><div id=\"pgc-13199-0-1\"  class=\"panel-grid-cell\" ><div id=\"panel-13199-0-1-0\" class=\"so-panel widget widget_sow-editor panel-first-child panel-last-child\" data-index=\"1\" ><div\n\t\t\t\n\t\t\tclass=\"so-widget-sow-editor so-widget-sow-editor-base\"\n\t\t\t\n\t\t>\n<div class=\"siteorigin-widget-tinymce textwidget\">\n\t<p style=\"text-align: center;\"><strong>Dur\u00e9e moyenne :<\/strong><br \/>\n45 min<\/p>\n<\/div>\n<\/div><\/div><\/div><div id=\"pgc-13199-0-2\"  class=\"panel-grid-cell\" ><div id=\"panel-13199-0-2-0\" class=\"so-panel widget widget_sow-editor panel-first-child panel-last-child\" data-index=\"2\" ><div\n\t\t\t\n\t\t\tclass=\"so-widget-sow-editor so-widget-sow-editor-base\"\n\t\t\t\n\t\t>\n<div class=\"siteorigin-widget-tinymce textwidget\">\n\t<p style=\"text-align: center;\"><strong>Age :<\/strong><br \/>\n8 ans et plus<\/p>\n<\/div>\n<\/div><\/div><\/div><\/div><div id=\"pg-13199-1\"  class=\"panel-grid panel-no-style\" ><div id=\"pgc-13199-1-0\"  class=\"panel-grid-cell\" ><div id=\"panel-13199-1-0-0\" class=\"so-panel widget widget_sow-editor panel-first-child panel-last-child\" data-index=\"3\" ><div\n\t\t\t\n\t\t\tclass=\"so-widget-sow-editor so-widget-sow-editor-base\"\n\t\t\t\n\t\t>\n<div class=\"siteorigin-widget-tinymce textwidget\">\n\t<p style=\"text-align: center;\"><strong>Auteur(s) :<br \/>\n<\/strong>Julian Courtland-Smith<\/p>\n<\/div>\n<\/div><\/div><\/div><div id=\"pgc-13199-1-1\"  class=\"panel-grid-cell\" ><div id=\"panel-13199-1-1-0\" class=\"so-panel widget widget_sow-editor panel-first-child panel-last-child\" data-index=\"4\" ><div\n\t\t\t\n\t\t\tclass=\"so-widget-sow-editor so-widget-sow-editor-base\"\n\t\t\t\n\t\t>\n<div class=\"siteorigin-widget-tinymce textwidget\">\n\t<p style=\"text-align: center;\"><strong>Illustrations :<\/strong><br \/>\nMr. Cuddington<\/p>\n<\/div>\n<\/div><\/div><\/div><div id=\"pgc-13199-1-2\"  class=\"panel-grid-cell\" ><div id=\"panel-13199-1-2-0\" class=\"so-panel widget widget_sow-editor panel-first-child panel-last-child\" data-index=\"5\" ><div\n\t\t\t\n\t\t\tclass=\"so-widget-sow-editor so-widget-sow-editor-base\"\n\t\t\t\n\t\t>\n<div class=\"siteorigin-widget-tinymce textwidget\">\n\t<p style=\"text-align: center;\"><strong>\u00c9dition :<\/strong><br \/>\nZygomatic<br \/>\n2024<\/p>\n<\/div>\n<\/div><\/div><\/div><div id=\"pgc-13199-1-3\"  class=\"panel-grid-cell\" ><div id=\"panel-13199-1-3-0\" class=\"so-panel widget widget_sow-editor panel-first-child panel-last-child\" data-index=\"6\" ><div\n\t\t\t\n\t\t\tclass=\"so-widget-sow-editor so-widget-sow-editor-base\"\n\t\t\t\n\t\t>\n<div class=\"siteorigin-widget-tinymce textwidget\">\n\t<p style=\"text-align: center;\"><strong>Version :<\/strong><br \/>\nFran\u00e7aise<\/p>\n<\/div>\n<\/div><\/div><\/div><\/div><div id=\"pg-13199-2\"  class=\"panel-grid panel-no-style\" ><div id=\"pgc-13199-2-0\"  class=\"panel-grid-cell\" ><div id=\"panel-13199-2-0-0\" class=\"so-panel widget widget_sow-editor panel-first-child panel-last-child\" data-index=\"7\" ><div\n\t\t\t\n\t\t\tclass=\"so-widget-sow-editor so-widget-sow-editor-base\"\n\t\t\t\n\t\t>\n<div class=\"siteorigin-widget-tinymce textwidget\">\n\t<hr \/>\n<p><em>Votre exp\u00e9dition pour d\u00e9couvrir les tr\u00e9sors tant convoit\u00e9s de l'\u00eele se d\u00e9roulait \u00e0 merveille, quand soudain le sol se met \u00e0 trembler.<br \/>\nDes volcans d\u00e9cident de sortir de leur sieste mill\u00e9naire, r\u00e9veillant par la m\u00eame occasion d'\u00e9normes cr\u00e9atures ancestrales !<\/em><\/p>\n<p><em>L'\u00eele commence \u00e0 s'enfoncer sous les eaux... C'est le moment de prendre le large, en emportant un maximum de tr\u00e9sors ! Tant que vous n'aurez pas regagn\u00e9 la terre ferme, vous serez en danger.<br \/>\n<\/em><em>Mais vous n'\u00eates pas la seule \u00e9quipe d'aventuriers sur l'\u00eele, et vos adversaire vont tout faire pour garder les quelques radeaux disponibles pour eux....<\/em><\/p>\n<p><em>Echappez aux volcans, aux cr\u00e9atures tapies sous l'eau ou au fond des for\u00eats, mais surtout, m\u00e9fiez-vous des autres explorateurs... car rappelez-vous : en mati\u00e8re de survie, tous les coups sont permis !<\/em><\/p>\n<p>&nbsp;<\/p>\n<p>Dans <em>Survive the Island, <\/em>vous g\u00e9rez une \u00e9quipe de 10 aventuriers et aventuri\u00e8res qui fuient une \u00eele en train de sombrer. Chaque aventurier transporte un tr\u00e9sor, dont la valeur est inscrite sous le pion correspondant.<\/p>\n<p>Sauvez un maximum de tr\u00e9sor en ramenant vos aventuriers sur les \u00eeles d'arriv\u00e9e aux quatre coins du plateau, sans qu'ils ne se fassent attraper par une cr\u00e9ature, et avant que 3 des 4 volcans de l'\u00eele ne se r\u00e9veillent !<\/p>\n<\/div>\n<\/div><\/div><\/div><\/div><div id=\"pg-13199-3\"  class=\"panel-grid panel-no-style\" ><div id=\"pgc-13199-3-0\"  class=\"panel-grid-cell\" ><div id=\"panel-13199-3-0-0\" class=\"so-panel widget widget_sow-editor panel-first-child panel-last-child\" data-index=\"8\" ><div\n\t\t\t\n\t\t\tclass=\"so-widget-sow-editor so-widget-sow-editor-base\"\n\t\t\t\n\t\t>\n<div class=\"siteorigin-widget-tinymce textwidget\">\n\t<hr \/>\n<h3 style=\"text-align: center;\">En vid\u00e9o<\/h3>\n<\/div>\n<\/div><\/div><\/div><\/div><div id=\"pg-13199-4\"  class=\"panel-grid panel-no-style\" ><div id=\"pgc-13199-4-0\"  class=\"panel-grid-cell\" ><div id=\"panel-13199-4-0-0\" class=\"so-panel widget widget_sow-editor panel-first-child panel-last-child\" data-index=\"9\" ><div\n\t\t\t\n\t\t\tclass=\"so-widget-sow-editor so-widget-sow-editor-base\"\n\t\t\t\n\t\t>\n<div class=\"siteorigin-widget-tinymce textwidget\">\n\t<hr \/>\n<h3 style=\"text-align: center;\">Extension(s)<\/h3>\n<style type='text\/css' media='all'>#rt-tpg-container-2205218338 .read-more a{border-radius:px;}#rt-tpg-container-2205218338 .rt-img-holder img.rt-img-responsive,#rt-tpg-container-2205218338 .rt-img-holder,\n\t\t\t\t\t#rt-tpg-container-2205218338 .rt-post-overlay .post-img,\n\t\t\t\t\t#rt-tpg-container-2205218338 .post-sm .post-img,\n\t\t\t\t\t#rt-tpg-container-2205218338 .rt-post-grid .post-img,\n\t\t\t\t\t#rt-tpg-container-2205218338 .post-img img {border-radius:px;}#rt-tpg-container-2205218338 .layout9 .rt-holder h2.entry-title,\n\t\t\t\t\t#rt-tpg-container-2205218338 .layout9 .rt-holder h3.entry-title,\n\t\t\t\t\t#rt-tpg-container-2205218338 .layout9 .rt-holder h4.entry-title,\n\t\t\t\t\t#rt-tpg-container-2205218338 .layout9 .rt-holder h2.entry-title a,\n\t\t\t\t\t#rt-tpg-container-2205218338 .layout9 .rt-holder h3.entry-title a,\n\t\t\t\t\t#rt-tpg-container-2205218338 .layout9 .rt-holder h4.entry-title a,\n\t\t\t\t\t#rt-tpg-container-2205218338 .rt-holder .rt-woo-info h2 a,\n\t\t\t\t\t#rt-tpg-container-2205218338 .rt-holder .rt-woo-info h3 a,\n\t\t\t\t\t#rt-tpg-container-2205218338 .rt-holder .rt-woo-info h4 a,\n\t\t\t\t\t#rt-tpg-container-2205218338 .post-content .post-title,\n\t\t\t\t\t#rt-tpg-container-2205218338 .rt-post-grid .post-title,\n\t\t\t\t\t#rt-tpg-container-2205218338 .rt-post-grid .post-title a,\n\t\t\t\t\t#rt-tpg-container-2205218338 .post-content .post-title a,\n\t\t\t\t\t#rt-tpg-container-2205218338 .rt-holder .rt-woo-info h2,\n\t\t\t\t\t#rt-tpg-container-2205218338 .rt-holder .rt-woo-info h3,\n\t\t\t\t\t#rt-tpg-container-2205218338 .rt-holder .rt-woo-info h4{font-size:16px;line-height:26px;font-weight:normal;text-align:center;}#rt-tpg-container-2205218338 .post-grid-lg-style-1 .post-title,\n\t\t\t\t\t\t#rt-tpg-container-2205218338 .post-grid-lg-style-1 .post-title a,\n\t\t\t\t\t\t#rt-tpg-container-2205218338 .big-layout .post-title,\n\t\t\t\t\t\t#rt-tpg-container-2205218338 .big-layout .post-title a,\n\t\t\t\t\t\t#rt-tpg-container-2205218338 .post-grid-lg-style-1 .post-title,\n\t\t\t\t\t\t#rt-tpg-container-2205218338 .post-grid-lg-style-1 .post-title a {font-size:24px;line-height:34px;}<\/style><div class='rt-container-fluid rt-tpg-container tpg-shortcode-main-wrapper ' id='rt-tpg-container-2205218338'   data-layout='layout9' data-grid-style='masonry' data-desktop-col='3'  data-tab-col='2'  data-mobile-col='1' data-sc-id='13544'><div data-title='Loading ...' class='rt-row rt-content-loader   layout9 tpg-masonry '><div class=\"rt-col-md-4 rt-col-sm-6 rt-col-xs-12 masonry-grid-item rt-grid-item img_zoom_in\" data-id=\"13545\"><div class=\"rt-holder\"><div class='overlay'><a data-id='13545' class=' tpg-single-popup' href='https:\/\/meeplendice.net\/?page_id=13545'><img loading=\"lazy\" decoding=\"async\" width=\"350\" height=\"350\" src=\"https:\/\/meeplendice.net\/wp-content\/uploads\/2025\/12\/Survive_MP.png\" class=\"rt-img-responsive \" alt=\"\" \/><\/a><\/div><div class='post-info'><h3 class=\"entry-title\"><a data-id=\"13545\" class=\" tpg-single-popup\" href=\"https:\/\/meeplendice.net\/?page_id=13545\">Monster Pack<\/a><\/h3><div class='post-meta-user '><\/div><\/div><\/div><\/div><\/div><div class='rt-pagination-wrap' data-total-pages='1' data-posts-per-page='3' data-type='pagination_ajax'  ><div class='rt-page-numbers'><\/div><\/div><\/div>\n<\/div>\n<\/div><\/div><\/div><\/div><div id=\"pg-13199-5\"  class=\"panel-grid panel-no-style\" ><div id=\"pgc-13199-5-0\"  class=\"panel-grid-cell\" ><div id=\"panel-13199-5-0-0\" class=\"so-panel widget widget_sow-editor panel-first-child panel-last-child\" data-index=\"10\" ><div\n\t\t\t\n\t\t\tclass=\"so-widget-sow-editor so-widget-sow-editor-base\"\n\t\t\t\n\t\t>\n<div class=\"siteorigin-widget-tinymce textwidget\">\n\t<hr \/>\n<h3 style=\"text-align: center;\">Pour aller plus loin<\/h3>\n<\/div>\n<\/div><\/div><\/div><\/div><\/div>","protected":false},"excerpt":{"rendered":"<p>Nombre de joueurs : 2 &#8211; 5 Dur\u00e9e moyenne : 45 min Age : 8 ans et plus Auteur(s) : Julian Courtland-Smith Illustrations : Mr. Cuddington \u00c9dition : Zygomatic 2024 Version : Fran\u00e7aise<\/p>\n","protected":false},"author":2,"featured_media":13060,"parent":0,"menu_order":0,"comment_status":"closed","ping_status":"closed","template":"","meta":{"footnotes":""},"class_list":["post-13199","page","type-page","status-publish","has-post-thumbnail","hentry"],"acf":[],"rttpg_featured_image_url":{"full":["https:\/\/meeplendice.net\/wp-content\/uploads\/2025\/01\/Survive_the_island.png",350,350,false],"landscape":["https:\/\/meeplendice.net\/wp-content\/uploads\/2025\/01\/Survive_the_island.png",350,350,false],"portraits":["https:\/\/meeplendice.net\/wp-content\/uploads\/2025\/01\/Survive_the_island.png",350,350,false],"thumbnail":["https:\/\/meeplendice.net\/wp-content\/uploads\/2025\/01\/Survive_the_island-150x150.png",150,150,true],"medium":["https:\/\/meeplendice.net\/wp-content\/uploads\/2025\/01\/Survive_the_island-300x300.png",300,300,true],"large":["https:\/\/meeplendice.net\/wp-content\/uploads\/2025\/01\/Survive_the_island.png",350,350,false],"ug_big":["https:\/\/meeplendice.net\/wp-content\/uploads\/2025\/01\/Survive_the_island.png",350,350,false],"1536x1536":["https:\/\/meeplendice.net\/wp-content\/uploads\/2025\/01\/Survive_the_island.png",350,350,false],"2048x2048":["https:\/\/meeplendice.net\/wp-content\/uploads\/2025\/01\/Survive_the_island.png",350,350,false],"ashe-slider-grid-thumbnail":["https:\/\/meeplendice.net\/wp-content\/uploads\/2025\/01\/Survive_the_island.png",350,350,false],"ashe-full-thumbnail":["https:\/\/meeplendice.net\/wp-content\/uploads\/2025\/01\/Survive_the_island.png",350,350,false],"ashe-grid-thumbnail":["https:\/\/meeplendice.net\/wp-content\/uploads\/2025\/01\/Survive_the_island-350x330.png",350,330,true],"ashe-list-thumbnail":["https:\/\/meeplendice.net\/wp-content\/uploads\/2025\/01\/Survive_the_island-300x300.png",300,300,true],"ashe-single-navigation":["https:\/\/meeplendice.net\/wp-content\/uploads\/2025\/01\/Survive_the_island-75x75.png",75,75,true],"mailpoet_newsletter_max":["https:\/\/meeplendice.net\/wp-content\/uploads\/2025\/01\/Survive_the_island.png",350,350,false],"rpwe-thumbnail":["https:\/\/meeplendice.net\/wp-content\/uploads\/2025\/01\/Survive_the_island-45x45.png",45,45,true],"sow-carousel-default":["https:\/\/meeplendice.net\/wp-content\/uploads\/2025\/01\/Survive_the_island-272x182.png",272,182,true],"rt_custom":["https:\/\/meeplendice.net\/wp-content\/uploads\/2025\/01\/Survive_the_island.png",350,350,false]},"rttpg_author":{"display_name":"Karnby","author_link":"https:\/\/meeplendice.net\/?author=2"},"rttpg_comment":0,"rttpg_category":null,"rttpg_excerpt":"Nombre de joueurs : 2 - 5 Dur\u00e9e moyenne : 45 min Age : 8 ans et plus Auteur(s) : Julian Courtland-Smith Illustrations : Mr. Cuddington \u00c9dition : Zygomatic 2024 Version : Fran\u00e7aise","_links":{"self":[{"href":"https:\/\/meeplendice.net\/index.php?rest_route=\/wp\/v2\/pages\/13199","targetHints":{"allow":["GET"]}}],"collection":[{"href":"https:\/\/meeplendice.net\/index.php?rest_route=\/wp\/v2\/pages"}],"about":[{"href":"https:\/\/meeplendice.net\/index.php?rest_route=\/wp\/v2\/types\/page"}],"author":[{"embeddable":true,"href":"https:\/\/meeplendice.net\/index.php?rest_route=\/wp\/v2\/users\/2"}],"replies":[{"embeddable":true,"href":"https:\/\/meeplendice.net\/index.php?rest_route=%2Fwp%2Fv2%2Fcomments&post=13199"}],"version-history":[{"count":5,"href":"https:\/\/meeplendice.net\/index.php?rest_route=\/wp\/v2\/pages\/13199\/revisions"}],"predecessor-version":[{"id":13553,"href":"https:\/\/meeplendice.net\/index.php?rest_route=\/wp\/v2\/pages\/13199\/revisions\/13553"}],"wp:featuredmedia":[{"embeddable":true,"href":"https:\/\/meeplendice.net\/index.php?rest_route=\/wp\/v2\/media\/13060"}],"wp:attachment":[{"href":"https:\/\/meeplendice.net\/index.php?rest_route=%2Fwp%2Fv2%2Fmedia&parent=13199"}],"curies":[{"name":"wp","href":"https:\/\/api.w.org\/{rel}","templated":true}]}}