{"id":13206,"date":"2025-01-09T17:58:43","date_gmt":"2025-01-09T15:58:43","guid":{"rendered":"https:\/\/meeplendice.net\/?page_id=13206"},"modified":"2025-01-13T15:41:55","modified_gmt":"2025-01-13T13:41:55","slug":"libertalia-libertalia-les-vents-de-galecrest","status":"publish","type":"page","link":"https:\/\/meeplendice.net\/?page_id=13206","title":{"rendered":"Libertalia : Les Vents de Galecrest"},"content":{"rendered":"<div id=\"pl-13206\"  class=\"panel-layout\" ><div id=\"pg-13206-0\"  class=\"panel-grid panel-no-style\" ><div id=\"pgc-13206-0-0\"  class=\"panel-grid-cell\" ><div id=\"panel-13206-0-0-0\" class=\"so-panel widget widget_sow-editor panel-first-child panel-last-child\" data-index=\"0\" ><div\n\t\t\t\n\t\t\tclass=\"so-widget-sow-editor so-widget-sow-editor-base\"\n\t\t\t\n\t\t>\n<div class=\"siteorigin-widget-tinymce textwidget\">\n\t<p style=\"text-align: center;\"><strong>Nombre de joueurs :<\/strong><br \/>\n2 - 6<\/p>\n<\/div>\n<\/div><\/div><\/div><div id=\"pgc-13206-0-1\"  class=\"panel-grid-cell\" ><div id=\"panel-13206-0-1-0\" class=\"so-panel widget widget_sow-editor panel-first-child panel-last-child\" data-index=\"1\" ><div\n\t\t\t\n\t\t\tclass=\"so-widget-sow-editor so-widget-sow-editor-base\"\n\t\t\t\n\t\t>\n<div class=\"siteorigin-widget-tinymce textwidget\">\n\t<p style=\"text-align: center;\"><strong>Dur\u00e9e moyenne :<\/strong><br \/>\n60 min<\/p>\n<\/div>\n<\/div><\/div><\/div><div id=\"pgc-13206-0-2\"  class=\"panel-grid-cell\" ><div id=\"panel-13206-0-2-0\" class=\"so-panel widget widget_sow-editor panel-first-child panel-last-child\" data-index=\"2\" ><div\n\t\t\t\n\t\t\tclass=\"so-widget-sow-editor so-widget-sow-editor-base\"\n\t\t\t\n\t\t>\n<div class=\"siteorigin-widget-tinymce textwidget\">\n\t<p style=\"text-align: center;\"><strong>Age :<\/strong><br \/>\n14 ans et plus<\/p>\n<\/div>\n<\/div><\/div><\/div><\/div><div id=\"pg-13206-1\"  class=\"panel-grid panel-no-style\" ><div id=\"pgc-13206-1-0\"  class=\"panel-grid-cell\" ><div id=\"panel-13206-1-0-0\" class=\"so-panel widget widget_sow-editor panel-first-child panel-last-child\" data-index=\"3\" ><div\n\t\t\t\n\t\t\tclass=\"so-widget-sow-editor so-widget-sow-editor-base\"\n\t\t\t\n\t\t>\n<div class=\"siteorigin-widget-tinymce textwidget\">\n\t<p style=\"text-align: center;\"><strong>Auteur(s) :<br \/>\n<\/strong>Paolo Mori<\/p>\n<\/div>\n<\/div><\/div><\/div><div id=\"pgc-13206-1-1\"  class=\"panel-grid-cell\" ><div id=\"panel-13206-1-1-0\" class=\"so-panel widget widget_sow-editor panel-first-child panel-last-child\" data-index=\"4\" ><div\n\t\t\t\n\t\t\tclass=\"so-widget-sow-editor so-widget-sow-editor-base\"\n\t\t\t\n\t\t>\n<div class=\"siteorigin-widget-tinymce textwidget\">\n\t<p style=\"text-align: center;\"><strong>Illustrations :<\/strong><br \/>\nLamaro Smith<\/p>\n<\/div>\n<\/div><\/div><\/div><div id=\"pgc-13206-1-2\"  class=\"panel-grid-cell\" ><div id=\"panel-13206-1-2-0\" class=\"so-panel widget widget_sow-editor panel-first-child panel-last-child\" data-index=\"5\" ><div\n\t\t\t\n\t\t\tclass=\"so-widget-sow-editor so-widget-sow-editor-base\"\n\t\t\t\n\t\t>\n<div class=\"siteorigin-widget-tinymce textwidget\">\n\t<p style=\"text-align: center;\"><strong>\u00c9dition :<\/strong><br \/>\nMatagot<br \/>\n2022<\/p>\n<\/div>\n<\/div><\/div><\/div><div id=\"pgc-13206-1-3\"  class=\"panel-grid-cell\" ><div id=\"panel-13206-1-3-0\" class=\"so-panel widget widget_sow-editor panel-first-child panel-last-child\" data-index=\"6\" ><div\n\t\t\t\n\t\t\tclass=\"so-widget-sow-editor so-widget-sow-editor-base\"\n\t\t\t\n\t\t>\n<div class=\"siteorigin-widget-tinymce textwidget\">\n\t<p style=\"text-align: center;\"><strong>Version :<\/strong><br \/>\nFran\u00e7aise<\/p>\n<\/div>\n<\/div><\/div><\/div><\/div><div id=\"pg-13206-2\"  class=\"panel-grid panel-no-style\" ><div id=\"pgc-13206-2-0\"  class=\"panel-grid-cell\" ><div id=\"panel-13206-2-0-0\" class=\"so-panel widget widget_sow-editor panel-first-child panel-last-child\" data-index=\"7\" ><div\n\t\t\t\n\t\t\tclass=\"so-widget-sow-editor so-widget-sow-editor-base\"\n\t\t\t\n\t\t>\n<div class=\"siteorigin-widget-tinymce textwidget\">\n\t<hr \/>\n<p><em>Dans le monde de Galecrest, les pirates du ciel naviguent sur les vents \u00e0 la recherche d\u2019aventures, de tr\u00e9sors et de gloire. En tant qu\u2019amiral, vous commandez un \u00e9quipage compos\u00e9 de matelots d\u2019horizons diff\u00e9rents\u2026 mais il en va de m\u00eame pour vos adversaires qui naviguent sur d\u2019autres bateaux de la flotte des pirates.<\/em><\/p>\n<p><em>Chaque jour, la flotte accoste sur une \u00eele diff\u00e9rente o\u00f9 vous envoyez un membre de l'\u00e9quipage r\u00e9cup\u00e9rer votre part du butin, en esp\u00e9rant qu'il revienne pour encourager votre groupe de personnages en pleine expansion.<\/em><\/p>\n<p>&nbsp;<\/p>\n<p><em><span class=\"style-client-colored-text\">Libertalia : les Vents de Galecrest<\/span> <\/em>est un jeu de cartes et de plateau qui vous embarque dans une grande aventure de pirates du ciel en qu\u00eate de fabuleux butins.<\/p>\n<p>Vous aurez 3 voyages pour devenir le plus riche des pirates et pour chaque voyage, il vous faut choisir votre \u00e9quipage.<\/p>\n<p>Au d\u00e9but de chaque Voyage, les joueurs obtiennent un set identique de 6 cartes Personnage. Chaque Jour pendant le Voyage, les joueurs choisissent, en m\u00eame temps, 1 Personnage \u00e0 jouer de leur main. Les Personnages choisis sont plac\u00e9s sur l\u2019\u00cele, du niveau le plus faible au niveau le plus \u00e9lev\u00e9.<\/p>\n<p>Les joueurs activent les comp\u00e9tences Jour de ces Personnages dans l\u2019ordre croissant, puis activent les comp\u00e9tences Cr\u00e9puscule et une s\u00e9lection de Butin dans l\u2019ordre d\u00e9croissant. \u00c0 ce moment-l\u00e0, des Personnages int\u00e8grent le Bateau de chacun des joueurs. Enfin, les comp\u00e9tences Nuit des Personnages, qui se trouvent dans les Bateaux, sont activ\u00e9es.<\/p>\n<p>\u00c0 la fin du Voyage, les joueurs activent, s\u2019il y a lieu, les comp\u00e9tences Ancre des Personnages et marquent des points en fonction de leurs jetons Butin et Doublons. Ils d\u00e9faussent ensuite ces Personnages, jetons Butin et Doublons, en gardant uniquement les Personnages de leur main qui n\u2019ont pas \u00e9t\u00e9 jou\u00e9s. \u00c0 la fin du troisi\u00e8me Voyage, les joueurs r\u00e9v\u00e8lent leur score final afin de d\u00e9terminer qui entrera dans l\u2019histoire comme \u00e9tant le plus riche des pirates.<\/p>\n<p><a href=\"https:\/\/meeplendice.net\/?page_id=356\" target=\"_blank\" rel=\"noopener\"><em>Libertalia<\/em> <\/a>est d'abord paru en 2012. 10 ans plus tard, nous c\u00e9l\u00e9brons le jeu original avec une \u00e9dition revue et approfondie comprenant de toutes nouvelles illustrations, 40 personnages par joueur, un syst\u00e8me de R\u00e9putation pour d\u00e9partager les \u00e9galit\u00e9s, des jetons Butin Deluxe, un mode solo robuste et bien plus encore.<\/p>\n<\/div>\n<\/div><\/div><\/div><\/div><div id=\"pg-13206-3\"  class=\"panel-grid panel-no-style\" ><div id=\"pgc-13206-3-0\"  class=\"panel-grid-cell\" ><div id=\"panel-13206-3-0-0\" class=\"so-panel widget widget_sow-editor panel-first-child panel-last-child\" data-index=\"8\" ><div\n\t\t\t\n\t\t\tclass=\"so-widget-sow-editor so-widget-sow-editor-base\"\n\t\t\t\n\t\t>\n<div class=\"siteorigin-widget-tinymce textwidget\">\n\t<hr \/>\n<h3 style=\"text-align: center;\">En vid\u00e9o<\/h3>\n<p><a href=\"https:\/\/www.youtube.com\/watch?v=WdUErWkIWPg&amp;ab_channel=Videoregles.Net\" target=\"_blank\" rel=\"noopener\"><img loading=\"lazy\" decoding=\"async\" class=\"alignnone size-full wp-image-9090\" src=\"https:\/\/meeplendice.net\/wp-content\/uploads\/2022\/01\/Link_CJ_v2.png\" alt=\"\" width=\"200\" height=\"170\" \/><\/a><\/p>\n<p>&nbsp;<\/p>\n<\/div>\n<\/div><\/div><\/div><\/div><div id=\"pg-13206-4\"  class=\"panel-grid panel-no-style\" ><div id=\"pgc-13206-4-0\"  class=\"panel-grid-cell\" ><div id=\"panel-13206-4-0-0\" class=\"so-panel widget widget_sow-editor panel-first-child panel-last-child\" data-index=\"9\" ><div\n\t\t\t\n\t\t\tclass=\"so-widget-sow-editor so-widget-sow-editor-base\"\n\t\t\t\n\t\t>\n<div class=\"siteorigin-widget-tinymce textwidget\">\n\t<hr \/>\n<h3 style=\"text-align: center;\">Pour aller plus loin<\/h3>\n<\/div>\n<\/div><\/div><\/div><\/div><\/div>","protected":false},"excerpt":{"rendered":"<p>Nombre de joueurs : 2 &#8211; 6 Dur\u00e9e moyenne : 60 min Age : 14 ans et plus Auteur(s) : Paolo Mori Illustrations : Lamaro Smith \u00c9dition : Matagot 2022 Version : Fran\u00e7aise<\/p>\n","protected":false},"author":2,"featured_media":13061,"parent":0,"menu_order":0,"comment_status":"closed","ping_status":"closed","template":"","meta":{"footnotes":""},"class_list":["post-13206","page","type-page","status-publish","has-post-thumbnail","hentry"],"acf":[],"rttpg_featured_image_url":{"full":["https:\/\/meeplendice.net\/wp-content\/uploads\/2025\/01\/Libertalia_ventsgalecrest.png",350,350,false],"landscape":["https:\/\/meeplendice.net\/wp-content\/uploads\/2025\/01\/Libertalia_ventsgalecrest.png",350,350,false],"portraits":["https:\/\/meeplendice.net\/wp-content\/uploads\/2025\/01\/Libertalia_ventsgalecrest.png",350,350,false],"thumbnail":["https:\/\/meeplendice.net\/wp-content\/uploads\/2025\/01\/Libertalia_ventsgalecrest-150x150.png",150,150,true],"medium":["https:\/\/meeplendice.net\/wp-content\/uploads\/2025\/01\/Libertalia_ventsgalecrest-300x300.png",300,300,true],"large":["https:\/\/meeplendice.net\/wp-content\/uploads\/2025\/01\/Libertalia_ventsgalecrest.png",350,350,false],"ug_big":["https:\/\/meeplendice.net\/wp-content\/uploads\/2025\/01\/Libertalia_ventsgalecrest.png",350,350,false],"1536x1536":["https:\/\/meeplendice.net\/wp-content\/uploads\/2025\/01\/Libertalia_ventsgalecrest.png",350,350,false],"2048x2048":["https:\/\/meeplendice.net\/wp-content\/uploads\/2025\/01\/Libertalia_ventsgalecrest.png",350,350,false],"ashe-slider-grid-thumbnail":["https:\/\/meeplendice.net\/wp-content\/uploads\/2025\/01\/Libertalia_ventsgalecrest.png",350,350,false],"ashe-full-thumbnail":["https:\/\/meeplendice.net\/wp-content\/uploads\/2025\/01\/Libertalia_ventsgalecrest.png",350,350,false],"ashe-grid-thumbnail":["https:\/\/meeplendice.net\/wp-content\/uploads\/2025\/01\/Libertalia_ventsgalecrest-350x330.png",350,330,true],"ashe-list-thumbnail":["https:\/\/meeplendice.net\/wp-content\/uploads\/2025\/01\/Libertalia_ventsgalecrest-300x300.png",300,300,true],"ashe-single-navigation":["https:\/\/meeplendice.net\/wp-content\/uploads\/2025\/01\/Libertalia_ventsgalecrest-75x75.png",75,75,true],"mailpoet_newsletter_max":["https:\/\/meeplendice.net\/wp-content\/uploads\/2025\/01\/Libertalia_ventsgalecrest.png",350,350,false],"rpwe-thumbnail":["https:\/\/meeplendice.net\/wp-content\/uploads\/2025\/01\/Libertalia_ventsgalecrest-45x45.png",45,45,true],"sow-carousel-default":["https:\/\/meeplendice.net\/wp-content\/uploads\/2025\/01\/Libertalia_ventsgalecrest-272x182.png",272,182,true],"rt_custom":["https:\/\/meeplendice.net\/wp-content\/uploads\/2025\/01\/Libertalia_ventsgalecrest.png",350,350,false]},"rttpg_author":{"display_name":"Karnby","author_link":"https:\/\/meeplendice.net\/?author=2"},"rttpg_comment":0,"rttpg_category":null,"rttpg_excerpt":"Nombre de joueurs : 2 - 6 Dur\u00e9e moyenne : 60 min Age : 14 ans et plus Auteur(s) : Paolo Mori Illustrations : Lamaro Smith \u00c9dition : Matagot 2022 Version : Fran\u00e7aise","_links":{"self":[{"href":"https:\/\/meeplendice.net\/index.php?rest_route=\/wp\/v2\/pages\/13206","targetHints":{"allow":["GET"]}}],"collection":[{"href":"https:\/\/meeplendice.net\/index.php?rest_route=\/wp\/v2\/pages"}],"about":[{"href":"https:\/\/meeplendice.net\/index.php?rest_route=\/wp\/v2\/types\/page"}],"author":[{"embeddable":true,"href":"https:\/\/meeplendice.net\/index.php?rest_route=\/wp\/v2\/users\/2"}],"replies":[{"embeddable":true,"href":"https:\/\/meeplendice.net\/index.php?rest_route=%2Fwp%2Fv2%2Fcomments&post=13206"}],"version-history":[{"count":5,"href":"https:\/\/meeplendice.net\/index.php?rest_route=\/wp\/v2\/pages\/13206\/revisions"}],"predecessor-version":[{"id":13256,"href":"https:\/\/meeplendice.net\/index.php?rest_route=\/wp\/v2\/pages\/13206\/revisions\/13256"}],"wp:featuredmedia":[{"embeddable":true,"href":"https:\/\/meeplendice.net\/index.php?rest_route=\/wp\/v2\/media\/13061"}],"wp:attachment":[{"href":"https:\/\/meeplendice.net\/index.php?rest_route=%2Fwp%2Fv2%2Fmedia&parent=13206"}],"curies":[{"name":"wp","href":"https:\/\/api.w.org\/{rel}","templated":true}]}}