{"id":13209,"date":"2025-01-09T19:48:43","date_gmt":"2025-01-09T17:48:43","guid":{"rendered":"https:\/\/meeplendice.net\/?page_id=13209"},"modified":"2025-01-12T01:52:57","modified_gmt":"2025-01-11T23:52:57","slug":"kyoto-no-neko","status":"publish","type":"page","link":"https:\/\/meeplendice.net\/?page_id=13209","title":{"rendered":"Kyoto no Neko"},"content":{"rendered":"<div id=\"pl-13209\"  class=\"panel-layout\" ><div id=\"pg-13209-0\"  class=\"panel-grid panel-no-style\" ><div id=\"pgc-13209-0-0\"  class=\"panel-grid-cell\" ><div id=\"panel-13209-0-0-0\" class=\"so-panel widget widget_sow-editor panel-first-child panel-last-child\" data-index=\"0\" ><div\n\t\t\t\n\t\t\tclass=\"so-widget-sow-editor so-widget-sow-editor-base\"\n\t\t\t\n\t\t>\n<div class=\"siteorigin-widget-tinymce textwidget\">\n\t<p style=\"text-align: center;\"><strong>Nombre de joueurs :<\/strong><br \/>\n2 - 4<\/p>\n<\/div>\n<\/div><\/div><\/div><div id=\"pgc-13209-0-1\"  class=\"panel-grid-cell\" ><div id=\"panel-13209-0-1-0\" class=\"so-panel widget widget_sow-editor panel-first-child panel-last-child\" data-index=\"1\" ><div\n\t\t\t\n\t\t\tclass=\"so-widget-sow-editor so-widget-sow-editor-base\"\n\t\t\t\n\t\t>\n<div class=\"siteorigin-widget-tinymce textwidget\">\n\t<p style=\"text-align: center;\"><strong>Dur\u00e9e moyenne :<\/strong><br \/>\n35 min<\/p>\n<\/div>\n<\/div><\/div><\/div><div id=\"pgc-13209-0-2\"  class=\"panel-grid-cell\" ><div id=\"panel-13209-0-2-0\" class=\"so-panel widget widget_sow-editor panel-first-child panel-last-child\" data-index=\"2\" ><div\n\t\t\t\n\t\t\tclass=\"so-widget-sow-editor so-widget-sow-editor-base\"\n\t\t\t\n\t\t>\n<div class=\"siteorigin-widget-tinymce textwidget\">\n\t<p style=\"text-align: center;\"><strong>Age :<\/strong><br \/>\n8 ans et plus<\/p>\n<\/div>\n<\/div><\/div><\/div><\/div><div id=\"pg-13209-1\"  class=\"panel-grid panel-no-style\" ><div id=\"pgc-13209-1-0\"  class=\"panel-grid-cell\" ><div id=\"panel-13209-1-0-0\" class=\"so-panel widget widget_sow-editor panel-first-child panel-last-child\" data-index=\"3\" ><div\n\t\t\t\n\t\t\tclass=\"so-widget-sow-editor so-widget-sow-editor-base\"\n\t\t\t\n\t\t>\n<div class=\"siteorigin-widget-tinymce textwidget\">\n\t<p style=\"text-align: center;\"><strong>Auteur(s) :<br \/>\n<\/strong>C\u00e9dric Millet<\/p>\n<\/div>\n<\/div><\/div><\/div><div id=\"pgc-13209-1-1\"  class=\"panel-grid-cell\" ><div id=\"panel-13209-1-1-0\" class=\"so-panel widget widget_sow-editor panel-first-child panel-last-child\" data-index=\"4\" ><div\n\t\t\t\n\t\t\tclass=\"so-widget-sow-editor so-widget-sow-editor-base\"\n\t\t\t\n\t\t>\n<div class=\"siteorigin-widget-tinymce textwidget\">\n\t<p style=\"text-align: center;\"><strong>Illustrations :<\/strong><br \/>\nJ\u00e9r\u00e9mie Fleury<\/p>\n<\/div>\n<\/div><\/div><\/div><div id=\"pgc-13209-1-2\"  class=\"panel-grid-cell\" ><div id=\"panel-13209-1-2-0\" class=\"so-panel widget widget_sow-editor panel-first-child panel-last-child\" data-index=\"5\" ><div\n\t\t\t\n\t\t\tclass=\"so-widget-sow-editor so-widget-sow-editor-base\"\n\t\t\t\n\t\t>\n<div class=\"siteorigin-widget-tinymce textwidget\">\n\t<p style=\"text-align: center;\"><strong>\u00c9dition :<\/strong><br \/>\nMatagot<br \/>\n2024<\/p>\n<\/div>\n<\/div><\/div><\/div><div id=\"pgc-13209-1-3\"  class=\"panel-grid-cell\" ><div id=\"panel-13209-1-3-0\" class=\"so-panel widget widget_sow-editor panel-first-child panel-last-child\" data-index=\"6\" ><div\n\t\t\t\n\t\t\tclass=\"so-widget-sow-editor so-widget-sow-editor-base\"\n\t\t\t\n\t\t>\n<div class=\"siteorigin-widget-tinymce textwidget\">\n\t<p style=\"text-align: center;\"><strong>Version :<\/strong><br \/>\nFran\u00e7aise<\/p>\n<\/div>\n<\/div><\/div><\/div><\/div><div id=\"pg-13209-2\"  class=\"panel-grid panel-no-style\" ><div id=\"pgc-13209-2-0\"  class=\"panel-grid-cell\" ><div id=\"panel-13209-2-0-0\" class=\"so-panel widget widget_sow-editor panel-first-child panel-last-child\" data-index=\"7\" ><div\n\t\t\t\n\t\t\tclass=\"so-widget-sow-editor so-widget-sow-editor-base\"\n\t\t\t\n\t\t>\n<div class=\"siteorigin-widget-tinymce textwidget\">\n\t<hr \/>\n<div class=\"hide_info_annexe row small-collapse medium-uncollapse\">\n<div class=\"column small-12\">\n<p>Dans <em>K<span class=\"style-client-colored-text\">yoto no Neko<\/span><\/em>, vous incarnez des chatons et partez explorer la ville de Kyoto, \u00e0 travers une s\u00e9rie de sc\u00e9narios ind\u00e9pendants et rejouables.<\/p>\n<p>Jouez \u00e0 <em><span class=\"style-client-colored-text\">Kyoto no Neko<\/span><\/em> est une exp\u00e9rience immersive o\u00f9 vous allez interagir avec les habitants tant animaux qu'humains de la c\u00e9l\u00e8bre ville du Japon.<br \/>\nAvec un syst\u00e8me de comp\u00e9tences et organis\u00e9 par sc\u00e9nario, vous devrez remplir une vari\u00e9t\u00e9 de missions, comme se lier d'amiti\u00e9 avec un \u00e9colier, combattre un chat errant agressif, ou voler la nourriture dans le bol du d\u00eener des autres joueurs.<\/p>\n<p>Chaque tour sera l'occasion de d\u00e9couvrir quelque chose de nouveau sur la ville de Kyoto, car les joueurs r\u00e9v\u00e9leront divers \u00e9l\u00e9ments allant des petits insectes aux objets ou habitants sp\u00e9cifiques de Kyoto.<br \/>\nSi certains de ces \u00e9l\u00e9ments sont repr\u00e9sent\u00e9s par des dalles en carton, d\u2019autres seront pr\u00e9sent\u00e9s sous forme de figurines debout, assurant une pr\u00e9sence visuelle \u00e9poustouflante.<br \/>\nTout au long du jeu, chaque joueur \u00e9voluera, d\u00e9veloppant ses comp\u00e9tences et acqu\u00e9rant la possibilit\u00e9 d'explorer de nouvelles parties du plateau en grimpant sur les buissons et les toits.<\/p>\n<p>Avec des m\u00e9canismes, des composants et des illustrations immersifs, le jeu <em><span class=\"style-client-colored-text\">Kyoto no Neko<\/span><\/em> offre une exp\u00e9rience de jeu enrichissante pour les nouveaux joueurs comme pour les joueurs exp\u00e9riment\u00e9s.<\/p>\n<\/div>\n<\/div>\n<\/div>\n<\/div><\/div><\/div><\/div><div id=\"pg-13209-3\"  class=\"panel-grid panel-no-style\" ><div id=\"pgc-13209-3-0\"  class=\"panel-grid-cell\" ><div id=\"panel-13209-3-0-0\" class=\"so-panel widget widget_sow-editor panel-first-child panel-last-child\" data-index=\"8\" ><div\n\t\t\t\n\t\t\tclass=\"so-widget-sow-editor so-widget-sow-editor-base\"\n\t\t\t\n\t\t>\n<div class=\"siteorigin-widget-tinymce textwidget\">\n\t<hr \/>\n<h3 style=\"text-align: center;\">En vid\u00e9o<\/h3>\n<p><a href=\"https:\/\/www.youtube.com\/watch?v=4VncHhORH6I\" target=\"_blank\" rel=\"noopener\"><img loading=\"lazy\" decoding=\"async\" class=\"alignnone size-full wp-image-9090\" src=\"https:\/\/meeplendice.net\/wp-content\/uploads\/2022\/01\/Link_CJ_v2.png\" alt=\"\" width=\"200\" height=\"170\" \/><\/a><\/p>\n<\/div>\n<\/div><\/div><\/div><\/div><div id=\"pg-13209-4\"  class=\"panel-grid panel-no-style\" ><div id=\"pgc-13209-4-0\"  class=\"panel-grid-cell\" ><div id=\"panel-13209-4-0-0\" class=\"so-panel widget widget_sow-editor panel-first-child panel-last-child\" data-index=\"9\" ><div\n\t\t\t\n\t\t\tclass=\"so-widget-sow-editor so-widget-sow-editor-base\"\n\t\t\t\n\t\t>\n<div class=\"siteorigin-widget-tinymce textwidget\">\n\t<hr \/>\n<h3 style=\"text-align: center;\">Pour aller plus loin<\/h3>\n<\/div>\n<\/div><\/div><\/div><\/div><\/div>","protected":false},"excerpt":{"rendered":"<p>Nombre de joueurs : 2 &#8211; 4 Dur\u00e9e moyenne : 35 min Age : 8 ans et plus Auteur(s) : C\u00e9dric Millet Illustrations : J\u00e9r\u00e9mie Fleury \u00c9dition : Matagot 2024 Version : Fran\u00e7aise<\/p>\n","protected":false},"author":2,"featured_media":13055,"parent":0,"menu_order":0,"comment_status":"closed","ping_status":"closed","template":"","meta":{"footnotes":""},"class_list":["post-13209","page","type-page","status-publish","has-post-thumbnail","hentry"],"acf":[],"rttpg_featured_image_url":{"full":["https:\/\/meeplendice.net\/wp-content\/uploads\/2025\/01\/Kyoto_no_Neo.png",350,350,false],"landscape":["https:\/\/meeplendice.net\/wp-content\/uploads\/2025\/01\/Kyoto_no_Neo.png",350,350,false],"portraits":["https:\/\/meeplendice.net\/wp-content\/uploads\/2025\/01\/Kyoto_no_Neo.png",350,350,false],"thumbnail":["https:\/\/meeplendice.net\/wp-content\/uploads\/2025\/01\/Kyoto_no_Neo-150x150.png",150,150,true],"medium":["https:\/\/meeplendice.net\/wp-content\/uploads\/2025\/01\/Kyoto_no_Neo-300x300.png",300,300,true],"large":["https:\/\/meeplendice.net\/wp-content\/uploads\/2025\/01\/Kyoto_no_Neo.png",350,350,false],"ug_big":["https:\/\/meeplendice.net\/wp-content\/uploads\/2025\/01\/Kyoto_no_Neo.png",350,350,false],"1536x1536":["https:\/\/meeplendice.net\/wp-content\/uploads\/2025\/01\/Kyoto_no_Neo.png",350,350,false],"2048x2048":["https:\/\/meeplendice.net\/wp-content\/uploads\/2025\/01\/Kyoto_no_Neo.png",350,350,false],"ashe-slider-grid-thumbnail":["https:\/\/meeplendice.net\/wp-content\/uploads\/2025\/01\/Kyoto_no_Neo.png",350,350,false],"ashe-full-thumbnail":["https:\/\/meeplendice.net\/wp-content\/uploads\/2025\/01\/Kyoto_no_Neo.png",350,350,false],"ashe-grid-thumbnail":["https:\/\/meeplendice.net\/wp-content\/uploads\/2025\/01\/Kyoto_no_Neo-350x330.png",350,330,true],"ashe-list-thumbnail":["https:\/\/meeplendice.net\/wp-content\/uploads\/2025\/01\/Kyoto_no_Neo-300x300.png",300,300,true],"ashe-single-navigation":["https:\/\/meeplendice.net\/wp-content\/uploads\/2025\/01\/Kyoto_no_Neo-75x75.png",75,75,true],"mailpoet_newsletter_max":["https:\/\/meeplendice.net\/wp-content\/uploads\/2025\/01\/Kyoto_no_Neo.png",350,350,false],"rpwe-thumbnail":["https:\/\/meeplendice.net\/wp-content\/uploads\/2025\/01\/Kyoto_no_Neo-45x45.png",45,45,true],"sow-carousel-default":["https:\/\/meeplendice.net\/wp-content\/uploads\/2025\/01\/Kyoto_no_Neo-272x182.png",272,182,true],"rt_custom":["https:\/\/meeplendice.net\/wp-content\/uploads\/2025\/01\/Kyoto_no_Neo.png",350,350,false]},"rttpg_author":{"display_name":"Karnby","author_link":"https:\/\/meeplendice.net\/?author=2"},"rttpg_comment":0,"rttpg_category":null,"rttpg_excerpt":"Nombre de joueurs : 2 - 4 Dur\u00e9e moyenne : 35 min Age : 8 ans et plus Auteur(s) : C\u00e9dric Millet Illustrations : J\u00e9r\u00e9mie Fleury \u00c9dition : Matagot 2024 Version : Fran\u00e7aise","_links":{"self":[{"href":"https:\/\/meeplendice.net\/index.php?rest_route=\/wp\/v2\/pages\/13209","targetHints":{"allow":["GET"]}}],"collection":[{"href":"https:\/\/meeplendice.net\/index.php?rest_route=\/wp\/v2\/pages"}],"about":[{"href":"https:\/\/meeplendice.net\/index.php?rest_route=\/wp\/v2\/types\/page"}],"author":[{"embeddable":true,"href":"https:\/\/meeplendice.net\/index.php?rest_route=\/wp\/v2\/users\/2"}],"replies":[{"embeddable":true,"href":"https:\/\/meeplendice.net\/index.php?rest_route=%2Fwp%2Fv2%2Fcomments&post=13209"}],"version-history":[{"count":5,"href":"https:\/\/meeplendice.net\/index.php?rest_route=\/wp\/v2\/pages\/13209\/revisions"}],"predecessor-version":[{"id":13242,"href":"https:\/\/meeplendice.net\/index.php?rest_route=\/wp\/v2\/pages\/13209\/revisions\/13242"}],"wp:featuredmedia":[{"embeddable":true,"href":"https:\/\/meeplendice.net\/index.php?rest_route=\/wp\/v2\/media\/13055"}],"wp:attachment":[{"href":"https:\/\/meeplendice.net\/index.php?rest_route=%2Fwp%2Fv2%2Fmedia&parent=13209"}],"curies":[{"name":"wp","href":"https:\/\/api.w.org\/{rel}","templated":true}]}}