{"id":13225,"date":"2025-01-11T00:35:38","date_gmt":"2025-01-10T22:35:38","guid":{"rendered":"https:\/\/meeplendice.net\/?page_id=13225"},"modified":"2025-12-19T01:52:53","modified_gmt":"2025-12-18T23:52:53","slug":"tiny-epic-crimes","status":"publish","type":"page","link":"https:\/\/meeplendice.net\/?page_id=13225","title":{"rendered":"Tiny Epic Crimes"},"content":{"rendered":"<div id=\"pl-13225\"  class=\"panel-layout\" ><div id=\"pg-13225-0\"  class=\"panel-grid panel-no-style\" ><div id=\"pgc-13225-0-0\"  class=\"panel-grid-cell\" ><div id=\"panel-13225-0-0-0\" class=\"so-panel widget widget_sow-editor panel-first-child panel-last-child\" data-index=\"0\" ><div\n\t\t\t\n\t\t\tclass=\"so-widget-sow-editor so-widget-sow-editor-base\"\n\t\t\t\n\t\t>\n<div class=\"siteorigin-widget-tinymce textwidget\">\n\t<p style=\"text-align: center;\"><strong>Nombre de joueurs :<\/strong><br \/>\n1 - 4<\/p>\n<\/div>\n<\/div><\/div><\/div><div id=\"pgc-13225-0-1\"  class=\"panel-grid-cell\" ><div id=\"panel-13225-0-1-0\" class=\"so-panel widget widget_sow-editor panel-first-child panel-last-child\" data-index=\"1\" ><div\n\t\t\t\n\t\t\tclass=\"so-widget-sow-editor so-widget-sow-editor-base\"\n\t\t\t\n\t\t>\n<div class=\"siteorigin-widget-tinymce textwidget\">\n\t<p style=\"text-align: center;\"><strong>Dur\u00e9e moyenne :<\/strong><br \/>\n60 min<\/p>\n<\/div>\n<\/div><\/div><\/div><div id=\"pgc-13225-0-2\"  class=\"panel-grid-cell\" ><div id=\"panel-13225-0-2-0\" class=\"so-panel widget widget_sow-editor panel-first-child panel-last-child\" data-index=\"2\" ><div\n\t\t\t\n\t\t\tclass=\"so-widget-sow-editor so-widget-sow-editor-base\"\n\t\t\t\n\t\t>\n<div class=\"siteorigin-widget-tinymce textwidget\">\n\t<p style=\"text-align: center;\"><strong>Age :<\/strong><br \/>\n14 ans et plus<\/p>\n<\/div>\n<\/div><\/div><\/div><\/div><div id=\"pg-13225-1\"  class=\"panel-grid panel-no-style\" ><div id=\"pgc-13225-1-0\"  class=\"panel-grid-cell\" ><div id=\"panel-13225-1-0-0\" class=\"so-panel widget widget_sow-editor panel-first-child panel-last-child\" data-index=\"3\" ><div\n\t\t\t\n\t\t\tclass=\"so-widget-sow-editor so-widget-sow-editor-base\"\n\t\t\t\n\t\t>\n<div class=\"siteorigin-widget-tinymce textwidget\">\n\t<p style=\"text-align: center;\"><strong>Auteur(s) :<br \/>\n<\/strong>Scott Almes<\/p>\n<\/div>\n<\/div><\/div><\/div><div id=\"pgc-13225-1-1\"  class=\"panel-grid-cell\" ><div id=\"panel-13225-1-1-0\" class=\"so-panel widget widget_sow-editor panel-first-child panel-last-child\" data-index=\"4\" ><div\n\t\t\t\n\t\t\tclass=\"so-widget-sow-editor so-widget-sow-editor-base\"\n\t\t\t\n\t\t>\n<div class=\"siteorigin-widget-tinymce textwidget\">\n\t<p style=\"text-align: center;\"><strong>Illustrations :<\/strong><br \/>\n<span class=\"data-siloing\" title=\"D\u00e9couvrez tous ces jeux\" data-siloing=\"https:\/\/www.philibertnet.com\/fr\/recherche?feature=41&amp;feature_value=Ian Rosenthaler\">Nikoletta Vaszi<br \/>\n<\/span><\/p>\n<\/div>\n<\/div><\/div><\/div><div id=\"pgc-13225-1-2\"  class=\"panel-grid-cell\" ><div id=\"panel-13225-1-2-0\" class=\"so-panel widget widget_sow-editor panel-first-child panel-last-child\" data-index=\"5\" ><div\n\t\t\t\n\t\t\tclass=\"so-widget-sow-editor so-widget-sow-editor-base\"\n\t\t\t\n\t\t>\n<div class=\"siteorigin-widget-tinymce textwidget\">\n\t<p style=\"text-align: center;\"><strong>\u00c9dition :<\/strong><br \/>\nPixie Games<br \/>\n2024<\/p>\n<\/div>\n<\/div><\/div><\/div><div id=\"pgc-13225-1-3\"  class=\"panel-grid-cell\" ><div id=\"panel-13225-1-3-0\" class=\"so-panel widget widget_sow-editor panel-first-child panel-last-child\" data-index=\"6\" ><div\n\t\t\t\n\t\t\tclass=\"so-widget-sow-editor so-widget-sow-editor-base\"\n\t\t\t\n\t\t>\n<div class=\"siteorigin-widget-tinymce textwidget\">\n\t<p style=\"text-align: center;\"><strong>Version :<\/strong><br \/>\nFran\u00e7aise<\/p>\n<\/div>\n<\/div><\/div><\/div><\/div><div id=\"pg-13225-2\"  class=\"panel-grid panel-no-style\" ><div id=\"pgc-13225-2-0\"  class=\"panel-grid-cell\" ><div id=\"panel-13225-2-0-0\" class=\"so-panel widget widget_sow-editor panel-first-child panel-last-child\" data-index=\"7\" ><div\n\t\t\t\n\t\t\tclass=\"so-widget-sow-editor so-widget-sow-editor-base\"\n\t\t\t\n\t\t>\n<div class=\"siteorigin-widget-tinymce textwidget\">\n\t<hr \/>\n<p><em>La ville d'Echo Ridge : une masse de b\u00e9ton crasseuse o\u00f9 les gangsters sans foi ni loi et les opportunistes sans scrupules s\u00e9vissent en tout impunit\u00e9.<br \/>\nMeurtres. Corruption. Contrebande. Et juste au moment o\u00f9 la tension atteignait son paroxysme...<\/em><\/p>\n<p><em>Hier soir, le tristement c\u00e9l\u00e8bre producteur de films Donny Mureti, le fils du maire, a \u00e9t\u00e9 assassin\u00e9 dans son appartement. Ce n'est un secret pour personne, et surtout pas pour vous qui \u00eates au service de la loi, celui-ci faisait les poches de tous les minables richards d'Echo Ridge. Et maintenant, il est mort. Bon d\u00e9barras, songez-vous.<\/em><\/p>\n<p><em>Le hic, c'est que le maire exige que l'affaire soit boucl\u00e9e avant que la presse ne s'en m\u00eale.<br \/>\nVous avez donc 48 heures avant que tout cella n\u2019explose sur la place publique... et que la guerre des gangs ne reprenne de plus belle !<\/em><\/p>\n<p>&nbsp;<\/p>\n<p>Dans <em>Tiny Epic Crimes, <\/em>les joueurs incarnent des enqu\u00eateurs des forces de l'ordre qui s\u2019efforcent de r\u00e9soudre une affaire de meurtre et de contrecarrer les activit\u00e9s de la p\u00e8gre locale.<br \/>\nVous l'emportez si le meurtrier est correctement identifi\u00e9 \u00e0 la fin du temps imparti ?<\/p>\n<\/div>\n<\/div><\/div><\/div><\/div><div id=\"pg-13225-3\"  class=\"panel-grid panel-no-style\" ><div id=\"pgc-13225-3-0\"  class=\"panel-grid-cell\" ><div id=\"panel-13225-3-0-0\" class=\"so-panel widget widget_sow-editor panel-first-child panel-last-child\" data-index=\"8\" ><div\n\t\t\t\n\t\t\tclass=\"so-widget-sow-editor so-widget-sow-editor-base\"\n\t\t\t\n\t\t>\n<div class=\"siteorigin-widget-tinymce textwidget\">\n\t<hr \/>\n<h3 style=\"text-align: center;\">En vid\u00e9o<\/h3>\n<p><a href=\"https:\/\/www.youtube.com\/watch?v=mkWSZ7SpcrQ&amp;t=1s&amp;ab_channel=RenardLudique\" target=\"_blank\" rel=\"noopener\"><img loading=\"lazy\" decoding=\"async\" class=\"alignnone size-full wp-image-9090\" src=\"https:\/\/meeplendice.net\/wp-content\/uploads\/2022\/01\/Link_CJ_v2.png\" alt=\"\" width=\"200\" height=\"170\" \/><\/a><\/p>\n<\/div>\n<\/div><\/div><\/div><\/div><div id=\"pg-13225-4\"  class=\"panel-grid panel-no-style\" ><div id=\"pgc-13225-4-0\"  class=\"panel-grid-cell\" ><div id=\"panel-13225-4-0-0\" class=\"so-panel widget widget_sow-editor panel-first-child panel-last-child\" data-index=\"9\" ><div\n\t\t\t\n\t\t\tclass=\"so-widget-sow-editor so-widget-sow-editor-base\"\n\t\t\t\n\t\t>\n<div class=\"siteorigin-widget-tinymce textwidget\">\n\t<hr \/>\n<h3 style=\"text-align: center;\">Extension(s)<\/h3>\n<p style=\"text-align: center;\"><style type='text\/css' media='all'>#rt-tpg-container-3019573869 .read-more a{border-radius:px;}#rt-tpg-container-3019573869 .rt-img-holder img.rt-img-responsive,#rt-tpg-container-3019573869 .rt-img-holder,\n\t\t\t\t\t#rt-tpg-container-3019573869 .rt-post-overlay .post-img,\n\t\t\t\t\t#rt-tpg-container-3019573869 .post-sm .post-img,\n\t\t\t\t\t#rt-tpg-container-3019573869 .rt-post-grid .post-img,\n\t\t\t\t\t#rt-tpg-container-3019573869 .post-img img {border-radius:px;}#rt-tpg-container-3019573869 .layout9 .rt-holder h2.entry-title,\n\t\t\t\t\t#rt-tpg-container-3019573869 .layout9 .rt-holder h3.entry-title,\n\t\t\t\t\t#rt-tpg-container-3019573869 .layout9 .rt-holder h4.entry-title,\n\t\t\t\t\t#rt-tpg-container-3019573869 .layout9 .rt-holder h2.entry-title a,\n\t\t\t\t\t#rt-tpg-container-3019573869 .layout9 .rt-holder h3.entry-title a,\n\t\t\t\t\t#rt-tpg-container-3019573869 .layout9 .rt-holder h4.entry-title a,\n\t\t\t\t\t#rt-tpg-container-3019573869 .rt-holder .rt-woo-info h2 a,\n\t\t\t\t\t#rt-tpg-container-3019573869 .rt-holder .rt-woo-info h3 a,\n\t\t\t\t\t#rt-tpg-container-3019573869 .rt-holder .rt-woo-info h4 a,\n\t\t\t\t\t#rt-tpg-container-3019573869 .post-content .post-title,\n\t\t\t\t\t#rt-tpg-container-3019573869 .rt-post-grid .post-title,\n\t\t\t\t\t#rt-tpg-container-3019573869 .rt-post-grid .post-title a,\n\t\t\t\t\t#rt-tpg-container-3019573869 .post-content .post-title a,\n\t\t\t\t\t#rt-tpg-container-3019573869 .rt-holder .rt-woo-info h2,\n\t\t\t\t\t#rt-tpg-container-3019573869 .rt-holder .rt-woo-info h3,\n\t\t\t\t\t#rt-tpg-container-3019573869 .rt-holder .rt-woo-info h4{font-size:16px;line-height:26px;font-weight:normal;text-align:center;}#rt-tpg-container-3019573869 .post-grid-lg-style-1 .post-title,\n\t\t\t\t\t\t#rt-tpg-container-3019573869 .post-grid-lg-style-1 .post-title a,\n\t\t\t\t\t\t#rt-tpg-container-3019573869 .big-layout .post-title,\n\t\t\t\t\t\t#rt-tpg-container-3019573869 .big-layout .post-title a,\n\t\t\t\t\t\t#rt-tpg-container-3019573869 .post-grid-lg-style-1 .post-title,\n\t\t\t\t\t\t#rt-tpg-container-3019573869 .post-grid-lg-style-1 .post-title a {font-size:24px;line-height:34px;}<\/style><div class='rt-container-fluid rt-tpg-container tpg-shortcode-main-wrapper ' id='rt-tpg-container-3019573869'   data-layout='layout9' data-grid-style='masonry' data-desktop-col='3'  data-tab-col='2'  data-mobile-col='1' data-sc-id='13231'><div data-title='Loading ...' class='rt-row rt-content-loader   layout9 tpg-masonry '><div class=\"rt-col-md-4 rt-col-sm-6 rt-col-xs-12 masonry-grid-item rt-grid-item img_zoom_in\" data-id=\"13229\"><div class=\"rt-holder\"><div class='overlay'><a data-id='13229' class=' tpg-single-popup' href='https:\/\/meeplendice.net\/?page_id=13229'><img loading=\"lazy\" decoding=\"async\" width=\"350\" height=\"350\" src=\"https:\/\/meeplendice.net\/wp-content\/uploads\/2025\/01\/TEC_Kingpins.png\" class=\"rt-img-responsive \" alt=\"\" \/><\/a><\/div><div class='post-info'><h3 class=\"entry-title\"><a data-id=\"13229\" class=\" tpg-single-popup\" href=\"https:\/\/meeplendice.net\/?page_id=13229\">Kingpins<\/a><\/h3><div class='post-meta-user '><\/div><\/div><\/div><\/div><\/div><div class='rt-pagination-wrap' data-total-pages='1' data-posts-per-page='3' data-type='pagination_ajax'  ><div class='rt-page-numbers'><\/div><\/div><\/div><\/p>\n<\/div>\n<\/div><\/div><\/div><\/div><div id=\"pg-13225-5\"  class=\"panel-grid panel-no-style\" ><div id=\"pgc-13225-5-0\"  class=\"panel-grid-cell\" ><div id=\"panel-13225-5-0-0\" class=\"so-panel widget widget_sow-editor panel-first-child panel-last-child\" data-index=\"10\" ><div\n\t\t\t\n\t\t\tclass=\"so-widget-sow-editor so-widget-sow-editor-base\"\n\t\t\t\n\t\t>\n<div class=\"siteorigin-widget-tinymce textwidget\">\n\t<hr \/>\n<h3 style=\"text-align: center;\">Pour aller plus loin<\/h3>\n<p style=\"text-align: center;\">\n<\/div>\n<\/div><\/div><\/div><\/div><\/div>","protected":false},"excerpt":{"rendered":"<p>Nombre de joueurs : 1 &#8211; 4 Dur\u00e9e moyenne : 60 min Age : 14 ans et plus Auteur(s) : Scott Almes Illustrations : Nikoletta Vaszi \u00c9dition : Pixie Games 2024 Version : Fran\u00e7aise<\/p>\n","protected":false},"author":2,"featured_media":13046,"parent":0,"menu_order":0,"comment_status":"closed","ping_status":"closed","template":"","meta":{"footnotes":""},"class_list":["post-13225","page","type-page","status-publish","has-post-thumbnail","hentry"],"acf":[],"rttpg_featured_image_url":{"full":["https:\/\/meeplendice.net\/wp-content\/uploads\/2025\/01\/Tinyepiccrimes.png",350,350,false],"landscape":["https:\/\/meeplendice.net\/wp-content\/uploads\/2025\/01\/Tinyepiccrimes.png",350,350,false],"portraits":["https:\/\/meeplendice.net\/wp-content\/uploads\/2025\/01\/Tinyepiccrimes.png",350,350,false],"thumbnail":["https:\/\/meeplendice.net\/wp-content\/uploads\/2025\/01\/Tinyepiccrimes-150x150.png",150,150,true],"medium":["https:\/\/meeplendice.net\/wp-content\/uploads\/2025\/01\/Tinyepiccrimes-300x300.png",300,300,true],"large":["https:\/\/meeplendice.net\/wp-content\/uploads\/2025\/01\/Tinyepiccrimes.png",350,350,false],"ug_big":["https:\/\/meeplendice.net\/wp-content\/uploads\/2025\/01\/Tinyepiccrimes.png",350,350,false],"1536x1536":["https:\/\/meeplendice.net\/wp-content\/uploads\/2025\/01\/Tinyepiccrimes.png",350,350,false],"2048x2048":["https:\/\/meeplendice.net\/wp-content\/uploads\/2025\/01\/Tinyepiccrimes.png",350,350,false],"ashe-slider-grid-thumbnail":["https:\/\/meeplendice.net\/wp-content\/uploads\/2025\/01\/Tinyepiccrimes.png",350,350,false],"ashe-full-thumbnail":["https:\/\/meeplendice.net\/wp-content\/uploads\/2025\/01\/Tinyepiccrimes.png",350,350,false],"ashe-grid-thumbnail":["https:\/\/meeplendice.net\/wp-content\/uploads\/2025\/01\/Tinyepiccrimes-350x330.png",350,330,true],"ashe-list-thumbnail":["https:\/\/meeplendice.net\/wp-content\/uploads\/2025\/01\/Tinyepiccrimes-300x300.png",300,300,true],"ashe-single-navigation":["https:\/\/meeplendice.net\/wp-content\/uploads\/2025\/01\/Tinyepiccrimes-75x75.png",75,75,true],"mailpoet_newsletter_max":["https:\/\/meeplendice.net\/wp-content\/uploads\/2025\/01\/Tinyepiccrimes.png",350,350,false],"rpwe-thumbnail":["https:\/\/meeplendice.net\/wp-content\/uploads\/2025\/01\/Tinyepiccrimes-45x45.png",45,45,true],"sow-carousel-default":["https:\/\/meeplendice.net\/wp-content\/uploads\/2025\/01\/Tinyepiccrimes-272x182.png",272,182,true],"rt_custom":["https:\/\/meeplendice.net\/wp-content\/uploads\/2025\/01\/Tinyepiccrimes.png",350,350,false]},"rttpg_author":{"display_name":"Karnby","author_link":"https:\/\/meeplendice.net\/?author=2"},"rttpg_comment":0,"rttpg_category":null,"rttpg_excerpt":"Nombre de joueurs : 1 - 4 Dur\u00e9e moyenne : 60 min Age : 14 ans et plus Auteur(s) : Scott Almes Illustrations : Nikoletta Vaszi \u00c9dition : Pixie Games 2024 Version : Fran\u00e7aise","_links":{"self":[{"href":"https:\/\/meeplendice.net\/index.php?rest_route=\/wp\/v2\/pages\/13225","targetHints":{"allow":["GET"]}}],"collection":[{"href":"https:\/\/meeplendice.net\/index.php?rest_route=\/wp\/v2\/pages"}],"about":[{"href":"https:\/\/meeplendice.net\/index.php?rest_route=\/wp\/v2\/types\/page"}],"author":[{"embeddable":true,"href":"https:\/\/meeplendice.net\/index.php?rest_route=\/wp\/v2\/users\/2"}],"replies":[{"embeddable":true,"href":"https:\/\/meeplendice.net\/index.php?rest_route=%2Fwp%2Fv2%2Fcomments&post=13225"}],"version-history":[{"count":5,"href":"https:\/\/meeplendice.net\/index.php?rest_route=\/wp\/v2\/pages\/13225\/revisions"}],"predecessor-version":[{"id":13936,"href":"https:\/\/meeplendice.net\/index.php?rest_route=\/wp\/v2\/pages\/13225\/revisions\/13936"}],"wp:featuredmedia":[{"embeddable":true,"href":"https:\/\/meeplendice.net\/index.php?rest_route=\/wp\/v2\/media\/13046"}],"wp:attachment":[{"href":"https:\/\/meeplendice.net\/index.php?rest_route=%2Fwp%2Fv2%2Fmedia&parent=13225"}],"curies":[{"name":"wp","href":"https:\/\/api.w.org\/{rel}","templated":true}]}}