{"id":13229,"date":"2025-01-11T00:48:54","date_gmt":"2025-01-10T22:48:54","guid":{"rendered":"https:\/\/meeplendice.net\/?page_id=13229"},"modified":"2025-01-11T00:48:54","modified_gmt":"2025-01-10T22:48:54","slug":"kingpins","status":"publish","type":"page","link":"https:\/\/meeplendice.net\/?page_id=13229","title":{"rendered":"Kingpins"},"content":{"rendered":"<p>Les criminels s&rsquo;en donnent \u00e0 c\u0153ur joie dans les rues d&rsquo;Echo Ridge, s&rsquo;attaquant all\u00e9grement \u00e0 ses innocents citoyens. Mais ces petits gangs ne font que se disputer les miettes laiss\u00e9es par le Baron du Crime.<\/p>\n<p>Ce despote domine les bas-fonds de la ville. Il tire toutes les ficelles et menace les fondations m\u00eames d&rsquo;Echo Ridge. Vous \u00eates pr\u00eat \u00e0 parier votre insigne que c&rsquo;est le Baron qui a ordonn\u00e9 l&rsquo;assassinat de Mureti.<br \/>\nIl est temps de faire appel \u00e0 la Brigade d&rsquo;Intervention, une unit\u00e9 d&rsquo;\u00e9lite form\u00e9e pour d\u00e9manteler son r\u00e9seau de repaires. Avec votre aide, nous pourrons d\u00e9masquer ces bandits, d\u00e9couvrir qui est le v\u00e9ritable Baron du Crime et le faire tomber.<span id=\"result_box\" class=\"\" lang=\"fr\"><span class=\"\">\u00a0<\/span><\/span><\/p>\n","protected":false},"excerpt":{"rendered":"<p>Les criminels s&rsquo;en donnent \u00e0 c\u0153ur joie dans les rues d&rsquo;Echo Ridge, s&rsquo;attaquant all\u00e9grement \u00e0 ses innocents citoyens. Mais ces petits gangs ne font que se disputer les miettes laiss\u00e9es par le Baron du Crime. Ce despote domine les bas-fonds de la ville. Il tire toutes les ficelles et menace les fondations m\u00eames d&rsquo;Echo Ridge. Vous \u00eates pr\u00eat \u00e0 parier votre insigne que c&rsquo;est le Baron qui a ordonn\u00e9 l&rsquo;assassinat de Mureti. Il est temps de faire appel \u00e0 la Brigade d&rsquo;Intervention, une unit\u00e9 d&rsquo;\u00e9lite form\u00e9e pour d\u00e9manteler son r\u00e9seau de repaires. Avec votre aide, nous pourrons d\u00e9masquer ces bandits, d\u00e9couvrir qui est le v\u00e9ritable Baron du Crime et le faire tomber.\u00a0<\/p>\n","protected":false},"author":2,"featured_media":13065,"parent":13225,"menu_order":1,"comment_status":"closed","ping_status":"closed","template":"","meta":{"footnotes":""},"class_list":["post-13229","page","type-page","status-publish","has-post-thumbnail","hentry"],"acf":[],"rttpg_featured_image_url":{"full":["https:\/\/meeplendice.net\/wp-content\/uploads\/2025\/01\/TEC_Kingpins.png",350,350,false],"landscape":["https:\/\/meeplendice.net\/wp-content\/uploads\/2025\/01\/TEC_Kingpins.png",350,350,false],"portraits":["https:\/\/meeplendice.net\/wp-content\/uploads\/2025\/01\/TEC_Kingpins.png",350,350,false],"thumbnail":["https:\/\/meeplendice.net\/wp-content\/uploads\/2025\/01\/TEC_Kingpins-150x150.png",150,150,true],"medium":["https:\/\/meeplendice.net\/wp-content\/uploads\/2025\/01\/TEC_Kingpins-300x300.png",300,300,true],"large":["https:\/\/meeplendice.net\/wp-content\/uploads\/2025\/01\/TEC_Kingpins.png",350,350,false],"ug_big":["https:\/\/meeplendice.net\/wp-content\/uploads\/2025\/01\/TEC_Kingpins.png",350,350,false],"1536x1536":["https:\/\/meeplendice.net\/wp-content\/uploads\/2025\/01\/TEC_Kingpins.png",350,350,false],"2048x2048":["https:\/\/meeplendice.net\/wp-content\/uploads\/2025\/01\/TEC_Kingpins.png",350,350,false],"ashe-slider-grid-thumbnail":["https:\/\/meeplendice.net\/wp-content\/uploads\/2025\/01\/TEC_Kingpins.png",350,350,false],"ashe-full-thumbnail":["https:\/\/meeplendice.net\/wp-content\/uploads\/2025\/01\/TEC_Kingpins.png",350,350,false],"ashe-grid-thumbnail":["https:\/\/meeplendice.net\/wp-content\/uploads\/2025\/01\/TEC_Kingpins-350x330.png",350,330,true],"ashe-list-thumbnail":["https:\/\/meeplendice.net\/wp-content\/uploads\/2025\/01\/TEC_Kingpins-300x300.png",300,300,true],"ashe-single-navigation":["https:\/\/meeplendice.net\/wp-content\/uploads\/2025\/01\/TEC_Kingpins-75x75.png",75,75,true],"mailpoet_newsletter_max":["https:\/\/meeplendice.net\/wp-content\/uploads\/2025\/01\/TEC_Kingpins.png",350,350,false],"rpwe-thumbnail":["https:\/\/meeplendice.net\/wp-content\/uploads\/2025\/01\/TEC_Kingpins-45x45.png",45,45,true],"sow-carousel-default":["https:\/\/meeplendice.net\/wp-content\/uploads\/2025\/01\/TEC_Kingpins-272x182.png",272,182,true],"rt_custom":["https:\/\/meeplendice.net\/wp-content\/uploads\/2025\/01\/TEC_Kingpins.png",350,350,false]},"rttpg_author":{"display_name":"Karnby","author_link":"https:\/\/meeplendice.net\/?author=2"},"rttpg_comment":0,"rttpg_category":null,"rttpg_excerpt":"Les criminels s&rsquo;en donnent \u00e0 c\u0153ur joie dans les rues d&rsquo;Echo Ridge, s&rsquo;attaquant all\u00e9grement \u00e0 ses innocents citoyens. Mais ces petits gangs ne font que se disputer les miettes laiss\u00e9es par le Baron du Crime. Ce despote domine les bas-fonds de la ville. Il tire toutes les ficelles et menace les fondations m\u00eames d&rsquo;Echo Ridge.\u2026","_links":{"self":[{"href":"https:\/\/meeplendice.net\/index.php?rest_route=\/wp\/v2\/pages\/13229","targetHints":{"allow":["GET"]}}],"collection":[{"href":"https:\/\/meeplendice.net\/index.php?rest_route=\/wp\/v2\/pages"}],"about":[{"href":"https:\/\/meeplendice.net\/index.php?rest_route=\/wp\/v2\/types\/page"}],"author":[{"embeddable":true,"href":"https:\/\/meeplendice.net\/index.php?rest_route=\/wp\/v2\/users\/2"}],"replies":[{"embeddable":true,"href":"https:\/\/meeplendice.net\/index.php?rest_route=%2Fwp%2Fv2%2Fcomments&post=13229"}],"version-history":[{"count":1,"href":"https:\/\/meeplendice.net\/index.php?rest_route=\/wp\/v2\/pages\/13229\/revisions"}],"predecessor-version":[{"id":13230,"href":"https:\/\/meeplendice.net\/index.php?rest_route=\/wp\/v2\/pages\/13229\/revisions\/13230"}],"up":[{"embeddable":true,"href":"https:\/\/meeplendice.net\/index.php?rest_route=\/wp\/v2\/pages\/13225"}],"wp:featuredmedia":[{"embeddable":true,"href":"https:\/\/meeplendice.net\/index.php?rest_route=\/wp\/v2\/media\/13065"}],"wp:attachment":[{"href":"https:\/\/meeplendice.net\/index.php?rest_route=%2Fwp%2Fv2%2Fmedia&parent=13229"}],"curies":[{"name":"wp","href":"https:\/\/api.w.org\/{rel}","templated":true}]}}