{"id":13295,"date":"2025-03-01T23:58:13","date_gmt":"2025-03-01T21:58:13","guid":{"rendered":"https:\/\/meeplendice.net\/?page_id=13295"},"modified":"2025-03-02T00:14:22","modified_gmt":"2025-03-01T22:14:22","slug":"res-arcana-duo","status":"publish","type":"page","link":"https:\/\/meeplendice.net\/?page_id=13295","title":{"rendered":"Res Arcana Duo"},"content":{"rendered":"<div id=\"pl-13295\"  class=\"panel-layout\" ><div id=\"pg-13295-0\"  class=\"panel-grid panel-no-style\" ><div id=\"pgc-13295-0-0\"  class=\"panel-grid-cell\" ><div id=\"panel-13295-0-0-0\" class=\"so-panel widget widget_sow-editor panel-first-child panel-last-child\" data-index=\"0\" ><div\n\t\t\t\n\t\t\tclass=\"so-widget-sow-editor so-widget-sow-editor-base\"\n\t\t\t\n\t\t>\n<div class=\"siteorigin-widget-tinymce textwidget\">\n\t<p style=\"text-align: center;\"><strong>Nombre de joueurs :<\/strong><br \/>\n2 - 2<\/p>\n<\/div>\n<\/div><\/div><\/div><div id=\"pgc-13295-0-1\"  class=\"panel-grid-cell\" ><div id=\"panel-13295-0-1-0\" class=\"so-panel widget widget_sow-editor panel-first-child panel-last-child\" data-index=\"1\" ><div\n\t\t\t\n\t\t\tclass=\"so-widget-sow-editor so-widget-sow-editor-base\"\n\t\t\t\n\t\t>\n<div class=\"siteorigin-widget-tinymce textwidget\">\n\t<p style=\"text-align: center;\"><strong>Dur\u00e9e moyenne :<\/strong><br \/>\n30 min<\/p>\n<\/div>\n<\/div><\/div><\/div><div id=\"pgc-13295-0-2\"  class=\"panel-grid-cell\" ><div id=\"panel-13295-0-2-0\" class=\"so-panel widget widget_sow-editor panel-first-child panel-last-child\" data-index=\"2\" ><div\n\t\t\t\n\t\t\tclass=\"so-widget-sow-editor so-widget-sow-editor-base\"\n\t\t\t\n\t\t>\n<div class=\"siteorigin-widget-tinymce textwidget\">\n\t<p style=\"text-align: center;\"><strong>Age :<\/strong><br \/>\n12 ans et plus<\/p>\n<\/div>\n<\/div><\/div><\/div><\/div><div id=\"pg-13295-1\"  class=\"panel-grid panel-no-style\" ><div id=\"pgc-13295-1-0\"  class=\"panel-grid-cell\" ><div id=\"panel-13295-1-0-0\" class=\"so-panel widget widget_sow-editor panel-first-child panel-last-child\" data-index=\"3\" ><div\n\t\t\t\n\t\t\tclass=\"so-widget-sow-editor so-widget-sow-editor-base\"\n\t\t\t\n\t\t>\n<div class=\"siteorigin-widget-tinymce textwidget\">\n\t<p style=\"text-align: center;\"><strong>Auteur(s) :<br \/>\n<\/strong><span class=\"data-siloing\" title=\"D\u00e9couvrez tous ces jeux\" data-siloing=\"https:\/\/www.philibertnet.com\/fr\/recherche?feature=31&amp;feature_value=Th\u00e9o Riviere\">Tom Lehmann<\/span><\/p>\n<\/div>\n<\/div><\/div><\/div><div id=\"pgc-13295-1-1\"  class=\"panel-grid-cell\" ><div id=\"panel-13295-1-1-0\" class=\"so-panel widget widget_sow-editor panel-first-child panel-last-child\" data-index=\"4\" ><div\n\t\t\t\n\t\t\tclass=\"so-widget-sow-editor so-widget-sow-editor-base\"\n\t\t\t\n\t\t>\n<div class=\"siteorigin-widget-tinymce textwidget\">\n\t<p style=\"text-align: center;\"><strong>Illustrations :<\/strong><br \/>\n<span class=\"data-siloing\" title=\"D\u00e9couvrez tous ces jeux\" data-siloing=\"https:\/\/www.philibertnet.com\/fr\/recherche?feature=41&amp;feature_value=Jiahui Eva Gao\">Julien Delval<\/span><\/p>\n<\/div>\n<\/div><\/div><\/div><div id=\"pgc-13295-1-2\"  class=\"panel-grid-cell\" ><div id=\"panel-13295-1-2-0\" class=\"so-panel widget widget_sow-editor panel-first-child panel-last-child\" data-index=\"5\" ><div\n\t\t\t\n\t\t\tclass=\"so-widget-sow-editor so-widget-sow-editor-base\"\n\t\t\t\n\t\t>\n<div class=\"siteorigin-widget-tinymce textwidget\">\n\t<p style=\"text-align: center;\"><strong>\u00c9dition :<\/strong><br \/>\nSand Castle Games<br \/>\n2024<\/p>\n<\/div>\n<\/div><\/div><\/div><div id=\"pgc-13295-1-3\"  class=\"panel-grid-cell\" ><div id=\"panel-13295-1-3-0\" class=\"so-panel widget widget_sow-editor panel-first-child panel-last-child\" data-index=\"6\" ><div\n\t\t\t\n\t\t\tclass=\"so-widget-sow-editor so-widget-sow-editor-base\"\n\t\t\t\n\t\t>\n<div class=\"siteorigin-widget-tinymce textwidget\">\n\t<p style=\"text-align: center;\"><strong>Version :<\/strong><br \/>\nFran\u00e7aise<\/p>\n<\/div>\n<\/div><\/div><\/div><\/div><div id=\"pg-13295-2\"  class=\"panel-grid panel-no-style\" ><div id=\"pgc-13295-2-0\"  class=\"panel-grid-cell\" ><div id=\"panel-13295-2-0-0\" class=\"so-panel widget widget_sow-editor panel-first-child panel-last-child\" data-index=\"7\" ><div\n\t\t\t\n\t\t\tclass=\"so-widget-sow-editor so-widget-sow-editor-base\"\n\t\t\t\n\t\t>\n<div class=\"siteorigin-widget-tinymce textwidget\">\n\t<hr \/>\n<p><em>A l'\u00e8re de la Renaissance de la magie et de l'alchimie, les mages manient la Vie et la Mort ; la Vigeur, l'essence de la terre, du feu et de la vitalit\u00e9 int\u00e9rieure ; et la S\u00e9r\u00e9nit\u00e9, l'essence du vent et de l'eau.<br \/>\nEn tant que mage alchimiste, chercherez-vous \u00e0 dominer de fabuleux Lieux de Puissance pour leurs r\u00e9serves de magie infinies, ou transformerez-vous les essences en Or pour prendre le contr\u00f4le de monuments anciens, symboles du g\u00e9nie humain ?.<\/em><\/p>\n<p><em><span class=\"style-client-colored-text\">Res Arcana Duo<\/span> <\/em>est \u00e0 la fois une extension pour le jeu <a href=\"https:\/\/meeplendice.net\/?page_id=5020\">Res Arcana<\/a> et un jeu autonome pour deux joueurs qui peut \u00eatre combin\u00e9 avec les extensions <a href=\"https:\/\/meeplendice.net\/?page_id=5460\">Lux et Tenebrae<\/a> et <a href=\"https:\/\/meeplendice.net\/?page_id=8912\">Perlae Imperii<\/a>.<\/p>\n<p>Dans <em><span class=\"style-client-colored-text\">Res Arcana Duo<\/span><\/em>, incarnez un mage et utilisez vos essences arcaniques pour cr\u00e9er d\u2019\u00e9tranges artefacts. Activez leurs pouvoirs, d\u00e9cuplez votre puissance, prenez le contr\u00f4le de dragons et remportez la partie face \u00e0 votre adversaire !<\/p>\n<p>L'exp\u00e9rience de jeu est la m\u00eame que dans le jeu original : la vie, la mort, l'\u00e9lan, le calme et l'or sont les essences qui alimentent l'art de la magie.<br \/>\nChoisissez donc votre mage, rassemblez des essences, fabriquez des artefacts uniques et utilisez-les pour invoquer des dragons, conqu\u00e9rir des lieux de pouvoir... et remporter la victoire !<\/p>\n<\/div>\n<\/div><\/div><\/div><\/div><div id=\"pg-13295-3\"  class=\"panel-grid panel-no-style\" ><div id=\"pgc-13295-3-0\"  class=\"panel-grid-cell\" ><div id=\"panel-13295-3-0-0\" class=\"so-panel widget widget_sow-editor panel-first-child panel-last-child\" data-index=\"8\" ><div\n\t\t\t\n\t\t\tclass=\"so-widget-sow-editor so-widget-sow-editor-base\"\n\t\t\t\n\t\t>\n<div class=\"siteorigin-widget-tinymce textwidget\">\n\t<hr \/>\n<h3 style=\"text-align: center;\">En vid\u00e9o<\/h3>\n<p><a href=\"https:\/\/www.youtube.com\/watch?v=EXfkEpu_8pE\" target=\"_blank\" rel=\"noopener\"><img loading=\"lazy\" decoding=\"async\" class=\"alignnone size-full wp-image-9090\" src=\"https:\/\/meeplendice.net\/wp-content\/uploads\/2022\/01\/Link_CJ_v2.png\" alt=\"\" width=\"200\" height=\"170\" \/><\/a><\/p>\n<\/div>\n<\/div><\/div><\/div><\/div><div id=\"pg-13295-4\"  class=\"panel-grid panel-no-style\" ><div id=\"pgc-13295-4-0\"  class=\"panel-grid-cell\" ><div id=\"panel-13295-4-0-0\" class=\"so-panel widget widget_sow-editor panel-first-child panel-last-child\" data-index=\"9\" ><div\n\t\t\t\n\t\t\tclass=\"so-widget-sow-editor so-widget-sow-editor-base\"\n\t\t\t\n\t\t>\n<div class=\"siteorigin-widget-tinymce textwidget\">\n\t<hr \/>\n<h3 style=\"text-align: center;\">Pour aller plus loin<\/h3>\n<\/div>\n<\/div><\/div><\/div><\/div><\/div>","protected":false},"excerpt":{"rendered":"<p>Nombre de joueurs : 2 &#8211; 2 Dur\u00e9e moyenne : 30 min Age : 12 ans et plus Auteur(s) : Tom Lehmann Illustrations : Julien Delval \u00c9dition : Sand Castle Games 2024 Version : Fran\u00e7aise<\/p>\n","protected":false},"author":2,"featured_media":13290,"parent":0,"menu_order":0,"comment_status":"closed","ping_status":"closed","template":"","meta":{"footnotes":""},"class_list":["post-13295","page","type-page","status-publish","has-post-thumbnail","hentry"],"acf":[],"rttpg_featured_image_url":{"full":["https:\/\/meeplendice.net\/wp-content\/uploads\/2025\/03\/ResArcana_duo.png",350,350,false],"landscape":["https:\/\/meeplendice.net\/wp-content\/uploads\/2025\/03\/ResArcana_duo.png",350,350,false],"portraits":["https:\/\/meeplendice.net\/wp-content\/uploads\/2025\/03\/ResArcana_duo.png",350,350,false],"thumbnail":["https:\/\/meeplendice.net\/wp-content\/uploads\/2025\/03\/ResArcana_duo-150x150.png",150,150,true],"medium":["https:\/\/meeplendice.net\/wp-content\/uploads\/2025\/03\/ResArcana_duo-300x300.png",300,300,true],"large":["https:\/\/meeplendice.net\/wp-content\/uploads\/2025\/03\/ResArcana_duo.png",350,350,false],"ug_big":["https:\/\/meeplendice.net\/wp-content\/uploads\/2025\/03\/ResArcana_duo.png",350,350,false],"1536x1536":["https:\/\/meeplendice.net\/wp-content\/uploads\/2025\/03\/ResArcana_duo.png",350,350,false],"2048x2048":["https:\/\/meeplendice.net\/wp-content\/uploads\/2025\/03\/ResArcana_duo.png",350,350,false],"ashe-slider-grid-thumbnail":["https:\/\/meeplendice.net\/wp-content\/uploads\/2025\/03\/ResArcana_duo.png",350,350,false],"ashe-full-thumbnail":["https:\/\/meeplendice.net\/wp-content\/uploads\/2025\/03\/ResArcana_duo.png",350,350,false],"ashe-grid-thumbnail":["https:\/\/meeplendice.net\/wp-content\/uploads\/2025\/03\/ResArcana_duo-350x330.png",350,330,true],"ashe-list-thumbnail":["https:\/\/meeplendice.net\/wp-content\/uploads\/2025\/03\/ResArcana_duo-300x300.png",300,300,true],"ashe-single-navigation":["https:\/\/meeplendice.net\/wp-content\/uploads\/2025\/03\/ResArcana_duo-75x75.png",75,75,true],"mailpoet_newsletter_max":["https:\/\/meeplendice.net\/wp-content\/uploads\/2025\/03\/ResArcana_duo.png",350,350,false],"rpwe-thumbnail":["https:\/\/meeplendice.net\/wp-content\/uploads\/2025\/03\/ResArcana_duo-45x45.png",45,45,true],"sow-carousel-default":["https:\/\/meeplendice.net\/wp-content\/uploads\/2025\/03\/ResArcana_duo-272x182.png",272,182,true],"rt_custom":["https:\/\/meeplendice.net\/wp-content\/uploads\/2025\/03\/ResArcana_duo.png",350,350,false]},"rttpg_author":{"display_name":"Karnby","author_link":"https:\/\/meeplendice.net\/?author=2"},"rttpg_comment":0,"rttpg_category":null,"rttpg_excerpt":"Nombre de joueurs : 2 - 2 Dur\u00e9e moyenne : 30 min Age : 12 ans et plus Auteur(s) : Tom Lehmann Illustrations : Julien Delval \u00c9dition : Sand Castle Games 2024 Version : Fran\u00e7aise","_links":{"self":[{"href":"https:\/\/meeplendice.net\/index.php?rest_route=\/wp\/v2\/pages\/13295","targetHints":{"allow":["GET"]}}],"collection":[{"href":"https:\/\/meeplendice.net\/index.php?rest_route=\/wp\/v2\/pages"}],"about":[{"href":"https:\/\/meeplendice.net\/index.php?rest_route=\/wp\/v2\/types\/page"}],"author":[{"embeddable":true,"href":"https:\/\/meeplendice.net\/index.php?rest_route=\/wp\/v2\/users\/2"}],"replies":[{"embeddable":true,"href":"https:\/\/meeplendice.net\/index.php?rest_route=%2Fwp%2Fv2%2Fcomments&post=13295"}],"version-history":[{"count":3,"href":"https:\/\/meeplendice.net\/index.php?rest_route=\/wp\/v2\/pages\/13295\/revisions"}],"predecessor-version":[{"id":13299,"href":"https:\/\/meeplendice.net\/index.php?rest_route=\/wp\/v2\/pages\/13295\/revisions\/13299"}],"wp:featuredmedia":[{"embeddable":true,"href":"https:\/\/meeplendice.net\/index.php?rest_route=\/wp\/v2\/media\/13290"}],"wp:attachment":[{"href":"https:\/\/meeplendice.net\/index.php?rest_route=%2Fwp%2Fv2%2Fmedia&parent=13295"}],"curies":[{"name":"wp","href":"https:\/\/api.w.org\/{rel}","templated":true}]}}