{"id":13305,"date":"2025-03-02T00:41:46","date_gmt":"2025-03-01T22:41:46","guid":{"rendered":"https:\/\/meeplendice.net\/?page_id=13305"},"modified":"2025-03-02T00:41:46","modified_gmt":"2025-03-01T22:41:46","slug":"chu-han","status":"publish","type":"page","link":"https:\/\/meeplendice.net\/?page_id=13305","title":{"rendered":"Chu Han"},"content":{"rendered":"<div id=\"pl-13305\"  class=\"panel-layout\" ><div id=\"pg-13305-0\"  class=\"panel-grid panel-no-style\" ><div id=\"pgc-13305-0-0\"  class=\"panel-grid-cell\" ><div id=\"panel-13305-0-0-0\" class=\"so-panel widget widget_sow-editor panel-first-child panel-last-child\" data-index=\"0\" ><div\n\t\t\t\n\t\t\tclass=\"so-widget-sow-editor so-widget-sow-editor-base\"\n\t\t\t\n\t\t>\n<div class=\"siteorigin-widget-tinymce textwidget\">\n\t<p style=\"text-align: center;\"><strong>Nombre de joueurs :<\/strong><br \/>\n2 - 2<\/p>\n<\/div>\n<\/div><\/div><\/div><div id=\"pgc-13305-0-1\"  class=\"panel-grid-cell\" ><div id=\"panel-13305-0-1-0\" class=\"so-panel widget widget_sow-editor panel-first-child panel-last-child\" data-index=\"1\" ><div\n\t\t\t\n\t\t\tclass=\"so-widget-sow-editor so-widget-sow-editor-base\"\n\t\t\t\n\t\t>\n<div class=\"siteorigin-widget-tinymce textwidget\">\n\t<p style=\"text-align: center;\"><strong>Dur\u00e9e moyenne :<\/strong><br \/>\n30 min<\/p>\n<\/div>\n<\/div><\/div><\/div><div id=\"pgc-13305-0-2\"  class=\"panel-grid-cell\" ><div id=\"panel-13305-0-2-0\" class=\"so-panel widget widget_sow-editor panel-first-child panel-last-child\" data-index=\"2\" ><div\n\t\t\t\n\t\t\tclass=\"so-widget-sow-editor so-widget-sow-editor-base\"\n\t\t\t\n\t\t>\n<div class=\"siteorigin-widget-tinymce textwidget\">\n\t<p style=\"text-align: center;\"><strong>Age :<\/strong><br \/>\n14 ans et plus<\/p>\n<\/div>\n<\/div><\/div><\/div><\/div><div id=\"pg-13305-1\"  class=\"panel-grid panel-no-style\" ><div id=\"pgc-13305-1-0\"  class=\"panel-grid-cell\" ><div id=\"panel-13305-1-0-0\" class=\"so-panel widget widget_sow-editor panel-first-child panel-last-child\" data-index=\"3\" ><div\n\t\t\t\n\t\t\tclass=\"so-widget-sow-editor so-widget-sow-editor-base\"\n\t\t\t\n\t\t>\n<div class=\"siteorigin-widget-tinymce textwidget\">\n\t<p style=\"text-align: center;\"><strong>Auteur(s) :<br \/>\n<\/strong><span class=\"data-siloing\" title=\"D\u00e9couvrez tous ces jeux\" data-siloing=\"https:\/\/www.philibertnet.com\/fr\/recherche?feature=31&amp;feature_value=Th\u00e9o Riviere\">Tom Lehmann<\/span><\/p>\n<\/div>\n<\/div><\/div><\/div><div id=\"pgc-13305-1-1\"  class=\"panel-grid-cell\" ><div id=\"panel-13305-1-1-0\" class=\"so-panel widget widget_sow-editor panel-first-child panel-last-child\" data-index=\"4\" ><div\n\t\t\t\n\t\t\tclass=\"so-widget-sow-editor so-widget-sow-editor-base\"\n\t\t\t\n\t\t>\n<div class=\"siteorigin-widget-tinymce textwidget\">\n\t<p style=\"text-align: center;\"><strong>Illustrations :<\/strong><br \/>\n<span class=\"data-siloing\" title=\"D\u00e9couvrez tous ces jeux\" data-siloing=\"https:\/\/www.philibertnet.com\/fr\/recherche?feature=41&amp;feature_value=Jiahui Eva Gao\">Ryan Ferriera<br \/>\nMaxime Erceau<\/span><\/p>\n<\/div>\n<\/div><\/div><\/div><div id=\"pgc-13305-1-2\"  class=\"panel-grid-cell\" ><div id=\"panel-13305-1-2-0\" class=\"so-panel widget widget_sow-editor panel-first-child panel-last-child\" data-index=\"5\" ><div\n\t\t\t\n\t\t\tclass=\"so-widget-sow-editor so-widget-sow-editor-base\"\n\t\t\t\n\t\t>\n<div class=\"siteorigin-widget-tinymce textwidget\">\n\t<p style=\"text-align: center;\"><strong>\u00c9dition :<\/strong><br \/>\nMatagot<br \/>\n2024<\/p>\n<\/div>\n<\/div><\/div><\/div><div id=\"pgc-13305-1-3\"  class=\"panel-grid-cell\" ><div id=\"panel-13305-1-3-0\" class=\"so-panel widget widget_sow-editor panel-first-child panel-last-child\" data-index=\"6\" ><div\n\t\t\t\n\t\t\tclass=\"so-widget-sow-editor so-widget-sow-editor-base\"\n\t\t\t\n\t\t>\n<div class=\"siteorigin-widget-tinymce textwidget\">\n\t<p style=\"text-align: center;\"><strong>Version :<\/strong><br \/>\nFran\u00e7aise<\/p>\n<\/div>\n<\/div><\/div><\/div><\/div><div id=\"pg-13305-2\"  class=\"panel-grid panel-no-style\" ><div id=\"pgc-13305-2-0\"  class=\"panel-grid-cell\" ><div id=\"panel-13305-2-0-0\" class=\"so-panel widget widget_sow-editor panel-first-child panel-last-child\" data-index=\"7\" ><div\n\t\t\t\n\t\t\tclass=\"so-widget-sow-editor so-widget-sow-editor-base\"\n\t\t\t\n\t\t>\n<div class=\"siteorigin-widget-tinymce textwidget\">\n\t<hr \/>\n<p><em>Dans une Chine d\u00e9chir\u00e9e par la guerre, les clans Chu et Han s'affrontent pour la premi\u00e8re dynastie imp\u00e9riale.<\/em><\/p>\n<p><em>Alliances, trahisons et strat\u00e9gies militaires d\u00e9cideront de l'avenir de l'empire.<br \/>\nParviendrez-vous \u00e0 d\u00e9jouer votre rival et \u00e0 forger votre propre destin\u00e9e ?<\/em><\/p>\n<p><em>Chu Han <\/em>est un jeu de cartes qui vous plonge au coeur des intrigues politiques entre les dynasties de la Chine ancienne, prenant place avant et pendant la guerre Chu-Han (de 206 \u00e0 202 av J-C).<br \/>\nDeux clans, les Han et les Chu rivalisent pour \u00e9vincer la faible dynasties des Qin et \u00e9tablir la premi\u00e8re v\u00e9ritable dynastie de Chine. Historiquement, les Chu \u00e9taient en position de sup\u00e9riorit\u00e9, mais les Han ont r\u00e9ussi \u00e0 les vaincre.<\/p>\n<p>Pourrez-vous d\u00e9jouer les plans de votre rival et fonder la nouvelle dynastie ?<\/p>\n<\/div>\n<\/div><\/div><\/div><\/div><div id=\"pg-13305-3\"  class=\"panel-grid panel-no-style\" ><div id=\"pgc-13305-3-0\"  class=\"panel-grid-cell\" ><div id=\"panel-13305-3-0-0\" class=\"so-panel widget widget_sow-editor panel-first-child panel-last-child\" data-index=\"8\" ><div\n\t\t\t\n\t\t\tclass=\"so-widget-sow-editor so-widget-sow-editor-base\"\n\t\t\t\n\t\t>\n<div class=\"siteorigin-widget-tinymce textwidget\">\n\t<hr \/>\n<h3 style=\"text-align: center;\">En vid\u00e9o<\/h3>\n<\/div>\n<\/div><\/div><\/div><\/div><div id=\"pg-13305-4\"  class=\"panel-grid panel-no-style\" ><div id=\"pgc-13305-4-0\"  class=\"panel-grid-cell\" ><div id=\"panel-13305-4-0-0\" class=\"so-panel widget widget_sow-editor panel-first-child panel-last-child\" data-index=\"9\" ><div\n\t\t\t\n\t\t\tclass=\"so-widget-sow-editor so-widget-sow-editor-base\"\n\t\t\t\n\t\t>\n<div class=\"siteorigin-widget-tinymce textwidget\">\n\t<hr \/>\n<h3 style=\"text-align: center;\">Pour aller plus loin<\/h3>\n<\/div>\n<\/div><\/div><\/div><\/div><\/div>","protected":false},"excerpt":{"rendered":"<p>Nombre de joueurs : 2 &#8211; 2 Dur\u00e9e moyenne : 30 min Age : 14 ans et plus Auteur(s) : Tom Lehmann Illustrations : Ryan Ferriera Maxime Erceau \u00c9dition : Matagot 2024 Version : Fran\u00e7aise<\/p>\n","protected":false},"author":2,"featured_media":13293,"parent":0,"menu_order":0,"comment_status":"closed","ping_status":"closed","template":"","meta":{"footnotes":""},"class_list":["post-13305","page","type-page","status-publish","has-post-thumbnail","hentry"],"acf":[],"rttpg_featured_image_url":{"full":["https:\/\/meeplendice.net\/wp-content\/uploads\/2025\/03\/Chu_Han.png",350,350,false],"landscape":["https:\/\/meeplendice.net\/wp-content\/uploads\/2025\/03\/Chu_Han.png",350,350,false],"portraits":["https:\/\/meeplendice.net\/wp-content\/uploads\/2025\/03\/Chu_Han.png",350,350,false],"thumbnail":["https:\/\/meeplendice.net\/wp-content\/uploads\/2025\/03\/Chu_Han-150x150.png",150,150,true],"medium":["https:\/\/meeplendice.net\/wp-content\/uploads\/2025\/03\/Chu_Han-300x300.png",300,300,true],"large":["https:\/\/meeplendice.net\/wp-content\/uploads\/2025\/03\/Chu_Han.png",350,350,false],"ug_big":["https:\/\/meeplendice.net\/wp-content\/uploads\/2025\/03\/Chu_Han.png",350,350,false],"1536x1536":["https:\/\/meeplendice.net\/wp-content\/uploads\/2025\/03\/Chu_Han.png",350,350,false],"2048x2048":["https:\/\/meeplendice.net\/wp-content\/uploads\/2025\/03\/Chu_Han.png",350,350,false],"ashe-slider-grid-thumbnail":["https:\/\/meeplendice.net\/wp-content\/uploads\/2025\/03\/Chu_Han.png",350,350,false],"ashe-full-thumbnail":["https:\/\/meeplendice.net\/wp-content\/uploads\/2025\/03\/Chu_Han.png",350,350,false],"ashe-grid-thumbnail":["https:\/\/meeplendice.net\/wp-content\/uploads\/2025\/03\/Chu_Han-350x330.png",350,330,true],"ashe-list-thumbnail":["https:\/\/meeplendice.net\/wp-content\/uploads\/2025\/03\/Chu_Han-300x300.png",300,300,true],"ashe-single-navigation":["https:\/\/meeplendice.net\/wp-content\/uploads\/2025\/03\/Chu_Han-75x75.png",75,75,true],"mailpoet_newsletter_max":["https:\/\/meeplendice.net\/wp-content\/uploads\/2025\/03\/Chu_Han.png",350,350,false],"rpwe-thumbnail":["https:\/\/meeplendice.net\/wp-content\/uploads\/2025\/03\/Chu_Han-45x45.png",45,45,true],"sow-carousel-default":["https:\/\/meeplendice.net\/wp-content\/uploads\/2025\/03\/Chu_Han-272x182.png",272,182,true],"rt_custom":["https:\/\/meeplendice.net\/wp-content\/uploads\/2025\/03\/Chu_Han.png",350,350,false]},"rttpg_author":{"display_name":"Karnby","author_link":"https:\/\/meeplendice.net\/?author=2"},"rttpg_comment":0,"rttpg_category":null,"rttpg_excerpt":"Nombre de joueurs : 2 - 2 Dur\u00e9e moyenne : 30 min Age : 14 ans et plus Auteur(s) : Tom Lehmann Illustrations : Ryan Ferriera Maxime Erceau \u00c9dition : Matagot 2024 Version : Fran\u00e7aise","_links":{"self":[{"href":"https:\/\/meeplendice.net\/index.php?rest_route=\/wp\/v2\/pages\/13305","targetHints":{"allow":["GET"]}}],"collection":[{"href":"https:\/\/meeplendice.net\/index.php?rest_route=\/wp\/v2\/pages"}],"about":[{"href":"https:\/\/meeplendice.net\/index.php?rest_route=\/wp\/v2\/types\/page"}],"author":[{"embeddable":true,"href":"https:\/\/meeplendice.net\/index.php?rest_route=\/wp\/v2\/users\/2"}],"replies":[{"embeddable":true,"href":"https:\/\/meeplendice.net\/index.php?rest_route=%2Fwp%2Fv2%2Fcomments&post=13305"}],"version-history":[{"count":1,"href":"https:\/\/meeplendice.net\/index.php?rest_route=\/wp\/v2\/pages\/13305\/revisions"}],"predecessor-version":[{"id":13306,"href":"https:\/\/meeplendice.net\/index.php?rest_route=\/wp\/v2\/pages\/13305\/revisions\/13306"}],"wp:featuredmedia":[{"embeddable":true,"href":"https:\/\/meeplendice.net\/index.php?rest_route=\/wp\/v2\/media\/13293"}],"wp:attachment":[{"href":"https:\/\/meeplendice.net\/index.php?rest_route=%2Fwp%2Fv2%2Fmedia&parent=13305"}],"curies":[{"name":"wp","href":"https:\/\/api.w.org\/{rel}","templated":true}]}}