{"id":13308,"date":"2025-03-02T01:05:01","date_gmt":"2025-03-01T23:05:01","guid":{"rendered":"https:\/\/meeplendice.net\/?page_id=13308"},"modified":"2025-03-02T01:05:01","modified_gmt":"2025-03-01T23:05:01","slug":"the-shadow-theater-la-legende-du-roi-singe","status":"publish","type":"page","link":"https:\/\/meeplendice.net\/?page_id=13308","title":{"rendered":"The Shadow Theater &#8211; La L\u00e9gende du Roi Singe"},"content":{"rendered":"<div id=\"pl-13308\"  class=\"panel-layout\" ><div id=\"pg-13308-0\"  class=\"panel-grid panel-no-style\" ><div id=\"pgc-13308-0-0\"  class=\"panel-grid-cell\" ><div id=\"panel-13308-0-0-0\" class=\"so-panel widget widget_sow-editor panel-first-child panel-last-child\" data-index=\"0\" ><div\n\t\t\t\n\t\t\tclass=\"so-widget-sow-editor so-widget-sow-editor-base\"\n\t\t\t\n\t\t>\n<div class=\"siteorigin-widget-tinymce textwidget\">\n\t<p style=\"text-align: center;\"><strong>Nombre de joueurs :<\/strong><br \/>\n2 - 2<\/p>\n<\/div>\n<\/div><\/div><\/div><div id=\"pgc-13308-0-1\"  class=\"panel-grid-cell\" ><div id=\"panel-13308-0-1-0\" class=\"so-panel widget widget_sow-editor panel-first-child panel-last-child\" data-index=\"1\" ><div\n\t\t\t\n\t\t\tclass=\"so-widget-sow-editor so-widget-sow-editor-base\"\n\t\t\t\n\t\t>\n<div class=\"siteorigin-widget-tinymce textwidget\">\n\t<p style=\"text-align: center;\"><strong>Dur\u00e9e moyenne :<\/strong><br \/>\n20 min<\/p>\n<\/div>\n<\/div><\/div><\/div><div id=\"pgc-13308-0-2\"  class=\"panel-grid-cell\" ><div id=\"panel-13308-0-2-0\" class=\"so-panel widget widget_sow-editor panel-first-child panel-last-child\" data-index=\"2\" ><div\n\t\t\t\n\t\t\tclass=\"so-widget-sow-editor so-widget-sow-editor-base\"\n\t\t\t\n\t\t>\n<div class=\"siteorigin-widget-tinymce textwidget\">\n\t<p style=\"text-align: center;\"><strong>Age :<\/strong><br \/>\n10 ans et plus<\/p>\n<\/div>\n<\/div><\/div><\/div><\/div><div id=\"pg-13308-1\"  class=\"panel-grid panel-no-style\" ><div id=\"pgc-13308-1-0\"  class=\"panel-grid-cell\" ><div id=\"panel-13308-1-0-0\" class=\"so-panel widget widget_sow-editor panel-first-child panel-last-child\" data-index=\"3\" ><div\n\t\t\t\n\t\t\tclass=\"so-widget-sow-editor so-widget-sow-editor-base\"\n\t\t\t\n\t\t>\n<div class=\"siteorigin-widget-tinymce textwidget\">\n\t<p style=\"text-align: center;\"><strong>Auteur(s) :<br \/>\n<\/strong><span class=\"data-siloing\" title=\"D\u00e9couvrez tous ces jeux\" data-siloing=\"https:\/\/www.philibertnet.com\/fr\/recherche?feature=31&amp;feature_value=Florian Sirieix\">Florian Sirieix<\/span><br \/>\n<span class=\"data-siloing\" title=\"Voir tous les jeux\" data-siloing=\"https:\/\/www.philibertnet.com\/fr\/recherche?feature=31&amp;feature_value=C\u00e9dric Lefebvre\">C\u00e9dric Lefebvre<\/span><\/p>\n<\/div>\n<\/div><\/div><\/div><div id=\"pgc-13308-1-1\"  class=\"panel-grid-cell\" ><div id=\"panel-13308-1-1-0\" class=\"so-panel widget widget_sow-editor panel-first-child panel-last-child\" data-index=\"4\" ><div\n\t\t\t\n\t\t\tclass=\"so-widget-sow-editor so-widget-sow-editor-base\"\n\t\t\t\n\t\t>\n<div class=\"siteorigin-widget-tinymce textwidget\">\n\t<p style=\"text-align: center;\"><strong>Illustrations :<\/strong><br \/>\n<span class=\"data-siloing\" title=\"D\u00e9couvrez tous ces jeux\" data-siloing=\"https:\/\/www.philibertnet.com\/fr\/recherche?feature=41&amp;feature_value=Jiahui Eva Gao\">Julien Rico<\/span><\/p>\n<\/div>\n<\/div><\/div><\/div><div id=\"pgc-13308-1-2\"  class=\"panel-grid-cell\" ><div id=\"panel-13308-1-2-0\" class=\"so-panel widget widget_sow-editor panel-first-child panel-last-child\" data-index=\"5\" ><div\n\t\t\t\n\t\t\tclass=\"so-widget-sow-editor so-widget-sow-editor-base\"\n\t\t\t\n\t\t>\n<div class=\"siteorigin-widget-tinymce textwidget\">\n\t<p style=\"text-align: center;\"><strong>\u00c9dition :<\/strong><br \/>\nSpace Cowboys<br \/>\n2025<\/p>\n<\/div>\n<\/div><\/div><\/div><div id=\"pgc-13308-1-3\"  class=\"panel-grid-cell\" ><div id=\"panel-13308-1-3-0\" class=\"so-panel widget widget_sow-editor panel-first-child panel-last-child\" data-index=\"6\" ><div\n\t\t\t\n\t\t\tclass=\"so-widget-sow-editor so-widget-sow-editor-base\"\n\t\t\t\n\t\t>\n<div class=\"siteorigin-widget-tinymce textwidget\">\n\t<p style=\"text-align: center;\"><strong>Version :<\/strong><br \/>\nFran\u00e7aise<\/p>\n<\/div>\n<\/div><\/div><\/div><\/div><div id=\"pg-13308-2\"  class=\"panel-grid panel-no-style\" ><div id=\"pgc-13308-2-0\"  class=\"panel-grid-cell\" ><div id=\"panel-13308-2-0-0\" class=\"so-panel widget widget_sow-editor panel-first-child panel-last-child\" data-index=\"7\" ><div\n\t\t\t\n\t\t\tclass=\"so-widget-sow-editor so-widget-sow-editor-base\"\n\t\t\t\n\t\t>\n<div class=\"siteorigin-widget-tinymce textwidget\">\n\t<hr \/>\n<p><em>Le rideau se l\u00e8ve sur un oeuf de pierre dont jaillit un singe.<br \/>\nDevenu Roi sous le nom de Sun Wukong, il fait un long voyage en Occident pour d\u00e9couvrir le secret de l'immortalit\u00e9.<\/em><\/p>\n<p>Dans <em><span class=\"style-client-colored-text\">The Shadow Theater - La L\u00e9gende du Roi Singe<\/span><\/em>, d\u00e9ployez vos singes, r\u00e9coltez les doux fruits de la vie \u00e9ternelle, amassez des pierres de jade et devenez une l\u00e9gende ! Pour gagner, vous devez jouer de mani\u00e8re tactique et saisir votre chance. Pour vous aider, vous pouvez obtenir quelques avantages avec les puissantes armes du dragon. \u00cates-vous pr\u00eat \u00e0 plonger dans une l\u00e9gende ancienne ?<\/p>\n<p>Plongez dans la l\u00e9gende du Roi Singe dans un duel strat\u00e9gique rempli de ruse et de d\u00e9fis !<\/p>\n<\/div>\n<\/div><\/div><\/div><\/div><div id=\"pg-13308-3\"  class=\"panel-grid panel-no-style\" ><div id=\"pgc-13308-3-0\"  class=\"panel-grid-cell\" ><div id=\"panel-13308-3-0-0\" class=\"so-panel widget widget_sow-editor panel-first-child panel-last-child\" data-index=\"8\" ><div\n\t\t\t\n\t\t\tclass=\"so-widget-sow-editor so-widget-sow-editor-base\"\n\t\t\t\n\t\t>\n<div class=\"siteorigin-widget-tinymce textwidget\">\n\t<hr \/>\n<h3 style=\"text-align: center;\">En vid\u00e9o<\/h3>\n<p><a href=\"https:\/\/www.youtube.com\/watch?v=USQdVeAHUYY\" target=\"_blank\" rel=\"noopener\"><img loading=\"lazy\" decoding=\"async\" class=\"alignnone size-full wp-image-9090\" src=\"https:\/\/meeplendice.net\/wp-content\/uploads\/2022\/01\/Link_CJ_v2.png\" alt=\"\" width=\"200\" height=\"170\" \/><\/a><\/p>\n<\/div>\n<\/div><\/div><\/div><\/div><div id=\"pg-13308-4\"  class=\"panel-grid panel-no-style\" ><div id=\"pgc-13308-4-0\"  class=\"panel-grid-cell\" ><div id=\"panel-13308-4-0-0\" class=\"so-panel widget widget_sow-editor panel-first-child panel-last-child\" data-index=\"9\" ><div\n\t\t\t\n\t\t\tclass=\"so-widget-sow-editor so-widget-sow-editor-base\"\n\t\t\t\n\t\t>\n<div class=\"siteorigin-widget-tinymce textwidget\">\n\t<hr \/>\n<h3 style=\"text-align: center;\">Pour aller plus loin<\/h3>\n<\/div>\n<\/div><\/div><\/div><\/div><\/div>","protected":false},"excerpt":{"rendered":"<p>Nombre de joueurs : 2 &#8211; 2 Dur\u00e9e moyenne : 20 min Age : 10 ans et plus Auteur(s) : Florian Sirieix C\u00e9dric Lefebvre Illustrations : Julien Rico \u00c9dition : Space Cowboys 2025 Version : Fran\u00e7aise<\/p>\n","protected":false},"author":2,"featured_media":13288,"parent":0,"menu_order":0,"comment_status":"closed","ping_status":"closed","template":"","meta":{"footnotes":""},"class_list":["post-13308","page","type-page","status-publish","has-post-thumbnail","hentry"],"acf":[],"rttpg_featured_image_url":{"full":["https:\/\/meeplendice.net\/wp-content\/uploads\/2025\/03\/Shadow_Theater_Roi_Singe.png",350,350,false],"landscape":["https:\/\/meeplendice.net\/wp-content\/uploads\/2025\/03\/Shadow_Theater_Roi_Singe.png",350,350,false],"portraits":["https:\/\/meeplendice.net\/wp-content\/uploads\/2025\/03\/Shadow_Theater_Roi_Singe.png",350,350,false],"thumbnail":["https:\/\/meeplendice.net\/wp-content\/uploads\/2025\/03\/Shadow_Theater_Roi_Singe-150x150.png",150,150,true],"medium":["https:\/\/meeplendice.net\/wp-content\/uploads\/2025\/03\/Shadow_Theater_Roi_Singe-300x300.png",300,300,true],"large":["https:\/\/meeplendice.net\/wp-content\/uploads\/2025\/03\/Shadow_Theater_Roi_Singe.png",350,350,false],"ug_big":["https:\/\/meeplendice.net\/wp-content\/uploads\/2025\/03\/Shadow_Theater_Roi_Singe.png",350,350,false],"1536x1536":["https:\/\/meeplendice.net\/wp-content\/uploads\/2025\/03\/Shadow_Theater_Roi_Singe.png",350,350,false],"2048x2048":["https:\/\/meeplendice.net\/wp-content\/uploads\/2025\/03\/Shadow_Theater_Roi_Singe.png",350,350,false],"ashe-slider-grid-thumbnail":["https:\/\/meeplendice.net\/wp-content\/uploads\/2025\/03\/Shadow_Theater_Roi_Singe.png",350,350,false],"ashe-full-thumbnail":["https:\/\/meeplendice.net\/wp-content\/uploads\/2025\/03\/Shadow_Theater_Roi_Singe.png",350,350,false],"ashe-grid-thumbnail":["https:\/\/meeplendice.net\/wp-content\/uploads\/2025\/03\/Shadow_Theater_Roi_Singe-350x330.png",350,330,true],"ashe-list-thumbnail":["https:\/\/meeplendice.net\/wp-content\/uploads\/2025\/03\/Shadow_Theater_Roi_Singe-300x300.png",300,300,true],"ashe-single-navigation":["https:\/\/meeplendice.net\/wp-content\/uploads\/2025\/03\/Shadow_Theater_Roi_Singe-75x75.png",75,75,true],"mailpoet_newsletter_max":["https:\/\/meeplendice.net\/wp-content\/uploads\/2025\/03\/Shadow_Theater_Roi_Singe.png",350,350,false],"rpwe-thumbnail":["https:\/\/meeplendice.net\/wp-content\/uploads\/2025\/03\/Shadow_Theater_Roi_Singe-45x45.png",45,45,true],"sow-carousel-default":["https:\/\/meeplendice.net\/wp-content\/uploads\/2025\/03\/Shadow_Theater_Roi_Singe-272x182.png",272,182,true],"rt_custom":["https:\/\/meeplendice.net\/wp-content\/uploads\/2025\/03\/Shadow_Theater_Roi_Singe.png",350,350,false]},"rttpg_author":{"display_name":"Karnby","author_link":"https:\/\/meeplendice.net\/?author=2"},"rttpg_comment":0,"rttpg_category":null,"rttpg_excerpt":"Nombre de joueurs : 2 - 2 Dur\u00e9e moyenne : 20 min Age : 10 ans et plus Auteur(s) : Florian Sirieix C\u00e9dric Lefebvre Illustrations : Julien Rico \u00c9dition : Space Cowboys 2025 Version : Fran\u00e7aise","_links":{"self":[{"href":"https:\/\/meeplendice.net\/index.php?rest_route=\/wp\/v2\/pages\/13308","targetHints":{"allow":["GET"]}}],"collection":[{"href":"https:\/\/meeplendice.net\/index.php?rest_route=\/wp\/v2\/pages"}],"about":[{"href":"https:\/\/meeplendice.net\/index.php?rest_route=\/wp\/v2\/types\/page"}],"author":[{"embeddable":true,"href":"https:\/\/meeplendice.net\/index.php?rest_route=\/wp\/v2\/users\/2"}],"replies":[{"embeddable":true,"href":"https:\/\/meeplendice.net\/index.php?rest_route=%2Fwp%2Fv2%2Fcomments&post=13308"}],"version-history":[{"count":1,"href":"https:\/\/meeplendice.net\/index.php?rest_route=\/wp\/v2\/pages\/13308\/revisions"}],"predecessor-version":[{"id":13309,"href":"https:\/\/meeplendice.net\/index.php?rest_route=\/wp\/v2\/pages\/13308\/revisions\/13309"}],"wp:featuredmedia":[{"embeddable":true,"href":"https:\/\/meeplendice.net\/index.php?rest_route=\/wp\/v2\/media\/13288"}],"wp:attachment":[{"href":"https:\/\/meeplendice.net\/index.php?rest_route=%2Fwp%2Fv2%2Fmedia&parent=13308"}],"curies":[{"name":"wp","href":"https:\/\/api.w.org\/{rel}","templated":true}]}}