{"id":13326,"date":"2025-03-02T15:27:56","date_gmt":"2025-03-02T13:27:56","guid":{"rendered":"https:\/\/meeplendice.net\/?page_id=13326"},"modified":"2025-03-02T15:38:03","modified_gmt":"2025-03-02T13:38:03","slug":"for-a-crown","status":"publish","type":"page","link":"https:\/\/meeplendice.net\/?page_id=13326","title":{"rendered":"For a Crown"},"content":{"rendered":"<div id=\"pl-13326\"  class=\"panel-layout\" ><div id=\"pg-13326-0\"  class=\"panel-grid panel-no-style\" ><div id=\"pgc-13326-0-0\"  class=\"panel-grid-cell\" ><div id=\"panel-13326-0-0-0\" class=\"so-panel widget widget_sow-editor panel-first-child panel-last-child\" data-index=\"0\" ><div\n\t\t\t\n\t\t\tclass=\"so-widget-sow-editor so-widget-sow-editor-base\"\n\t\t\t\n\t\t>\n<div class=\"siteorigin-widget-tinymce textwidget\">\n\t<p style=\"text-align: center;\"><strong>Nombre de joueurs :<\/strong><br \/>\n3 - 5<\/p>\n<\/div>\n<\/div><\/div><\/div><div id=\"pgc-13326-0-1\"  class=\"panel-grid-cell\" ><div id=\"panel-13326-0-1-0\" class=\"so-panel widget widget_sow-editor panel-first-child panel-last-child\" data-index=\"1\" ><div\n\t\t\t\n\t\t\tclass=\"so-widget-sow-editor so-widget-sow-editor-base\"\n\t\t\t\n\t\t>\n<div class=\"siteorigin-widget-tinymce textwidget\">\n\t<p style=\"text-align: center;\"><strong>Dur\u00e9e moyenne :<\/strong><br \/>\n30 min<\/p>\n<\/div>\n<\/div><\/div><\/div><div id=\"pgc-13326-0-2\"  class=\"panel-grid-cell\" ><div id=\"panel-13326-0-2-0\" class=\"so-panel widget widget_sow-editor panel-first-child panel-last-child\" data-index=\"2\" ><div\n\t\t\t\n\t\t\tclass=\"so-widget-sow-editor so-widget-sow-editor-base\"\n\t\t\t\n\t\t>\n<div class=\"siteorigin-widget-tinymce textwidget\">\n\t<p style=\"text-align: center;\"><strong>Age :<\/strong><br \/>\n8 ans et plus<\/p>\n<\/div>\n<\/div><\/div><\/div><\/div><div id=\"pg-13326-1\"  class=\"panel-grid panel-no-style\" ><div id=\"pgc-13326-1-0\"  class=\"panel-grid-cell\" ><div id=\"panel-13326-1-0-0\" class=\"so-panel widget widget_sow-editor panel-first-child panel-last-child\" data-index=\"3\" ><div\n\t\t\t\n\t\t\tclass=\"so-widget-sow-editor so-widget-sow-editor-base\"\n\t\t\t\n\t\t>\n<div class=\"siteorigin-widget-tinymce textwidget\">\n\t<p style=\"text-align: center;\"><strong>Auteur(s) :<br \/>\n<\/strong>Maxime Rambourg<\/p>\n<\/div>\n<\/div><\/div><\/div><div id=\"pgc-13326-1-1\"  class=\"panel-grid-cell\" ><div id=\"panel-13326-1-1-0\" class=\"so-panel widget widget_sow-editor panel-first-child panel-last-child\" data-index=\"4\" ><div\n\t\t\t\n\t\t\tclass=\"so-widget-sow-editor so-widget-sow-editor-base\"\n\t\t\t\n\t\t>\n<div class=\"siteorigin-widget-tinymce textwidget\">\n\t<p style=\"text-align: center;\"><strong>Illustrations :<\/strong><br \/>\nPaul Mafayon<\/p>\n<\/div>\n<\/div><\/div><\/div><div id=\"pgc-13326-1-2\"  class=\"panel-grid-cell\" ><div id=\"panel-13326-1-2-0\" class=\"so-panel widget widget_sow-editor panel-first-child panel-last-child\" data-index=\"5\" ><div\n\t\t\t\n\t\t\tclass=\"so-widget-sow-editor so-widget-sow-editor-base\"\n\t\t\t\n\t\t>\n<div class=\"siteorigin-widget-tinymce textwidget\">\n\t<p style=\"text-align: center;\"><strong>\u00c9dition :<\/strong><br \/>\nRepos Productions<br \/>\n2025<\/p>\n<\/div>\n<\/div><\/div><\/div><div id=\"pgc-13326-1-3\"  class=\"panel-grid-cell\" ><div id=\"panel-13326-1-3-0\" class=\"so-panel widget widget_sow-editor panel-first-child panel-last-child\" data-index=\"6\" ><div\n\t\t\t\n\t\t\tclass=\"so-widget-sow-editor so-widget-sow-editor-base\"\n\t\t\t\n\t\t>\n<div class=\"siteorigin-widget-tinymce textwidget\">\n\t<p style=\"text-align: center;\"><strong>Version :<\/strong><br \/>\nFran\u00e7aise<\/p>\n<\/div>\n<\/div><\/div><\/div><\/div><div id=\"pg-13326-2\"  class=\"panel-grid panel-no-style\" ><div id=\"pgc-13326-2-0\"  class=\"panel-grid-cell\" ><div id=\"panel-13326-2-0-0\" class=\"so-panel widget widget_sow-editor panel-first-child panel-last-child\" data-index=\"7\" ><div\n\t\t\t\n\t\t\tclass=\"so-widget-sow-editor so-widget-sow-editor-base\"\n\t\t\t\n\t\t>\n<div class=\"siteorigin-widget-tinymce textwidget\">\n\t<hr \/>\n<p><em>En guerre depuis toujours, vos familles ont d\u00e9cid\u00e9 qu'il \u00e9tait temps de se r\u00e9unir en un unique royaume. Mais qui portera la premi\u00e8re couronne ?<br \/>\nLa concurrence sera rude, jusqu'o\u00f9 irez-vous pour acc\u00e9der au tr\u00f4ne ?.<\/em><\/p>\n<p>Dans <em>For a Crown<\/em>, au cours de 4 manches, recrutez des Mercenaires, envoyez les Ratons Voleurs chez vos rivaux, augmentez votre influence ou usez d'un brin de magie, pour faire perdre des Rubis \u00e0 vos adversaires et vous faire couronner \u00e0 l'issue de cette bataille royale !<\/p>\n<p><em> For a Crown<\/em> est un jeu avec des m\u00e9caniques tr\u00e8s originales dans lequel la ruse, la trahison et le choix du moment parfait sont la cl\u00e9.<\/p>\n<\/div>\n<\/div><\/div><\/div><\/div><div id=\"pg-13326-3\"  class=\"panel-grid panel-no-style\" ><div id=\"pgc-13326-3-0\"  class=\"panel-grid-cell\" ><div id=\"panel-13326-3-0-0\" class=\"so-panel widget widget_sow-editor panel-first-child panel-last-child\" data-index=\"8\" ><div\n\t\t\t\n\t\t\tclass=\"so-widget-sow-editor so-widget-sow-editor-base\"\n\t\t\t\n\t\t>\n<div class=\"siteorigin-widget-tinymce textwidget\">\n\t<hr \/>\n<h3 style=\"text-align: center;\">En vid\u00e9o<\/h3>\n<p><a href=\"https:\/\/www.rprod.com\/fr\/for-a-crown\/video\" target=\"_blank\" rel=\"noopener\"><img loading=\"lazy\" decoding=\"async\" class=\"alignnone size-full wp-image-9090\" src=\"https:\/\/meeplendice.net\/wp-content\/uploads\/2022\/01\/Link_CJ_v2.png\" alt=\"\" width=\"200\" height=\"170\" \/><\/a><\/p>\n<\/div>\n<\/div><\/div><\/div><\/div><div id=\"pg-13326-4\"  class=\"panel-grid panel-no-style\" ><div id=\"pgc-13326-4-0\"  class=\"panel-grid-cell\" ><div id=\"panel-13326-4-0-0\" class=\"so-panel widget widget_sow-editor panel-first-child panel-last-child\" data-index=\"9\" ><div\n\t\t\t\n\t\t\tclass=\"so-widget-sow-editor so-widget-sow-editor-base\"\n\t\t\t\n\t\t>\n<div class=\"siteorigin-widget-tinymce textwidget\">\n\t<hr \/>\n<h3 style=\"text-align: center;\">Pour aller plus loin<\/h3>\n<\/div>\n<\/div><\/div><\/div><\/div><\/div>","protected":false},"excerpt":{"rendered":"<p>Nombre de joueurs : 3 &#8211; 5 Dur\u00e9e moyenne : 30 min Age : 8 ans et plus Auteur(s) : Maxime Rambourg Illustrations : Paul Mafayon \u00c9dition : Repos Productions 2025 Version : Fran\u00e7aise<\/p>\n","protected":false},"author":2,"featured_media":13287,"parent":0,"menu_order":0,"comment_status":"closed","ping_status":"closed","template":"","meta":{"footnotes":""},"class_list":["post-13326","page","type-page","status-publish","has-post-thumbnail","hentry"],"acf":[],"rttpg_featured_image_url":{"full":["https:\/\/meeplendice.net\/wp-content\/uploads\/2025\/03\/For_a_Crown.png",350,350,false],"landscape":["https:\/\/meeplendice.net\/wp-content\/uploads\/2025\/03\/For_a_Crown.png",350,350,false],"portraits":["https:\/\/meeplendice.net\/wp-content\/uploads\/2025\/03\/For_a_Crown.png",350,350,false],"thumbnail":["https:\/\/meeplendice.net\/wp-content\/uploads\/2025\/03\/For_a_Crown-150x150.png",150,150,true],"medium":["https:\/\/meeplendice.net\/wp-content\/uploads\/2025\/03\/For_a_Crown-300x300.png",300,300,true],"large":["https:\/\/meeplendice.net\/wp-content\/uploads\/2025\/03\/For_a_Crown.png",350,350,false],"ug_big":["https:\/\/meeplendice.net\/wp-content\/uploads\/2025\/03\/For_a_Crown.png",350,350,false],"1536x1536":["https:\/\/meeplendice.net\/wp-content\/uploads\/2025\/03\/For_a_Crown.png",350,350,false],"2048x2048":["https:\/\/meeplendice.net\/wp-content\/uploads\/2025\/03\/For_a_Crown.png",350,350,false],"ashe-slider-grid-thumbnail":["https:\/\/meeplendice.net\/wp-content\/uploads\/2025\/03\/For_a_Crown.png",350,350,false],"ashe-full-thumbnail":["https:\/\/meeplendice.net\/wp-content\/uploads\/2025\/03\/For_a_Crown.png",350,350,false],"ashe-grid-thumbnail":["https:\/\/meeplendice.net\/wp-content\/uploads\/2025\/03\/For_a_Crown-350x330.png",350,330,true],"ashe-list-thumbnail":["https:\/\/meeplendice.net\/wp-content\/uploads\/2025\/03\/For_a_Crown-300x300.png",300,300,true],"ashe-single-navigation":["https:\/\/meeplendice.net\/wp-content\/uploads\/2025\/03\/For_a_Crown-75x75.png",75,75,true],"mailpoet_newsletter_max":["https:\/\/meeplendice.net\/wp-content\/uploads\/2025\/03\/For_a_Crown.png",350,350,false],"rpwe-thumbnail":["https:\/\/meeplendice.net\/wp-content\/uploads\/2025\/03\/For_a_Crown-45x45.png",45,45,true],"sow-carousel-default":["https:\/\/meeplendice.net\/wp-content\/uploads\/2025\/03\/For_a_Crown-272x182.png",272,182,true],"rt_custom":["https:\/\/meeplendice.net\/wp-content\/uploads\/2025\/03\/For_a_Crown.png",350,350,false]},"rttpg_author":{"display_name":"Karnby","author_link":"https:\/\/meeplendice.net\/?author=2"},"rttpg_comment":0,"rttpg_category":null,"rttpg_excerpt":"Nombre de joueurs : 3 - 5 Dur\u00e9e moyenne : 30 min Age : 8 ans et plus Auteur(s) : Maxime Rambourg Illustrations : Paul Mafayon \u00c9dition : Repos Productions 2025 Version : Fran\u00e7aise","_links":{"self":[{"href":"https:\/\/meeplendice.net\/index.php?rest_route=\/wp\/v2\/pages\/13326","targetHints":{"allow":["GET"]}}],"collection":[{"href":"https:\/\/meeplendice.net\/index.php?rest_route=\/wp\/v2\/pages"}],"about":[{"href":"https:\/\/meeplendice.net\/index.php?rest_route=\/wp\/v2\/types\/page"}],"author":[{"embeddable":true,"href":"https:\/\/meeplendice.net\/index.php?rest_route=\/wp\/v2\/users\/2"}],"replies":[{"embeddable":true,"href":"https:\/\/meeplendice.net\/index.php?rest_route=%2Fwp%2Fv2%2Fcomments&post=13326"}],"version-history":[{"count":3,"href":"https:\/\/meeplendice.net\/index.php?rest_route=\/wp\/v2\/pages\/13326\/revisions"}],"predecessor-version":[{"id":13330,"href":"https:\/\/meeplendice.net\/index.php?rest_route=\/wp\/v2\/pages\/13326\/revisions\/13330"}],"wp:featuredmedia":[{"embeddable":true,"href":"https:\/\/meeplendice.net\/index.php?rest_route=\/wp\/v2\/media\/13287"}],"wp:attachment":[{"href":"https:\/\/meeplendice.net\/index.php?rest_route=%2Fwp%2Fv2%2Fmedia&parent=13326"}],"curies":[{"name":"wp","href":"https:\/\/api.w.org\/{rel}","templated":true}]}}