{"id":13327,"date":"2025-03-02T15:48:23","date_gmt":"2025-03-02T13:48:23","guid":{"rendered":"https:\/\/meeplendice.net\/?page_id=13327"},"modified":"2025-03-02T15:54:04","modified_gmt":"2025-03-02T13:54:04","slug":"neta-tanka-version-kse","status":"publish","type":"page","link":"https:\/\/meeplendice.net\/?page_id=13327","title":{"rendered":"Neta-Tanka &#8211; version KSE"},"content":{"rendered":"<div id=\"pl-13327\"  class=\"panel-layout\" ><div id=\"pg-13327-0\"  class=\"panel-grid panel-no-style\" ><div id=\"pgc-13327-0-0\"  class=\"panel-grid-cell\" ><div id=\"panel-13327-0-0-0\" class=\"so-panel widget widget_sow-editor panel-first-child panel-last-child\" data-index=\"0\" ><div\n\t\t\t\n\t\t\tclass=\"so-widget-sow-editor so-widget-sow-editor-base\"\n\t\t\t\n\t\t>\n<div class=\"siteorigin-widget-tinymce textwidget\">\n\t<p style=\"text-align: center;\"><strong>Nombre de joueurs :<\/strong><br \/>\n2 - 5 (version KSE)<\/p>\n<\/div>\n<\/div><\/div><\/div><div id=\"pgc-13327-0-1\"  class=\"panel-grid-cell\" ><div id=\"panel-13327-0-1-0\" class=\"so-panel widget widget_sow-editor panel-first-child panel-last-child\" data-index=\"1\" ><div\n\t\t\t\n\t\t\tclass=\"so-widget-sow-editor so-widget-sow-editor-base\"\n\t\t\t\n\t\t>\n<div class=\"siteorigin-widget-tinymce textwidget\">\n\t<p style=\"text-align: center;\"><strong>Dur\u00e9e moyenne :<\/strong><br \/>\n90 min<\/p>\n<\/div>\n<\/div><\/div><\/div><div id=\"pgc-13327-0-2\"  class=\"panel-grid-cell\" ><div id=\"panel-13327-0-2-0\" class=\"so-panel widget widget_sow-editor panel-first-child panel-last-child\" data-index=\"2\" ><div\n\t\t\t\n\t\t\tclass=\"so-widget-sow-editor so-widget-sow-editor-base\"\n\t\t\t\n\t\t>\n<div class=\"siteorigin-widget-tinymce textwidget\">\n\t<p style=\"text-align: center;\"><strong>Age :<\/strong><br \/>\n14 ans et plus<\/p>\n<\/div>\n<\/div><\/div><\/div><\/div><div id=\"pg-13327-1\"  class=\"panel-grid panel-no-style\" ><div id=\"pgc-13327-1-0\"  class=\"panel-grid-cell\" ><div id=\"panel-13327-1-0-0\" class=\"so-panel widget widget_sow-editor panel-first-child panel-last-child\" data-index=\"3\" ><div\n\t\t\t\n\t\t\tclass=\"so-widget-sow-editor so-widget-sow-editor-base\"\n\t\t\t\n\t\t>\n<div class=\"siteorigin-widget-tinymce textwidget\">\n\t<p style=\"text-align: center;\"><strong>Auteur(s) :<br \/>\n<\/strong>Herv\u00e9 Rigal<\/p>\n<\/div>\n<\/div><\/div><\/div><div id=\"pgc-13327-1-1\"  class=\"panel-grid-cell\" ><div id=\"panel-13327-1-1-0\" class=\"so-panel widget widget_sow-editor panel-first-child panel-last-child\" data-index=\"4\" ><div\n\t\t\t\n\t\t\tclass=\"so-widget-sow-editor so-widget-sow-editor-base\"\n\t\t\t\n\t\t>\n<div class=\"siteorigin-widget-tinymce textwidget\">\n\t<p style=\"text-align: center;\"><strong>Illustrations :<\/strong><br \/>\nQuentin Regnes<\/p>\n<\/div>\n<\/div><\/div><\/div><div id=\"pgc-13327-1-2\"  class=\"panel-grid-cell\" ><div id=\"panel-13327-1-2-0\" class=\"so-panel widget widget_sow-editor panel-first-child panel-last-child\" data-index=\"5\" ><div\n\t\t\t\n\t\t\tclass=\"so-widget-sow-editor so-widget-sow-editor-base\"\n\t\t\t\n\t\t>\n<div class=\"siteorigin-widget-tinymce textwidget\">\n\t<p style=\"text-align: center;\"><strong>\u00c9dition :<\/strong><br \/>\nLa Boite de Jeu<br \/>\n2019<\/p>\n<\/div>\n<\/div><\/div><\/div><div id=\"pgc-13327-1-3\"  class=\"panel-grid-cell\" ><div id=\"panel-13327-1-3-0\" class=\"so-panel widget widget_sow-editor panel-first-child panel-last-child\" data-index=\"6\" ><div\n\t\t\t\n\t\t\tclass=\"so-widget-sow-editor so-widget-sow-editor-base\"\n\t\t\t\n\t\t>\n<div class=\"siteorigin-widget-tinymce textwidget\">\n\t<p style=\"text-align: center;\"><strong>Version :<\/strong><br \/>\nFran\u00e7aise<\/p>\n<\/div>\n<\/div><\/div><\/div><\/div><div id=\"pg-13327-2\"  class=\"panel-grid panel-no-style\" ><div id=\"pgc-13327-2-0\"  class=\"panel-grid-cell\" ><div id=\"panel-13327-2-0-0\" class=\"so-panel widget widget_sow-editor panel-first-child panel-last-child\" data-index=\"7\" ><div\n\t\t\t\n\t\t\tclass=\"so-widget-sow-editor so-widget-sow-editor-base\"\n\t\t\t\n\t\t>\n<div class=\"siteorigin-widget-tinymce textwidget\">\n\t<hr \/>\n<p><em>Le long de la Grande Rivi\u00e8re Gel\u00e9e, vit la tribu des Ojel\u00e9s. Ses membres vivent en harmonie avec la Nature. La tribu ob\u00e9it aux lois des Quatres Anciens, eux-m\u00eame dirig\u00e9s par le plus v\u00e9n\u00e9rable des Anciens : le Neta-Tanka.<\/em><\/p>\n<p><em>Lorsqu'arrive le cr\u00e9puscule de la vie du Neta-Tanka, les Ojel\u00e9s se r\u00e9unissent sur les Terres sacr\u00e9es pour lui d\u00e9signer un successeur. Durant cette c\u00e9r\u00e9monie, chaque clan pr\u00e9sente un jeune chef qui devra montrer sa g\u00e9n\u00e9rosit\u00e9 et sa capacit\u00e9 \u00e0 pourvoir aux besoins des siens, afin de devenir le nouveau Neta-Tanka !<\/em><\/p>\n<p>Dans ce jeu de placement d'ouvriers et de gestion de ressources, faites preuves de G\u00e9n\u00e9rosit\u00e9 en travaillant pour la tribu, d'optimisation en r\u00e9ant des Liaisons, et d'audace pour devenir le nouveau Neta-Tanka !<\/p>\n<\/div>\n<\/div><\/div><\/div><\/div><div id=\"pg-13327-3\"  class=\"panel-grid panel-no-style\" ><div id=\"pgc-13327-3-0\"  class=\"panel-grid-cell\" ><div id=\"panel-13327-3-0-0\" class=\"so-panel widget widget_sow-editor panel-first-child panel-last-child\" data-index=\"8\" ><div\n\t\t\t\n\t\t\tclass=\"so-widget-sow-editor so-widget-sow-editor-base\"\n\t\t\t\n\t\t>\n<div class=\"siteorigin-widget-tinymce textwidget\">\n\t<hr \/>\n<h3 style=\"text-align: center;\">En vid\u00e9o<\/h3>\n<p><a href=\"https:\/\/www.youtube.com\/watch?v=HKY7lkjz8jQ\" target=\"_blank\" rel=\"noopener\"><img loading=\"lazy\" decoding=\"async\" class=\"alignnone size-full wp-image-9090\" src=\"https:\/\/meeplendice.net\/wp-content\/uploads\/2022\/01\/Link_CJ_v2.png\" alt=\"\" width=\"200\" height=\"170\" \/><\/a><\/p>\n<\/div>\n<\/div><\/div><\/div><\/div><div id=\"pg-13327-4\"  class=\"panel-grid panel-no-style\" ><div id=\"pgc-13327-4-0\"  class=\"panel-grid-cell\" ><div id=\"panel-13327-4-0-0\" class=\"so-panel widget widget_sow-editor panel-first-child panel-last-child\" data-index=\"9\" ><div\n\t\t\t\n\t\t\tclass=\"so-widget-sow-editor so-widget-sow-editor-base\"\n\t\t\t\n\t\t>\n<div class=\"siteorigin-widget-tinymce textwidget\">\n\t<hr \/>\n<h3 style=\"text-align: center;\">Pour aller plus loin<\/h3>\n<\/div>\n<\/div><\/div><\/div><\/div><\/div>","protected":false},"excerpt":{"rendered":"<p>Nombre de joueurs : 2 &#8211; 5 (version KSE) Dur\u00e9e moyenne : 90 min Age : 14 ans et plus Auteur(s) : Herv\u00e9 Rigal Illustrations : Quentin Regnes \u00c9dition : La Boite de Jeu 2019 Version : Fran\u00e7aise<\/p>\n","protected":false},"author":2,"featured_media":13291,"parent":0,"menu_order":0,"comment_status":"closed","ping_status":"closed","template":"","meta":{"footnotes":""},"class_list":["post-13327","page","type-page","status-publish","has-post-thumbnail","hentry"],"acf":[],"rttpg_featured_image_url":{"full":["https:\/\/meeplendice.net\/wp-content\/uploads\/2025\/03\/Neta-Tanka_KSE.png",350,350,false],"landscape":["https:\/\/meeplendice.net\/wp-content\/uploads\/2025\/03\/Neta-Tanka_KSE.png",350,350,false],"portraits":["https:\/\/meeplendice.net\/wp-content\/uploads\/2025\/03\/Neta-Tanka_KSE.png",350,350,false],"thumbnail":["https:\/\/meeplendice.net\/wp-content\/uploads\/2025\/03\/Neta-Tanka_KSE-150x150.png",150,150,true],"medium":["https:\/\/meeplendice.net\/wp-content\/uploads\/2025\/03\/Neta-Tanka_KSE-300x300.png",300,300,true],"large":["https:\/\/meeplendice.net\/wp-content\/uploads\/2025\/03\/Neta-Tanka_KSE.png",350,350,false],"ug_big":["https:\/\/meeplendice.net\/wp-content\/uploads\/2025\/03\/Neta-Tanka_KSE.png",350,350,false],"1536x1536":["https:\/\/meeplendice.net\/wp-content\/uploads\/2025\/03\/Neta-Tanka_KSE.png",350,350,false],"2048x2048":["https:\/\/meeplendice.net\/wp-content\/uploads\/2025\/03\/Neta-Tanka_KSE.png",350,350,false],"ashe-slider-grid-thumbnail":["https:\/\/meeplendice.net\/wp-content\/uploads\/2025\/03\/Neta-Tanka_KSE.png",350,350,false],"ashe-full-thumbnail":["https:\/\/meeplendice.net\/wp-content\/uploads\/2025\/03\/Neta-Tanka_KSE.png",350,350,false],"ashe-grid-thumbnail":["https:\/\/meeplendice.net\/wp-content\/uploads\/2025\/03\/Neta-Tanka_KSE-350x330.png",350,330,true],"ashe-list-thumbnail":["https:\/\/meeplendice.net\/wp-content\/uploads\/2025\/03\/Neta-Tanka_KSE-300x300.png",300,300,true],"ashe-single-navigation":["https:\/\/meeplendice.net\/wp-content\/uploads\/2025\/03\/Neta-Tanka_KSE-75x75.png",75,75,true],"mailpoet_newsletter_max":["https:\/\/meeplendice.net\/wp-content\/uploads\/2025\/03\/Neta-Tanka_KSE.png",350,350,false],"rpwe-thumbnail":["https:\/\/meeplendice.net\/wp-content\/uploads\/2025\/03\/Neta-Tanka_KSE-45x45.png",45,45,true],"sow-carousel-default":["https:\/\/meeplendice.net\/wp-content\/uploads\/2025\/03\/Neta-Tanka_KSE-272x182.png",272,182,true],"rt_custom":["https:\/\/meeplendice.net\/wp-content\/uploads\/2025\/03\/Neta-Tanka_KSE.png",350,350,false]},"rttpg_author":{"display_name":"Karnby","author_link":"https:\/\/meeplendice.net\/?author=2"},"rttpg_comment":0,"rttpg_category":null,"rttpg_excerpt":"Nombre de joueurs : 2 - 5 (version KSE) Dur\u00e9e moyenne : 90 min Age : 14 ans et plus Auteur(s) : Herv\u00e9 Rigal Illustrations : Quentin Regnes \u00c9dition : La Boite de Jeu 2019 Version : Fran\u00e7aise","_links":{"self":[{"href":"https:\/\/meeplendice.net\/index.php?rest_route=\/wp\/v2\/pages\/13327","targetHints":{"allow":["GET"]}}],"collection":[{"href":"https:\/\/meeplendice.net\/index.php?rest_route=\/wp\/v2\/pages"}],"about":[{"href":"https:\/\/meeplendice.net\/index.php?rest_route=\/wp\/v2\/types\/page"}],"author":[{"embeddable":true,"href":"https:\/\/meeplendice.net\/index.php?rest_route=\/wp\/v2\/users\/2"}],"replies":[{"embeddable":true,"href":"https:\/\/meeplendice.net\/index.php?rest_route=%2Fwp%2Fv2%2Fcomments&post=13327"}],"version-history":[{"count":2,"href":"https:\/\/meeplendice.net\/index.php?rest_route=\/wp\/v2\/pages\/13327\/revisions"}],"predecessor-version":[{"id":13333,"href":"https:\/\/meeplendice.net\/index.php?rest_route=\/wp\/v2\/pages\/13327\/revisions\/13333"}],"wp:featuredmedia":[{"embeddable":true,"href":"https:\/\/meeplendice.net\/index.php?rest_route=\/wp\/v2\/media\/13291"}],"wp:attachment":[{"href":"https:\/\/meeplendice.net\/index.php?rest_route=%2Fwp%2Fv2%2Fmedia&parent=13327"}],"curies":[{"name":"wp","href":"https:\/\/api.w.org\/{rel}","templated":true}]}}