{"id":13337,"date":"2025-03-02T16:32:20","date_gmt":"2025-03-02T14:32:20","guid":{"rendered":"https:\/\/meeplendice.net\/?page_id=13337"},"modified":"2025-03-02T17:52:42","modified_gmt":"2025-03-02T15:52:42","slug":"kutna-hora-la-cite-de-largent","status":"publish","type":"page","link":"https:\/\/meeplendice.net\/?page_id=13337","title":{"rendered":"Kutn\u00e0 Hora : La Cit\u00e9 de l&rsquo;Argent"},"content":{"rendered":"<div id=\"pl-13337\"  class=\"panel-layout\" ><div id=\"pg-13337-0\"  class=\"panel-grid panel-no-style\" ><div id=\"pgc-13337-0-0\"  class=\"panel-grid-cell\" ><div id=\"panel-13337-0-0-0\" class=\"so-panel widget widget_sow-editor panel-first-child panel-last-child\" data-index=\"0\" ><div\n\t\t\t\n\t\t\tclass=\"so-widget-sow-editor so-widget-sow-editor-base\"\n\t\t\t\n\t\t>\n<div class=\"siteorigin-widget-tinymce textwidget\">\n\t<p style=\"text-align: center;\"><strong>Nombre de joueurs :<\/strong><br \/>\n2 - 4<\/p>\n<\/div>\n<\/div><\/div><\/div><div id=\"pgc-13337-0-1\"  class=\"panel-grid-cell\" ><div id=\"panel-13337-0-1-0\" class=\"so-panel widget widget_sow-editor panel-first-child panel-last-child\" data-index=\"1\" ><div\n\t\t\t\n\t\t\tclass=\"so-widget-sow-editor so-widget-sow-editor-base\"\n\t\t\t\n\t\t>\n<div class=\"siteorigin-widget-tinymce textwidget\">\n\t<p style=\"text-align: center;\"><strong>Dur\u00e9e moyenne :<\/strong><br \/>\n120 min<\/p>\n<\/div>\n<\/div><\/div><\/div><div id=\"pgc-13337-0-2\"  class=\"panel-grid-cell\" ><div id=\"panel-13337-0-2-0\" class=\"so-panel widget widget_sow-editor panel-first-child panel-last-child\" data-index=\"2\" ><div\n\t\t\t\n\t\t\tclass=\"so-widget-sow-editor so-widget-sow-editor-base\"\n\t\t\t\n\t\t>\n<div class=\"siteorigin-widget-tinymce textwidget\">\n\t<p style=\"text-align: center;\"><strong>Age :<\/strong><br \/>\n13 ans et plus<\/p>\n<\/div>\n<\/div><\/div><\/div><\/div><div id=\"pg-13337-1\"  class=\"panel-grid panel-no-style\" ><div id=\"pgc-13337-1-0\"  class=\"panel-grid-cell\" ><div id=\"panel-13337-1-0-0\" class=\"so-panel widget widget_sow-editor panel-first-child panel-last-child\" data-index=\"3\" ><div\n\t\t\t\n\t\t\tclass=\"so-widget-sow-editor so-widget-sow-editor-base\"\n\t\t\t\n\t\t>\n<div class=\"siteorigin-widget-tinymce textwidget\">\n\t<p style=\"text-align: center;\"><strong>Auteur(s) :<br \/>\n<\/strong><span class=\"data-siloing\" title=\"D\u00e9couvrez tous ces jeux\" data-siloing=\"https:\/\/www.philibertnet.com\/fr\/recherche?feature=31&amp;feature_value=Pavel Jarosch\">Pavel Jarosch<br \/>\n<\/span><span class=\"data-siloing\" title=\"Voir tous les jeux\" data-siloing=\"https:\/\/www.philibertnet.com\/fr\/recherche?feature=31&amp;feature_value=Petr Caslava\">Petr Caslava<br \/>\n<\/span><span class=\"data-siloing\" title=\"Voir tous les jeux\" data-siloing=\"https:\/\/www.philibertnet.com\/fr\/recherche?feature=31&amp;feature_value=Ond\u0159ej Bystro\u0148\">Ond\u0159ej Bystro\u0148<\/span><\/p>\n<\/div>\n<\/div><\/div><\/div><div id=\"pgc-13337-1-1\"  class=\"panel-grid-cell\" ><div id=\"panel-13337-1-1-0\" class=\"so-panel widget widget_sow-editor panel-first-child panel-last-child\" data-index=\"4\" ><div\n\t\t\t\n\t\t\tclass=\"so-widget-sow-editor so-widget-sow-editor-base\"\n\t\t\t\n\t\t>\n<div class=\"siteorigin-widget-tinymce textwidget\">\n\t<p style=\"text-align: center;\"><strong>Illustrations :<\/strong><br \/>\n<span class=\"data-siloing\" title=\"D\u00e9couvrez tous ces jeux\" data-siloing=\"https:\/\/www.philibertnet.com\/fr\/recherche?feature=41&amp;feature_value=Milan Vavron\">Milan Vavron<br \/>\n<\/span><span class=\"data-siloing\" title=\"Voir tous les jeux\" data-siloing=\"https:\/\/www.philibertnet.com\/fr\/recherche?feature=41&amp;feature_value=Roman Bedn\u00e1\u0159\">Roman Bedn\u00e1\u0159<\/span><br \/>\n<span class=\"data-siloing\" title=\"Voir tous les jeux\" data-siloing=\"https:\/\/www.philibertnet.com\/fr\/recherche?feature=41&amp;feature_value=\u0160t\u011bp\u00e1n Dra\u0161\u0165\u00e1k\">\u0160t\u011bp\u00e1n Dra\u0161\u0165\u00e1k<\/span><\/p>\n<\/div>\n<\/div><\/div><\/div><div id=\"pgc-13337-1-2\"  class=\"panel-grid-cell\" ><div id=\"panel-13337-1-2-0\" class=\"so-panel widget widget_sow-editor panel-first-child panel-last-child\" data-index=\"5\" ><div\n\t\t\t\n\t\t\tclass=\"so-widget-sow-editor so-widget-sow-editor-base\"\n\t\t\t\n\t\t>\n<div class=\"siteorigin-widget-tinymce textwidget\">\n\t<p style=\"text-align: center;\"><strong>\u00c9dition :<\/strong><br \/>\nIello<br \/>\n2024<\/p>\n<\/div>\n<\/div><\/div><\/div><div id=\"pgc-13337-1-3\"  class=\"panel-grid-cell\" ><div id=\"panel-13337-1-3-0\" class=\"so-panel widget widget_sow-editor panel-first-child panel-last-child\" data-index=\"6\" ><div\n\t\t\t\n\t\t\tclass=\"so-widget-sow-editor so-widget-sow-editor-base\"\n\t\t\t\n\t\t>\n<div class=\"siteorigin-widget-tinymce textwidget\">\n\t<p style=\"text-align: center;\"><strong>Version :<\/strong><br \/>\nFran\u00e7aise<\/p>\n<\/div>\n<\/div><\/div><\/div><\/div><div id=\"pg-13337-2\"  class=\"panel-grid panel-no-style\" ><div id=\"pgc-13337-2-0\"  class=\"panel-grid-cell\" ><div id=\"panel-13337-2-0-0\" class=\"so-panel widget widget_sow-editor panel-first-child panel-last-child\" data-index=\"7\" ><div\n\t\t\t\n\t\t\tclass=\"so-widget-sow-editor so-widget-sow-editor-base\"\n\t\t\t\n\t\t>\n<div class=\"siteorigin-widget-tinymce textwidget\">\n\t<hr \/>\n<p><em>Un important gisement d\u2019argent vient d\u2019\u00eatre d\u00e9couvert sur une colline en Boh\u00eame centrale ! Des mineurs venus de toute l\u2019Europe transforment alors cette paisible vall\u00e9e tch\u00e8que en l\u2019une des villes majeures du 14e si\u00e8cle.<br \/>\n\u00c0 la t\u00eate de riches familles, vous avez de l\u2019influence sur diff\u00e9rentes guildes et utilisez votre fortune pour agrandir les mines et am\u00e9nager la ville de Kutn\u00e1 Hora. L\u2019\u00e9conomie \u00e9volue avec la ville, en fonction de vos choix. <\/em><\/p>\n<p><em>Pour gagner, rep\u00e9rez les opportunit\u00e9s qui s\u2019offrent \u00e0 vous et adaptez-vous aux fluctuations des prix.<\/em><\/p>\n<p>Dans <em><span class=\"style-client-colored-text\">Kutn\u00e1 Hora : La Cit\u00e9 De L'argent<\/span><\/em>, vous allez devoir construire votre ville en g\u00e9rant plusieurs aspects : l\u2019exploitation mini\u00e8re, l\u2019achat de terrains \u00e0 b\u00e2tir, l\u2019obtention de permis de construire, la construction de b\u00e2timents, la r\u00e9alisation de b\u00e9n\u00e9fices gr\u00e2ce \u00e0 la production de minerai et, bien s\u00fbr, la construction de la cath\u00e9drale Sainte-Barbara. Toutes ces actions vous permettrons de b\u00e2tir votre ville.<\/p>\n<p>\u00c0 chaque tour, les joueurs choisissent des actions dans une main de cartes recto-verso pour mettre en \u0153uvre des plans strat\u00e9giques. La nature asym\u00e9trique des guildes disponibles\u00a0pour chaque joueur donne lieu \u00e0 des tours tr\u00e8s interactifs dans lesquels chaque d\u00e9cision a un impact int\u00e9ressant sur l\u2019\u00e9conomie et sur les autres joueurs qui d\u00e9veloppent leurs mines et construisent des infrastructures sur un plateau partag\u00e9.<\/p>\n<p>Le jeu se base sur une une exp\u00e9rience \u00e9conomique r\u00e9elle de l\u2019offre et la demande, en proposant un syst\u00e8me o\u00f9 tout est connect\u00e9, et o\u00f9 il faudra in\u00e9luctablement faire prosp\u00e9rer les autres pour esp\u00e9rer tirer son \u00e9pingle du jeu. L'accent est mis sur l'interaction entre les joueurs.<\/p>\n<p>Exploitez le minerai et fondez-le pour obtenir une fortune en argent afin de d\u00e9velopper cette magnifique ville\u00a0historique, mais veillez \u00e0 \u00e9quilibrer vos objectifs personnels avec la n\u00e9cessit\u00e9 de favoriser la croissance de la ville. Tout est li\u00e9, et parfois le chemin de la victoire personnelle d\u00e9pend de la prosp\u00e9rit\u00e9 du plus grand nombre.<\/p>\n<p>Saurez-vous g\u00e9rer tous ses aspects pour construire la ville la plus prosp\u00e8re ?<\/p>\n<p>.<\/p>\n<\/div>\n<\/div><\/div><\/div><\/div><div id=\"pg-13337-3\"  class=\"panel-grid panel-no-style\" ><div id=\"pgc-13337-3-0\"  class=\"panel-grid-cell\" ><div id=\"panel-13337-3-0-0\" class=\"so-panel widget widget_sow-editor panel-first-child panel-last-child\" data-index=\"8\" ><div\n\t\t\t\n\t\t\tclass=\"so-widget-sow-editor so-widget-sow-editor-base\"\n\t\t\t\n\t\t>\n<div class=\"siteorigin-widget-tinymce textwidget\">\n\t<hr \/>\n<h3 style=\"text-align: center;\">En vid\u00e9o<\/h3>\n<p><a href=\"https:\/\/www.youtube.com\/watch?v=BMSqHzH8gq0\" target=\"_blank\" rel=\"noopener\"><img loading=\"lazy\" decoding=\"async\" class=\"alignnone size-full wp-image-9090\" src=\"https:\/\/meeplendice.net\/wp-content\/uploads\/2022\/01\/Link_CJ_v2.png\" alt=\"\" width=\"200\" height=\"170\" \/><\/a><\/p>\n<\/div>\n<\/div><\/div><\/div><\/div><div id=\"pg-13337-4\"  class=\"panel-grid panel-no-style\" ><div id=\"pgc-13337-4-0\"  class=\"panel-grid-cell\" ><div id=\"panel-13337-4-0-0\" class=\"so-panel widget widget_sow-editor panel-first-child panel-last-child\" data-index=\"9\" ><div\n\t\t\t\n\t\t\tclass=\"so-widget-sow-editor so-widget-sow-editor-base\"\n\t\t\t\n\t\t>\n<div class=\"siteorigin-widget-tinymce textwidget\">\n\t<hr \/>\n<h3 style=\"text-align: center;\">Pour aller plus loin<\/h3>\n<\/div>\n<\/div><\/div><\/div><\/div><\/div>","protected":false},"excerpt":{"rendered":"<p>Nombre de joueurs : 2 &#8211; 4 Dur\u00e9e moyenne : 120 min Age : 13 ans et plus Auteur(s) : Pavel Jarosch Petr Caslava Ond\u0159ej Bystro\u0148 Illustrations : Milan Vavron Roman Bedn\u00e1\u0159 \u0160t\u011bp\u00e1n Dra\u0161\u0165\u00e1k \u00c9dition : Iello 2024 Version : Fran\u00e7aise<\/p>\n","protected":false},"author":2,"featured_media":13343,"parent":0,"menu_order":0,"comment_status":"closed","ping_status":"closed","template":"","meta":{"footnotes":""},"class_list":["post-13337","page","type-page","status-publish","has-post-thumbnail","hentry"],"acf":[],"rttpg_featured_image_url":{"full":["https:\/\/meeplendice.net\/wp-content\/uploads\/2025\/03\/Kutna_Hora.png",350,350,false],"landscape":["https:\/\/meeplendice.net\/wp-content\/uploads\/2025\/03\/Kutna_Hora.png",350,350,false],"portraits":["https:\/\/meeplendice.net\/wp-content\/uploads\/2025\/03\/Kutna_Hora.png",350,350,false],"thumbnail":["https:\/\/meeplendice.net\/wp-content\/uploads\/2025\/03\/Kutna_Hora-150x150.png",150,150,true],"medium":["https:\/\/meeplendice.net\/wp-content\/uploads\/2025\/03\/Kutna_Hora-300x300.png",300,300,true],"large":["https:\/\/meeplendice.net\/wp-content\/uploads\/2025\/03\/Kutna_Hora.png",350,350,false],"ug_big":["https:\/\/meeplendice.net\/wp-content\/uploads\/2025\/03\/Kutna_Hora.png",350,350,false],"1536x1536":["https:\/\/meeplendice.net\/wp-content\/uploads\/2025\/03\/Kutna_Hora.png",350,350,false],"2048x2048":["https:\/\/meeplendice.net\/wp-content\/uploads\/2025\/03\/Kutna_Hora.png",350,350,false],"ashe-slider-grid-thumbnail":["https:\/\/meeplendice.net\/wp-content\/uploads\/2025\/03\/Kutna_Hora.png",350,350,false],"ashe-full-thumbnail":["https:\/\/meeplendice.net\/wp-content\/uploads\/2025\/03\/Kutna_Hora.png",350,350,false],"ashe-grid-thumbnail":["https:\/\/meeplendice.net\/wp-content\/uploads\/2025\/03\/Kutna_Hora-350x330.png",350,330,true],"ashe-list-thumbnail":["https:\/\/meeplendice.net\/wp-content\/uploads\/2025\/03\/Kutna_Hora-300x300.png",300,300,true],"ashe-single-navigation":["https:\/\/meeplendice.net\/wp-content\/uploads\/2025\/03\/Kutna_Hora-75x75.png",75,75,true],"mailpoet_newsletter_max":["https:\/\/meeplendice.net\/wp-content\/uploads\/2025\/03\/Kutna_Hora.png",350,350,false],"rpwe-thumbnail":["https:\/\/meeplendice.net\/wp-content\/uploads\/2025\/03\/Kutna_Hora-45x45.png",45,45,true],"sow-carousel-default":["https:\/\/meeplendice.net\/wp-content\/uploads\/2025\/03\/Kutna_Hora-272x182.png",272,182,true],"rt_custom":["https:\/\/meeplendice.net\/wp-content\/uploads\/2025\/03\/Kutna_Hora.png",350,350,false]},"rttpg_author":{"display_name":"Karnby","author_link":"https:\/\/meeplendice.net\/?author=2"},"rttpg_comment":0,"rttpg_category":null,"rttpg_excerpt":"Nombre de joueurs : 2 - 4 Dur\u00e9e moyenne : 120 min Age : 13 ans et plus Auteur(s) : Pavel Jarosch Petr Caslava Ond\u0159ej Bystro\u0148 Illustrations : Milan Vavron Roman Bedn\u00e1\u0159 \u0160t\u011bp\u00e1n Dra\u0161\u0165\u00e1k \u00c9dition : Iello 2024 Version : Fran\u00e7aise","_links":{"self":[{"href":"https:\/\/meeplendice.net\/index.php?rest_route=\/wp\/v2\/pages\/13337","targetHints":{"allow":["GET"]}}],"collection":[{"href":"https:\/\/meeplendice.net\/index.php?rest_route=\/wp\/v2\/pages"}],"about":[{"href":"https:\/\/meeplendice.net\/index.php?rest_route=\/wp\/v2\/types\/page"}],"author":[{"embeddable":true,"href":"https:\/\/meeplendice.net\/index.php?rest_route=\/wp\/v2\/users\/2"}],"replies":[{"embeddable":true,"href":"https:\/\/meeplendice.net\/index.php?rest_route=%2Fwp%2Fv2%2Fcomments&post=13337"}],"version-history":[{"count":2,"href":"https:\/\/meeplendice.net\/index.php?rest_route=\/wp\/v2\/pages\/13337\/revisions"}],"predecessor-version":[{"id":13344,"href":"https:\/\/meeplendice.net\/index.php?rest_route=\/wp\/v2\/pages\/13337\/revisions\/13344"}],"wp:featuredmedia":[{"embeddable":true,"href":"https:\/\/meeplendice.net\/index.php?rest_route=\/wp\/v2\/media\/13343"}],"wp:attachment":[{"href":"https:\/\/meeplendice.net\/index.php?rest_route=%2Fwp%2Fv2%2Fmedia&parent=13337"}],"curies":[{"name":"wp","href":"https:\/\/api.w.org\/{rel}","templated":true}]}}