{"id":13381,"date":"2025-06-07T21:05:46","date_gmt":"2025-06-07T19:05:46","guid":{"rendered":"https:\/\/meeplendice.net\/?page_id=13381"},"modified":"2025-06-07T22:36:34","modified_gmt":"2025-06-07T20:36:34","slug":"popcorn","status":"publish","type":"page","link":"https:\/\/meeplendice.net\/?page_id=13381","title":{"rendered":"Popcorn"},"content":{"rendered":"<div id=\"pl-13381\"  class=\"panel-layout\" ><div id=\"pg-13381-0\"  class=\"panel-grid panel-no-style\" ><div id=\"pgc-13381-0-0\"  class=\"panel-grid-cell\" ><div id=\"panel-13381-0-0-0\" class=\"so-panel widget widget_sow-editor panel-first-child panel-last-child\" data-index=\"0\" ><div\n\t\t\t\n\t\t\tclass=\"so-widget-sow-editor so-widget-sow-editor-base\"\n\t\t\t\n\t\t>\n<div class=\"siteorigin-widget-tinymce textwidget\">\n\t<p style=\"text-align: center;\"><strong>Nombre de joueurs :<\/strong><br \/>\n2 - 4<\/p>\n<\/div>\n<\/div><\/div><\/div><div id=\"pgc-13381-0-1\"  class=\"panel-grid-cell\" ><div id=\"panel-13381-0-1-0\" class=\"so-panel widget widget_sow-editor panel-first-child panel-last-child\" data-index=\"1\" ><div\n\t\t\t\n\t\t\tclass=\"so-widget-sow-editor so-widget-sow-editor-base\"\n\t\t\t\n\t\t>\n<div class=\"siteorigin-widget-tinymce textwidget\">\n\t<p style=\"text-align: center;\"><strong>Dur\u00e9e moyenne :<\/strong><br \/>\n60 min<\/p>\n<\/div>\n<\/div><\/div><\/div><div id=\"pgc-13381-0-2\"  class=\"panel-grid-cell\" ><div id=\"panel-13381-0-2-0\" class=\"so-panel widget widget_sow-editor panel-first-child panel-last-child\" data-index=\"2\" ><div\n\t\t\t\n\t\t\tclass=\"so-widget-sow-editor so-widget-sow-editor-base\"\n\t\t\t\n\t\t>\n<div class=\"siteorigin-widget-tinymce textwidget\">\n\t<p style=\"text-align: center;\"><strong>Age :<\/strong><br \/>\n10 ans et plus<\/p>\n<\/div>\n<\/div><\/div><\/div><\/div><div id=\"pg-13381-1\"  class=\"panel-grid panel-no-style\" ><div id=\"pgc-13381-1-0\"  class=\"panel-grid-cell\" ><div id=\"panel-13381-1-0-0\" class=\"so-panel widget widget_sow-editor panel-first-child panel-last-child\" data-index=\"3\" ><div\n\t\t\t\n\t\t\tclass=\"so-widget-sow-editor so-widget-sow-editor-base\"\n\t\t\t\n\t\t>\n<div class=\"siteorigin-widget-tinymce textwidget\">\n\t<p style=\"text-align: center;\"><strong>Auteur(s) :<br \/>\n<\/strong><span class=\"data-siloing\" title=\"D\u00e9couvrez tous ces jeux\" data-siloing=\"https:\/\/www.philibertnet.com\/fr\/recherche?feature=31&amp;feature_value=Th\u00e9o Riviere\">Victor Saumont<\/span><\/p>\n<\/div>\n<\/div><\/div><\/div><div id=\"pgc-13381-1-1\"  class=\"panel-grid-cell\" ><div id=\"panel-13381-1-1-0\" class=\"so-panel widget widget_sow-editor panel-first-child panel-last-child\" data-index=\"4\" ><div\n\t\t\t\n\t\t\tclass=\"so-widget-sow-editor so-widget-sow-editor-base\"\n\t\t\t\n\t\t>\n<div class=\"siteorigin-widget-tinymce textwidget\">\n\t<p style=\"text-align: center;\"><strong>Illustrations :<\/strong><br \/>\nEmilien Rotival<\/p>\n<\/div>\n<\/div><\/div><\/div><div id=\"pgc-13381-1-2\"  class=\"panel-grid-cell\" ><div id=\"panel-13381-1-2-0\" class=\"so-panel widget widget_sow-editor panel-first-child panel-last-child\" data-index=\"5\" ><div\n\t\t\t\n\t\t\tclass=\"so-widget-sow-editor so-widget-sow-editor-base\"\n\t\t\t\n\t\t>\n<div class=\"siteorigin-widget-tinymce textwidget\">\n\t<p style=\"text-align: center;\"><strong>\u00c9dition :<\/strong><br \/>\nIello<br \/>\n2025<\/p>\n<\/div>\n<\/div><\/div><\/div><div id=\"pgc-13381-1-3\"  class=\"panel-grid-cell\" ><div id=\"panel-13381-1-3-0\" class=\"so-panel widget widget_sow-editor panel-first-child panel-last-child\" data-index=\"6\" ><div\n\t\t\t\n\t\t\tclass=\"so-widget-sow-editor so-widget-sow-editor-base\"\n\t\t\t\n\t\t>\n<div class=\"siteorigin-widget-tinymce textwidget\">\n\t<p style=\"text-align: center;\"><strong>Version :<\/strong><br \/>\nFran\u00e7aise<\/p>\n<\/div>\n<\/div><\/div><\/div><\/div><div id=\"pg-13381-2\"  class=\"panel-grid panel-no-style\" ><div id=\"pgc-13381-2-0\"  class=\"panel-grid-cell\" ><div id=\"panel-13381-2-0-0\" class=\"so-panel widget widget_sow-editor panel-first-child panel-last-child\" data-index=\"7\" ><div\n\t\t\t\n\t\t\tclass=\"so-widget-sow-editor so-widget-sow-editor-base\"\n\t\t\t\n\t\t>\n<div class=\"siteorigin-widget-tinymce textwidget\">\n\t<hr \/>\n<p><em>Bienvenue dans votre cin\u00e9 de quartier !<br \/>\nNous sommes heureux de vous accueillir. Un p'tit popcorn pour accompagner le film ?<\/em><\/p>\n<p><em>Cette semaine, c'est encore une superbe programmation qui vous attend. (Bien meilleure que celle du cin\u00e9 d'en face, si vous voulez notre avis). Nous avons choisi les meilleurs films... car vous \u00eates le meilleur public !<\/em><br \/>\n<em>Ou, vos yeux ne vous trompent pas : notre cin\u00e9ma se d\u00e9veloppe pour r\u00e9pondre \u00e0 vos attentes ! Alors on compte sur vous pour remplir la salle... et d\u00e9guster PLEIN de popcorns !<\/em><\/p>\n<p>Dans <em>Popcorn,<\/em> vois rivaliserez avec les autres cin\u00e9mas du quartier.<br \/>\nPiochez des spectateurs et optimisez leur placement dans vos diff\u00e9rentes salles, puis r\u00e9alisez des actions pour d\u00e9velopper l'attractivit\u00e9 de votre \u00e9tablissement. Attirez les cin\u00e9philes venant des cin\u00e9mas voisins et envoyez chez vos concurrents les spectateurs qui n'aiment rien !<br \/>\nEn renouvelant r\u00e9guli\u00e8rement votre programmation et en am\u00e9liorant vos salles, nul doute que vous deviendrez bient\u00f4t le roi du popcorn !<\/p>\n<\/div>\n<\/div><\/div><\/div><\/div><div id=\"pg-13381-3\"  class=\"panel-grid panel-no-style\" ><div id=\"pgc-13381-3-0\"  class=\"panel-grid-cell\" ><div id=\"panel-13381-3-0-0\" class=\"so-panel widget widget_sow-editor panel-first-child panel-last-child\" data-index=\"8\" ><div\n\t\t\t\n\t\t\tclass=\"so-widget-sow-editor so-widget-sow-editor-base\"\n\t\t\t\n\t\t>\n<div class=\"siteorigin-widget-tinymce textwidget\">\n\t<hr \/>\n<h3 style=\"text-align: center;\">En vid\u00e9o<\/h3>\n<p><a href=\"https:\/\/www.youtube.com\/watch?v=c9V4vOTeT98&amp;t=2s\" target=\"_blank\" rel=\"noopener\"><img loading=\"lazy\" decoding=\"async\" class=\"alignnone size-full wp-image-9090\" src=\"https:\/\/meeplendice.net\/wp-content\/uploads\/2022\/01\/Link_CJ_v2.png\" alt=\"\" width=\"200\" height=\"170\" \/><\/a><\/p>\n<\/div>\n<\/div><\/div><\/div><\/div><div id=\"pg-13381-4\"  class=\"panel-grid panel-no-style\" ><div id=\"pgc-13381-4-0\"  class=\"panel-grid-cell\" ><div id=\"panel-13381-4-0-0\" class=\"so-panel widget widget_sow-editor panel-first-child panel-last-child\" data-index=\"9\" ><div\n\t\t\t\n\t\t\tclass=\"so-widget-sow-editor so-widget-sow-editor-base\"\n\t\t\t\n\t\t>\n<div class=\"siteorigin-widget-tinymce textwidget\">\n\t<hr \/>\n<h3 style=\"text-align: center;\">Pour aller plus loin<\/h3>\n<\/div>\n<\/div><\/div><\/div><\/div><\/div>","protected":false},"excerpt":{"rendered":"<p>Nombre de joueurs : 2 &#8211; 4 Dur\u00e9e moyenne : 60 min Age : 10 ans et plus Auteur(s) : Victor Saumont Illustrations : Emilien Rotival \u00c9dition : Iello 2025 Version : Fran\u00e7aise<\/p>\n","protected":false},"author":2,"featured_media":13379,"parent":0,"menu_order":0,"comment_status":"closed","ping_status":"closed","template":"","meta":{"footnotes":""},"class_list":["post-13381","page","type-page","status-publish","has-post-thumbnail","hentry"],"acf":[],"rttpg_featured_image_url":{"full":["https:\/\/meeplendice.net\/wp-content\/uploads\/2025\/06\/Popcorn.png",350,350,false],"landscape":["https:\/\/meeplendice.net\/wp-content\/uploads\/2025\/06\/Popcorn.png",350,350,false],"portraits":["https:\/\/meeplendice.net\/wp-content\/uploads\/2025\/06\/Popcorn.png",350,350,false],"thumbnail":["https:\/\/meeplendice.net\/wp-content\/uploads\/2025\/06\/Popcorn-150x150.png",150,150,true],"medium":["https:\/\/meeplendice.net\/wp-content\/uploads\/2025\/06\/Popcorn-300x300.png",300,300,true],"large":["https:\/\/meeplendice.net\/wp-content\/uploads\/2025\/06\/Popcorn.png",350,350,false],"ug_big":["https:\/\/meeplendice.net\/wp-content\/uploads\/2025\/06\/Popcorn.png",350,350,false],"1536x1536":["https:\/\/meeplendice.net\/wp-content\/uploads\/2025\/06\/Popcorn.png",350,350,false],"2048x2048":["https:\/\/meeplendice.net\/wp-content\/uploads\/2025\/06\/Popcorn.png",350,350,false],"ashe-slider-grid-thumbnail":["https:\/\/meeplendice.net\/wp-content\/uploads\/2025\/06\/Popcorn.png",350,350,false],"ashe-full-thumbnail":["https:\/\/meeplendice.net\/wp-content\/uploads\/2025\/06\/Popcorn.png",350,350,false],"ashe-grid-thumbnail":["https:\/\/meeplendice.net\/wp-content\/uploads\/2025\/06\/Popcorn-350x330.png",350,330,true],"ashe-list-thumbnail":["https:\/\/meeplendice.net\/wp-content\/uploads\/2025\/06\/Popcorn-300x300.png",300,300,true],"ashe-single-navigation":["https:\/\/meeplendice.net\/wp-content\/uploads\/2025\/06\/Popcorn-75x75.png",75,75,true],"mailpoet_newsletter_max":["https:\/\/meeplendice.net\/wp-content\/uploads\/2025\/06\/Popcorn.png",350,350,false],"rpwe-thumbnail":["https:\/\/meeplendice.net\/wp-content\/uploads\/2025\/06\/Popcorn-45x45.png",45,45,true],"sow-carousel-default":["https:\/\/meeplendice.net\/wp-content\/uploads\/2025\/06\/Popcorn-272x182.png",272,182,true],"rt_custom":["https:\/\/meeplendice.net\/wp-content\/uploads\/2025\/06\/Popcorn.png",350,350,false]},"rttpg_author":{"display_name":"Karnby","author_link":"https:\/\/meeplendice.net\/?author=2"},"rttpg_comment":0,"rttpg_category":null,"rttpg_excerpt":"Nombre de joueurs : 2 - 4 Dur\u00e9e moyenne : 60 min Age : 10 ans et plus Auteur(s) : Victor Saumont Illustrations : Emilien Rotival \u00c9dition : Iello 2025 Version : Fran\u00e7aise","_links":{"self":[{"href":"https:\/\/meeplendice.net\/index.php?rest_route=\/wp\/v2\/pages\/13381","targetHints":{"allow":["GET"]}}],"collection":[{"href":"https:\/\/meeplendice.net\/index.php?rest_route=\/wp\/v2\/pages"}],"about":[{"href":"https:\/\/meeplendice.net\/index.php?rest_route=\/wp\/v2\/types\/page"}],"author":[{"embeddable":true,"href":"https:\/\/meeplendice.net\/index.php?rest_route=\/wp\/v2\/users\/2"}],"replies":[{"embeddable":true,"href":"https:\/\/meeplendice.net\/index.php?rest_route=%2Fwp%2Fv2%2Fcomments&post=13381"}],"version-history":[{"count":7,"href":"https:\/\/meeplendice.net\/index.php?rest_route=\/wp\/v2\/pages\/13381\/revisions"}],"predecessor-version":[{"id":13390,"href":"https:\/\/meeplendice.net\/index.php?rest_route=\/wp\/v2\/pages\/13381\/revisions\/13390"}],"wp:featuredmedia":[{"embeddable":true,"href":"https:\/\/meeplendice.net\/index.php?rest_route=\/wp\/v2\/media\/13379"}],"wp:attachment":[{"href":"https:\/\/meeplendice.net\/index.php?rest_route=%2Fwp%2Fv2%2Fmedia&parent=13381"}],"curies":[{"name":"wp","href":"https:\/\/api.w.org\/{rel}","templated":true}]}}