{"id":13439,"date":"2025-11-28T01:08:41","date_gmt":"2025-11-27T23:08:41","guid":{"rendered":"https:\/\/meeplendice.net\/?page_id=13439"},"modified":"2025-11-28T01:08:41","modified_gmt":"2025-11-27T23:08:41","slug":"mesos-2","status":"publish","type":"page","link":"https:\/\/meeplendice.net\/?page_id=13439","title":{"rendered":"Mesos"},"content":{"rendered":"<div id=\"pl-13439\"  class=\"panel-layout\" ><div id=\"pg-13439-0\"  class=\"panel-grid panel-no-style\" ><div id=\"pgc-13439-0-0\"  class=\"panel-grid-cell\" ><div id=\"panel-13439-0-0-0\" class=\"so-panel widget widget_sow-editor panel-first-child panel-last-child\" data-index=\"0\" ><div\n\t\t\t\n\t\t\tclass=\"so-widget-sow-editor so-widget-sow-editor-base\"\n\t\t\t\n\t\t>\n<div class=\"siteorigin-widget-tinymce textwidget\">\n\t<p style=\"text-align: center;\"><strong>Nombre de joueurs :<\/strong><br \/>\n2 - 5<\/p>\n<\/div>\n<\/div><\/div><\/div><div id=\"pgc-13439-0-1\"  class=\"panel-grid-cell\" ><div id=\"panel-13439-0-1-0\" class=\"so-panel widget widget_sow-editor panel-first-child panel-last-child\" data-index=\"1\" ><div\n\t\t\t\n\t\t\tclass=\"so-widget-sow-editor so-widget-sow-editor-base\"\n\t\t\t\n\t\t>\n<div class=\"siteorigin-widget-tinymce textwidget\">\n\t<p style=\"text-align: center;\"><strong>Dur\u00e9e moyenne :<\/strong><br \/>\n30 min<\/p>\n<\/div>\n<\/div><\/div><\/div><div id=\"pgc-13439-0-2\"  class=\"panel-grid-cell\" ><div id=\"panel-13439-0-2-0\" class=\"so-panel widget widget_sow-editor panel-first-child panel-last-child\" data-index=\"2\" ><div\n\t\t\t\n\t\t\tclass=\"so-widget-sow-editor so-widget-sow-editor-base\"\n\t\t\t\n\t\t>\n<div class=\"siteorigin-widget-tinymce textwidget\">\n\t<p style=\"text-align: center;\"><strong>Age :<\/strong><br \/>\n10 ans et plus<\/p>\n<\/div>\n<\/div><\/div><\/div><\/div><div id=\"pg-13439-1\"  class=\"panel-grid panel-no-style\" ><div id=\"pgc-13439-1-0\"  class=\"panel-grid-cell\" ><div id=\"panel-13439-1-0-0\" class=\"so-panel widget widget_sow-editor panel-first-child panel-last-child\" data-index=\"3\" ><div\n\t\t\t\n\t\t\tclass=\"so-widget-sow-editor so-widget-sow-editor-base\"\n\t\t\t\n\t\t>\n<div class=\"siteorigin-widget-tinymce textwidget\">\n\t<p style=\"text-align: center;\"><strong>Auteur(s) :<br \/>\n<\/strong>Yaniv Kahana<br \/>\nSimone Luciani<\/p>\n<\/div>\n<\/div><\/div><\/div><div id=\"pgc-13439-1-1\"  class=\"panel-grid-cell\" ><div id=\"panel-13439-1-1-0\" class=\"so-panel widget widget_sow-editor panel-first-child panel-last-child\" data-index=\"4\" ><div\n\t\t\t\n\t\t\tclass=\"so-widget-sow-editor so-widget-sow-editor-base\"\n\t\t\t\n\t\t>\n<div class=\"siteorigin-widget-tinymce textwidget\">\n\t<p style=\"text-align: center;\"><strong>Illustrations :<br \/>\n<\/strong>Kerri Aitken<\/p>\n<\/div>\n<\/div><\/div><\/div><div id=\"pgc-13439-1-2\"  class=\"panel-grid-cell\" ><div id=\"panel-13439-1-2-0\" class=\"so-panel widget widget_sow-editor panel-first-child panel-last-child\" data-index=\"5\" ><div\n\t\t\t\n\t\t\tclass=\"so-widget-sow-editor so-widget-sow-editor-base\"\n\t\t\t\n\t\t>\n<div class=\"siteorigin-widget-tinymce textwidget\">\n\t<p style=\"text-align: center;\"><strong>\u00c9dition :<\/strong><br \/>\nGigamic<br \/>\n2024<\/p>\n<\/div>\n<\/div><\/div><\/div><div id=\"pgc-13439-1-3\"  class=\"panel-grid-cell\" ><div id=\"panel-13439-1-3-0\" class=\"so-panel widget widget_sow-editor panel-first-child panel-last-child\" data-index=\"6\" ><div\n\t\t\t\n\t\t\tclass=\"so-widget-sow-editor so-widget-sow-editor-base\"\n\t\t\t\n\t\t>\n<div class=\"siteorigin-widget-tinymce textwidget\">\n\t<p style=\"text-align: center;\"><strong>Version :<\/strong><br \/>\nFran\u00e7aise<\/p>\n<\/div>\n<\/div><\/div><\/div><\/div><div id=\"pg-13439-2\"  class=\"panel-grid panel-no-style\" ><div id=\"pgc-13439-2-0\"  class=\"panel-grid-cell\" ><div id=\"panel-13439-2-0-0\" class=\"so-panel widget widget_sow-editor panel-first-child panel-last-child\" data-index=\"7\" ><div\n\t\t\t\n\t\t\tclass=\"so-widget-sow-editor so-widget-sow-editor-base\"\n\t\t\t\n\t\t>\n<div class=\"siteorigin-widget-tinymce textwidget\">\n\t<hr \/>\n<p><em>Il y a des milliers d'ann\u00e9es, une nouvelle \u00e8re s'ouvrait pour l'humanit\u00e9.<br \/>\nLes chasseurs-cueilleurs nomade qui avaient laborieusement gagn\u00e9 leur place sur Terre s'organisaient d\u00e9sormais en petits groupes en diff\u00e9renciant les r\u00f4les sociaux et en construisant leurs premi\u00e8res habitations : une grand r\u00e9volution commen\u00e7a alors.<\/em><\/p>\n<p><em>Les scientifiques appellent cette p\u00e9riode le M\u00e9solithique...<\/em><\/p>\n<p>En tant que chef d'une ancienne tribu, votre r\u00f4le sera de favoriser sa croissance tout en assurant sa subsistance. Votre succ\u00e8s d\u00e9pendra de votre capacit\u00e9 \u00e0 \u00e9quilibrer croissance et survie tout en explorant les myst\u00e8res de cette \u00e9poque ancienne.<\/p>\n<div class=\"column small-12\">\n<p>\u00c0 chaque tour, vous devez placer votre pion totem sur la piste d'offre, puis en suivant l'ordre des pions sur la piste, vous acquerrez des cartes de personnage ou de b\u00e2timent et les ajouterez \u00e0 votre tribu. Chaque carte a des effets sp\u00e9cifiques et peut rapporter des points de prestige \u00e0 mesure que vous construisez des b\u00e2timents sp\u00e9cialis\u00e9s et que vous vous pr\u00e9parez judicieusement aux \u00e9v\u00e9nements futurs.<\/p>\n<\/div>\n<\/div>\n<\/div><\/div><\/div><\/div><div id=\"pg-13439-3\"  class=\"panel-grid panel-no-style\" ><div id=\"pgc-13439-3-0\"  class=\"panel-grid-cell\" ><div id=\"panel-13439-3-0-0\" class=\"so-panel widget widget_sow-editor panel-first-child panel-last-child\" data-index=\"8\" ><div\n\t\t\t\n\t\t\tclass=\"so-widget-sow-editor so-widget-sow-editor-base\"\n\t\t\t\n\t\t>\n<div class=\"siteorigin-widget-tinymce textwidget\">\n\t<hr \/>\n<h3 style=\"text-align: center;\">En vid\u00e9o<\/h3>\n<p><a href=\"https:\/\/www.youtube.com\/watch?v=J3uyfnKRsTc\" target=\"_blank\" rel=\"noopener\"><img loading=\"lazy\" decoding=\"async\" class=\"alignnone size-full wp-image-9090\" src=\"https:\/\/meeplendice.net\/wp-content\/uploads\/2022\/01\/Link_CJ_v2.png\" alt=\"\" width=\"200\" height=\"170\" \/><\/a><\/p>\n<\/div>\n<\/div><\/div><\/div><\/div><div id=\"pg-13439-4\"  class=\"panel-grid panel-no-style\" ><div id=\"pgc-13439-4-0\"  class=\"panel-grid-cell\" ><div id=\"panel-13439-4-0-0\" class=\"so-panel widget widget_sow-editor panel-first-child panel-last-child\" data-index=\"9\" ><div\n\t\t\t\n\t\t\tclass=\"so-widget-sow-editor so-widget-sow-editor-base\"\n\t\t\t\n\t\t>\n<div class=\"siteorigin-widget-tinymce textwidget\">\n\t<hr \/>\n<h3 style=\"text-align: center;\">Pour aller plus loin<\/h3>\n<\/div>\n<\/div><\/div><\/div><\/div><\/div>","protected":false},"excerpt":{"rendered":"<p>Nombre de joueurs : 2 &#8211; 5 Dur\u00e9e moyenne : 30 min Age : 10 ans et plus Auteur(s) : Yaniv Kahana Simone Luciani Illustrations : Kerri Aitken \u00c9dition : Gigamic 2024 Version : Fran\u00e7aise<\/p>\n","protected":false},"author":2,"featured_media":13430,"parent":0,"menu_order":0,"comment_status":"closed","ping_status":"closed","template":"","meta":{"footnotes":""},"class_list":["post-13439","page","type-page","status-publish","has-post-thumbnail","hentry"],"acf":[],"rttpg_featured_image_url":{"full":["https:\/\/meeplendice.net\/wp-content\/uploads\/2025\/11\/Mesos.png",350,350,false],"landscape":["https:\/\/meeplendice.net\/wp-content\/uploads\/2025\/11\/Mesos.png",350,350,false],"portraits":["https:\/\/meeplendice.net\/wp-content\/uploads\/2025\/11\/Mesos.png",350,350,false],"thumbnail":["https:\/\/meeplendice.net\/wp-content\/uploads\/2025\/11\/Mesos-150x150.png",150,150,true],"medium":["https:\/\/meeplendice.net\/wp-content\/uploads\/2025\/11\/Mesos-300x300.png",300,300,true],"large":["https:\/\/meeplendice.net\/wp-content\/uploads\/2025\/11\/Mesos.png",350,350,false],"ug_big":["https:\/\/meeplendice.net\/wp-content\/uploads\/2025\/11\/Mesos.png",350,350,false],"1536x1536":["https:\/\/meeplendice.net\/wp-content\/uploads\/2025\/11\/Mesos.png",350,350,false],"2048x2048":["https:\/\/meeplendice.net\/wp-content\/uploads\/2025\/11\/Mesos.png",350,350,false],"ashe-slider-grid-thumbnail":["https:\/\/meeplendice.net\/wp-content\/uploads\/2025\/11\/Mesos.png",350,350,false],"ashe-full-thumbnail":["https:\/\/meeplendice.net\/wp-content\/uploads\/2025\/11\/Mesos.png",350,350,false],"ashe-grid-thumbnail":["https:\/\/meeplendice.net\/wp-content\/uploads\/2025\/11\/Mesos-350x330.png",350,330,true],"ashe-list-thumbnail":["https:\/\/meeplendice.net\/wp-content\/uploads\/2025\/11\/Mesos-300x300.png",300,300,true],"ashe-single-navigation":["https:\/\/meeplendice.net\/wp-content\/uploads\/2025\/11\/Mesos-75x75.png",75,75,true],"mailpoet_newsletter_max":["https:\/\/meeplendice.net\/wp-content\/uploads\/2025\/11\/Mesos.png",350,350,false],"rpwe-thumbnail":["https:\/\/meeplendice.net\/wp-content\/uploads\/2025\/11\/Mesos-45x45.png",45,45,true],"sow-carousel-default":["https:\/\/meeplendice.net\/wp-content\/uploads\/2025\/11\/Mesos-272x182.png",272,182,true],"rt_custom":["https:\/\/meeplendice.net\/wp-content\/uploads\/2025\/11\/Mesos.png",350,350,false]},"rttpg_author":{"display_name":"Karnby","author_link":"https:\/\/meeplendice.net\/?author=2"},"rttpg_comment":0,"rttpg_category":null,"rttpg_excerpt":"Nombre de joueurs : 2 - 5 Dur\u00e9e moyenne : 30 min Age : 10 ans et plus Auteur(s) : Yaniv Kahana Simone Luciani Illustrations : Kerri Aitken \u00c9dition : Gigamic 2024 Version : Fran\u00e7aise","_links":{"self":[{"href":"https:\/\/meeplendice.net\/index.php?rest_route=\/wp\/v2\/pages\/13439","targetHints":{"allow":["GET"]}}],"collection":[{"href":"https:\/\/meeplendice.net\/index.php?rest_route=\/wp\/v2\/pages"}],"about":[{"href":"https:\/\/meeplendice.net\/index.php?rest_route=\/wp\/v2\/types\/page"}],"author":[{"embeddable":true,"href":"https:\/\/meeplendice.net\/index.php?rest_route=\/wp\/v2\/users\/2"}],"replies":[{"embeddable":true,"href":"https:\/\/meeplendice.net\/index.php?rest_route=%2Fwp%2Fv2%2Fcomments&post=13439"}],"version-history":[{"count":1,"href":"https:\/\/meeplendice.net\/index.php?rest_route=\/wp\/v2\/pages\/13439\/revisions"}],"predecessor-version":[{"id":13440,"href":"https:\/\/meeplendice.net\/index.php?rest_route=\/wp\/v2\/pages\/13439\/revisions\/13440"}],"wp:featuredmedia":[{"embeddable":true,"href":"https:\/\/meeplendice.net\/index.php?rest_route=\/wp\/v2\/media\/13430"}],"wp:attachment":[{"href":"https:\/\/meeplendice.net\/index.php?rest_route=%2Fwp%2Fv2%2Fmedia&parent=13439"}],"curies":[{"name":"wp","href":"https:\/\/api.w.org\/{rel}","templated":true}]}}