{"id":13441,"date":"2025-11-28T01:42:23","date_gmt":"2025-11-27T23:42:23","guid":{"rendered":"https:\/\/meeplendice.net\/?page_id=13441"},"modified":"2025-11-28T01:51:39","modified_gmt":"2025-11-27T23:51:39","slug":"kelp-requin-vs-pieuvre","status":"publish","type":"page","link":"https:\/\/meeplendice.net\/?page_id=13441","title":{"rendered":"Kelp &#8211; Requin vs Pieuvre"},"content":{"rendered":"<div id=\"pl-13441\"  class=\"panel-layout\" ><div id=\"pg-13441-0\"  class=\"panel-grid panel-no-style\" ><div id=\"pgc-13441-0-0\"  class=\"panel-grid-cell\" ><div id=\"panel-13441-0-0-0\" class=\"so-panel widget widget_sow-editor panel-first-child panel-last-child\" data-index=\"0\" ><div\n\t\t\t\n\t\t\tclass=\"so-widget-sow-editor so-widget-sow-editor-base\"\n\t\t\t\n\t\t>\n<div class=\"siteorigin-widget-tinymce textwidget\">\n\t<p style=\"text-align: center;\"><strong>Nombre de joueurs :<\/strong><br \/>\n2 - 2<\/p>\n<\/div>\n<\/div><\/div><\/div><div id=\"pgc-13441-0-1\"  class=\"panel-grid-cell\" ><div id=\"panel-13441-0-1-0\" class=\"so-panel widget widget_sow-editor panel-first-child panel-last-child\" data-index=\"1\" ><div\n\t\t\t\n\t\t\tclass=\"so-widget-sow-editor so-widget-sow-editor-base\"\n\t\t\t\n\t\t>\n<div class=\"siteorigin-widget-tinymce textwidget\">\n\t<p style=\"text-align: center;\"><strong>Dur\u00e9e moyenne :<\/strong><br \/>\n60 min<\/p>\n<\/div>\n<\/div><\/div><\/div><div id=\"pgc-13441-0-2\"  class=\"panel-grid-cell\" ><div id=\"panel-13441-0-2-0\" class=\"so-panel widget widget_sow-editor panel-first-child panel-last-child\" data-index=\"2\" ><div\n\t\t\t\n\t\t\tclass=\"so-widget-sow-editor so-widget-sow-editor-base\"\n\t\t\t\n\t\t>\n<div class=\"siteorigin-widget-tinymce textwidget\">\n\t<p style=\"text-align: center;\"><strong>Age :<\/strong><br \/>\n10 ans et plus<\/p>\n<\/div>\n<\/div><\/div><\/div><\/div><div id=\"pg-13441-1\"  class=\"panel-grid panel-no-style\" ><div id=\"pgc-13441-1-0\"  class=\"panel-grid-cell\" ><div id=\"panel-13441-1-0-0\" class=\"so-panel widget widget_sow-editor panel-first-child panel-last-child\" data-index=\"3\" ><div\n\t\t\t\n\t\t\tclass=\"so-widget-sow-editor so-widget-sow-editor-base\"\n\t\t\t\n\t\t>\n<div class=\"siteorigin-widget-tinymce textwidget\">\n\t<p style=\"text-align: center;\"><strong>Auteur(s) :<br \/>\n<\/strong>Carl Robinson<\/p>\n<\/div>\n<\/div><\/div><\/div><div id=\"pgc-13441-1-1\"  class=\"panel-grid-cell\" ><div id=\"panel-13441-1-1-0\" class=\"so-panel widget widget_sow-editor panel-first-child panel-last-child\" data-index=\"4\" ><div\n\t\t\t\n\t\t\tclass=\"so-widget-sow-editor so-widget-sow-editor-base\"\n\t\t\t\n\t\t>\n<div class=\"siteorigin-widget-tinymce textwidget\">\n\t<p style=\"text-align: center;\"><strong>Illustrations :<\/strong><br \/>\nWeberson Santiago<\/p>\n<\/div>\n<\/div><\/div><\/div><div id=\"pgc-13441-1-2\"  class=\"panel-grid-cell\" ><div id=\"panel-13441-1-2-0\" class=\"so-panel widget widget_sow-editor panel-first-child panel-last-child\" data-index=\"5\" ><div\n\t\t\t\n\t\t\tclass=\"so-widget-sow-editor so-widget-sow-editor-base\"\n\t\t\t\n\t\t>\n<div class=\"siteorigin-widget-tinymce textwidget\">\n\t<p style=\"text-align: center;\"><strong>\u00c9dition :<\/strong><br \/>\nWonderbow Games<br \/>\n2024<\/p>\n<\/div>\n<\/div><\/div><\/div><div id=\"pgc-13441-1-3\"  class=\"panel-grid-cell\" ><div id=\"panel-13441-1-3-0\" class=\"so-panel widget widget_sow-editor panel-first-child panel-last-child\" data-index=\"6\" ><div\n\t\t\t\n\t\t\tclass=\"so-widget-sow-editor so-widget-sow-editor-base\"\n\t\t\t\n\t\t>\n<div class=\"siteorigin-widget-tinymce textwidget\">\n\t<p style=\"text-align: center;\"><strong>Version :<\/strong><br \/>\nFran\u00e7aise<\/p>\n<\/div>\n<\/div><\/div><\/div><\/div><div id=\"pg-13441-2\"  class=\"panel-grid panel-no-style\" ><div id=\"pgc-13441-2-0\"  class=\"panel-grid-cell\" ><div id=\"panel-13441-2-0-0\" class=\"so-panel widget widget_sow-editor panel-first-child panel-last-child\" data-index=\"7\" ><div\n\t\t\t\n\t\t\tclass=\"so-widget-sow-editor so-widget-sow-editor-base\"\n\t\t\t\n\t\t>\n<div class=\"siteorigin-widget-tinymce textwidget\">\n\t<hr \/>\n<p><em>Sous la surface miroitante, la lumi\u00e8re du soleil danse \u00e0 travers l'eau, et les algues ondulent au gr\u00e9 de la mar\u00e9e.<br \/>\nDans les sombres profondeurs, une Pieuvre insaisissable se d\u00e9place furtivement. Ses yeux vigilants scannent les fonds marins \u00e0 l'aff\u00fbt du moindre crustac\u00e9 que ses tentacules d\u00e9licats pourraient capturer.<\/em><\/p>\n<p><em>Glissant entre les roches, elle \u00e9vite les oursins h\u00e9riss\u00e9s de pointes, sans perdre de vue sa proie. Seule sa survie importe<\/em><\/p>\n<p><em>Soudain, une silhouete bleu-gris appara\u00eet : le Requin-pyjama.<br \/>\nCe pr\u00e9dateur est m\u00fb par un unique objectif : attaquer la Pieuvre.<\/em><\/p>\n<p><em>Les deux cr\u00e9atures amorcent un combat meurtrier. <\/em><\/p>\n<p><em>Qui remportera ce duel ? La Pieuvre ou le Requin ?<\/em><\/p>\n<p>&nbsp;<\/p>\n<p>Dans <em>Kelp - Requin vs Pieuvre<\/em>, jeu asym\u00e9trique pour 2 joueurs, l'un se sp\u00e9cialisera dans le deck-bulding, l'autre dans le dice building, avec des m\u00e9caniques inspir\u00e9es du comportement fascinant de ces animaux.<br \/>\nVous incarnez donc la Pieuvre ou le Requin.<br \/>\nLa premi\u00e8re devra naviguer habilement sur le plateau, jouer des cartes et effectuer des man\u0153uvres discr\u00e8tes, \u00e9laborant ainsi des strat\u00e9gies destin\u00e9es \u00e0 survivre jusqu'\u00e0 la fin de la partie.<br \/>\nQuand au Requin, il patrouillera son territoire en lan\u00e7ant des d\u00e9s pour d\u00e9clencher des capacit\u00e9s uniques et traquer l'insaisissable Pieuvre.<\/p>\n<p>Que que sot votre r\u00f4le, pr\u00e9parez-vous \u00e0 vire une aventure exaltante !<\/p>\n<\/div>\n<\/div><\/div><\/div><\/div><div id=\"pg-13441-3\"  class=\"panel-grid panel-no-style\" ><div id=\"pgc-13441-3-0\"  class=\"panel-grid-cell\" ><div id=\"panel-13441-3-0-0\" class=\"so-panel widget widget_sow-editor panel-first-child panel-last-child\" data-index=\"8\" ><div\n\t\t\t\n\t\t\tclass=\"so-widget-sow-editor so-widget-sow-editor-base\"\n\t\t\t\n\t\t>\n<div class=\"siteorigin-widget-tinymce textwidget\">\n\t<hr \/>\n<h3 style=\"text-align: center;\">En vid\u00e9o<\/h3>\n<p><a href=\"https:\/\/www.youtube.com\/watch?v=NxTzv2IcALE&amp;t=1734s\" target=\"_blank\" rel=\"noopener\"><img loading=\"lazy\" decoding=\"async\" class=\"alignnone size-full wp-image-9090\" src=\"https:\/\/meeplendice.net\/wp-content\/uploads\/2022\/01\/Link_CJ_v2.png\" alt=\"\" width=\"200\" height=\"170\" \/><\/a><\/p>\n<\/div>\n<\/div><\/div><\/div><\/div><div id=\"pg-13441-4\"  class=\"panel-grid panel-no-style\" ><div id=\"pgc-13441-4-0\"  class=\"panel-grid-cell\" ><div id=\"panel-13441-4-0-0\" class=\"so-panel widget widget_sow-editor panel-first-child panel-last-child\" data-index=\"9\" ><div\n\t\t\t\n\t\t\tclass=\"so-widget-sow-editor so-widget-sow-editor-base\"\n\t\t\t\n\t\t>\n<div class=\"siteorigin-widget-tinymce textwidget\">\n\t<hr \/>\n<h3 style=\"text-align: center;\">Pour aller plus loin<\/h3>\n<\/div>\n<\/div><\/div><\/div><\/div><\/div>","protected":false},"excerpt":{"rendered":"<p>Nombre de joueurs : 2 &#8211; 2 Dur\u00e9e moyenne : 60 min Age : 10 ans et plus Auteur(s) : Carl Robinson Illustrations : Weberson Santiago \u00c9dition : Wonderbow Games 2024 Version : Fran\u00e7aise<\/p>\n","protected":false},"author":2,"featured_media":13427,"parent":0,"menu_order":0,"comment_status":"closed","ping_status":"closed","template":"","meta":{"footnotes":""},"class_list":["post-13441","page","type-page","status-publish","has-post-thumbnail","hentry"],"acf":[],"rttpg_featured_image_url":{"full":["https:\/\/meeplendice.net\/wp-content\/uploads\/2025\/11\/Kelp.png",350,350,false],"landscape":["https:\/\/meeplendice.net\/wp-content\/uploads\/2025\/11\/Kelp.png",350,350,false],"portraits":["https:\/\/meeplendice.net\/wp-content\/uploads\/2025\/11\/Kelp.png",350,350,false],"thumbnail":["https:\/\/meeplendice.net\/wp-content\/uploads\/2025\/11\/Kelp-150x150.png",150,150,true],"medium":["https:\/\/meeplendice.net\/wp-content\/uploads\/2025\/11\/Kelp-300x300.png",300,300,true],"large":["https:\/\/meeplendice.net\/wp-content\/uploads\/2025\/11\/Kelp.png",350,350,false],"ug_big":["https:\/\/meeplendice.net\/wp-content\/uploads\/2025\/11\/Kelp.png",350,350,false],"1536x1536":["https:\/\/meeplendice.net\/wp-content\/uploads\/2025\/11\/Kelp.png",350,350,false],"2048x2048":["https:\/\/meeplendice.net\/wp-content\/uploads\/2025\/11\/Kelp.png",350,350,false],"ashe-slider-grid-thumbnail":["https:\/\/meeplendice.net\/wp-content\/uploads\/2025\/11\/Kelp.png",350,350,false],"ashe-full-thumbnail":["https:\/\/meeplendice.net\/wp-content\/uploads\/2025\/11\/Kelp.png",350,350,false],"ashe-grid-thumbnail":["https:\/\/meeplendice.net\/wp-content\/uploads\/2025\/11\/Kelp-350x330.png",350,330,true],"ashe-list-thumbnail":["https:\/\/meeplendice.net\/wp-content\/uploads\/2025\/11\/Kelp-300x300.png",300,300,true],"ashe-single-navigation":["https:\/\/meeplendice.net\/wp-content\/uploads\/2025\/11\/Kelp-75x75.png",75,75,true],"mailpoet_newsletter_max":["https:\/\/meeplendice.net\/wp-content\/uploads\/2025\/11\/Kelp.png",350,350,false],"rpwe-thumbnail":["https:\/\/meeplendice.net\/wp-content\/uploads\/2025\/11\/Kelp-45x45.png",45,45,true],"sow-carousel-default":["https:\/\/meeplendice.net\/wp-content\/uploads\/2025\/11\/Kelp-272x182.png",272,182,true],"rt_custom":["https:\/\/meeplendice.net\/wp-content\/uploads\/2025\/11\/Kelp.png",350,350,false]},"rttpg_author":{"display_name":"Karnby","author_link":"https:\/\/meeplendice.net\/?author=2"},"rttpg_comment":0,"rttpg_category":null,"rttpg_excerpt":"Nombre de joueurs : 2 - 2 Dur\u00e9e moyenne : 60 min Age : 10 ans et plus Auteur(s) : Carl Robinson Illustrations : Weberson Santiago \u00c9dition : Wonderbow Games 2024 Version : Fran\u00e7aise","_links":{"self":[{"href":"https:\/\/meeplendice.net\/index.php?rest_route=\/wp\/v2\/pages\/13441","targetHints":{"allow":["GET"]}}],"collection":[{"href":"https:\/\/meeplendice.net\/index.php?rest_route=\/wp\/v2\/pages"}],"about":[{"href":"https:\/\/meeplendice.net\/index.php?rest_route=\/wp\/v2\/types\/page"}],"author":[{"embeddable":true,"href":"https:\/\/meeplendice.net\/index.php?rest_route=\/wp\/v2\/users\/2"}],"replies":[{"embeddable":true,"href":"https:\/\/meeplendice.net\/index.php?rest_route=%2Fwp%2Fv2%2Fcomments&post=13441"}],"version-history":[{"count":2,"href":"https:\/\/meeplendice.net\/index.php?rest_route=\/wp\/v2\/pages\/13441\/revisions"}],"predecessor-version":[{"id":13443,"href":"https:\/\/meeplendice.net\/index.php?rest_route=\/wp\/v2\/pages\/13441\/revisions\/13443"}],"wp:featuredmedia":[{"embeddable":true,"href":"https:\/\/meeplendice.net\/index.php?rest_route=\/wp\/v2\/media\/13427"}],"wp:attachment":[{"href":"https:\/\/meeplendice.net\/index.php?rest_route=%2Fwp%2Fv2%2Fmedia&parent=13441"}],"curies":[{"name":"wp","href":"https:\/\/api.w.org\/{rel}","templated":true}]}}