{"id":13471,"date":"2025-11-29T15:42:34","date_gmt":"2025-11-29T13:42:34","guid":{"rendered":"https:\/\/meeplendice.net\/?page_id=13471"},"modified":"2025-11-29T15:54:56","modified_gmt":"2025-11-29T13:54:56","slug":"sankore-la-fierte-de-mansa-musa","status":"publish","type":"page","link":"https:\/\/meeplendice.net\/?page_id=13471","title":{"rendered":"Sankor\u00e9 : La Fiert\u00e9 de Mansa Musa"},"content":{"rendered":"<div id=\"pl-13471\"  class=\"panel-layout\" ><div id=\"pg-13471-0\"  class=\"panel-grid panel-no-style\" ><div id=\"pgc-13471-0-0\"  class=\"panel-grid-cell\" ><div id=\"panel-13471-0-0-0\" class=\"so-panel widget widget_sow-editor panel-first-child panel-last-child\" data-index=\"0\" ><div\n\t\t\t\n\t\t\tclass=\"so-widget-sow-editor so-widget-sow-editor-base\"\n\t\t\t\n\t\t>\n<div class=\"siteorigin-widget-tinymce textwidget\">\n\t<p style=\"text-align: center;\"><strong>Nombre de joueurs :<\/strong><br \/>\n1 - 4<\/p>\n<\/div>\n<\/div><\/div><\/div><div id=\"pgc-13471-0-1\"  class=\"panel-grid-cell\" ><div id=\"panel-13471-0-1-0\" class=\"so-panel widget widget_sow-editor panel-first-child panel-last-child\" data-index=\"1\" ><div\n\t\t\t\n\t\t\tclass=\"so-widget-sow-editor so-widget-sow-editor-base\"\n\t\t\t\n\t\t>\n<div class=\"siteorigin-widget-tinymce textwidget\">\n\t<p style=\"text-align: center;\"><strong>Dur\u00e9e moyenne :<\/strong><br \/>\n180 min<\/p>\n<\/div>\n<\/div><\/div><\/div><div id=\"pgc-13471-0-2\"  class=\"panel-grid-cell\" ><div id=\"panel-13471-0-2-0\" class=\"so-panel widget widget_sow-editor panel-first-child panel-last-child\" data-index=\"2\" ><div\n\t\t\t\n\t\t\tclass=\"so-widget-sow-editor so-widget-sow-editor-base\"\n\t\t\t\n\t\t>\n<div class=\"siteorigin-widget-tinymce textwidget\">\n\t<p style=\"text-align: center;\"><strong>Age :<\/strong><br \/>\n14 ans et plus<\/p>\n<\/div>\n<\/div><\/div><\/div><\/div><div id=\"pg-13471-1\"  class=\"panel-grid panel-no-style\" ><div id=\"pgc-13471-1-0\"  class=\"panel-grid-cell\" ><div id=\"panel-13471-1-0-0\" class=\"so-panel widget widget_sow-editor panel-first-child panel-last-child\" data-index=\"3\" ><div\n\t\t\t\n\t\t\tclass=\"so-widget-sow-editor so-widget-sow-editor-base\"\n\t\t\t\n\t\t><h3 class=\"widget-title\"> <\/h3>\n<div class=\"siteorigin-widget-tinymce textwidget\">\n\t<p style=\"text-align: center;\"><strong>Auteur(s) :<br \/>\n<\/strong>Fabio Lopiano<br \/>\nMandela Fernandez-Grandon<\/p>\n<\/div>\n<\/div><\/div><\/div><div id=\"pgc-13471-1-1\"  class=\"panel-grid-cell\" ><div id=\"panel-13471-1-1-0\" class=\"so-panel widget widget_sow-editor panel-first-child panel-last-child\" data-index=\"4\" ><div\n\t\t\t\n\t\t\tclass=\"so-widget-sow-editor so-widget-sow-editor-base\"\n\t\t\t\n\t\t>\n<div class=\"siteorigin-widget-tinymce textwidget\">\n\t<p style=\"text-align: center;\"><strong>Illustrations :<br \/>\n<\/strong><span class=\"data-siloing\" title=\"D\u00e9couvrez tous ces jeux\" data-siloing=\"https:\/\/www.philibertnet.com\/fr\/recherche?feature=41&amp;feature_value=Ian Rosenthaler\">Ian O'Toole<\/span><\/p>\n<\/div>\n<\/div><\/div><\/div><div id=\"pgc-13471-1-2\"  class=\"panel-grid-cell\" ><div id=\"panel-13471-1-2-0\" class=\"so-panel widget widget_sow-editor panel-first-child panel-last-child\" data-index=\"5\" ><div\n\t\t\t\n\t\t\tclass=\"so-widget-sow-editor so-widget-sow-editor-base\"\n\t\t\t\n\t\t>\n<div class=\"siteorigin-widget-tinymce textwidget\">\n\t<p style=\"text-align: center;\"><strong>\u00c9dition :<\/strong><br \/>\nSuper Meeple<br \/>\n2024<\/p>\n<\/div>\n<\/div><\/div><\/div><div id=\"pgc-13471-1-3\"  class=\"panel-grid-cell\" ><div id=\"panel-13471-1-3-0\" class=\"so-panel widget widget_sow-editor panel-first-child panel-last-child\" data-index=\"6\" ><div\n\t\t\t\n\t\t\tclass=\"so-widget-sow-editor so-widget-sow-editor-base\"\n\t\t\t\n\t\t>\n<div class=\"siteorigin-widget-tinymce textwidget\">\n\t<p style=\"text-align: center;\"><strong>Version :<\/strong><br \/>\nFran\u00e7aise<\/p>\n<\/div>\n<\/div><\/div><\/div><\/div><div id=\"pg-13471-2\"  class=\"panel-grid panel-no-style\" ><div id=\"pgc-13471-2-0\"  class=\"panel-grid-cell\" ><div id=\"panel-13471-2-0-0\" class=\"so-panel widget widget_sow-editor panel-first-child panel-last-child\" data-index=\"7\" ><div\n\t\t\t\n\t\t\tclass=\"so-widget-sow-editor so-widget-sow-editor-base\"\n\t\t\t\n\t\t>\n<div class=\"siteorigin-widget-tinymce textwidget\">\n\t<hr \/>\n<p><em>Nous sommes en 1325.<\/em><\/p>\n<p>Mansa Moussa, de retour de son p\u00e8lerinage \u00e0 La Mecque, est d\u00e9termin\u00e9 \u00e0 faire entrer l'Universit\u00e9 de Tombouctou, que l'on appellera la M\u00e9dersa de Sankor\u00e9, dans l'Histoire.<\/p>\n<p><em>Il accorde \u00e0 votre \u00e9cole un financement illimit\u00e9 et le soutien de tout l'empire du Mali et vous confie la mission de faire rayonner votre \u00e9cole, et l'universit\u00e9 par la m\u00eame occasion, dans le monde entier.<\/em><\/p>\n<p><em>Vous allez accueillir des \u00e9tudiants, donner des cours, d\u00e9velopper votre cursus et alimenter la grande biblioth\u00e8que de l'universit\u00e9 avec de nombreux manuscrits afin d'enrichir chaque discipline acad\u00e9mique avec le savoir de vos \u00e9rduits. Une fois que l'universit\u00e9 sera termin\u00e9e, l'empire d\u00e9terminera la valeur qu'il accorde \u00e0 chaque discipline, et vous serez r\u00e9compens\u00e9 \u00e0 l'aune de votre contribution.<br \/>\nSeulement, vous n'\u00eates pas le seul \u00e0 vouloir faire rayonner le prestige de votre \u00e9cole... serez-vous en mesure de vous imposer face \u00e0 vos rivaux ?<\/em><\/p>\n<p>&nbsp;<\/p>\n<p>Dans <em>Sankor\u00e9 : la fiert\u00e9 de Mansa Moussa, <\/em>vous incarnez des directeurs d'\u00e9cole et cherchez \u00e0 faire venir des \u00e9tudiants dans votre \u00e9cole pour leur donner des cours dans quatre disciplines : La Th\u00e9ologie, le Droit, les Math\u00e9matiques et l'Astronomie.<br \/>\nEn donnant des cours, vous gagnez des points de prestige dans ces disciplines.<\/p>\n<p>Il y a trois types de ressources dans le jeu : le sel, l'or et les livres. Vous les d\u00e9pensez au fil de vos actions. Les livres sont associ\u00e9s \u00e0 des disciplines sp\u00e9cifiques et son plac\u00e9s \u00e0 la biblioth\u00e8que de Sankor\u00e9 lorsqu'ils sont d\u00e9pens\u00e9s. La r\u00e9partition des livres dans la biblioth\u00e8que \u00e0 la fin de la partie d\u00e9termine la valeur de prestige dans chaque discipline.<\/p>\n<p>Le joueur avec la plus prestigieuse \u00e9cole \u00e0 la fin de la partie est d\u00e9clar\u00e9 vainqueur.<\/p>\n<\/div>\n<\/div><\/div><\/div><\/div><div id=\"pg-13471-3\"  class=\"panel-grid panel-no-style\" ><div id=\"pgc-13471-3-0\"  class=\"panel-grid-cell\" ><div id=\"panel-13471-3-0-0\" class=\"so-panel widget widget_sow-editor panel-first-child panel-last-child\" data-index=\"8\" ><div\n\t\t\t\n\t\t\tclass=\"so-widget-sow-editor so-widget-sow-editor-base\"\n\t\t\t\n\t\t>\n<div class=\"siteorigin-widget-tinymce textwidget\">\n\t<hr \/>\n<h3 style=\"text-align: center;\">En vid\u00e9o<\/h3>\n<p><a href=\"https:\/\/www.youtube.com\/watch?v=lSbZj00cRZY\" target=\"_blank\" rel=\"noopener\"><img loading=\"lazy\" decoding=\"async\" class=\"alignnone size-full wp-image-9090\" src=\"https:\/\/meeplendice.net\/wp-content\/uploads\/2022\/01\/Link_CJ_v2.png\" alt=\"\" width=\"200\" height=\"170\" \/><\/a><\/p>\n<\/div>\n<\/div><\/div><\/div><\/div><div id=\"pg-13471-4\"  class=\"panel-grid panel-no-style\" ><div id=\"pgc-13471-4-0\"  class=\"panel-grid-cell\" ><div id=\"panel-13471-4-0-0\" class=\"so-panel widget widget_sow-editor panel-first-child panel-last-child\" data-index=\"9\" ><div\n\t\t\t\n\t\t\tclass=\"so-widget-sow-editor so-widget-sow-editor-base\"\n\t\t\t\n\t\t>\n<div class=\"siteorigin-widget-tinymce textwidget\">\n\t<hr \/>\n<h3 style=\"text-align: center;\">Pour aller plus loin<\/h3>\n<p style=\"text-align: center;\">\n<\/div>\n<\/div><\/div><\/div><\/div><\/div>","protected":false},"excerpt":{"rendered":"<p>Nombre de joueurs : 1 &#8211; 4 Dur\u00e9e moyenne : 180 min Age : 14 ans et plus Auteur(s) : Fabio Lopiano Mandela Fernandez-Grandon Illustrations : Ian O&rsquo;Toole \u00c9dition : Super Meeple 2024 Version : Fran\u00e7aise<\/p>\n","protected":false},"author":2,"featured_media":13433,"parent":0,"menu_order":0,"comment_status":"closed","ping_status":"closed","template":"","meta":{"footnotes":""},"class_list":["post-13471","page","type-page","status-publish","has-post-thumbnail","hentry"],"acf":[],"rttpg_featured_image_url":{"full":["https:\/\/meeplendice.net\/wp-content\/uploads\/2025\/11\/Sankore.png",350,350,false],"landscape":["https:\/\/meeplendice.net\/wp-content\/uploads\/2025\/11\/Sankore.png",350,350,false],"portraits":["https:\/\/meeplendice.net\/wp-content\/uploads\/2025\/11\/Sankore.png",350,350,false],"thumbnail":["https:\/\/meeplendice.net\/wp-content\/uploads\/2025\/11\/Sankore-150x150.png",150,150,true],"medium":["https:\/\/meeplendice.net\/wp-content\/uploads\/2025\/11\/Sankore-300x300.png",300,300,true],"large":["https:\/\/meeplendice.net\/wp-content\/uploads\/2025\/11\/Sankore.png",350,350,false],"ug_big":["https:\/\/meeplendice.net\/wp-content\/uploads\/2025\/11\/Sankore.png",350,350,false],"1536x1536":["https:\/\/meeplendice.net\/wp-content\/uploads\/2025\/11\/Sankore.png",350,350,false],"2048x2048":["https:\/\/meeplendice.net\/wp-content\/uploads\/2025\/11\/Sankore.png",350,350,false],"ashe-slider-grid-thumbnail":["https:\/\/meeplendice.net\/wp-content\/uploads\/2025\/11\/Sankore.png",350,350,false],"ashe-full-thumbnail":["https:\/\/meeplendice.net\/wp-content\/uploads\/2025\/11\/Sankore.png",350,350,false],"ashe-grid-thumbnail":["https:\/\/meeplendice.net\/wp-content\/uploads\/2025\/11\/Sankore-350x330.png",350,330,true],"ashe-list-thumbnail":["https:\/\/meeplendice.net\/wp-content\/uploads\/2025\/11\/Sankore-300x300.png",300,300,true],"ashe-single-navigation":["https:\/\/meeplendice.net\/wp-content\/uploads\/2025\/11\/Sankore-75x75.png",75,75,true],"mailpoet_newsletter_max":["https:\/\/meeplendice.net\/wp-content\/uploads\/2025\/11\/Sankore.png",350,350,false],"rpwe-thumbnail":["https:\/\/meeplendice.net\/wp-content\/uploads\/2025\/11\/Sankore-45x45.png",45,45,true],"sow-carousel-default":["https:\/\/meeplendice.net\/wp-content\/uploads\/2025\/11\/Sankore-272x182.png",272,182,true],"rt_custom":["https:\/\/meeplendice.net\/wp-content\/uploads\/2025\/11\/Sankore.png",350,350,false]},"rttpg_author":{"display_name":"Karnby","author_link":"https:\/\/meeplendice.net\/?author=2"},"rttpg_comment":0,"rttpg_category":null,"rttpg_excerpt":"Nombre de joueurs : 1 - 4 Dur\u00e9e moyenne : 180 min Age : 14 ans et plus Auteur(s) : Fabio Lopiano Mandela Fernandez-Grandon Illustrations : Ian O'Toole \u00c9dition : Super Meeple 2024 Version : Fran\u00e7aise","_links":{"self":[{"href":"https:\/\/meeplendice.net\/index.php?rest_route=\/wp\/v2\/pages\/13471","targetHints":{"allow":["GET"]}}],"collection":[{"href":"https:\/\/meeplendice.net\/index.php?rest_route=\/wp\/v2\/pages"}],"about":[{"href":"https:\/\/meeplendice.net\/index.php?rest_route=\/wp\/v2\/types\/page"}],"author":[{"embeddable":true,"href":"https:\/\/meeplendice.net\/index.php?rest_route=\/wp\/v2\/users\/2"}],"replies":[{"embeddable":true,"href":"https:\/\/meeplendice.net\/index.php?rest_route=%2Fwp%2Fv2%2Fcomments&post=13471"}],"version-history":[{"count":2,"href":"https:\/\/meeplendice.net\/index.php?rest_route=\/wp\/v2\/pages\/13471\/revisions"}],"predecessor-version":[{"id":13473,"href":"https:\/\/meeplendice.net\/index.php?rest_route=\/wp\/v2\/pages\/13471\/revisions\/13473"}],"wp:featuredmedia":[{"embeddable":true,"href":"https:\/\/meeplendice.net\/index.php?rest_route=\/wp\/v2\/media\/13433"}],"wp:attachment":[{"href":"https:\/\/meeplendice.net\/index.php?rest_route=%2Fwp%2Fv2%2Fmedia&parent=13471"}],"curies":[{"name":"wp","href":"https:\/\/api.w.org\/{rel}","templated":true}]}}