{"id":13474,"date":"2025-11-29T16:01:50","date_gmt":"2025-11-29T14:01:50","guid":{"rendered":"https:\/\/meeplendice.net\/?page_id=13474"},"modified":"2025-11-29T16:37:44","modified_gmt":"2025-11-29T14:37:44","slug":"marajoara-2","status":"publish","type":"page","link":"https:\/\/meeplendice.net\/?page_id=13474","title":{"rendered":"Marajoara"},"content":{"rendered":"<div id=\"pl-13474\"  class=\"panel-layout\" ><div id=\"pg-13474-0\"  class=\"panel-grid panel-no-style\" ><div id=\"pgc-13474-0-0\"  class=\"panel-grid-cell\" ><div id=\"panel-13474-0-0-0\" class=\"so-panel widget widget_sow-editor panel-first-child panel-last-child\" data-index=\"0\" ><div\n\t\t\t\n\t\t\tclass=\"so-widget-sow-editor so-widget-sow-editor-base\"\n\t\t\t\n\t\t>\n<div class=\"siteorigin-widget-tinymce textwidget\">\n\t<p style=\"text-align: center;\"><strong>Nombre de joueurs :<\/strong><br \/>\n1 - 4<\/p>\n<\/div>\n<\/div><\/div><\/div><div id=\"pgc-13474-0-1\"  class=\"panel-grid-cell\" ><div id=\"panel-13474-0-1-0\" class=\"so-panel widget widget_sow-editor panel-first-child panel-last-child\" data-index=\"1\" ><div\n\t\t\t\n\t\t\tclass=\"so-widget-sow-editor so-widget-sow-editor-base\"\n\t\t\t\n\t\t>\n<div class=\"siteorigin-widget-tinymce textwidget\">\n\t<p style=\"text-align: center;\"><strong>Dur\u00e9e moyenne :<\/strong><br \/>\n60 min<\/p>\n<\/div>\n<\/div><\/div><\/div><div id=\"pgc-13474-0-2\"  class=\"panel-grid-cell\" ><div id=\"panel-13474-0-2-0\" class=\"so-panel widget widget_sow-editor panel-first-child panel-last-child\" data-index=\"2\" ><div\n\t\t\t\n\t\t\tclass=\"so-widget-sow-editor so-widget-sow-editor-base\"\n\t\t\t\n\t\t>\n<div class=\"siteorigin-widget-tinymce textwidget\">\n\t<p style=\"text-align: center;\"><strong>Age :<\/strong><br \/>\n14 ans et plus<\/p>\n<\/div>\n<\/div><\/div><\/div><\/div><div id=\"pg-13474-1\"  class=\"panel-grid panel-no-style\" ><div id=\"pgc-13474-1-0\"  class=\"panel-grid-cell\" ><div id=\"panel-13474-1-0-0\" class=\"so-panel widget widget_sow-editor panel-first-child panel-last-child\" data-index=\"3\" ><div\n\t\t\t\n\t\t\tclass=\"so-widget-sow-editor so-widget-sow-editor-base\"\n\t\t\t\n\t\t>\n<div class=\"siteorigin-widget-tinymce textwidget\">\n\t<p style=\"text-align: center;\"><strong>Auteur(s) :<br \/>\n<\/strong>Daniel de Lucca<\/p>\n<\/div>\n<\/div><\/div><\/div><div id=\"pgc-13474-1-1\"  class=\"panel-grid-cell\" ><div id=\"panel-13474-1-1-0\" class=\"so-panel widget widget_sow-editor panel-first-child panel-last-child\" data-index=\"4\" ><div\n\t\t\t\n\t\t\tclass=\"so-widget-sow-editor so-widget-sow-editor-base\"\n\t\t\t\n\t\t>\n<div class=\"siteorigin-widget-tinymce textwidget\">\n\t<p style=\"text-align: center;\"><strong>Illustrations :<\/strong><br \/>\n<span class=\"data-siloing\" title=\"D\u00e9couvrez tous ces jeux\" data-siloing=\"https:\/\/www.philibertnet.com\/fr\/recherche?feature=41&amp;feature_value=Ian Rosenthaler\">Carmen Ferreira Martine<\/span><\/p>\n<\/div>\n<\/div><\/div><\/div><div id=\"pgc-13474-1-2\"  class=\"panel-grid-cell\" ><div id=\"panel-13474-1-2-0\" class=\"so-panel widget widget_sow-editor panel-first-child panel-last-child\" data-index=\"5\" ><div\n\t\t\t\n\t\t\tclass=\"so-widget-sow-editor so-widget-sow-editor-base\"\n\t\t\t\n\t\t>\n<div class=\"siteorigin-widget-tinymce textwidget\">\n\t<p style=\"text-align: center;\"><strong>\u00c9dition :<\/strong><br \/>\nSuper Meeple<br \/>\n2024<\/p>\n<\/div>\n<\/div><\/div><\/div><div id=\"pgc-13474-1-3\"  class=\"panel-grid-cell\" ><div id=\"panel-13474-1-3-0\" class=\"so-panel widget widget_sow-editor panel-first-child panel-last-child\" data-index=\"6\" ><div\n\t\t\t\n\t\t\tclass=\"so-widget-sow-editor so-widget-sow-editor-base\"\n\t\t\t\n\t\t>\n<div class=\"siteorigin-widget-tinymce textwidget\">\n\t<p style=\"text-align: center;\"><strong>Version :<\/strong><br \/>\nFran\u00e7aise<\/p>\n<\/div>\n<\/div><\/div><\/div><\/div><div id=\"pg-13474-2\"  class=\"panel-grid panel-no-style\" ><div id=\"pgc-13474-2-0\"  class=\"panel-grid-cell\" ><div id=\"panel-13474-2-0-0\" class=\"so-panel widget widget_sow-editor panel-first-child panel-last-child\" data-index=\"7\" ><div\n\t\t\t\n\t\t\tclass=\"so-widget-sow-editor so-widget-sow-editor-base\"\n\t\t\t\n\t\t>\n<div class=\"siteorigin-widget-tinymce textwidget\">\n\t<hr \/>\n<p><em>Partez \u00e0 la d\u00e9couverte des c\u00e9ramiques de l'art pr\u00e9colombien du peuple de l'\u00eele Maraj\u00f3 !<\/em><\/p>\n<p><em>Le peuple Marajoara est un peuple pr\u00e9colombien disparu qui s'est \u00e9panoui sur l'\u00eele de Maraj\u00f3, \u00e0 l'embouchure du fleuve Amazone. La culture Maraj\u00f3 a \u00e9t\u00e9 d\u00e9couverte gr\u00e2ce aux fouilles arch\u00e9ologiques qui ont mis au jour ses porteries si distinctives.<\/em><\/p>\n<p>&nbsp;<\/p>\n<p>Dans <em>Marajoara<\/em>, vous g\u00e9rez la collection de vases Marajoara de votre mus\u00e9e. Vous disposez de 14 tours pour entreprendre des fouilles, restaurer une c\u00e9ramique et exposer les vases que vous trouvez, et ainsi marquer des points de victoire. A la fin de la partie, le joueur qui a le plus de points de victoire l'emporte.<\/p>\n<p>Inspir\u00e9 des m\u00e9caniques classiques du solitaire, le c\u0153ur du jeu vous fait d\u00e9placer et capturer des d\u00e9s sur une grille pour accomplir diff\u00e9rentes actions, progresser sur des pistes d\u2019excavation pour profiter d\u2019avantages uniques et toucher des bonus de fin de partie.<\/p>\n<\/div>\n<\/div><\/div><\/div><\/div><div id=\"pg-13474-3\"  class=\"panel-grid panel-no-style\" ><div id=\"pgc-13474-3-0\"  class=\"panel-grid-cell\" ><div id=\"panel-13474-3-0-0\" class=\"so-panel widget widget_sow-editor panel-first-child panel-last-child\" data-index=\"8\" ><div\n\t\t\t\n\t\t\tclass=\"so-widget-sow-editor so-widget-sow-editor-base\"\n\t\t\t\n\t\t>\n<div class=\"siteorigin-widget-tinymce textwidget\">\n\t<hr \/>\n<h3 style=\"text-align: center;\">En vid\u00e9o<\/h3>\n<p><a href=\"https:\/\/www.youtube.com\/watch?v=oIxTFX-bJKE\" target=\"_blank\" rel=\"noopener\"><img loading=\"lazy\" decoding=\"async\" class=\"alignnone size-full wp-image-9090\" src=\"https:\/\/meeplendice.net\/wp-content\/uploads\/2022\/01\/Link_CJ_v2.png\" alt=\"\" width=\"200\" height=\"170\" \/><\/a><\/p>\n<\/div>\n<\/div><\/div><\/div><\/div><div id=\"pg-13474-4\"  class=\"panel-grid panel-no-style\" ><div id=\"pgc-13474-4-0\"  class=\"panel-grid-cell\" ><div id=\"panel-13474-4-0-0\" class=\"so-panel widget widget_sow-editor panel-first-child panel-last-child\" data-index=\"9\" ><div\n\t\t\t\n\t\t\tclass=\"so-widget-sow-editor so-widget-sow-editor-base\"\n\t\t\t\n\t\t>\n<div class=\"siteorigin-widget-tinymce textwidget\">\n\t<hr \/>\n<h3 style=\"text-align: center;\">Pour aller plus loin<\/h3>\n<p style=\"text-align: center;\">\n<\/div>\n<\/div><\/div><\/div><\/div><\/div>","protected":false},"excerpt":{"rendered":"<p>Nombre de joueurs : 1 &#8211; 4 Dur\u00e9e moyenne : 60 min Age : 14 ans et plus Auteur(s) : Daniel de Lucca Illustrations : Carmen Ferreira Martine \u00c9dition : Super Meeple 2024 Version : Fran\u00e7aise<\/p>\n","protected":false},"author":2,"featured_media":13429,"parent":0,"menu_order":0,"comment_status":"closed","ping_status":"closed","template":"","meta":{"footnotes":""},"class_list":["post-13474","page","type-page","status-publish","has-post-thumbnail","hentry"],"acf":[],"rttpg_featured_image_url":{"full":["https:\/\/meeplendice.net\/wp-content\/uploads\/2025\/11\/Marajoara.png",350,350,false],"landscape":["https:\/\/meeplendice.net\/wp-content\/uploads\/2025\/11\/Marajoara.png",350,350,false],"portraits":["https:\/\/meeplendice.net\/wp-content\/uploads\/2025\/11\/Marajoara.png",350,350,false],"thumbnail":["https:\/\/meeplendice.net\/wp-content\/uploads\/2025\/11\/Marajoara-150x150.png",150,150,true],"medium":["https:\/\/meeplendice.net\/wp-content\/uploads\/2025\/11\/Marajoara-300x300.png",300,300,true],"large":["https:\/\/meeplendice.net\/wp-content\/uploads\/2025\/11\/Marajoara.png",350,350,false],"ug_big":["https:\/\/meeplendice.net\/wp-content\/uploads\/2025\/11\/Marajoara.png",350,350,false],"1536x1536":["https:\/\/meeplendice.net\/wp-content\/uploads\/2025\/11\/Marajoara.png",350,350,false],"2048x2048":["https:\/\/meeplendice.net\/wp-content\/uploads\/2025\/11\/Marajoara.png",350,350,false],"ashe-slider-grid-thumbnail":["https:\/\/meeplendice.net\/wp-content\/uploads\/2025\/11\/Marajoara.png",350,350,false],"ashe-full-thumbnail":["https:\/\/meeplendice.net\/wp-content\/uploads\/2025\/11\/Marajoara.png",350,350,false],"ashe-grid-thumbnail":["https:\/\/meeplendice.net\/wp-content\/uploads\/2025\/11\/Marajoara-350x330.png",350,330,true],"ashe-list-thumbnail":["https:\/\/meeplendice.net\/wp-content\/uploads\/2025\/11\/Marajoara-300x300.png",300,300,true],"ashe-single-navigation":["https:\/\/meeplendice.net\/wp-content\/uploads\/2025\/11\/Marajoara-75x75.png",75,75,true],"mailpoet_newsletter_max":["https:\/\/meeplendice.net\/wp-content\/uploads\/2025\/11\/Marajoara.png",350,350,false],"rpwe-thumbnail":["https:\/\/meeplendice.net\/wp-content\/uploads\/2025\/11\/Marajoara-45x45.png",45,45,true],"sow-carousel-default":["https:\/\/meeplendice.net\/wp-content\/uploads\/2025\/11\/Marajoara-272x182.png",272,182,true],"rt_custom":["https:\/\/meeplendice.net\/wp-content\/uploads\/2025\/11\/Marajoara.png",350,350,false]},"rttpg_author":{"display_name":"Karnby","author_link":"https:\/\/meeplendice.net\/?author=2"},"rttpg_comment":0,"rttpg_category":null,"rttpg_excerpt":"Nombre de joueurs : 1 - 4 Dur\u00e9e moyenne : 60 min Age : 14 ans et plus Auteur(s) : Daniel de Lucca Illustrations : Carmen Ferreira Martine \u00c9dition : Super Meeple 2024 Version : Fran\u00e7aise","_links":{"self":[{"href":"https:\/\/meeplendice.net\/index.php?rest_route=\/wp\/v2\/pages\/13474","targetHints":{"allow":["GET"]}}],"collection":[{"href":"https:\/\/meeplendice.net\/index.php?rest_route=\/wp\/v2\/pages"}],"about":[{"href":"https:\/\/meeplendice.net\/index.php?rest_route=\/wp\/v2\/types\/page"}],"author":[{"embeddable":true,"href":"https:\/\/meeplendice.net\/index.php?rest_route=\/wp\/v2\/users\/2"}],"replies":[{"embeddable":true,"href":"https:\/\/meeplendice.net\/index.php?rest_route=%2Fwp%2Fv2%2Fcomments&post=13474"}],"version-history":[{"count":3,"href":"https:\/\/meeplendice.net\/index.php?rest_route=\/wp\/v2\/pages\/13474\/revisions"}],"predecessor-version":[{"id":13479,"href":"https:\/\/meeplendice.net\/index.php?rest_route=\/wp\/v2\/pages\/13474\/revisions\/13479"}],"wp:featuredmedia":[{"embeddable":true,"href":"https:\/\/meeplendice.net\/index.php?rest_route=\/wp\/v2\/media\/13429"}],"wp:attachment":[{"href":"https:\/\/meeplendice.net\/index.php?rest_route=%2Fwp%2Fv2%2Fmedia&parent=13474"}],"curies":[{"name":"wp","href":"https:\/\/api.w.org\/{rel}","templated":true}]}}