{"id":13477,"date":"2025-11-29T16:36:15","date_gmt":"2025-11-29T14:36:15","guid":{"rendered":"https:\/\/meeplendice.net\/?page_id=13477"},"modified":"2025-11-29T16:40:09","modified_gmt":"2025-11-29T14:40:09","slug":"gardiens-des-saisons","status":"publish","type":"page","link":"https:\/\/meeplendice.net\/?page_id=13477","title":{"rendered":"Gardiens des Saisons"},"content":{"rendered":"<div id=\"pl-13477\"  class=\"panel-layout\" ><div id=\"pg-13477-0\"  class=\"panel-grid panel-no-style\" ><div id=\"pgc-13477-0-0\"  class=\"panel-grid-cell\" ><div id=\"panel-13477-0-0-0\" class=\"so-panel widget widget_sow-editor panel-first-child panel-last-child\" data-index=\"0\" ><div\n\t\t\t\n\t\t\tclass=\"so-widget-sow-editor so-widget-sow-editor-base\"\n\t\t\t\n\t\t>\n<div class=\"siteorigin-widget-tinymce textwidget\">\n\t<p style=\"text-align: center;\"><strong>Nombre de joueurs :<\/strong><br \/>\n2 - 4<\/p>\n<\/div>\n<\/div><\/div><\/div><div id=\"pgc-13477-0-1\"  class=\"panel-grid-cell\" ><div id=\"panel-13477-0-1-0\" class=\"so-panel widget widget_sow-editor panel-first-child panel-last-child\" data-index=\"1\" ><div\n\t\t\t\n\t\t\tclass=\"so-widget-sow-editor so-widget-sow-editor-base\"\n\t\t\t\n\t\t>\n<div class=\"siteorigin-widget-tinymce textwidget\">\n\t<p style=\"text-align: center;\"><strong>Dur\u00e9e moyenne :<\/strong><br \/>\n40 min<\/p>\n<\/div>\n<\/div><\/div><\/div><div id=\"pgc-13477-0-2\"  class=\"panel-grid-cell\" ><div id=\"panel-13477-0-2-0\" class=\"so-panel widget widget_sow-editor panel-first-child panel-last-child\" data-index=\"2\" ><div\n\t\t\t\n\t\t\tclass=\"so-widget-sow-editor so-widget-sow-editor-base\"\n\t\t\t\n\t\t>\n<div class=\"siteorigin-widget-tinymce textwidget\">\n\t<p style=\"text-align: center;\"><strong>Age :<\/strong><br \/>\n7 ans et plus<\/p>\n<\/div>\n<\/div><\/div><\/div><\/div><div id=\"pg-13477-1\"  class=\"panel-grid panel-no-style\" ><div id=\"pgc-13477-1-0\"  class=\"panel-grid-cell\" ><div id=\"panel-13477-1-0-0\" class=\"so-panel widget widget_sow-editor panel-first-child panel-last-child\" data-index=\"3\" ><div\n\t\t\t\n\t\t\tclass=\"so-widget-sow-editor so-widget-sow-editor-base\"\n\t\t\t\n\t\t>\n<div class=\"siteorigin-widget-tinymce textwidget\">\n\t<p style=\"text-align: center;\"><strong>Auteur(s) :<br \/>\n<\/strong>Ana\u00efs Raynaud<br \/>\nJulien Sentis<\/p>\n<\/div>\n<\/div><\/div><\/div><div id=\"pgc-13477-1-1\"  class=\"panel-grid-cell\" ><div id=\"panel-13477-1-1-0\" class=\"so-panel widget widget_sow-editor panel-first-child panel-last-child\" data-index=\"4\" ><div\n\t\t\t\n\t\t\tclass=\"so-widget-sow-editor so-widget-sow-editor-base\"\n\t\t\t\n\t\t>\n<div class=\"siteorigin-widget-tinymce textwidget\">\n\t<p style=\"text-align: center;\"><strong>Illustrations :<\/strong><br \/>\n<span class=\"data-siloing\" title=\"D\u00e9couvrez tous ces jeux\" data-siloing=\"https:\/\/www.philibertnet.com\/fr\/recherche?feature=41&amp;feature_value=Ian Rosenthaler\">Vincent Joubert<br \/>\nSeppyo (M\u00e9lanie Bardin)<\/span><\/p>\n<\/div>\n<\/div><\/div><\/div><div id=\"pgc-13477-1-2\"  class=\"panel-grid-cell\" ><div id=\"panel-13477-1-2-0\" class=\"so-panel widget widget_sow-editor panel-first-child panel-last-child\" data-index=\"5\" ><div\n\t\t\t\n\t\t\tclass=\"so-widget-sow-editor so-widget-sow-editor-base\"\n\t\t\t\n\t\t>\n<div class=\"siteorigin-widget-tinymce textwidget\">\n\t<p style=\"text-align: center;\"><strong>\u00c9dition :<\/strong><br \/>\nSpace Cow<br \/>\n2023<\/p>\n<\/div>\n<\/div><\/div><\/div><div id=\"pgc-13477-1-3\"  class=\"panel-grid-cell\" ><div id=\"panel-13477-1-3-0\" class=\"so-panel widget widget_sow-editor panel-first-child panel-last-child\" data-index=\"6\" ><div\n\t\t\t\n\t\t\tclass=\"so-widget-sow-editor so-widget-sow-editor-base\"\n\t\t\t\n\t\t>\n<div class=\"siteorigin-widget-tinymce textwidget\">\n\t<p style=\"text-align: center;\"><strong>Version :<\/strong><br \/>\nFran\u00e7aise<\/p>\n<\/div>\n<\/div><\/div><\/div><\/div><div id=\"pg-13477-2\"  class=\"panel-grid panel-no-style\" ><div id=\"pgc-13477-2-0\"  class=\"panel-grid-cell\" ><div id=\"panel-13477-2-0-0\" class=\"so-panel widget widget_sow-editor panel-first-child panel-last-child\" data-index=\"7\" ><div\n\t\t\t\n\t\t\tclass=\"so-widget-sow-editor so-widget-sow-editor-base\"\n\t\t\t\n\t\t>\n<div class=\"siteorigin-widget-tinymce textwidget\">\n\t<hr \/>\n<p><em>Gardiennes et gardiens, le royaume de Lyfr a besoin de vous !<\/em><\/p>\n<p><em>D'ordinaire paisible, Lyfr est troubl\u00e9 par l'arriv\u00e9e d'un Loup qui r\u00f4de sur les chemins.<br \/>\nPortez secours aux habitants du royaume, parcourez les chemins des diff\u00e9rentes saisons, passez de l'une \u00e0 l'autre gr\u00e2ce aux portails magiques et \u00e9chappez au Loup !<\/em><\/p>\n<p>&nbsp;<\/p>\n<p><em>Gardiens des Saisons<\/em> est un jeu coop\u00e9ratif compos\u00e9 de plusieurs aventures.<br \/>\nAu cours d'une partie, vous jouez une aventure avec ses propres mise en place et conditions de victoire. Chaque aventure est re-jouable m\u00eame si l'avez d\u00e9j\u00e0 r\u00e9ussie.<\/p>\n<\/div>\n<\/div><\/div><\/div><\/div><div id=\"pg-13477-3\"  class=\"panel-grid panel-no-style\" ><div id=\"pgc-13477-3-0\"  class=\"panel-grid-cell\" ><div id=\"panel-13477-3-0-0\" class=\"so-panel widget widget_sow-editor panel-first-child panel-last-child\" data-index=\"8\" ><div\n\t\t\t\n\t\t\tclass=\"so-widget-sow-editor so-widget-sow-editor-base\"\n\t\t\t\n\t\t>\n<div class=\"siteorigin-widget-tinymce textwidget\">\n\t<hr \/>\n<h3 style=\"text-align: center;\">En vid\u00e9o<\/h3>\n<p><a href=\"https:\/\/www.youtube.com\/watch?v=oIxTFX-bJKE\" target=\"_blank\" rel=\"noopener\"><img loading=\"lazy\" decoding=\"async\" class=\"alignnone size-full wp-image-9090\" src=\"https:\/\/meeplendice.net\/wp-content\/uploads\/2022\/01\/Link_CJ_v2.png\" alt=\"\" width=\"200\" height=\"170\" \/><\/a><\/p>\n<\/div>\n<\/div><\/div><\/div><\/div><div id=\"pg-13477-4\"  class=\"panel-grid panel-no-style\" ><div id=\"pgc-13477-4-0\"  class=\"panel-grid-cell\" ><div id=\"panel-13477-4-0-0\" class=\"so-panel widget widget_sow-editor panel-first-child panel-last-child\" data-index=\"9\" ><div\n\t\t\t\n\t\t\tclass=\"so-widget-sow-editor so-widget-sow-editor-base\"\n\t\t\t\n\t\t>\n<div class=\"siteorigin-widget-tinymce textwidget\">\n\t<hr \/>\n<h3 style=\"text-align: center;\">Pour aller plus loin<\/h3>\n<p style=\"text-align: center;\">\n<\/div>\n<\/div><\/div><\/div><\/div><\/div>","protected":false},"excerpt":{"rendered":"<p>Nombre de joueurs : 2 &#8211; 4 Dur\u00e9e moyenne : 40 min Age : 7 ans et plus Auteur(s) : Ana\u00efs Raynaud Julien Sentis Illustrations : Vincent Joubert Seppyo (M\u00e9lanie Bardin) \u00c9dition : Space Cow 2023 Version : Fran\u00e7aise<\/p>\n","protected":false},"author":2,"featured_media":13424,"parent":0,"menu_order":0,"comment_status":"closed","ping_status":"closed","template":"","meta":{"footnotes":""},"class_list":["post-13477","page","type-page","status-publish","has-post-thumbnail","hentry"],"acf":[],"rttpg_featured_image_url":{"full":["https:\/\/meeplendice.net\/wp-content\/uploads\/2025\/11\/Gardiens_des_Saisons.png",350,350,false],"landscape":["https:\/\/meeplendice.net\/wp-content\/uploads\/2025\/11\/Gardiens_des_Saisons.png",350,350,false],"portraits":["https:\/\/meeplendice.net\/wp-content\/uploads\/2025\/11\/Gardiens_des_Saisons.png",350,350,false],"thumbnail":["https:\/\/meeplendice.net\/wp-content\/uploads\/2025\/11\/Gardiens_des_Saisons-150x150.png",150,150,true],"medium":["https:\/\/meeplendice.net\/wp-content\/uploads\/2025\/11\/Gardiens_des_Saisons-300x300.png",300,300,true],"large":["https:\/\/meeplendice.net\/wp-content\/uploads\/2025\/11\/Gardiens_des_Saisons.png",350,350,false],"ug_big":["https:\/\/meeplendice.net\/wp-content\/uploads\/2025\/11\/Gardiens_des_Saisons.png",350,350,false],"1536x1536":["https:\/\/meeplendice.net\/wp-content\/uploads\/2025\/11\/Gardiens_des_Saisons.png",350,350,false],"2048x2048":["https:\/\/meeplendice.net\/wp-content\/uploads\/2025\/11\/Gardiens_des_Saisons.png",350,350,false],"ashe-slider-grid-thumbnail":["https:\/\/meeplendice.net\/wp-content\/uploads\/2025\/11\/Gardiens_des_Saisons.png",350,350,false],"ashe-full-thumbnail":["https:\/\/meeplendice.net\/wp-content\/uploads\/2025\/11\/Gardiens_des_Saisons.png",350,350,false],"ashe-grid-thumbnail":["https:\/\/meeplendice.net\/wp-content\/uploads\/2025\/11\/Gardiens_des_Saisons-350x330.png",350,330,true],"ashe-list-thumbnail":["https:\/\/meeplendice.net\/wp-content\/uploads\/2025\/11\/Gardiens_des_Saisons-300x300.png",300,300,true],"ashe-single-navigation":["https:\/\/meeplendice.net\/wp-content\/uploads\/2025\/11\/Gardiens_des_Saisons-75x75.png",75,75,true],"mailpoet_newsletter_max":["https:\/\/meeplendice.net\/wp-content\/uploads\/2025\/11\/Gardiens_des_Saisons.png",350,350,false],"rpwe-thumbnail":["https:\/\/meeplendice.net\/wp-content\/uploads\/2025\/11\/Gardiens_des_Saisons-45x45.png",45,45,true],"sow-carousel-default":["https:\/\/meeplendice.net\/wp-content\/uploads\/2025\/11\/Gardiens_des_Saisons-272x182.png",272,182,true],"rt_custom":["https:\/\/meeplendice.net\/wp-content\/uploads\/2025\/11\/Gardiens_des_Saisons.png",350,350,false]},"rttpg_author":{"display_name":"Karnby","author_link":"https:\/\/meeplendice.net\/?author=2"},"rttpg_comment":0,"rttpg_category":null,"rttpg_excerpt":"Nombre de joueurs : 2 - 4 Dur\u00e9e moyenne : 40 min Age : 7 ans et plus Auteur(s) : Ana\u00efs Raynaud Julien Sentis Illustrations : Vincent Joubert Seppyo (M\u00e9lanie Bardin) \u00c9dition : Space Cow 2023 Version : Fran\u00e7aise","_links":{"self":[{"href":"https:\/\/meeplendice.net\/index.php?rest_route=\/wp\/v2\/pages\/13477","targetHints":{"allow":["GET"]}}],"collection":[{"href":"https:\/\/meeplendice.net\/index.php?rest_route=\/wp\/v2\/pages"}],"about":[{"href":"https:\/\/meeplendice.net\/index.php?rest_route=\/wp\/v2\/types\/page"}],"author":[{"embeddable":true,"href":"https:\/\/meeplendice.net\/index.php?rest_route=\/wp\/v2\/users\/2"}],"replies":[{"embeddable":true,"href":"https:\/\/meeplendice.net\/index.php?rest_route=%2Fwp%2Fv2%2Fcomments&post=13477"}],"version-history":[{"count":2,"href":"https:\/\/meeplendice.net\/index.php?rest_route=\/wp\/v2\/pages\/13477\/revisions"}],"predecessor-version":[{"id":13480,"href":"https:\/\/meeplendice.net\/index.php?rest_route=\/wp\/v2\/pages\/13477\/revisions\/13480"}],"wp:featuredmedia":[{"embeddable":true,"href":"https:\/\/meeplendice.net\/index.php?rest_route=\/wp\/v2\/media\/13424"}],"wp:attachment":[{"href":"https:\/\/meeplendice.net\/index.php?rest_route=%2Fwp%2Fv2%2Fmedia&parent=13477"}],"curies":[{"name":"wp","href":"https:\/\/api.w.org\/{rel}","templated":true}]}}