{"id":13481,"date":"2025-11-29T23:04:17","date_gmt":"2025-11-29T21:04:17","guid":{"rendered":"https:\/\/meeplendice.net\/?page_id=13481"},"modified":"2025-11-29T23:57:38","modified_gmt":"2025-11-29T21:57:38","slug":"mission-planete-rouge-3nd-edition","status":"publish","type":"page","link":"https:\/\/meeplendice.net\/?page_id=13481","title":{"rendered":"Mission : Plan\u00e8te Rouge (3nd \u00e9dition)"},"content":{"rendered":"<div id=\"pl-13481\"  class=\"panel-layout\" ><div id=\"pg-13481-0\"  class=\"panel-grid panel-no-style\" ><div id=\"pgc-13481-0-0\"  class=\"panel-grid-cell\" ><div id=\"panel-13481-0-0-0\" class=\"so-panel widget widget_sow-editor panel-first-child panel-last-child\" data-index=\"0\" ><div\n\t\t\t\n\t\t\tclass=\"so-widget-sow-editor so-widget-sow-editor-base\"\n\t\t\t\n\t\t>\n<div class=\"siteorigin-widget-tinymce textwidget\">\n\t<p style=\"text-align: center;\"><strong>Nombre de joueurs :<\/strong><br \/>\n2 - 6<\/p>\n<\/div>\n<\/div><\/div><\/div><div id=\"pgc-13481-0-1\"  class=\"panel-grid-cell\" ><div id=\"panel-13481-0-1-0\" class=\"so-panel widget widget_sow-editor panel-first-child panel-last-child\" data-index=\"1\" ><div\n\t\t\t\n\t\t\tclass=\"so-widget-sow-editor so-widget-sow-editor-base\"\n\t\t\t\n\t\t>\n<div class=\"siteorigin-widget-tinymce textwidget\">\n\t<p style=\"text-align: center;\"><strong>Dur\u00e9e moyenne :<\/strong><br \/>\n60 min<\/p>\n<\/div>\n<\/div><\/div><\/div><div id=\"pgc-13481-0-2\"  class=\"panel-grid-cell\" ><div id=\"panel-13481-0-2-0\" class=\"so-panel widget widget_sow-editor panel-first-child panel-last-child\" data-index=\"2\" ><div\n\t\t\t\n\t\t\tclass=\"so-widget-sow-editor so-widget-sow-editor-base\"\n\t\t\t\n\t\t>\n<div class=\"siteorigin-widget-tinymce textwidget\">\n\t<p style=\"text-align: center;\"><strong>Age :<\/strong><br \/>\n10 ans et plus<\/p>\n<\/div>\n<\/div><\/div><\/div><\/div><div id=\"pg-13481-1\"  class=\"panel-grid panel-no-style\" ><div id=\"pgc-13481-1-0\"  class=\"panel-grid-cell\" ><div id=\"panel-13481-1-0-0\" class=\"so-panel widget widget_sow-editor panel-first-child panel-last-child\" data-index=\"3\" ><div\n\t\t\t\n\t\t\tclass=\"so-widget-sow-editor so-widget-sow-editor-base\"\n\t\t\t\n\t\t>\n<div class=\"siteorigin-widget-tinymce textwidget\">\n\t<p style=\"text-align: center;\"><strong>Auteur(s) :<br \/>\n<\/strong>Bruno Cathala<br \/>\nBruno Faidutti<\/p>\n<\/div>\n<\/div><\/div><\/div><div id=\"pgc-13481-1-1\"  class=\"panel-grid-cell\" ><div id=\"panel-13481-1-1-0\" class=\"so-panel widget widget_sow-editor panel-first-child panel-last-child\" data-index=\"4\" ><div\n\t\t\t\n\t\t\tclass=\"so-widget-sow-editor so-widget-sow-editor-base\"\n\t\t\t\n\t\t>\n<div class=\"siteorigin-widget-tinymce textwidget\">\n\t<p style=\"text-align: center;\"><strong>Illustrations :<\/strong><br \/>\n<span class=\"data-siloing\" title=\"D\u00e9couvrez tous ces jeux\" data-siloing=\"https:\/\/www.philibertnet.com\/fr\/recherche?feature=41&amp;feature_value=Ian Rosenthaler\">Derek Stenning<\/span><\/p>\n<\/div>\n<\/div><\/div><\/div><div id=\"pgc-13481-1-2\"  class=\"panel-grid-cell\" ><div id=\"panel-13481-1-2-0\" class=\"so-panel widget widget_sow-editor panel-first-child panel-last-child\" data-index=\"5\" ><div\n\t\t\t\n\t\t\tclass=\"so-widget-sow-editor so-widget-sow-editor-base\"\n\t\t\t\n\t\t>\n<div class=\"siteorigin-widget-tinymce textwidget\">\n\t<p style=\"text-align: center;\"><strong>\u00c9dition :<\/strong><br \/>\nMatagot<br \/>\n2023<\/p>\n<\/div>\n<\/div><\/div><\/div><div id=\"pgc-13481-1-3\"  class=\"panel-grid-cell\" ><div id=\"panel-13481-1-3-0\" class=\"so-panel widget widget_sow-editor panel-first-child panel-last-child\" data-index=\"6\" ><div\n\t\t\t\n\t\t\tclass=\"so-widget-sow-editor so-widget-sow-editor-base\"\n\t\t\t\n\t\t>\n<div class=\"siteorigin-widget-tinymce textwidget\">\n\t<p style=\"text-align: center;\"><strong>Version :<\/strong><br \/>\nFran\u00e7aise<\/p>\n<\/div>\n<\/div><\/div><\/div><\/div><div id=\"pg-13481-2\"  class=\"panel-grid panel-no-style\" ><div id=\"pgc-13481-2-0\"  class=\"panel-grid-cell\" ><div id=\"panel-13481-2-0-0\" class=\"so-panel widget widget_sow-editor panel-first-child panel-last-child\" data-index=\"7\" ><div\n\t\t\t\n\t\t\tclass=\"so-widget-sow-editor so-widget-sow-editor-base\"\n\t\t\t\n\t\t>\n<div class=\"siteorigin-widget-tinymce textwidget\">\n\t<hr \/>\n<p><em>Les sondes automatiques qui se sont pos\u00e9es sur Mars viennent de transmettre leurs derniers r\u00e9sultats d\u2019analyse. Ils r\u00e9v\u00e8lent que la plan\u00e8te rouge abonde en ressources min\u00e9rales, parmi lesquelles deux \u00e9l\u00e9ments jusqu\u2019alors inconnus, le C\u00e9l\u00e9rium et la Sylvanite. Le C\u00e9l\u00e9rium est un combustible d\u00e9gageant une \u00e9nergie mille fois plus puissante que les sources d\u2019\u00e9nergie les plus modernes, ce qui permet d\u2019envisager l\u2019exploration de tout le syst\u00e8me solaire. La Sylvanite, un min\u00e9ral plus dense que tous ceux connus jusqu\u2019alors, a un potentiel industriel extraordinaire. <\/em><\/p>\n<p><em>Les sondes ont \u00e9galement r\u00e9v\u00e9l\u00e9 la pr\u00e9sence de glace en quantit\u00e9 plus abondante que ce que l\u2019on pensait, qui pourrait aider \u00e0 g\u00e9n\u00e9rer une atmosph\u00e8re permettant, un jour prochain, une colonisation \u00e0 grande \u00e9chelle de la plan\u00e8te. La puissante compagnie mini\u00e8re que vous dirigez ne peut pas laisser ces fabuleuses ressources lui \u00e9chapper. Il est imp\u00e9ratif que vous preniez, avant l\u2019arriv\u00e9e de vos rivaux, le contr\u00f4le des principaux gisements de la plan\u00e8te rouge. Bien \u00e0 l\u2019abri dans vos bureaux de P\u00e9kin, Moscou ou New York, vous allez donc envoyer vos \u00e9quipes sur Mars.<\/em><\/p>\n<p>Dans <em><span class=\"style-client-colored-text\">Mission: Plan\u00e8te Rouge<\/span><\/em>, en tant que chef d'une soci\u00e9t\u00e9 mini\u00e8re, ces min\u00e9raux et cette glace trouv\u00e9s sur Mars pourraient vous rendre incroyablement riche - si vous parvenez \u00e0 les atteindre avant vos concurrents.<br \/>\nVous disposez de dix tours pour envoyer vos astronautes dans l'espace, occuper les zones les plus riches en ressources de la plan\u00e8te et r\u00e9colter autant de c\u00e9lerium, de sylvanite et de glace que possible. \u00c0 vos ordres se trouve une \u00e9quipe de neuf professionnels. Chacun poss\u00e8de un ensemble de comp\u00e9tences uniques, qu'il s'agisse d'aider vos astronautes \u00e0 traverser la plan\u00e8te rouge ou de faire exploser des vaisseaux spatiaux avant leur lancement.<\/p>\n<\/div>\n<\/div><\/div><\/div><\/div><div id=\"pg-13481-3\"  class=\"panel-grid panel-no-style\" ><div id=\"pgc-13481-3-0\"  class=\"panel-grid-cell\" ><div id=\"panel-13481-3-0-0\" class=\"so-panel widget widget_sow-editor panel-first-child panel-last-child\" data-index=\"8\" ><div\n\t\t\t\n\t\t\tclass=\"so-widget-sow-editor so-widget-sow-editor-base\"\n\t\t\t\n\t\t>\n<div class=\"siteorigin-widget-tinymce textwidget\">\n\t<hr \/>\n<h3 style=\"text-align: center;\">En vid\u00e9o<\/h3>\n<\/div>\n<\/div><\/div><\/div><\/div><div id=\"pg-13481-4\"  class=\"panel-grid panel-no-style\" ><div id=\"pgc-13481-4-0\"  class=\"panel-grid-cell\" ><div id=\"panel-13481-4-0-0\" class=\"so-panel widget widget_sow-editor panel-first-child panel-last-child\" data-index=\"9\" ><div\n\t\t\t\n\t\t\tclass=\"so-widget-sow-editor so-widget-sow-editor-base\"\n\t\t\t\n\t\t>\n<div class=\"siteorigin-widget-tinymce textwidget\">\n\t<hr \/>\n<h3 style=\"text-align: center;\">Pour aller plus loin<\/h3>\n<p style=\"text-align: center;\">\n<\/div>\n<\/div><\/div><\/div><\/div><\/div>","protected":false},"excerpt":{"rendered":"<p>Nombre de joueurs : 2 &#8211; 6 Dur\u00e9e moyenne : 60 min Age : 10 ans et plus Auteur(s) : Bruno Cathala Bruno Faidutti Illustrations : Derek Stenning \u00c9dition : Matagot 2023 Version : Fran\u00e7aise<\/p>\n","protected":false},"author":2,"featured_media":13431,"parent":0,"menu_order":0,"comment_status":"closed","ping_status":"closed","template":"","meta":{"footnotes":""},"class_list":["post-13481","page","type-page","status-publish","has-post-thumbnail","hentry"],"acf":[],"rttpg_featured_image_url":{"full":["https:\/\/meeplendice.net\/wp-content\/uploads\/2025\/11\/Mission_planete_rouge_reedit.png",350,350,false],"landscape":["https:\/\/meeplendice.net\/wp-content\/uploads\/2025\/11\/Mission_planete_rouge_reedit.png",350,350,false],"portraits":["https:\/\/meeplendice.net\/wp-content\/uploads\/2025\/11\/Mission_planete_rouge_reedit.png",350,350,false],"thumbnail":["https:\/\/meeplendice.net\/wp-content\/uploads\/2025\/11\/Mission_planete_rouge_reedit-150x150.png",150,150,true],"medium":["https:\/\/meeplendice.net\/wp-content\/uploads\/2025\/11\/Mission_planete_rouge_reedit-300x300.png",300,300,true],"large":["https:\/\/meeplendice.net\/wp-content\/uploads\/2025\/11\/Mission_planete_rouge_reedit.png",350,350,false],"ug_big":["https:\/\/meeplendice.net\/wp-content\/uploads\/2025\/11\/Mission_planete_rouge_reedit.png",350,350,false],"1536x1536":["https:\/\/meeplendice.net\/wp-content\/uploads\/2025\/11\/Mission_planete_rouge_reedit.png",350,350,false],"2048x2048":["https:\/\/meeplendice.net\/wp-content\/uploads\/2025\/11\/Mission_planete_rouge_reedit.png",350,350,false],"ashe-slider-grid-thumbnail":["https:\/\/meeplendice.net\/wp-content\/uploads\/2025\/11\/Mission_planete_rouge_reedit.png",350,350,false],"ashe-full-thumbnail":["https:\/\/meeplendice.net\/wp-content\/uploads\/2025\/11\/Mission_planete_rouge_reedit.png",350,350,false],"ashe-grid-thumbnail":["https:\/\/meeplendice.net\/wp-content\/uploads\/2025\/11\/Mission_planete_rouge_reedit-350x330.png",350,330,true],"ashe-list-thumbnail":["https:\/\/meeplendice.net\/wp-content\/uploads\/2025\/11\/Mission_planete_rouge_reedit-300x300.png",300,300,true],"ashe-single-navigation":["https:\/\/meeplendice.net\/wp-content\/uploads\/2025\/11\/Mission_planete_rouge_reedit-75x75.png",75,75,true],"mailpoet_newsletter_max":["https:\/\/meeplendice.net\/wp-content\/uploads\/2025\/11\/Mission_planete_rouge_reedit.png",350,350,false],"rpwe-thumbnail":["https:\/\/meeplendice.net\/wp-content\/uploads\/2025\/11\/Mission_planete_rouge_reedit-45x45.png",45,45,true],"sow-carousel-default":["https:\/\/meeplendice.net\/wp-content\/uploads\/2025\/11\/Mission_planete_rouge_reedit-272x182.png",272,182,true],"rt_custom":["https:\/\/meeplendice.net\/wp-content\/uploads\/2025\/11\/Mission_planete_rouge_reedit.png",350,350,false]},"rttpg_author":{"display_name":"Karnby","author_link":"https:\/\/meeplendice.net\/?author=2"},"rttpg_comment":0,"rttpg_category":null,"rttpg_excerpt":"Nombre de joueurs : 2 - 6 Dur\u00e9e moyenne : 60 min Age : 10 ans et plus Auteur(s) : Bruno Cathala Bruno Faidutti Illustrations : Derek Stenning \u00c9dition : Matagot 2023 Version : Fran\u00e7aise","_links":{"self":[{"href":"https:\/\/meeplendice.net\/index.php?rest_route=\/wp\/v2\/pages\/13481","targetHints":{"allow":["GET"]}}],"collection":[{"href":"https:\/\/meeplendice.net\/index.php?rest_route=\/wp\/v2\/pages"}],"about":[{"href":"https:\/\/meeplendice.net\/index.php?rest_route=\/wp\/v2\/types\/page"}],"author":[{"embeddable":true,"href":"https:\/\/meeplendice.net\/index.php?rest_route=\/wp\/v2\/users\/2"}],"replies":[{"embeddable":true,"href":"https:\/\/meeplendice.net\/index.php?rest_route=%2Fwp%2Fv2%2Fcomments&post=13481"}],"version-history":[{"count":3,"href":"https:\/\/meeplendice.net\/index.php?rest_route=\/wp\/v2\/pages\/13481\/revisions"}],"predecessor-version":[{"id":13488,"href":"https:\/\/meeplendice.net\/index.php?rest_route=\/wp\/v2\/pages\/13481\/revisions\/13488"}],"wp:featuredmedia":[{"embeddable":true,"href":"https:\/\/meeplendice.net\/index.php?rest_route=\/wp\/v2\/media\/13431"}],"wp:attachment":[{"href":"https:\/\/meeplendice.net\/index.php?rest_route=%2Fwp%2Fv2%2Fmedia&parent=13481"}],"curies":[{"name":"wp","href":"https:\/\/api.w.org\/{rel}","templated":true}]}}