{"id":13493,"date":"2025-11-30T01:11:26","date_gmt":"2025-11-29T23:11:26","guid":{"rendered":"https:\/\/meeplendice.net\/?page_id=13493"},"modified":"2025-11-30T01:41:25","modified_gmt":"2025-11-29T23:41:25","slug":"etherstone-2","status":"publish","type":"page","link":"https:\/\/meeplendice.net\/?page_id=13493","title":{"rendered":"Etherstone"},"content":{"rendered":"<div id=\"pl-13493\"  class=\"panel-layout\" ><div id=\"pg-13493-0\"  class=\"panel-grid panel-no-style\" ><div id=\"pgc-13493-0-0\"  class=\"panel-grid-cell\" ><div id=\"panel-13493-0-0-0\" class=\"so-panel widget widget_sow-editor panel-first-child panel-last-child\" data-index=\"0\" ><div\n\t\t\t\n\t\t\tclass=\"so-widget-sow-editor so-widget-sow-editor-base\"\n\t\t\t\n\t\t>\n<div class=\"siteorigin-widget-tinymce textwidget\">\n\t<p style=\"text-align: center;\"><strong>Nombre de joueurs :<\/strong><br \/>\n2 - 4<\/p>\n<\/div>\n<\/div><\/div><\/div><div id=\"pgc-13493-0-1\"  class=\"panel-grid-cell\" ><div id=\"panel-13493-0-1-0\" class=\"so-panel widget widget_sow-editor panel-first-child panel-last-child\" data-index=\"1\" ><div\n\t\t\t\n\t\t\tclass=\"so-widget-sow-editor so-widget-sow-editor-base\"\n\t\t\t\n\t\t>\n<div class=\"siteorigin-widget-tinymce textwidget\">\n\t<p style=\"text-align: center;\"><strong>Dur\u00e9e moyenne :<\/strong><br \/>\n60 min<\/p>\n<\/div>\n<\/div><\/div><\/div><div id=\"pgc-13493-0-2\"  class=\"panel-grid-cell\" ><div id=\"panel-13493-0-2-0\" class=\"so-panel widget widget_sow-editor panel-first-child panel-last-child\" data-index=\"2\" ><div\n\t\t\t\n\t\t\tclass=\"so-widget-sow-editor so-widget-sow-editor-base\"\n\t\t\t\n\t\t>\n<div class=\"siteorigin-widget-tinymce textwidget\">\n\t<p style=\"text-align: center;\"><strong>Age :<\/strong><br \/>\n14 ans et plus<\/p>\n<\/div>\n<\/div><\/div><\/div><\/div><div id=\"pg-13493-1\"  class=\"panel-grid panel-no-style\" ><div id=\"pgc-13493-1-0\"  class=\"panel-grid-cell\" ><div id=\"panel-13493-1-0-0\" class=\"so-panel widget widget_sow-editor panel-first-child panel-last-child\" data-index=\"3\" ><div\n\t\t\t\n\t\t\tclass=\"so-widget-sow-editor so-widget-sow-editor-base\"\n\t\t\t\n\t\t>\n<div class=\"siteorigin-widget-tinymce textwidget\">\n\t<p style=\"text-align: center;\"><strong>Auteur(s) :<br \/>\n<\/strong>Virginio Gigli<br \/>\nSimone Luciani<\/p>\n<\/div>\n<\/div><\/div><\/div><div id=\"pgc-13493-1-1\"  class=\"panel-grid-cell\" ><div id=\"panel-13493-1-1-0\" class=\"so-panel widget widget_sow-editor panel-first-child panel-last-child\" data-index=\"4\" ><div\n\t\t\t\n\t\t\tclass=\"so-widget-sow-editor so-widget-sow-editor-base\"\n\t\t\t\n\t\t>\n<div class=\"siteorigin-widget-tinymce textwidget\">\n\t<p style=\"text-align: center;\"><strong>Illustrations :<\/strong><br \/>\n<span class=\"data-siloing\" title=\"D\u00e9couvrez tous ces jeux\" data-siloing=\"https:\/\/www.philibertnet.com\/fr\/recherche?feature=41&amp;feature_value=Ian Rosenthaler\">Paolo Voto<\/span><\/p>\n<\/div>\n<\/div><\/div><\/div><div id=\"pgc-13493-1-2\"  class=\"panel-grid-cell\" ><div id=\"panel-13493-1-2-0\" class=\"so-panel widget widget_sow-editor panel-first-child panel-last-child\" data-index=\"5\" ><div\n\t\t\t\n\t\t\tclass=\"so-widget-sow-editor so-widget-sow-editor-base\"\n\t\t\t\n\t\t>\n<div class=\"siteorigin-widget-tinymce textwidget\">\n\t<p style=\"text-align: center;\"><strong>\u00c9dition :<\/strong><br \/>\nThunderGryph Games<br \/>\n2025<\/p>\n<\/div>\n<\/div><\/div><\/div><div id=\"pgc-13493-1-3\"  class=\"panel-grid-cell\" ><div id=\"panel-13493-1-3-0\" class=\"so-panel widget widget_sow-editor panel-first-child panel-last-child\" data-index=\"6\" ><div\n\t\t\t\n\t\t\tclass=\"so-widget-sow-editor so-widget-sow-editor-base\"\n\t\t\t\n\t\t>\n<div class=\"siteorigin-widget-tinymce textwidget\">\n\t<p style=\"text-align: center;\"><strong>Version :<\/strong><br \/>\nFran\u00e7aise<\/p>\n<\/div>\n<\/div><\/div><\/div><\/div><div id=\"pg-13493-2\"  class=\"panel-grid panel-no-style\" ><div id=\"pgc-13493-2-0\"  class=\"panel-grid-cell\" ><div id=\"panel-13493-2-0-0\" class=\"so-panel widget widget_sow-editor panel-first-child panel-last-child\" data-index=\"7\" ><div\n\t\t\t\n\t\t\tclass=\"so-widget-sow-editor so-widget-sow-editor-base\"\n\t\t\t\n\t\t>\n<div class=\"siteorigin-widget-tinymce textwidget\">\n\t<hr \/>\n<p><em>Nobura.<br \/>\nUne plan\u00e8te oubli\u00e9e, envelopp\u00e9e de myst\u00e8re. Depuis la derni\u00e8re grande extinction, elle resta st\u00e9rile et inhabit\u00e9e, jusqu'\u00e0 ce qu'une entit\u00e9 cosmique empathique se sacrifie pour y insuffler la vie. Son essence se fragmenta en Etherstones, pierres de cinq couleurs diff\u00e9rentes, chacune transformant les biomes de la plan\u00e8te et donnant naissance \u00e0 des esp\u00e8ces distinctes qui coexistent et s'affrontent.<\/em><\/p>\n<p><em>Parmi elles, les Etherstones violettes se distinguent par leur lien direct avec le N\u00e9ant, une force primordiale de cr\u00e9ation et de destruction. Comme une peste vivante, elles corrompent tout ce qu'elles touchent. Le N\u00e9ant semble d'abord doter ses victimes d'une force d\u00e9mesur\u00e9e, les rendant plus puissantes, intelligentes et cruelles.<br \/>\nMais cette puissance n'est qu'une illusion : t\u00f4t ou tard, le corps de l'h\u00f4te s'effondre, lib\u00e9rant les Etherstones qu'il abritait. Ces derni\u00e8res, guid\u00e9es par une volont\u00e9 ancienne, quittent alors Nobura pour reformer l'entit\u00e9 originelle.<\/em><\/p>\n<p><em>Vous \u00e9mergez de ce chaos en tant que leader ambitieux, d\u00e9termin\u00e9 \u00e0 imposer votre domination.<br \/>\nRien ni personne ne doit entraver votre ascension !<\/em><\/p>\n<p>Dans <em>Etherstone<\/em>, chaque joueur incarne un leader d\u00e9termin\u00e9 \u00e0 \u00e9viter la catastrophe qui menace Nobura. Pour y parvenir, il devra invoquer de puissantes Entit\u00e9s, affronter les Menaces qui surgissent et exploiter habilement les synergies de son arsenal. Seuls ceux qui sauront ma\u00eetriser ces forces pourront fa\u00e7onner l\u2019avenir de la plan\u00e8te.<\/p>\n<\/div>\n<\/div><\/div><\/div><\/div><div id=\"pg-13493-3\"  class=\"panel-grid panel-no-style\" ><div id=\"pgc-13493-3-0\"  class=\"panel-grid-cell\" ><div id=\"panel-13493-3-0-0\" class=\"so-panel widget widget_sow-editor panel-first-child panel-last-child\" data-index=\"8\" ><div\n\t\t\t\n\t\t\tclass=\"so-widget-sow-editor so-widget-sow-editor-base\"\n\t\t\t\n\t\t>\n<div class=\"siteorigin-widget-tinymce textwidget\">\n\t<hr \/>\n<h3 style=\"text-align: center;\">En vid\u00e9o<\/h3>\n<\/div>\n<\/div><\/div><\/div><\/div><div id=\"pg-13493-4\"  class=\"panel-grid panel-no-style\" ><div id=\"pgc-13493-4-0\"  class=\"panel-grid-cell\" ><div id=\"panel-13493-4-0-0\" class=\"so-panel widget widget_sow-editor panel-first-child panel-last-child\" data-index=\"9\" ><div\n\t\t\t\n\t\t\tclass=\"so-widget-sow-editor so-widget-sow-editor-base\"\n\t\t\t\n\t\t>\n<div class=\"siteorigin-widget-tinymce textwidget\">\n\t<hr \/>\n<h3 style=\"text-align: center;\">Pour aller plus loin<\/h3>\n<p style=\"text-align: center;\">\n<\/div>\n<\/div><\/div><\/div><\/div><\/div>","protected":false},"excerpt":{"rendered":"<p>Nombre de joueurs : 2 &#8211; 4 Dur\u00e9e moyenne : 60 min Age : 14 ans et plus Auteur(s) : Virginio Gigli Simone Luciani Illustrations : Paolo Voto \u00c9dition : ThunderGryph Games 2025 Version : Fran\u00e7aise<\/p>\n","protected":false},"author":2,"featured_media":13421,"parent":0,"menu_order":0,"comment_status":"closed","ping_status":"closed","template":"","meta":{"footnotes":""},"class_list":["post-13493","page","type-page","status-publish","has-post-thumbnail","hentry"],"acf":[],"rttpg_featured_image_url":{"full":["https:\/\/meeplendice.net\/wp-content\/uploads\/2025\/11\/Etherstone.png",350,350,false],"landscape":["https:\/\/meeplendice.net\/wp-content\/uploads\/2025\/11\/Etherstone.png",350,350,false],"portraits":["https:\/\/meeplendice.net\/wp-content\/uploads\/2025\/11\/Etherstone.png",350,350,false],"thumbnail":["https:\/\/meeplendice.net\/wp-content\/uploads\/2025\/11\/Etherstone-150x150.png",150,150,true],"medium":["https:\/\/meeplendice.net\/wp-content\/uploads\/2025\/11\/Etherstone-300x300.png",300,300,true],"large":["https:\/\/meeplendice.net\/wp-content\/uploads\/2025\/11\/Etherstone.png",350,350,false],"ug_big":["https:\/\/meeplendice.net\/wp-content\/uploads\/2025\/11\/Etherstone.png",350,350,false],"1536x1536":["https:\/\/meeplendice.net\/wp-content\/uploads\/2025\/11\/Etherstone.png",350,350,false],"2048x2048":["https:\/\/meeplendice.net\/wp-content\/uploads\/2025\/11\/Etherstone.png",350,350,false],"ashe-slider-grid-thumbnail":["https:\/\/meeplendice.net\/wp-content\/uploads\/2025\/11\/Etherstone.png",350,350,false],"ashe-full-thumbnail":["https:\/\/meeplendice.net\/wp-content\/uploads\/2025\/11\/Etherstone.png",350,350,false],"ashe-grid-thumbnail":["https:\/\/meeplendice.net\/wp-content\/uploads\/2025\/11\/Etherstone-350x330.png",350,330,true],"ashe-list-thumbnail":["https:\/\/meeplendice.net\/wp-content\/uploads\/2025\/11\/Etherstone-300x300.png",300,300,true],"ashe-single-navigation":["https:\/\/meeplendice.net\/wp-content\/uploads\/2025\/11\/Etherstone-75x75.png",75,75,true],"mailpoet_newsletter_max":["https:\/\/meeplendice.net\/wp-content\/uploads\/2025\/11\/Etherstone.png",350,350,false],"rpwe-thumbnail":["https:\/\/meeplendice.net\/wp-content\/uploads\/2025\/11\/Etherstone-45x45.png",45,45,true],"sow-carousel-default":["https:\/\/meeplendice.net\/wp-content\/uploads\/2025\/11\/Etherstone-272x182.png",272,182,true],"rt_custom":["https:\/\/meeplendice.net\/wp-content\/uploads\/2025\/11\/Etherstone.png",350,350,false]},"rttpg_author":{"display_name":"Karnby","author_link":"https:\/\/meeplendice.net\/?author=2"},"rttpg_comment":0,"rttpg_category":null,"rttpg_excerpt":"Nombre de joueurs : 2 - 4 Dur\u00e9e moyenne : 60 min Age : 14 ans et plus Auteur(s) : Virginio Gigli Simone Luciani Illustrations : Paolo Voto \u00c9dition : ThunderGryph Games 2025 Version : Fran\u00e7aise","_links":{"self":[{"href":"https:\/\/meeplendice.net\/index.php?rest_route=\/wp\/v2\/pages\/13493","targetHints":{"allow":["GET"]}}],"collection":[{"href":"https:\/\/meeplendice.net\/index.php?rest_route=\/wp\/v2\/pages"}],"about":[{"href":"https:\/\/meeplendice.net\/index.php?rest_route=\/wp\/v2\/types\/page"}],"author":[{"embeddable":true,"href":"https:\/\/meeplendice.net\/index.php?rest_route=\/wp\/v2\/users\/2"}],"replies":[{"embeddable":true,"href":"https:\/\/meeplendice.net\/index.php?rest_route=%2Fwp%2Fv2%2Fcomments&post=13493"}],"version-history":[{"count":3,"href":"https:\/\/meeplendice.net\/index.php?rest_route=\/wp\/v2\/pages\/13493\/revisions"}],"predecessor-version":[{"id":13496,"href":"https:\/\/meeplendice.net\/index.php?rest_route=\/wp\/v2\/pages\/13493\/revisions\/13496"}],"wp:featuredmedia":[{"embeddable":true,"href":"https:\/\/meeplendice.net\/index.php?rest_route=\/wp\/v2\/media\/13421"}],"wp:attachment":[{"href":"https:\/\/meeplendice.net\/index.php?rest_route=%2Fwp%2Fv2%2Fmedia&parent=13493"}],"curies":[{"name":"wp","href":"https:\/\/api.w.org\/{rel}","templated":true}]}}