{"id":13504,"date":"2025-11-30T12:45:41","date_gmt":"2025-11-30T10:45:41","guid":{"rendered":"https:\/\/meeplendice.net\/?page_id=13504"},"modified":"2025-11-30T16:07:15","modified_gmt":"2025-11-30T14:07:15","slug":"unmatched-combats-de-legendes-volume-3","status":"publish","type":"page","link":"https:\/\/meeplendice.net\/?page_id=13504","title":{"rendered":"Unmatched : Combats de L\u00e9gendes &#8211; Volume 3"},"content":{"rendered":"<div id=\"pl-13504\"  class=\"panel-layout\" ><div id=\"pg-13504-0\"  class=\"panel-grid panel-no-style\" ><div id=\"pgc-13504-0-0\"  class=\"panel-grid-cell\" ><div id=\"panel-13504-0-0-0\" class=\"so-panel widget widget_sow-editor panel-first-child panel-last-child\" data-index=\"0\" ><div\n\t\t\t\n\t\t\tclass=\"so-widget-sow-editor so-widget-sow-editor-base\"\n\t\t\t\n\t\t>\n<div class=\"siteorigin-widget-tinymce textwidget\">\n\t<p style=\"text-align: center;\"><strong>Nombre de joueurs :<\/strong><br \/>\n2 - 4<\/p>\n<\/div>\n<\/div><\/div><\/div><div id=\"pgc-13504-0-1\"  class=\"panel-grid-cell\" ><div id=\"panel-13504-0-1-0\" class=\"so-panel widget widget_sow-editor panel-first-child panel-last-child\" data-index=\"1\" ><div\n\t\t\t\n\t\t\tclass=\"so-widget-sow-editor so-widget-sow-editor-base\"\n\t\t\t\n\t\t>\n<div class=\"siteorigin-widget-tinymce textwidget\">\n\t<p style=\"text-align: center;\"><strong>Auteur(s) :<br \/>\n<\/strong>Noah Cohen<br \/>\nRob Daviau<br \/>\nBrad Dilley<br \/>\nChet Dudick<br \/>\nJustin D. Jacobson<br \/>\nGary McCarthy<br \/>\nCharles Peters<\/p>\n<\/div>\n<\/div><\/div><\/div><div id=\"pgc-13504-0-2\"  class=\"panel-grid-cell\" ><div id=\"panel-13504-0-2-0\" class=\"so-panel widget widget_sow-editor panel-first-child panel-last-child\" data-index=\"2\" ><div\n\t\t\t\n\t\t\tclass=\"so-widget-sow-editor so-widget-sow-editor-base\"\n\t\t\t\n\t\t>\n<div class=\"siteorigin-widget-tinymce textwidget\">\n\t<p style=\"text-align: center;\"><strong>Illustrations :<br \/>\n<\/strong>Alex Hovey<br \/>\nAbel Klaar<br \/>\nSimon Prades<br \/>\nLenka Simeckova<br \/>\nDanielle Weires<\/p>\n<\/div>\n<\/div><\/div><\/div><div id=\"pgc-13504-0-3\"  class=\"panel-grid-cell\" ><div id=\"panel-13504-0-3-0\" class=\"so-panel widget widget_sow-editor panel-first-child panel-last-child\" data-index=\"3\" ><div\n\t\t\t\n\t\t\tclass=\"so-widget-sow-editor so-widget-sow-editor-base\"\n\t\t\t\n\t\t>\n<div class=\"siteorigin-widget-tinymce textwidget\">\n\t<p style=\"text-align: center;\"><strong>\u00c9dition :<\/strong><br \/>\nIello<br \/>\n2025<\/p>\n<\/div>\n<\/div><\/div><\/div><div id=\"pgc-13504-0-4\"  class=\"panel-grid-cell\" ><div id=\"panel-13504-0-4-0\" class=\"so-panel widget widget_sow-editor panel-first-child panel-last-child\" data-index=\"4\" ><div\n\t\t\t\n\t\t\tclass=\"so-widget-sow-editor so-widget-sow-editor-base\"\n\t\t\t\n\t\t>\n<div class=\"siteorigin-widget-tinymce textwidget\">\n\t<p style=\"text-align: center;\"><strong>Version :<\/strong><br \/>\nFran\u00e7aise<\/p>\n<\/div>\n<\/div><\/div><\/div><\/div><div id=\"pg-13504-1\"  class=\"panel-grid panel-no-style\" ><div id=\"pgc-13504-1-0\"  class=\"panel-grid-cell\" ><div id=\"panel-13504-1-0-0\" class=\"so-panel widget widget_sow-editor panel-first-child panel-last-child\" data-index=\"5\" ><div\n\t\t\t\n\t\t\tclass=\"so-widget-sow-editor so-widget-sow-editor-base\"\n\t\t\t\n\t\t>\n<div class=\"siteorigin-widget-tinymce textwidget\">\n\t<hr \/>\n<p>Ce troisi\u00e8me volume <em>d\u2019Unmatched<\/em> vous permet d\u2019incarner Barbe Noire, Chupacabra, Pandore, Loki.<\/p>\n<ul>\n<li>Barbe Noire - Acolytes Flibustiers<br \/>\n<em>Halte-l\u00e0 ! L'\u00e9quipage de Barbe Noire veut en d\u00e9coudre ! Votre seul espoir de vaincre le Fl\u00e9au des Sept Mers sera de lui faire voir la couleur de vos doublons !<\/em><\/li>\n<\/ul>\n<p>&nbsp;<\/p>\n<ul>\n<li>Chupacabra<br \/>\n<em>Vous voil\u00e0 sur le terrain de chasse du plus mythique des pr\u00e9dateurs d'Am\u00e9rique latine, connu sous le nom de... Chuuut ! C'\u00e9tait quoi, \u00e7a ? Vous avez entendu un cri ? Alors, c'est que le sang va couler...<br \/>\n<\/em><\/li>\n<\/ul>\n<p>&nbsp;<\/p>\n<ul>\n<li>Pandore - Acolytes Cacod\u00e9mons<br \/>\n<em>Une bo\u00eete contenant tous les malheurs de l'humanit\u00e9 fut fa\u00e7onn\u00e9e par les dieux et offerte aux mortels. Pandore s'appr\u00eate \u00e0 l'ouvrir. Est-ce par pure folie, ou en qu\u00eate d'espoir ?<\/em><\/li>\n<\/ul>\n<p>&nbsp;<\/p>\n<ul>\n<li>Loki<br \/>\n<em>M\u00e9tamorphe malintentionn\u00e9, fauteur de troubles sournois et dieu du chaos, le l\u00e9gendaire Loki, roublard connu sous bien des noms et bien des visages, est d'humeur g\u00e9n\u00e9reuse. \"Je distribue des cartes. Faites-en bon usage\", vous lance-t-il avec un clin d'oeil et un sourire narquois.<\/em><\/li>\n<\/ul>\n<\/div>\n<\/div><\/div><\/div><\/div><\/div>","protected":false},"excerpt":{"rendered":"<p>Nombre de joueurs : 2 &#8211; 4 Auteur(s) : Noah Cohen Rob Daviau Brad Dilley Chet Dudick Justin D. Jacobson Gary McCarthy Charles Peters Illustrations : Alex Hovey Abel Klaar Simon Prades Lenka Simeckova Danielle Weires \u00c9dition : Iello 2025 Version : Fran\u00e7aise Ce troisi\u00e8me volume d\u2019Unmatched vous permet d\u2019incarner Barbe Noire, Chupacabra, Pandore, Loki. Barbe Noire &#8211; Acolytes Flibustiers Halte-l\u00e0 ! L&rsquo;\u00e9quipage de Barbe Noire veut en d\u00e9coudre ! Votre seul espoir de vaincre le Fl\u00e9au des Sept Mers sera de lui faire voir la couleur de vos doublons ! &nbsp; Chupacabra Vous voil\u00e0 sur le terrain de chasse du plus mythique des pr\u00e9dateurs d&rsquo;Am\u00e9rique latine, connu sous le nom de&#8230; Chuuut ! C&rsquo;\u00e9tait quoi, \u00e7a ? Vous avez entendu un cri ? Alors, c&rsquo;est que le sang va couler&#8230; &nbsp; Pandore &#8211; Acolytes Cacod\u00e9mons Une bo\u00eete contenant tous les malheurs de l&rsquo;humanit\u00e9 fut fa\u00e7onn\u00e9e par les dieux et offerte aux mortels. Pandore s&rsquo;appr\u00eate \u00e0 l&rsquo;ouvrir. Est-ce par pure folie, ou en qu\u00eate d&rsquo;espoir ? &nbsp; Loki M\u00e9tamorphe malintentionn\u00e9, fauteur de troubles sournois et dieu du chaos, le l\u00e9gendaire Loki, roublard connu sous bien des noms et bien des visages, est d&rsquo;humeur g\u00e9n\u00e9reuse. \u00ab\u00a0Je distribue des cartes. Faites-en bon usage\u00a0\u00bb, vous lance-t-il avec un clin d&rsquo;oeil et un sourire narquois.<\/p>\n","protected":false},"author":2,"featured_media":13529,"parent":12879,"menu_order":3,"comment_status":"closed","ping_status":"closed","template":"","meta":{"footnotes":""},"class_list":["post-13504","page","type-page","status-publish","has-post-thumbnail","hentry"],"acf":[],"rttpg_featured_image_url":{"full":["https:\/\/meeplendice.net\/wp-content\/uploads\/2025\/11\/Unmatched_Vol03-1_vol.png",350,350,false],"landscape":["https:\/\/meeplendice.net\/wp-content\/uploads\/2025\/11\/Unmatched_Vol03-1_vol.png",350,350,false],"portraits":["https:\/\/meeplendice.net\/wp-content\/uploads\/2025\/11\/Unmatched_Vol03-1_vol.png",350,350,false],"thumbnail":["https:\/\/meeplendice.net\/wp-content\/uploads\/2025\/11\/Unmatched_Vol03-1_vol-150x150.png",150,150,true],"medium":["https:\/\/meeplendice.net\/wp-content\/uploads\/2025\/11\/Unmatched_Vol03-1_vol-300x300.png",300,300,true],"large":["https:\/\/meeplendice.net\/wp-content\/uploads\/2025\/11\/Unmatched_Vol03-1_vol.png",350,350,false],"ug_big":["https:\/\/meeplendice.net\/wp-content\/uploads\/2025\/11\/Unmatched_Vol03-1_vol.png",350,350,false],"1536x1536":["https:\/\/meeplendice.net\/wp-content\/uploads\/2025\/11\/Unmatched_Vol03-1_vol.png",350,350,false],"2048x2048":["https:\/\/meeplendice.net\/wp-content\/uploads\/2025\/11\/Unmatched_Vol03-1_vol.png",350,350,false],"ashe-slider-grid-thumbnail":["https:\/\/meeplendice.net\/wp-content\/uploads\/2025\/11\/Unmatched_Vol03-1_vol.png",350,350,false],"ashe-full-thumbnail":["https:\/\/meeplendice.net\/wp-content\/uploads\/2025\/11\/Unmatched_Vol03-1_vol.png",350,350,false],"ashe-grid-thumbnail":["https:\/\/meeplendice.net\/wp-content\/uploads\/2025\/11\/Unmatched_Vol03-1_vol-350x330.png",350,330,true],"ashe-list-thumbnail":["https:\/\/meeplendice.net\/wp-content\/uploads\/2025\/11\/Unmatched_Vol03-1_vol-300x300.png",300,300,true],"ashe-single-navigation":["https:\/\/meeplendice.net\/wp-content\/uploads\/2025\/11\/Unmatched_Vol03-1_vol-75x75.png",75,75,true],"mailpoet_newsletter_max":["https:\/\/meeplendice.net\/wp-content\/uploads\/2025\/11\/Unmatched_Vol03-1_vol.png",350,350,false],"rpwe-thumbnail":["https:\/\/meeplendice.net\/wp-content\/uploads\/2025\/11\/Unmatched_Vol03-1_vol-45x45.png",45,45,true],"sow-carousel-default":["https:\/\/meeplendice.net\/wp-content\/uploads\/2025\/11\/Unmatched_Vol03-1_vol-272x182.png",272,182,true],"rt_custom":["https:\/\/meeplendice.net\/wp-content\/uploads\/2025\/11\/Unmatched_Vol03-1_vol.png",350,350,false]},"rttpg_author":{"display_name":"Karnby","author_link":"https:\/\/meeplendice.net\/?author=2"},"rttpg_comment":0,"rttpg_category":null,"rttpg_excerpt":"Nombre de joueurs : 2 - 4 Auteur(s) : Noah Cohen Rob Daviau Brad Dilley Chet Dudick Justin D. Jacobson Gary McCarthy Charles Peters Illustrations : Alex Hovey Abel Klaar Simon Prades Lenka Simeckova Danielle Weires \u00c9dition : Iello 2025 Version : Fran\u00e7aise Ce troisi\u00e8me volume d\u2019Unmatched vous permet d\u2019incarner Barbe Noire, Chupacabra, Pandore, Loki.\u2026","_links":{"self":[{"href":"https:\/\/meeplendice.net\/index.php?rest_route=\/wp\/v2\/pages\/13504","targetHints":{"allow":["GET"]}}],"collection":[{"href":"https:\/\/meeplendice.net\/index.php?rest_route=\/wp\/v2\/pages"}],"about":[{"href":"https:\/\/meeplendice.net\/index.php?rest_route=\/wp\/v2\/types\/page"}],"author":[{"embeddable":true,"href":"https:\/\/meeplendice.net\/index.php?rest_route=\/wp\/v2\/users\/2"}],"replies":[{"embeddable":true,"href":"https:\/\/meeplendice.net\/index.php?rest_route=%2Fwp%2Fv2%2Fcomments&post=13504"}],"version-history":[{"count":2,"href":"https:\/\/meeplendice.net\/index.php?rest_route=\/wp\/v2\/pages\/13504\/revisions"}],"predecessor-version":[{"id":13520,"href":"https:\/\/meeplendice.net\/index.php?rest_route=\/wp\/v2\/pages\/13504\/revisions\/13520"}],"up":[{"embeddable":true,"href":"https:\/\/meeplendice.net\/index.php?rest_route=\/wp\/v2\/pages\/12879"}],"wp:featuredmedia":[{"embeddable":true,"href":"https:\/\/meeplendice.net\/index.php?rest_route=\/wp\/v2\/media\/13529"}],"wp:attachment":[{"href":"https:\/\/meeplendice.net\/index.php?rest_route=%2Fwp%2Fv2%2Fmedia&parent=13504"}],"curies":[{"name":"wp","href":"https:\/\/api.w.org\/{rel}","templated":true}]}}