{"id":13518,"date":"2025-11-30T13:20:09","date_gmt":"2025-11-30T11:20:09","guid":{"rendered":"https:\/\/meeplendice.net\/?page_id=13518"},"modified":"2025-11-30T16:06:25","modified_gmt":"2025-11-30T14:06:25","slug":"unmatched-the-witcher-dargent-dacier","status":"publish","type":"page","link":"https:\/\/meeplendice.net\/?page_id=13518","title":{"rendered":"Unmatched : The Witcher &#8211; d&rsquo;Argent &#038; d&rsquo;Acier"},"content":{"rendered":"<div id=\"pl-13518\"  class=\"panel-layout\" ><div id=\"pg-13518-0\"  class=\"panel-grid panel-no-style\" ><div id=\"pgc-13518-0-0\"  class=\"panel-grid-cell\" ><div id=\"panel-13518-0-0-0\" class=\"so-panel widget widget_sow-editor panel-first-child panel-last-child\" data-index=\"0\" ><div\n\t\t\t\n\t\t\tclass=\"so-widget-sow-editor so-widget-sow-editor-base\"\n\t\t\t\n\t\t>\n<div class=\"siteorigin-widget-tinymce textwidget\">\n\t<p style=\"text-align: center;\"><strong>Nombre de joueurs :<\/strong><br \/>\n2 - 3<\/p>\n<\/div>\n<\/div><\/div><\/div><div id=\"pgc-13518-0-1\"  class=\"panel-grid-cell\" ><div id=\"panel-13518-0-1-0\" class=\"so-panel widget widget_sow-editor panel-first-child panel-last-child\" data-index=\"1\" ><div\n\t\t\t\n\t\t\tclass=\"so-widget-sow-editor so-widget-sow-editor-base\"\n\t\t\t\n\t\t>\n<div class=\"siteorigin-widget-tinymce textwidget\">\n\t<p style=\"text-align: center;\"><strong>Auteur(s) :<br \/>\n<\/strong>Noah Cohen<br \/>\nRob Daviau<br \/>\nJustin D. Jacobson<br \/>\nBrian Neff<\/p>\n<\/div>\n<\/div><\/div><\/div><div id=\"pgc-13518-0-2\"  class=\"panel-grid-cell\" ><div id=\"panel-13518-0-2-0\" class=\"so-panel widget widget_sow-editor panel-first-child panel-last-child\" data-index=\"2\" ><div\n\t\t\t\n\t\t\tclass=\"so-widget-sow-editor so-widget-sow-editor-base\"\n\t\t\t\n\t\t>\n<div class=\"siteorigin-widget-tinymce textwidget\">\n\t<p style=\"text-align: center;\"><strong>Illustrations :<br \/>\n<\/strong>Alexander Brick<br \/>\nZo\u00eb van Dijk<br \/>\nGarrett Kaida<br \/>\nNastya Lehn<\/p>\n<\/div>\n<\/div><\/div><\/div><div id=\"pgc-13518-0-3\"  class=\"panel-grid-cell\" ><div id=\"panel-13518-0-3-0\" class=\"so-panel widget widget_sow-editor panel-first-child panel-last-child\" data-index=\"3\" ><div\n\t\t\t\n\t\t\tclass=\"so-widget-sow-editor so-widget-sow-editor-base\"\n\t\t\t\n\t\t>\n<div class=\"siteorigin-widget-tinymce textwidget\">\n\t<p style=\"text-align: center;\"><strong>\u00c9dition :<\/strong><br \/>\nIello<br \/>\n2025<\/p>\n<\/div>\n<\/div><\/div><\/div><div id=\"pgc-13518-0-4\"  class=\"panel-grid-cell\" ><div id=\"panel-13518-0-4-0\" class=\"so-panel widget widget_sow-editor panel-first-child panel-last-child\" data-index=\"4\" ><div\n\t\t\t\n\t\t\tclass=\"so-widget-sow-editor so-widget-sow-editor-base\"\n\t\t\t\n\t\t>\n<div class=\"siteorigin-widget-tinymce textwidget\">\n\t<p style=\"text-align: center;\"><strong>Version :<\/strong><br \/>\nFran\u00e7aise<\/p>\n<\/div>\n<\/div><\/div><\/div><\/div><div id=\"pg-13518-1\"  class=\"panel-grid panel-no-style\" ><div id=\"pgc-13518-1-0\"  class=\"panel-grid-cell\" ><div id=\"panel-13518-1-0-0\" class=\"so-panel widget widget_sow-editor panel-first-child panel-last-child\" data-index=\"5\" ><div\n\t\t\t\n\t\t\tclass=\"so-widget-sow-editor so-widget-sow-editor-base\"\n\t\t\t\n\t\t>\n<div class=\"siteorigin-widget-tinymce textwidget\">\n\t<hr \/>\n<p><em>Unmatched : The Witcher - D'Argent &amp; D'Acier<\/em> vous permet d\u2019incarner Geralt de Riv, Ciri ou encore Vieux Leshen.<\/p>\n<ul>\n<li>Shakespeare - Acolyte Jaskier<br \/>\n<em>Le Loup Blanc est l'un des Sorceleurs les plus r\u00e9put\u00e9s. Nombre de ses exploits ont \u00e9t\u00e9 immortalis\u00e9s par Jaskier.<\/em><em><br \/>\n<\/em><\/li>\n<\/ul>\n<p>&nbsp;<\/p>\n<ul>\n<li>Ciri - Acolyte Ihuarraquax<br \/>\n<em>L'Enfant de Sang Ancien et Dame de l'Espace et du Temps. Avec l'aide d'Ihuarraquax, elle ma\u00eetrisera ses pouvoirs.<\/em><\/li>\n<\/ul>\n<p>&nbsp;<\/p>\n<ul>\n<li>Vieux Leshen - Acolytes Loups<br \/>\n<em>Le Gardien Primordial veille sur la for\u00eat et tous ses habitants.<\/em><\/li>\n<\/ul>\n<\/div>\n<\/div><\/div><\/div><\/div><\/div>","protected":false},"excerpt":{"rendered":"<p>Nombre de joueurs : 2 &#8211; 3 Auteur(s) : Noah Cohen Rob Daviau Justin D. Jacobson Brian Neff Illustrations : Alexander Brick Zo\u00eb van Dijk Garrett Kaida Nastya Lehn \u00c9dition : Iello 2025 Version : Fran\u00e7aise Unmatched : The Witcher &#8211; D&rsquo;Argent &amp; D&rsquo;Acier vous permet d\u2019incarner Geralt de Riv, Ciri ou encore Vieux Leshen. Shakespeare &#8211; Acolyte Jaskier Le Loup Blanc est l&rsquo;un des Sorceleurs les plus r\u00e9put\u00e9s. Nombre de ses exploits ont \u00e9t\u00e9 immortalis\u00e9s par Jaskier. &nbsp; Ciri &#8211; Acolyte Ihuarraquax L&rsquo;Enfant de Sang Ancien et Dame de l&rsquo;Espace et du Temps. Avec l&rsquo;aide d&rsquo;Ihuarraquax, elle ma\u00eetrisera ses pouvoirs. &nbsp; Vieux Leshen &#8211; Acolytes Loups Le Gardien Primordial veille sur la for\u00eat et tous ses habitants.<\/p>\n","protected":false},"author":2,"featured_media":13530,"parent":12879,"menu_order":3,"comment_status":"closed","ping_status":"closed","template":"","meta":{"footnotes":""},"class_list":["post-13518","page","type-page","status-publish","has-post-thumbnail","hentry"],"acf":[],"rttpg_featured_image_url":{"full":["https:\/\/meeplendice.net\/wp-content\/uploads\/2025\/11\/Unmatched_Witcher_AA_ex.png",350,350,false],"landscape":["https:\/\/meeplendice.net\/wp-content\/uploads\/2025\/11\/Unmatched_Witcher_AA_ex.png",350,350,false],"portraits":["https:\/\/meeplendice.net\/wp-content\/uploads\/2025\/11\/Unmatched_Witcher_AA_ex.png",350,350,false],"thumbnail":["https:\/\/meeplendice.net\/wp-content\/uploads\/2025\/11\/Unmatched_Witcher_AA_ex-150x150.png",150,150,true],"medium":["https:\/\/meeplendice.net\/wp-content\/uploads\/2025\/11\/Unmatched_Witcher_AA_ex-300x300.png",300,300,true],"large":["https:\/\/meeplendice.net\/wp-content\/uploads\/2025\/11\/Unmatched_Witcher_AA_ex.png",350,350,false],"ug_big":["https:\/\/meeplendice.net\/wp-content\/uploads\/2025\/11\/Unmatched_Witcher_AA_ex.png",350,350,false],"1536x1536":["https:\/\/meeplendice.net\/wp-content\/uploads\/2025\/11\/Unmatched_Witcher_AA_ex.png",350,350,false],"2048x2048":["https:\/\/meeplendice.net\/wp-content\/uploads\/2025\/11\/Unmatched_Witcher_AA_ex.png",350,350,false],"ashe-slider-grid-thumbnail":["https:\/\/meeplendice.net\/wp-content\/uploads\/2025\/11\/Unmatched_Witcher_AA_ex.png",350,350,false],"ashe-full-thumbnail":["https:\/\/meeplendice.net\/wp-content\/uploads\/2025\/11\/Unmatched_Witcher_AA_ex.png",350,350,false],"ashe-grid-thumbnail":["https:\/\/meeplendice.net\/wp-content\/uploads\/2025\/11\/Unmatched_Witcher_AA_ex-350x330.png",350,330,true],"ashe-list-thumbnail":["https:\/\/meeplendice.net\/wp-content\/uploads\/2025\/11\/Unmatched_Witcher_AA_ex-300x300.png",300,300,true],"ashe-single-navigation":["https:\/\/meeplendice.net\/wp-content\/uploads\/2025\/11\/Unmatched_Witcher_AA_ex-75x75.png",75,75,true],"mailpoet_newsletter_max":["https:\/\/meeplendice.net\/wp-content\/uploads\/2025\/11\/Unmatched_Witcher_AA_ex.png",350,350,false],"rpwe-thumbnail":["https:\/\/meeplendice.net\/wp-content\/uploads\/2025\/11\/Unmatched_Witcher_AA_ex-45x45.png",45,45,true],"sow-carousel-default":["https:\/\/meeplendice.net\/wp-content\/uploads\/2025\/11\/Unmatched_Witcher_AA_ex-272x182.png",272,182,true],"rt_custom":["https:\/\/meeplendice.net\/wp-content\/uploads\/2025\/11\/Unmatched_Witcher_AA_ex.png",350,350,false]},"rttpg_author":{"display_name":"Karnby","author_link":"https:\/\/meeplendice.net\/?author=2"},"rttpg_comment":0,"rttpg_category":null,"rttpg_excerpt":"Nombre de joueurs : 2 - 3 Auteur(s) : Noah Cohen Rob Daviau Justin D. Jacobson Brian Neff Illustrations : Alexander Brick Zo\u00eb van Dijk Garrett Kaida Nastya Lehn \u00c9dition : Iello 2025 Version : Fran\u00e7aise Unmatched : The Witcher - D'Argent &amp; D'Acier vous permet d\u2019incarner Geralt de Riv, Ciri ou encore Vieux Leshen.\u2026","_links":{"self":[{"href":"https:\/\/meeplendice.net\/index.php?rest_route=\/wp\/v2\/pages\/13518","targetHints":{"allow":["GET"]}}],"collection":[{"href":"https:\/\/meeplendice.net\/index.php?rest_route=\/wp\/v2\/pages"}],"about":[{"href":"https:\/\/meeplendice.net\/index.php?rest_route=\/wp\/v2\/types\/page"}],"author":[{"embeddable":true,"href":"https:\/\/meeplendice.net\/index.php?rest_route=\/wp\/v2\/users\/2"}],"replies":[{"embeddable":true,"href":"https:\/\/meeplendice.net\/index.php?rest_route=%2Fwp%2Fv2%2Fcomments&post=13518"}],"version-history":[{"count":3,"href":"https:\/\/meeplendice.net\/index.php?rest_route=\/wp\/v2\/pages\/13518\/revisions"}],"predecessor-version":[{"id":13523,"href":"https:\/\/meeplendice.net\/index.php?rest_route=\/wp\/v2\/pages\/13518\/revisions\/13523"}],"up":[{"embeddable":true,"href":"https:\/\/meeplendice.net\/index.php?rest_route=\/wp\/v2\/pages\/12879"}],"wp:featuredmedia":[{"embeddable":true,"href":"https:\/\/meeplendice.net\/index.php?rest_route=\/wp\/v2\/media\/13530"}],"wp:attachment":[{"href":"https:\/\/meeplendice.net\/index.php?rest_route=%2Fwp%2Fv2%2Fmedia&parent=13518"}],"curies":[{"name":"wp","href":"https:\/\/api.w.org\/{rel}","templated":true}]}}