{"id":13533,"date":"2025-11-30T16:49:50","date_gmt":"2025-11-30T14:49:50","guid":{"rendered":"https:\/\/meeplendice.net\/?page_id=13533"},"modified":"2025-11-30T17:04:57","modified_gmt":"2025-11-30T15:04:57","slug":"le-chateau-blanc-duel","status":"publish","type":"page","link":"https:\/\/meeplendice.net\/?page_id=13533","title":{"rendered":"Le Ch\u00e2teau Blanc Duel"},"content":{"rendered":"<div id=\"pl-13533\"  class=\"panel-layout\" ><div id=\"pg-13533-0\"  class=\"panel-grid panel-no-style\" ><div id=\"pgc-13533-0-0\"  class=\"panel-grid-cell\" ><div id=\"panel-13533-0-0-0\" class=\"so-panel widget widget_sow-editor panel-first-child panel-last-child\" data-index=\"0\" ><div\n\t\t\t\n\t\t\tclass=\"so-widget-sow-editor so-widget-sow-editor-base\"\n\t\t\t\n\t\t>\n<div class=\"siteorigin-widget-tinymce textwidget\">\n\t<p style=\"text-align: center;\"><strong>Nombre de joueurs :<\/strong><br \/>\n2 - 2<\/p>\n<\/div>\n<\/div><\/div><\/div><div id=\"pgc-13533-0-1\"  class=\"panel-grid-cell\" ><div id=\"panel-13533-0-1-0\" class=\"so-panel widget widget_sow-editor panel-first-child panel-last-child\" data-index=\"1\" ><div\n\t\t\t\n\t\t\tclass=\"so-widget-sow-editor so-widget-sow-editor-base\"\n\t\t\t\n\t\t>\n<div class=\"siteorigin-widget-tinymce textwidget\">\n\t<p style=\"text-align: center;\"><strong>Dur\u00e9e moyenne :<\/strong><br \/>\n60 min<\/p>\n<\/div>\n<\/div><\/div><\/div><div id=\"pgc-13533-0-2\"  class=\"panel-grid-cell\" ><div id=\"panel-13533-0-2-0\" class=\"so-panel widget widget_sow-editor panel-first-child panel-last-child\" data-index=\"2\" ><div\n\t\t\t\n\t\t\tclass=\"so-widget-sow-editor so-widget-sow-editor-base\"\n\t\t\t\n\t\t>\n<div class=\"siteorigin-widget-tinymce textwidget\">\n\t<p style=\"text-align: center;\"><strong>Age :<\/strong><br \/>\n10 ans et plus<\/p>\n<\/div>\n<\/div><\/div><\/div><\/div><div id=\"pg-13533-1\"  class=\"panel-grid panel-no-style\" ><div id=\"pgc-13533-1-0\"  class=\"panel-grid-cell\" ><div id=\"panel-13533-1-0-0\" class=\"so-panel widget widget_sow-editor panel-first-child panel-last-child\" data-index=\"3\" ><div\n\t\t\t\n\t\t\tclass=\"so-widget-sow-editor so-widget-sow-editor-base\"\n\t\t\t\n\t\t>\n<div class=\"siteorigin-widget-tinymce textwidget\">\n\t<p style=\"text-align: center;\"><strong>Auteur(s) :<br \/>\n<\/strong><span class=\"data-siloing\" title=\"D\u00e9couvrez tous ces jeux\" data-siloing=\"https:\/\/www.philibertnet.com\/fr\/recherche?feature=31&amp;feature_value=Shei S\">Shei Santos<br \/>\n<\/span> <span class=\"data-siloing\" title=\"Voir tous les jeux\" data-siloing=\"https:\/\/www.philibertnet.com\/fr\/recherche?feature=31&amp;feature_value=Isra C\">Israel Cendrero<\/span><\/p>\n<\/div>\n<\/div><\/div><\/div><div id=\"pgc-13533-1-1\"  class=\"panel-grid-cell\" ><div id=\"panel-13533-1-1-0\" class=\"so-panel widget widget_sow-editor panel-first-child panel-last-child\" data-index=\"4\" ><div\n\t\t\t\n\t\t\tclass=\"so-widget-sow-editor so-widget-sow-editor-base\"\n\t\t\t\n\t\t>\n<div class=\"siteorigin-widget-tinymce textwidget\">\n\t<p style=\"text-align: center;\"><strong>Illustrations :<\/strong><br \/>\n<span class=\"data-siloing\" title=\"D\u00e9couvrez tous ces jeux\" data-siloing=\"https:\/\/www.philibertnet.com\/fr\/recherche?feature=41&amp;feature_value=Joan Guardiet\">Joan Guardiet<\/span><\/p>\n<\/div>\n<\/div><\/div><\/div><div id=\"pgc-13533-1-2\"  class=\"panel-grid-cell\" ><div id=\"panel-13533-1-2-0\" class=\"so-panel widget widget_sow-editor panel-first-child panel-last-child\" data-index=\"5\" ><div\n\t\t\t\n\t\t\tclass=\"so-widget-sow-editor so-widget-sow-editor-base\"\n\t\t\t\n\t\t>\n<div class=\"siteorigin-widget-tinymce textwidget\">\n\t<p style=\"text-align: center;\"><strong>\u00c9dition :<\/strong><br \/>\nIello<br \/>\n2025<\/p>\n<\/div>\n<\/div><\/div><\/div><div id=\"pgc-13533-1-3\"  class=\"panel-grid-cell\" ><div id=\"panel-13533-1-3-0\" class=\"so-panel widget widget_sow-editor panel-first-child panel-last-child\" data-index=\"6\" ><div\n\t\t\t\n\t\t\tclass=\"so-widget-sow-editor so-widget-sow-editor-base\"\n\t\t\t\n\t\t>\n<div class=\"siteorigin-widget-tinymce textwidget\">\n\t<p style=\"text-align: center;\"><strong>Version :<\/strong><br \/>\nFran\u00e7aise<\/p>\n<\/div>\n<\/div><\/div><\/div><\/div><div id=\"pg-13533-2\"  class=\"panel-grid panel-no-style\" ><div id=\"pgc-13533-2-0\"  class=\"panel-grid-cell\" ><div id=\"panel-13533-2-0-0\" class=\"so-panel widget widget_sow-editor panel-first-child panel-last-child\" data-index=\"7\" ><div\n\t\t\t\n\t\t\tclass=\"so-widget-sow-editor so-widget-sow-editor-base\"\n\t\t\t\n\t\t>\n<div class=\"siteorigin-widget-tinymce textwidget\">\n\t<hr \/>\n<p><em>Apr\u00e8s le d\u00e9barquement fortuit des Portugais sur l'\u00eele de Tanegashima en 1543, le Japon entama de vastes \u00e9changes culturels et commerciaux avec l'Occident, notamment avec les marchands portugais et les missionnaires j\u00e9suites.<br \/>\nCette p\u00e9riode, connue sous le nom de \"l'\u00e9poque du commerce Nanban\", dura un si\u00e8cle environ et transforma profond\u00e9ment la politique, l'\u00e9conomie et plus globalement la soci\u00e9t\u00e9 japonaise.<\/em><\/p>\n<p><em>Le commerce avec le Portugal permit au Japon d'importer des produits exotiques tels que la soie chinoise, le sucre, le tabac la poudre \u00e0 canon et les premiers mousquets. En \u00e9change, le pays exporta de grandes quantit\u00e9s d'argent, provenant notamment des mines d'Iwami Ginzan, en destination de la Chine et de l'Europe. Ce flux commercial renfor\u00e7a le pouvoir des daimyos, dans un contexte marqu\u00e9 par des rivalit\u00e9s internes constantes aussi bien sur le plan \u00e9conomique que politique.<\/em><\/p>\n<p><em>Le ch\u00e2teau de Himeji, symbole du pouvoir f\u00e9odal, fut au centre de ces luttes. Contr\u00f4l\u00e9 \u00e0 l'origine par Oda Nobunaga, qui unifia une grande partie du Japon, puis renforc\u00e9 par Toyotami Hideyoshi, ce ch\u00e2teau devint un centre strat\u00e9gique pour les clans f\u00e9odaux en qu\u00eate d'influence. Pour am\u00e9liorer les fortifications des l'\u00e9difice, de nombreux daimyos utilis\u00e8rent les ressources accumul\u00e9es gr\u00e2ce au commerce ext\u00e9rieur et aux avanc\u00e9es technologiques, renfor\u00e7ant d'autant plus le prestige et les capacit\u00e9s militaires du ch\u00e2teau.<\/em><\/p>\n<p>&nbsp;<\/p>\n<p>Dans le <em>Ch\u00e2teau Blanc Duel<\/em>, deux clans s'opposent et jouent de leur influence au sein de la cour du H\u00e9ron blanc. Le clan cumulant le plus de points \u00e0 la fin de la partie sortira grand vainqueur de cet affrontement.<\/p>\n<\/div>\n<\/div><\/div><\/div><\/div><div id=\"pg-13533-3\"  class=\"panel-grid panel-no-style\" ><div id=\"pgc-13533-3-0\"  class=\"panel-grid-cell\" ><div id=\"panel-13533-3-0-0\" class=\"so-panel widget widget_sow-editor panel-first-child panel-last-child\" data-index=\"8\" ><div\n\t\t\t\n\t\t\tclass=\"so-widget-sow-editor so-widget-sow-editor-base\"\n\t\t\t\n\t\t>\n<div class=\"siteorigin-widget-tinymce textwidget\">\n\t<hr \/>\n<h3 style=\"text-align: center;\">En vid\u00e9o<\/h3>\n<\/div>\n<\/div><\/div><\/div><\/div><div id=\"pg-13533-4\"  class=\"panel-grid panel-no-style\" ><div id=\"pgc-13533-4-0\"  class=\"panel-grid-cell\" ><div id=\"panel-13533-4-0-0\" class=\"so-panel widget widget_sow-editor panel-first-child panel-last-child\" data-index=\"9\" ><div\n\t\t\t\n\t\t\tclass=\"so-widget-sow-editor so-widget-sow-editor-base\"\n\t\t\t\n\t\t>\n<div class=\"siteorigin-widget-tinymce textwidget\">\n\t<hr \/>\n<h3 style=\"text-align: center;\">Pour aller plus loin<\/h3>\n<\/div>\n<\/div><\/div><\/div><\/div><\/div>","protected":false},"excerpt":{"rendered":"<p>Nombre de joueurs : 2 &#8211; 2 Dur\u00e9e moyenne : 60 min Age : 10 ans et plus Auteur(s) : Shei Santos Israel Cendrero Illustrations : Joan Guardiet \u00c9dition : Iello 2025 Version : Fran\u00e7aise<\/p>\n","protected":false},"author":2,"featured_media":13536,"parent":0,"menu_order":0,"comment_status":"closed","ping_status":"closed","template":"","meta":{"footnotes":""},"class_list":["post-13533","page","type-page","status-publish","has-post-thumbnail","hentry"],"acf":[],"rttpg_featured_image_url":{"full":["https:\/\/meeplendice.net\/wp-content\/uploads\/2025\/11\/Le_Chateau_Blanc_Duel.png",350,350,false],"landscape":["https:\/\/meeplendice.net\/wp-content\/uploads\/2025\/11\/Le_Chateau_Blanc_Duel.png",350,350,false],"portraits":["https:\/\/meeplendice.net\/wp-content\/uploads\/2025\/11\/Le_Chateau_Blanc_Duel.png",350,350,false],"thumbnail":["https:\/\/meeplendice.net\/wp-content\/uploads\/2025\/11\/Le_Chateau_Blanc_Duel-150x150.png",150,150,true],"medium":["https:\/\/meeplendice.net\/wp-content\/uploads\/2025\/11\/Le_Chateau_Blanc_Duel-300x300.png",300,300,true],"large":["https:\/\/meeplendice.net\/wp-content\/uploads\/2025\/11\/Le_Chateau_Blanc_Duel.png",350,350,false],"ug_big":["https:\/\/meeplendice.net\/wp-content\/uploads\/2025\/11\/Le_Chateau_Blanc_Duel.png",350,350,false],"1536x1536":["https:\/\/meeplendice.net\/wp-content\/uploads\/2025\/11\/Le_Chateau_Blanc_Duel.png",350,350,false],"2048x2048":["https:\/\/meeplendice.net\/wp-content\/uploads\/2025\/11\/Le_Chateau_Blanc_Duel.png",350,350,false],"ashe-slider-grid-thumbnail":["https:\/\/meeplendice.net\/wp-content\/uploads\/2025\/11\/Le_Chateau_Blanc_Duel.png",350,350,false],"ashe-full-thumbnail":["https:\/\/meeplendice.net\/wp-content\/uploads\/2025\/11\/Le_Chateau_Blanc_Duel.png",350,350,false],"ashe-grid-thumbnail":["https:\/\/meeplendice.net\/wp-content\/uploads\/2025\/11\/Le_Chateau_Blanc_Duel-350x330.png",350,330,true],"ashe-list-thumbnail":["https:\/\/meeplendice.net\/wp-content\/uploads\/2025\/11\/Le_Chateau_Blanc_Duel-300x300.png",300,300,true],"ashe-single-navigation":["https:\/\/meeplendice.net\/wp-content\/uploads\/2025\/11\/Le_Chateau_Blanc_Duel-75x75.png",75,75,true],"mailpoet_newsletter_max":["https:\/\/meeplendice.net\/wp-content\/uploads\/2025\/11\/Le_Chateau_Blanc_Duel.png",350,350,false],"rpwe-thumbnail":["https:\/\/meeplendice.net\/wp-content\/uploads\/2025\/11\/Le_Chateau_Blanc_Duel-45x45.png",45,45,true],"sow-carousel-default":["https:\/\/meeplendice.net\/wp-content\/uploads\/2025\/11\/Le_Chateau_Blanc_Duel-272x182.png",272,182,true],"rt_custom":["https:\/\/meeplendice.net\/wp-content\/uploads\/2025\/11\/Le_Chateau_Blanc_Duel.png",350,350,false]},"rttpg_author":{"display_name":"Karnby","author_link":"https:\/\/meeplendice.net\/?author=2"},"rttpg_comment":0,"rttpg_category":null,"rttpg_excerpt":"Nombre de joueurs : 2 - 2 Dur\u00e9e moyenne : 60 min Age : 10 ans et plus Auteur(s) : Shei Santos Israel Cendrero Illustrations : Joan Guardiet \u00c9dition : Iello 2025 Version : Fran\u00e7aise","_links":{"self":[{"href":"https:\/\/meeplendice.net\/index.php?rest_route=\/wp\/v2\/pages\/13533","targetHints":{"allow":["GET"]}}],"collection":[{"href":"https:\/\/meeplendice.net\/index.php?rest_route=\/wp\/v2\/pages"}],"about":[{"href":"https:\/\/meeplendice.net\/index.php?rest_route=\/wp\/v2\/types\/page"}],"author":[{"embeddable":true,"href":"https:\/\/meeplendice.net\/index.php?rest_route=\/wp\/v2\/users\/2"}],"replies":[{"embeddable":true,"href":"https:\/\/meeplendice.net\/index.php?rest_route=%2Fwp%2Fv2%2Fcomments&post=13533"}],"version-history":[{"count":2,"href":"https:\/\/meeplendice.net\/index.php?rest_route=\/wp\/v2\/pages\/13533\/revisions"}],"predecessor-version":[{"id":13535,"href":"https:\/\/meeplendice.net\/index.php?rest_route=\/wp\/v2\/pages\/13533\/revisions\/13535"}],"wp:featuredmedia":[{"embeddable":true,"href":"https:\/\/meeplendice.net\/index.php?rest_route=\/wp\/v2\/media\/13536"}],"wp:attachment":[{"href":"https:\/\/meeplendice.net\/index.php?rest_route=%2Fwp%2Fv2%2Fmedia&parent=13533"}],"curies":[{"name":"wp","href":"https:\/\/api.w.org\/{rel}","templated":true}]}}