{"id":13539,"date":"2025-11-30T23:57:43","date_gmt":"2025-11-30T21:57:43","guid":{"rendered":"https:\/\/meeplendice.net\/?page_id=13539"},"modified":"2025-12-01T00:07:01","modified_gmt":"2025-11-30T22:07:01","slug":"7-wonders-dice","status":"publish","type":"page","link":"https:\/\/meeplendice.net\/?page_id=13539","title":{"rendered":"7 Wonders Dice"},"content":{"rendered":"<div id=\"pl-13539\"  class=\"panel-layout\" ><div id=\"pg-13539-0\"  class=\"panel-grid panel-no-style\" ><div id=\"pgc-13539-0-0\"  class=\"panel-grid-cell\" ><div id=\"panel-13539-0-0-0\" class=\"so-panel widget widget_sow-editor panel-first-child panel-last-child\" data-index=\"0\" ><div\n\t\t\t\n\t\t\tclass=\"so-widget-sow-editor so-widget-sow-editor-base\"\n\t\t\t\n\t\t>\n<div class=\"siteorigin-widget-tinymce textwidget\">\n\t<p style=\"text-align: center;\"><strong>Nombre de joueurs :<\/strong><br \/>\n2 - 7<\/p>\n<\/div>\n<\/div><\/div><\/div><div id=\"pgc-13539-0-1\"  class=\"panel-grid-cell\" ><div id=\"panel-13539-0-1-0\" class=\"so-panel widget widget_sow-editor panel-first-child panel-last-child\" data-index=\"1\" ><div\n\t\t\t\n\t\t\tclass=\"so-widget-sow-editor so-widget-sow-editor-base\"\n\t\t\t\n\t\t>\n<div class=\"siteorigin-widget-tinymce textwidget\">\n\t<p style=\"text-align: center;\"><strong>Dur\u00e9e moyenne :<\/strong><br \/>\n30 min<\/p>\n<\/div>\n<\/div><\/div><\/div><div id=\"pgc-13539-0-2\"  class=\"panel-grid-cell\" ><div id=\"panel-13539-0-2-0\" class=\"so-panel widget widget_sow-editor panel-first-child panel-last-child\" data-index=\"2\" ><div\n\t\t\t\n\t\t\tclass=\"so-widget-sow-editor so-widget-sow-editor-base\"\n\t\t\t\n\t\t>\n<div class=\"siteorigin-widget-tinymce textwidget\">\n\t<p style=\"text-align: center;\"><strong>Age :<\/strong><br \/>\n10 ans et plus<\/p>\n<\/div>\n<\/div><\/div><\/div><\/div><div id=\"pg-13539-1\"  class=\"panel-grid panel-no-style\" ><div id=\"pgc-13539-1-0\"  class=\"panel-grid-cell\" ><div id=\"panel-13539-1-0-0\" class=\"so-panel widget widget_sow-editor panel-first-child panel-last-child\" data-index=\"3\" ><div\n\t\t\t\n\t\t\tclass=\"so-widget-sow-editor so-widget-sow-editor-base\"\n\t\t\t\n\t\t>\n<div class=\"siteorigin-widget-tinymce textwidget\">\n\t<p style=\"text-align: center;\"><strong>Auteur(s) :<br \/>\n<\/strong>Antoine Bauza<\/p>\n<\/div>\n<\/div><\/div><\/div><div id=\"pgc-13539-1-1\"  class=\"panel-grid-cell\" ><div id=\"panel-13539-1-1-0\" class=\"so-panel widget widget_sow-editor panel-first-child panel-last-child\" data-index=\"4\" ><div\n\t\t\t\n\t\t\tclass=\"so-widget-sow-editor so-widget-sow-editor-base\"\n\t\t\t\n\t\t>\n<div class=\"siteorigin-widget-tinymce textwidget\">\n\t<p style=\"text-align: center;\"><strong>Illustrations :<\/strong><br \/>\n<span class=\"data-siloing\" title=\"D\u00e9couvrez tous ces jeux\" data-siloing=\"https:\/\/www.philibertnet.com\/fr\/recherche?feature=41&amp;feature_value=Ian Rosenthaler\">Agn\u00e8s Ripoche<\/span><\/p>\n<\/div>\n<\/div><\/div><\/div><div id=\"pgc-13539-1-2\"  class=\"panel-grid-cell\" ><div id=\"panel-13539-1-2-0\" class=\"so-panel widget widget_sow-editor panel-first-child panel-last-child\" data-index=\"5\" ><div\n\t\t\t\n\t\t\tclass=\"so-widget-sow-editor so-widget-sow-editor-base\"\n\t\t\t\n\t\t>\n<div class=\"siteorigin-widget-tinymce textwidget\">\n\t<p style=\"text-align: center;\"><strong>\u00c9dition :<\/strong><br \/>\nRepos Production<br \/>\n2025<\/p>\n<\/div>\n<\/div><\/div><\/div><div id=\"pgc-13539-1-3\"  class=\"panel-grid-cell\" ><div id=\"panel-13539-1-3-0\" class=\"so-panel widget widget_sow-editor panel-first-child panel-last-child\" data-index=\"6\" ><div\n\t\t\t\n\t\t\tclass=\"so-widget-sow-editor so-widget-sow-editor-base\"\n\t\t\t\n\t\t>\n<div class=\"siteorigin-widget-tinymce textwidget\">\n\t<p style=\"text-align: center;\"><strong>Version :<\/strong><br \/>\nFran\u00e7aise<\/p>\n<\/div>\n<\/div><\/div><\/div><\/div><div id=\"pg-13539-2\"  class=\"panel-grid panel-no-style\" ><div id=\"pgc-13539-2-0\"  class=\"panel-grid-cell\" ><div id=\"panel-13539-2-0-0\" class=\"so-panel widget widget_sow-editor panel-first-child panel-last-child\" data-index=\"7\" ><div\n\t\t\t\n\t\t\tclass=\"so-widget-sow-editor so-widget-sow-editor-base\"\n\t\t\t\n\t\t>\n<div class=\"siteorigin-widget-tinymce textwidget\">\n\t<hr \/>\n<p><em>Faites prosp\u00e9rer l'une des sept plus grandes cit\u00e9s de l'Antiquit\u00e9.<br \/>\nB\u00e2tissez une merveille qui d\u00e9fiera le temps, faites progresser la science, d\u00e9veloppez le commerce, g\u00e9rez habilement vos ressources et votre r\u00e9serve d'or, mais gardez \u00e0 l\u2019\u0153il les cit\u00e9s voisines : les n\u00e9gliger pourrait vous co\u00fbter cher !<\/em><\/p>\n<p>Dans <em><span class=\"style-client-colored-text\">7 Wonders Dice<\/span><\/em>, vous lancez des d\u00e9s pour construire votre ville, d\u00e9velopper ses merveilles, faire progresser la science, favoriser le commerce et renforcer vos ressources.<\/p>\n<p>\u00c0 chaque tour, tous les joueurs jouent simultan\u00e9ment, choisissant les r\u00e9sultats de d\u00e9s les plus strat\u00e9giques pour faire \u00e9voluer leur cit\u00e9.<br \/>\nL\u00e0 encore, tout le monde joue en m\u00eame temps, l'interaction est permanente, car ignorer le d\u00e9veloppement des autres peut vous co\u00fbter cher.<br \/>\nLa partie se termine par un d\u00e9compte des points pour couronner la meilleure civilisation.<\/p>\n<\/div>\n<\/div><\/div><\/div><\/div><div id=\"pg-13539-3\"  class=\"panel-grid panel-no-style\" ><div id=\"pgc-13539-3-0\"  class=\"panel-grid-cell\" ><div id=\"panel-13539-3-0-0\" class=\"so-panel widget widget_sow-editor panel-first-child panel-last-child\" data-index=\"8\" ><div\n\t\t\t\n\t\t\tclass=\"so-widget-sow-editor so-widget-sow-editor-base\"\n\t\t\t\n\t\t>\n<div class=\"siteorigin-widget-tinymce textwidget\">\n\t<hr \/>\n<h3 style=\"text-align: center;\">En vid\u00e9o<\/h3>\n<p><a href=\"https:\/\/www.youtube.com\/watch?v=mOV1h89lcdI\" target=\"_blank\" rel=\"noopener\"><img loading=\"lazy\" decoding=\"async\" class=\"alignnone size-full wp-image-9090\" src=\"https:\/\/meeplendice.net\/wp-content\/uploads\/2022\/01\/Link_CJ_v2.png\" alt=\"\" width=\"200\" height=\"170\" \/><\/a><\/p>\n<\/div>\n<\/div><\/div><\/div><\/div><div id=\"pg-13539-4\"  class=\"panel-grid panel-no-style\" ><div id=\"pgc-13539-4-0\"  class=\"panel-grid-cell\" ><div id=\"panel-13539-4-0-0\" class=\"so-panel widget widget_sow-editor panel-first-child panel-last-child\" data-index=\"9\" ><div\n\t\t\t\n\t\t\tclass=\"so-widget-sow-editor so-widget-sow-editor-base\"\n\t\t\t\n\t\t>\n<div class=\"siteorigin-widget-tinymce textwidget\">\n\t<hr \/>\n<h3 style=\"text-align: center;\">Pour aller plus loin<\/h3>\n<p style=\"text-align: center;\">\n<\/div>\n<\/div><\/div><\/div><\/div><\/div>","protected":false},"excerpt":{"rendered":"<p>Nombre de joueurs : 2 &#8211; 7 Dur\u00e9e moyenne : 30 min Age : 10 ans et plus Auteur(s) : Antoine Bauza Illustrations : Agn\u00e8s Ripoche \u00c9dition : Repos Production 2025 Version : Fran\u00e7aise<\/p>\n","protected":false},"author":2,"featured_media":13541,"parent":0,"menu_order":0,"comment_status":"closed","ping_status":"closed","template":"","meta":{"footnotes":""},"class_list":["post-13539","page","type-page","status-publish","has-post-thumbnail","hentry"],"acf":[],"rttpg_featured_image_url":{"full":["https:\/\/meeplendice.net\/wp-content\/uploads\/2025\/11\/7wonders_Dice.png",350,350,false],"landscape":["https:\/\/meeplendice.net\/wp-content\/uploads\/2025\/11\/7wonders_Dice.png",350,350,false],"portraits":["https:\/\/meeplendice.net\/wp-content\/uploads\/2025\/11\/7wonders_Dice.png",350,350,false],"thumbnail":["https:\/\/meeplendice.net\/wp-content\/uploads\/2025\/11\/7wonders_Dice-150x150.png",150,150,true],"medium":["https:\/\/meeplendice.net\/wp-content\/uploads\/2025\/11\/7wonders_Dice-300x300.png",300,300,true],"large":["https:\/\/meeplendice.net\/wp-content\/uploads\/2025\/11\/7wonders_Dice.png",350,350,false],"ug_big":["https:\/\/meeplendice.net\/wp-content\/uploads\/2025\/11\/7wonders_Dice.png",350,350,false],"1536x1536":["https:\/\/meeplendice.net\/wp-content\/uploads\/2025\/11\/7wonders_Dice.png",350,350,false],"2048x2048":["https:\/\/meeplendice.net\/wp-content\/uploads\/2025\/11\/7wonders_Dice.png",350,350,false],"ashe-slider-grid-thumbnail":["https:\/\/meeplendice.net\/wp-content\/uploads\/2025\/11\/7wonders_Dice.png",350,350,false],"ashe-full-thumbnail":["https:\/\/meeplendice.net\/wp-content\/uploads\/2025\/11\/7wonders_Dice.png",350,350,false],"ashe-grid-thumbnail":["https:\/\/meeplendice.net\/wp-content\/uploads\/2025\/11\/7wonders_Dice-350x330.png",350,330,true],"ashe-list-thumbnail":["https:\/\/meeplendice.net\/wp-content\/uploads\/2025\/11\/7wonders_Dice-300x300.png",300,300,true],"ashe-single-navigation":["https:\/\/meeplendice.net\/wp-content\/uploads\/2025\/11\/7wonders_Dice-75x75.png",75,75,true],"mailpoet_newsletter_max":["https:\/\/meeplendice.net\/wp-content\/uploads\/2025\/11\/7wonders_Dice.png",350,350,false],"rpwe-thumbnail":["https:\/\/meeplendice.net\/wp-content\/uploads\/2025\/11\/7wonders_Dice-45x45.png",45,45,true],"sow-carousel-default":["https:\/\/meeplendice.net\/wp-content\/uploads\/2025\/11\/7wonders_Dice-272x182.png",272,182,true],"rt_custom":["https:\/\/meeplendice.net\/wp-content\/uploads\/2025\/11\/7wonders_Dice.png",350,350,false]},"rttpg_author":{"display_name":"Karnby","author_link":"https:\/\/meeplendice.net\/?author=2"},"rttpg_comment":0,"rttpg_category":null,"rttpg_excerpt":"Nombre de joueurs : 2 - 7 Dur\u00e9e moyenne : 30 min Age : 10 ans et plus Auteur(s) : Antoine Bauza Illustrations : Agn\u00e8s Ripoche \u00c9dition : Repos Production 2025 Version : Fran\u00e7aise","_links":{"self":[{"href":"https:\/\/meeplendice.net\/index.php?rest_route=\/wp\/v2\/pages\/13539","targetHints":{"allow":["GET"]}}],"collection":[{"href":"https:\/\/meeplendice.net\/index.php?rest_route=\/wp\/v2\/pages"}],"about":[{"href":"https:\/\/meeplendice.net\/index.php?rest_route=\/wp\/v2\/types\/page"}],"author":[{"embeddable":true,"href":"https:\/\/meeplendice.net\/index.php?rest_route=\/wp\/v2\/users\/2"}],"replies":[{"embeddable":true,"href":"https:\/\/meeplendice.net\/index.php?rest_route=%2Fwp%2Fv2%2Fcomments&post=13539"}],"version-history":[{"count":3,"href":"https:\/\/meeplendice.net\/index.php?rest_route=\/wp\/v2\/pages\/13539\/revisions"}],"predecessor-version":[{"id":13543,"href":"https:\/\/meeplendice.net\/index.php?rest_route=\/wp\/v2\/pages\/13539\/revisions\/13543"}],"wp:featuredmedia":[{"embeddable":true,"href":"https:\/\/meeplendice.net\/index.php?rest_route=\/wp\/v2\/media\/13541"}],"wp:attachment":[{"href":"https:\/\/meeplendice.net\/index.php?rest_route=%2Fwp%2Fv2%2Fmedia&parent=13539"}],"curies":[{"name":"wp","href":"https:\/\/api.w.org\/{rel}","templated":true}]}}