{"id":13545,"date":"2025-12-01T00:32:31","date_gmt":"2025-11-30T22:32:31","guid":{"rendered":"https:\/\/meeplendice.net\/?page_id=13545"},"modified":"2025-12-01T00:53:24","modified_gmt":"2025-11-30T22:53:24","slug":"monster-pack","status":"publish","type":"page","link":"https:\/\/meeplendice.net\/?page_id=13545","title":{"rendered":"Monster Pack"},"content":{"rendered":"<p><em>Plusieurs mois apr\u00e8s \u00eatre revenus de votre exploration de l&rsquo;\u00eele, vous remettez \u00e7a, bien d\u00e9cid\u00e9s \u00e0 r\u00e9cup\u00e9rer les tr\u00e9sors abandonn\u00e9es par vos co\u00e9quipiers disparus.<\/em><br \/>\n<em>Cette fois-ci, vous savez ce qui vous attend&#8230; Enfin, c&rsquo;est ce que vous pensiez.<\/em><\/p>\n<p><em>La terre se remet \u00e0 trembler, le sol \u00e0 s&rsquo;enfoncer dans les oc\u00e9ans, et de nouvelles cr\u00e9atures se lancent \u00e0 votre poursuite&#8230;<\/em><\/p>\n<p>&nbsp;<\/p>\n<p>Dans <em>Survive the Island : Monster Pack<\/em>, d\u00e9couvrez 3 nouvelles cr\u00e9atures : les pt\u00e9rodactyles, les krakens et les baleines.<br \/>\nVous pourrez \u00e9galement int\u00e9grer 2 nouveaux dangers \u00e0 vos parties : les piranhas et les oeufs.<\/p>\n<p>Tout le contenu de cette extension peut \u00eatre combin\u00e9 avec le jeu de base <em>Survive the Island<\/em>.<\/p>\n","protected":false},"excerpt":{"rendered":"<p>Plusieurs mois apr\u00e8s \u00eatre revenus de votre exploration de l&rsquo;\u00eele, vous remettez \u00e7a, bien d\u00e9cid\u00e9s \u00e0 r\u00e9cup\u00e9rer les tr\u00e9sors abandonn\u00e9es par vos co\u00e9quipiers disparus. Cette fois-ci, vous savez ce qui vous attend&#8230; Enfin, c&rsquo;est ce que vous pensiez. La terre se remet \u00e0 trembler, le sol \u00e0 s&rsquo;enfoncer dans les oc\u00e9ans, et de nouvelles cr\u00e9atures se lancent \u00e0 votre poursuite&#8230; &nbsp; Dans Survive the Island : Monster Pack, d\u00e9couvrez 3 nouvelles cr\u00e9atures : les pt\u00e9rodactyles, les krakens et les baleines. Vous pourrez \u00e9galement int\u00e9grer 2 nouveaux dangers \u00e0 vos parties : les piranhas et les oeufs. Tout le contenu de cette extension peut \u00eatre combin\u00e9 avec le jeu de base Survive the Island.<\/p>\n","protected":false},"author":2,"featured_media":13546,"parent":13199,"menu_order":1,"comment_status":"closed","ping_status":"closed","template":"","meta":{"footnotes":""},"class_list":["post-13545","page","type-page","status-publish","has-post-thumbnail","hentry"],"acf":[],"rttpg_featured_image_url":{"full":["https:\/\/meeplendice.net\/wp-content\/uploads\/2025\/12\/Survive_MP.png",350,350,false],"landscape":["https:\/\/meeplendice.net\/wp-content\/uploads\/2025\/12\/Survive_MP.png",350,350,false],"portraits":["https:\/\/meeplendice.net\/wp-content\/uploads\/2025\/12\/Survive_MP.png",350,350,false],"thumbnail":["https:\/\/meeplendice.net\/wp-content\/uploads\/2025\/12\/Survive_MP-150x150.png",150,150,true],"medium":["https:\/\/meeplendice.net\/wp-content\/uploads\/2025\/12\/Survive_MP-300x300.png",300,300,true],"large":["https:\/\/meeplendice.net\/wp-content\/uploads\/2025\/12\/Survive_MP.png",350,350,false],"ug_big":["https:\/\/meeplendice.net\/wp-content\/uploads\/2025\/12\/Survive_MP.png",350,350,false],"1536x1536":["https:\/\/meeplendice.net\/wp-content\/uploads\/2025\/12\/Survive_MP.png",350,350,false],"2048x2048":["https:\/\/meeplendice.net\/wp-content\/uploads\/2025\/12\/Survive_MP.png",350,350,false],"ashe-slider-grid-thumbnail":["https:\/\/meeplendice.net\/wp-content\/uploads\/2025\/12\/Survive_MP.png",350,350,false],"ashe-full-thumbnail":["https:\/\/meeplendice.net\/wp-content\/uploads\/2025\/12\/Survive_MP.png",350,350,false],"ashe-grid-thumbnail":["https:\/\/meeplendice.net\/wp-content\/uploads\/2025\/12\/Survive_MP-350x330.png",350,330,true],"ashe-list-thumbnail":["https:\/\/meeplendice.net\/wp-content\/uploads\/2025\/12\/Survive_MP-300x300.png",300,300,true],"ashe-single-navigation":["https:\/\/meeplendice.net\/wp-content\/uploads\/2025\/12\/Survive_MP-75x75.png",75,75,true],"mailpoet_newsletter_max":["https:\/\/meeplendice.net\/wp-content\/uploads\/2025\/12\/Survive_MP.png",350,350,false],"rpwe-thumbnail":["https:\/\/meeplendice.net\/wp-content\/uploads\/2025\/12\/Survive_MP-45x45.png",45,45,true],"sow-carousel-default":["https:\/\/meeplendice.net\/wp-content\/uploads\/2025\/12\/Survive_MP-272x182.png",272,182,true],"rt_custom":["https:\/\/meeplendice.net\/wp-content\/uploads\/2025\/12\/Survive_MP.png",350,350,false]},"rttpg_author":{"display_name":"Karnby","author_link":"https:\/\/meeplendice.net\/?author=2"},"rttpg_comment":0,"rttpg_category":null,"rttpg_excerpt":"Plusieurs mois apr\u00e8s \u00eatre revenus de votre exploration de l&rsquo;\u00eele, vous remettez \u00e7a, bien d\u00e9cid\u00e9s \u00e0 r\u00e9cup\u00e9rer les tr\u00e9sors abandonn\u00e9es par vos co\u00e9quipiers disparus. Cette fois-ci, vous savez ce qui vous attend&#8230; Enfin, c&rsquo;est ce que vous pensiez. La terre se remet \u00e0 trembler, le sol \u00e0 s&rsquo;enfoncer dans les oc\u00e9ans, et de nouvelles cr\u00e9atures\u2026","_links":{"self":[{"href":"https:\/\/meeplendice.net\/index.php?rest_route=\/wp\/v2\/pages\/13545","targetHints":{"allow":["GET"]}}],"collection":[{"href":"https:\/\/meeplendice.net\/index.php?rest_route=\/wp\/v2\/pages"}],"about":[{"href":"https:\/\/meeplendice.net\/index.php?rest_route=\/wp\/v2\/types\/page"}],"author":[{"embeddable":true,"href":"https:\/\/meeplendice.net\/index.php?rest_route=\/wp\/v2\/users\/2"}],"replies":[{"embeddable":true,"href":"https:\/\/meeplendice.net\/index.php?rest_route=%2Fwp%2Fv2%2Fcomments&post=13545"}],"version-history":[{"count":1,"href":"https:\/\/meeplendice.net\/index.php?rest_route=\/wp\/v2\/pages\/13545\/revisions"}],"predecessor-version":[{"id":13547,"href":"https:\/\/meeplendice.net\/index.php?rest_route=\/wp\/v2\/pages\/13545\/revisions\/13547"}],"up":[{"embeddable":true,"href":"https:\/\/meeplendice.net\/index.php?rest_route=\/wp\/v2\/pages\/13199"}],"wp:featuredmedia":[{"embeddable":true,"href":"https:\/\/meeplendice.net\/index.php?rest_route=\/wp\/v2\/media\/13546"}],"wp:attachment":[{"href":"https:\/\/meeplendice.net\/index.php?rest_route=%2Fwp%2Fv2%2Fmedia&parent=13545"}],"curies":[{"name":"wp","href":"https:\/\/api.w.org\/{rel}","templated":true}]}}