{"id":13549,"date":"2025-12-01T00:59:59","date_gmt":"2025-11-30T22:59:59","guid":{"rendered":"https:\/\/meeplendice.net\/?page_id=13549"},"modified":"2025-12-01T01:10:59","modified_gmt":"2025-11-30T23:10:59","slug":"artifacts","status":"publish","type":"page","link":"https:\/\/meeplendice.net\/?page_id=13549","title":{"rendered":"Artifacts"},"content":{"rendered":"<p><em>Eternity, le dragon l\u00e9gendaire, vous a r\u00e9v\u00e9l\u00e9 un secret. <\/em><br \/>\n<em>Il vous a d\u00e9voil\u00e9 l&rsquo;existence d&rsquo;une clairi\u00e8re secr\u00e8te o\u00f9 sont diss\u00e9min\u00e9s de puissants artefacts magiques !<\/em><\/p>\n<p><em>\u00ab\u00a0Vous avez souhait\u00e9 apprivoiser des cr\u00e9atures fantastiques&#8230;\u00a0\u00bb, vous souffle Eternity de sa voix puissance.<\/em><br \/>\n<em>\u00ab\u00a0Vous d\u00e9tenez d\u00e9sormais la connaissance et le pouvoir. Emparez-vous de la gloire. Entrez dans la l\u00e9gende !\u00a0\u00bb<\/em><\/p>\n<p>&nbsp;<\/p>\n<p>Avec l&rsquo;extension <em>The Vale of Eternity &#8211; Artifacts<\/em>, explorez la puissance des objets magiques ! Chaque tour, les joueurs choisissent un artefact permettant ainsi de gagner de nouveaux pouvoir tel que l&rsquo;Accueil ou l&rsquo;Abris, d&rsquo;augmenter la puissance de vos cr\u00e9atures ou votre ar\u00e8ne. La piste de score s&rsquo;\u00e9tend maintenant jusqu&rsquo;\u00e0 80 points. Vous allez d\u00e9couvrir 24 nouvelles cr\u00e9atures l\u00e9gendaires pour encore plus de combos.<\/p>\n","protected":false},"excerpt":{"rendered":"<p>Eternity, le dragon l\u00e9gendaire, vous a r\u00e9v\u00e9l\u00e9 un secret. Il vous a d\u00e9voil\u00e9 l&rsquo;existence d&rsquo;une clairi\u00e8re secr\u00e8te o\u00f9 sont diss\u00e9min\u00e9s de puissants artefacts magiques ! \u00ab\u00a0Vous avez souhait\u00e9 apprivoiser des cr\u00e9atures fantastiques&#8230;\u00a0\u00bb, vous souffle Eternity de sa voix puissance. \u00ab\u00a0Vous d\u00e9tenez d\u00e9sormais la connaissance et le pouvoir. Emparez-vous de la gloire. Entrez dans la l\u00e9gende !\u00a0\u00bb &nbsp; Avec l&rsquo;extension The Vale of Eternity &#8211; Artifacts, explorez la puissance des objets magiques ! Chaque tour, les joueurs choisissent un artefact permettant ainsi de gagner de nouveaux pouvoir tel que l&rsquo;Accueil ou l&rsquo;Abris, d&rsquo;augmenter la puissance de vos cr\u00e9atures ou votre ar\u00e8ne. La piste de score s&rsquo;\u00e9tend maintenant jusqu&rsquo;\u00e0 80 points. Vous allez d\u00e9couvrir 24 nouvelles cr\u00e9atures l\u00e9gendaires pour encore plus de combos.<\/p>\n","protected":false},"author":2,"featured_media":13555,"parent":11916,"menu_order":1,"comment_status":"closed","ping_status":"closed","template":"","meta":{"footnotes":""},"class_list":["post-13549","page","type-page","status-publish","has-post-thumbnail","hentry"],"acf":[],"rttpg_featured_image_url":{"full":["https:\/\/meeplendice.net\/wp-content\/uploads\/2025\/12\/The_ValeofEternity_Artifacts.png",350,350,false],"landscape":["https:\/\/meeplendice.net\/wp-content\/uploads\/2025\/12\/The_ValeofEternity_Artifacts.png",350,350,false],"portraits":["https:\/\/meeplendice.net\/wp-content\/uploads\/2025\/12\/The_ValeofEternity_Artifacts.png",350,350,false],"thumbnail":["https:\/\/meeplendice.net\/wp-content\/uploads\/2025\/12\/The_ValeofEternity_Artifacts-150x150.png",150,150,true],"medium":["https:\/\/meeplendice.net\/wp-content\/uploads\/2025\/12\/The_ValeofEternity_Artifacts-300x300.png",300,300,true],"large":["https:\/\/meeplendice.net\/wp-content\/uploads\/2025\/12\/The_ValeofEternity_Artifacts.png",350,350,false],"ug_big":["https:\/\/meeplendice.net\/wp-content\/uploads\/2025\/12\/The_ValeofEternity_Artifacts.png",350,350,false],"1536x1536":["https:\/\/meeplendice.net\/wp-content\/uploads\/2025\/12\/The_ValeofEternity_Artifacts.png",350,350,false],"2048x2048":["https:\/\/meeplendice.net\/wp-content\/uploads\/2025\/12\/The_ValeofEternity_Artifacts.png",350,350,false],"ashe-slider-grid-thumbnail":["https:\/\/meeplendice.net\/wp-content\/uploads\/2025\/12\/The_ValeofEternity_Artifacts.png",350,350,false],"ashe-full-thumbnail":["https:\/\/meeplendice.net\/wp-content\/uploads\/2025\/12\/The_ValeofEternity_Artifacts.png",350,350,false],"ashe-grid-thumbnail":["https:\/\/meeplendice.net\/wp-content\/uploads\/2025\/12\/The_ValeofEternity_Artifacts-350x330.png",350,330,true],"ashe-list-thumbnail":["https:\/\/meeplendice.net\/wp-content\/uploads\/2025\/12\/The_ValeofEternity_Artifacts-300x300.png",300,300,true],"ashe-single-navigation":["https:\/\/meeplendice.net\/wp-content\/uploads\/2025\/12\/The_ValeofEternity_Artifacts-75x75.png",75,75,true],"mailpoet_newsletter_max":["https:\/\/meeplendice.net\/wp-content\/uploads\/2025\/12\/The_ValeofEternity_Artifacts.png",350,350,false],"rpwe-thumbnail":["https:\/\/meeplendice.net\/wp-content\/uploads\/2025\/12\/The_ValeofEternity_Artifacts-45x45.png",45,45,true],"sow-carousel-default":["https:\/\/meeplendice.net\/wp-content\/uploads\/2025\/12\/The_ValeofEternity_Artifacts-272x182.png",272,182,true],"rt_custom":["https:\/\/meeplendice.net\/wp-content\/uploads\/2025\/12\/The_ValeofEternity_Artifacts.png",350,350,false]},"rttpg_author":{"display_name":"Karnby","author_link":"https:\/\/meeplendice.net\/?author=2"},"rttpg_comment":0,"rttpg_category":null,"rttpg_excerpt":"Eternity, le dragon l\u00e9gendaire, vous a r\u00e9v\u00e9l\u00e9 un secret. Il vous a d\u00e9voil\u00e9 l&rsquo;existence d&rsquo;une clairi\u00e8re secr\u00e8te o\u00f9 sont diss\u00e9min\u00e9s de puissants artefacts magiques ! \u00ab\u00a0Vous avez souhait\u00e9 apprivoiser des cr\u00e9atures fantastiques&#8230;\u00a0\u00bb, vous souffle Eternity de sa voix puissance. \u00ab\u00a0Vous d\u00e9tenez d\u00e9sormais la connaissance et le pouvoir. Emparez-vous de la gloire. Entrez dans la l\u00e9gende\u2026","_links":{"self":[{"href":"https:\/\/meeplendice.net\/index.php?rest_route=\/wp\/v2\/pages\/13549","targetHints":{"allow":["GET"]}}],"collection":[{"href":"https:\/\/meeplendice.net\/index.php?rest_route=\/wp\/v2\/pages"}],"about":[{"href":"https:\/\/meeplendice.net\/index.php?rest_route=\/wp\/v2\/types\/page"}],"author":[{"embeddable":true,"href":"https:\/\/meeplendice.net\/index.php?rest_route=\/wp\/v2\/users\/2"}],"replies":[{"embeddable":true,"href":"https:\/\/meeplendice.net\/index.php?rest_route=%2Fwp%2Fv2%2Fcomments&post=13549"}],"version-history":[{"count":1,"href":"https:\/\/meeplendice.net\/index.php?rest_route=\/wp\/v2\/pages\/13549\/revisions"}],"predecessor-version":[{"id":13550,"href":"https:\/\/meeplendice.net\/index.php?rest_route=\/wp\/v2\/pages\/13549\/revisions\/13550"}],"up":[{"embeddable":true,"href":"https:\/\/meeplendice.net\/index.php?rest_route=\/wp\/v2\/pages\/11916"}],"wp:featuredmedia":[{"embeddable":true,"href":"https:\/\/meeplendice.net\/index.php?rest_route=\/wp\/v2\/media\/13555"}],"wp:attachment":[{"href":"https:\/\/meeplendice.net\/index.php?rest_route=%2Fwp%2Fv2%2Fmedia&parent=13549"}],"curies":[{"name":"wp","href":"https:\/\/api.w.org\/{rel}","templated":true}]}}