{"id":13562,"date":"2025-12-01T01:43:35","date_gmt":"2025-11-30T23:43:35","guid":{"rendered":"https:\/\/meeplendice.net\/?page_id=13562"},"modified":"2025-12-01T01:44:40","modified_gmt":"2025-11-30T23:44:40","slug":"fleurs-de-cerisiers-et-bambous","status":"publish","type":"page","link":"https:\/\/meeplendice.net\/?page_id=13562","title":{"rendered":"Fleurs de Cerisiers et Bambous"},"content":{"rendered":"<p>Evergreen &#8211; Fleurs de Cerisiers et Bambous est une extension d\u2019Evergreen compos\u00e9e de 2 modules. Vous y d\u00e9couvrirez les Cerisiers, qui augmentent la fertilit\u00e9 de vos biomes, et les Bambous, qui vous permettent de faire pousser rapidement de grandes for\u00eats : d\u00e9couvrez de nouvelles strat\u00e9gies de planification foresti\u00e8re pour gagner le plus de points !<\/p>\n","protected":false},"excerpt":{"rendered":"<p>Evergreen &#8211; Fleurs de Cerisiers et Bambous est une extension d\u2019Evergreen compos\u00e9e de 2 modules. Vous y d\u00e9couvrirez les Cerisiers, qui augmentent la fertilit\u00e9 de vos biomes, et les Bambous, qui vous permettent de faire pousser rapidement de grandes for\u00eats : d\u00e9couvrez de nouvelles strat\u00e9gies de planification foresti\u00e8re pour gagner le plus de points !<\/p>\n","protected":false},"author":2,"featured_media":13563,"parent":11033,"menu_order":4,"comment_status":"closed","ping_status":"closed","template":"","meta":{"footnotes":""},"class_list":["post-13562","page","type-page","status-publish","has-post-thumbnail","hentry"],"acf":[],"rttpg_featured_image_url":{"full":["https:\/\/meeplendice.net\/wp-content\/uploads\/2025\/12\/Evergreen_FCB.png",350,350,false],"landscape":["https:\/\/meeplendice.net\/wp-content\/uploads\/2025\/12\/Evergreen_FCB.png",350,350,false],"portraits":["https:\/\/meeplendice.net\/wp-content\/uploads\/2025\/12\/Evergreen_FCB.png",350,350,false],"thumbnail":["https:\/\/meeplendice.net\/wp-content\/uploads\/2025\/12\/Evergreen_FCB-150x150.png",150,150,true],"medium":["https:\/\/meeplendice.net\/wp-content\/uploads\/2025\/12\/Evergreen_FCB-300x300.png",300,300,true],"large":["https:\/\/meeplendice.net\/wp-content\/uploads\/2025\/12\/Evergreen_FCB.png",350,350,false],"ug_big":["https:\/\/meeplendice.net\/wp-content\/uploads\/2025\/12\/Evergreen_FCB.png",350,350,false],"1536x1536":["https:\/\/meeplendice.net\/wp-content\/uploads\/2025\/12\/Evergreen_FCB.png",350,350,false],"2048x2048":["https:\/\/meeplendice.net\/wp-content\/uploads\/2025\/12\/Evergreen_FCB.png",350,350,false],"ashe-slider-grid-thumbnail":["https:\/\/meeplendice.net\/wp-content\/uploads\/2025\/12\/Evergreen_FCB.png",350,350,false],"ashe-full-thumbnail":["https:\/\/meeplendice.net\/wp-content\/uploads\/2025\/12\/Evergreen_FCB.png",350,350,false],"ashe-grid-thumbnail":["https:\/\/meeplendice.net\/wp-content\/uploads\/2025\/12\/Evergreen_FCB-350x330.png",350,330,true],"ashe-list-thumbnail":["https:\/\/meeplendice.net\/wp-content\/uploads\/2025\/12\/Evergreen_FCB-300x300.png",300,300,true],"ashe-single-navigation":["https:\/\/meeplendice.net\/wp-content\/uploads\/2025\/12\/Evergreen_FCB-75x75.png",75,75,true],"mailpoet_newsletter_max":["https:\/\/meeplendice.net\/wp-content\/uploads\/2025\/12\/Evergreen_FCB.png",350,350,false],"rpwe-thumbnail":["https:\/\/meeplendice.net\/wp-content\/uploads\/2025\/12\/Evergreen_FCB-45x45.png",45,45,true],"sow-carousel-default":["https:\/\/meeplendice.net\/wp-content\/uploads\/2025\/12\/Evergreen_FCB-272x182.png",272,182,true],"rt_custom":["https:\/\/meeplendice.net\/wp-content\/uploads\/2025\/12\/Evergreen_FCB.png",350,350,false]},"rttpg_author":{"display_name":"Karnby","author_link":"https:\/\/meeplendice.net\/?author=2"},"rttpg_comment":0,"rttpg_category":null,"rttpg_excerpt":"Evergreen &#8211; Fleurs de Cerisiers et Bambous est une extension d\u2019Evergreen compos\u00e9e de 2 modules. Vous y d\u00e9couvrirez les Cerisiers, qui augmentent la fertilit\u00e9 de vos biomes, et les Bambous, qui vous permettent de faire pousser rapidement de grandes for\u00eats : d\u00e9couvrez de nouvelles strat\u00e9gies de planification foresti\u00e8re pour gagner le plus de points !","_links":{"self":[{"href":"https:\/\/meeplendice.net\/index.php?rest_route=\/wp\/v2\/pages\/13562","targetHints":{"allow":["GET"]}}],"collection":[{"href":"https:\/\/meeplendice.net\/index.php?rest_route=\/wp\/v2\/pages"}],"about":[{"href":"https:\/\/meeplendice.net\/index.php?rest_route=\/wp\/v2\/types\/page"}],"author":[{"embeddable":true,"href":"https:\/\/meeplendice.net\/index.php?rest_route=\/wp\/v2\/users\/2"}],"replies":[{"embeddable":true,"href":"https:\/\/meeplendice.net\/index.php?rest_route=%2Fwp%2Fv2%2Fcomments&post=13562"}],"version-history":[{"count":2,"href":"https:\/\/meeplendice.net\/index.php?rest_route=\/wp\/v2\/pages\/13562\/revisions"}],"predecessor-version":[{"id":13565,"href":"https:\/\/meeplendice.net\/index.php?rest_route=\/wp\/v2\/pages\/13562\/revisions\/13565"}],"up":[{"embeddable":true,"href":"https:\/\/meeplendice.net\/index.php?rest_route=\/wp\/v2\/pages\/11033"}],"wp:featuredmedia":[{"embeddable":true,"href":"https:\/\/meeplendice.net\/index.php?rest_route=\/wp\/v2\/media\/13563"}],"wp:attachment":[{"href":"https:\/\/meeplendice.net\/index.php?rest_route=%2Fwp%2Fv2%2Fmedia&parent=13562"}],"curies":[{"name":"wp","href":"https:\/\/api.w.org\/{rel}","templated":true}]}}