{"id":13567,"date":"2025-12-01T17:18:07","date_gmt":"2025-12-01T15:18:07","guid":{"rendered":"https:\/\/meeplendice.net\/?page_id=13567"},"modified":"2025-12-01T17:18:07","modified_gmt":"2025-12-01T15:18:07","slug":"sous-un-ciel-detoiles","status":"publish","type":"page","link":"https:\/\/meeplendice.net\/?page_id=13567","title":{"rendered":"Sous un Ciel d&rsquo;Etoiles"},"content":{"rendered":"<p><em>La saison de \u00e9toiles filantes commence sur Alula et, avec elle, le d\u00e9but des pluies de m\u00e9t\u00e9orites.<br \/>\nCette p\u00e9riode de festivit\u00e9s attire une foule de visiteurs bigarr\u00e9s et de p\u00e8lerins enthousiastes.<\/em><\/p>\n<p><em>Les anciens racontent que ces m\u00e9t\u00e9orites sont \u00e0 l&rsquo;origine des particularit\u00e9s telluriques du continent.<br \/>\nElles influencent ses lois d&rsquo;une bien \u00e9trange mani\u00e8re.<\/em><\/p>\n<div class=\"hide_info_annexe row small-collapse medium-uncollapse\">\n<div class=\"column small-12\">\n<p>Dans l&rsquo;extension <em><span class=\"style-client-colored-text\">Sous un Ciel d&rsquo;Etoile <\/span><\/em>pour le jeu <em>Faraway<\/em>, les m\u00e9t\u00e9orites font leur apparition.<\/p>\n<p>Ces cartes R\u00e9gion in\u00e9dites rendent visibles toutes les cartes dont l\u2019unit\u00e9 du temps d\u2019exploration est identique, multipliant les opportunit\u00e9s strat\u00e9giques\u2026 tout en vous obligeant \u00e0 mesurer avec soin le risque encouru.<\/p>\n<\/div>\n<\/div>\n","protected":false},"excerpt":{"rendered":"<p>La saison de \u00e9toiles filantes commence sur Alula et, avec elle, le d\u00e9but des pluies de m\u00e9t\u00e9orites. Cette p\u00e9riode de festivit\u00e9s attire une foule de visiteurs bigarr\u00e9s et de p\u00e8lerins enthousiastes. Les anciens racontent que ces m\u00e9t\u00e9orites sont \u00e0 l&rsquo;origine des particularit\u00e9s telluriques du continent. Elles influencent ses lois d&rsquo;une bien \u00e9trange mani\u00e8re. Dans l&rsquo;extension Sous un Ciel d&rsquo;Etoile pour le jeu Faraway, les m\u00e9t\u00e9orites font leur apparition. Ces cartes R\u00e9gion in\u00e9dites rendent visibles toutes les cartes dont l\u2019unit\u00e9 du temps d\u2019exploration est identique, multipliant les opportunit\u00e9s strat\u00e9giques\u2026 tout en vous obligeant \u00e0 mesurer avec soin le risque encouru.<\/p>\n","protected":false},"author":2,"featured_media":13568,"parent":11609,"menu_order":2,"comment_status":"closed","ping_status":"closed","template":"","meta":{"footnotes":""},"class_list":["post-13567","page","type-page","status-publish","has-post-thumbnail","hentry"],"acf":[],"rttpg_featured_image_url":{"full":["https:\/\/meeplendice.net\/wp-content\/uploads\/2025\/12\/Faraway_Souscieletoiles.png",350,350,false],"landscape":["https:\/\/meeplendice.net\/wp-content\/uploads\/2025\/12\/Faraway_Souscieletoiles.png",350,350,false],"portraits":["https:\/\/meeplendice.net\/wp-content\/uploads\/2025\/12\/Faraway_Souscieletoiles.png",350,350,false],"thumbnail":["https:\/\/meeplendice.net\/wp-content\/uploads\/2025\/12\/Faraway_Souscieletoiles-150x150.png",150,150,true],"medium":["https:\/\/meeplendice.net\/wp-content\/uploads\/2025\/12\/Faraway_Souscieletoiles-300x300.png",300,300,true],"large":["https:\/\/meeplendice.net\/wp-content\/uploads\/2025\/12\/Faraway_Souscieletoiles.png",350,350,false],"ug_big":["https:\/\/meeplendice.net\/wp-content\/uploads\/2025\/12\/Faraway_Souscieletoiles.png",350,350,false],"1536x1536":["https:\/\/meeplendice.net\/wp-content\/uploads\/2025\/12\/Faraway_Souscieletoiles.png",350,350,false],"2048x2048":["https:\/\/meeplendice.net\/wp-content\/uploads\/2025\/12\/Faraway_Souscieletoiles.png",350,350,false],"ashe-slider-grid-thumbnail":["https:\/\/meeplendice.net\/wp-content\/uploads\/2025\/12\/Faraway_Souscieletoiles.png",350,350,false],"ashe-full-thumbnail":["https:\/\/meeplendice.net\/wp-content\/uploads\/2025\/12\/Faraway_Souscieletoiles.png",350,350,false],"ashe-grid-thumbnail":["https:\/\/meeplendice.net\/wp-content\/uploads\/2025\/12\/Faraway_Souscieletoiles-350x330.png",350,330,true],"ashe-list-thumbnail":["https:\/\/meeplendice.net\/wp-content\/uploads\/2025\/12\/Faraway_Souscieletoiles-300x300.png",300,300,true],"ashe-single-navigation":["https:\/\/meeplendice.net\/wp-content\/uploads\/2025\/12\/Faraway_Souscieletoiles-75x75.png",75,75,true],"mailpoet_newsletter_max":["https:\/\/meeplendice.net\/wp-content\/uploads\/2025\/12\/Faraway_Souscieletoiles.png",350,350,false],"rpwe-thumbnail":["https:\/\/meeplendice.net\/wp-content\/uploads\/2025\/12\/Faraway_Souscieletoiles-45x45.png",45,45,true],"sow-carousel-default":["https:\/\/meeplendice.net\/wp-content\/uploads\/2025\/12\/Faraway_Souscieletoiles-272x182.png",272,182,true],"rt_custom":["https:\/\/meeplendice.net\/wp-content\/uploads\/2025\/12\/Faraway_Souscieletoiles.png",350,350,false]},"rttpg_author":{"display_name":"Karnby","author_link":"https:\/\/meeplendice.net\/?author=2"},"rttpg_comment":0,"rttpg_category":null,"rttpg_excerpt":"La saison de \u00e9toiles filantes commence sur Alula et, avec elle, le d\u00e9but des pluies de m\u00e9t\u00e9orites. Cette p\u00e9riode de festivit\u00e9s attire une foule de visiteurs bigarr\u00e9s et de p\u00e8lerins enthousiastes. Les anciens racontent que ces m\u00e9t\u00e9orites sont \u00e0 l&rsquo;origine des particularit\u00e9s telluriques du continent. Elles influencent ses lois d&rsquo;une bien \u00e9trange mani\u00e8re. Dans l&rsquo;extension\u2026","_links":{"self":[{"href":"https:\/\/meeplendice.net\/index.php?rest_route=\/wp\/v2\/pages\/13567","targetHints":{"allow":["GET"]}}],"collection":[{"href":"https:\/\/meeplendice.net\/index.php?rest_route=\/wp\/v2\/pages"}],"about":[{"href":"https:\/\/meeplendice.net\/index.php?rest_route=\/wp\/v2\/types\/page"}],"author":[{"embeddable":true,"href":"https:\/\/meeplendice.net\/index.php?rest_route=\/wp\/v2\/users\/2"}],"replies":[{"embeddable":true,"href":"https:\/\/meeplendice.net\/index.php?rest_route=%2Fwp%2Fv2%2Fcomments&post=13567"}],"version-history":[{"count":1,"href":"https:\/\/meeplendice.net\/index.php?rest_route=\/wp\/v2\/pages\/13567\/revisions"}],"predecessor-version":[{"id":13569,"href":"https:\/\/meeplendice.net\/index.php?rest_route=\/wp\/v2\/pages\/13567\/revisions\/13569"}],"up":[{"embeddable":true,"href":"https:\/\/meeplendice.net\/index.php?rest_route=\/wp\/v2\/pages\/11609"}],"wp:featuredmedia":[{"embeddable":true,"href":"https:\/\/meeplendice.net\/index.php?rest_route=\/wp\/v2\/media\/13568"}],"wp:attachment":[{"href":"https:\/\/meeplendice.net\/index.php?rest_route=%2Fwp%2Fv2%2Fmedia&parent=13567"}],"curies":[{"name":"wp","href":"https:\/\/api.w.org\/{rel}","templated":true}]}}