{"id":13593,"date":"2025-12-04T01:19:36","date_gmt":"2025-12-03T23:19:36","guid":{"rendered":"https:\/\/meeplendice.net\/?page_id=13593"},"modified":"2025-12-04T01:57:21","modified_gmt":"2025-12-03T23:57:21","slug":"gwent-le-jeu-de-cartes-legendaire","status":"publish","type":"page","link":"https:\/\/meeplendice.net\/?page_id=13593","title":{"rendered":"Gwent : Le Jeu de Cartes L\u00e9gendaire"},"content":{"rendered":"<div id=\"pl-13593\"  class=\"panel-layout\" ><div id=\"pg-13593-0\"  class=\"panel-grid panel-no-style\" ><div id=\"pgc-13593-0-0\"  class=\"panel-grid-cell\" ><div id=\"panel-13593-0-0-0\" class=\"so-panel widget widget_sow-editor panel-first-child panel-last-child\" data-index=\"0\" ><div\n\t\t\t\n\t\t\tclass=\"so-widget-sow-editor so-widget-sow-editor-base\"\n\t\t\t\n\t\t>\n<div class=\"siteorigin-widget-tinymce textwidget\">\n\t<p style=\"text-align: center;\"><strong>Nombre de joueurs :<\/strong><br \/>\n1 - 5<\/p>\n<\/div>\n<\/div><\/div><\/div><div id=\"pgc-13593-0-1\"  class=\"panel-grid-cell\" ><div id=\"panel-13593-0-1-0\" class=\"so-panel widget widget_sow-editor panel-first-child panel-last-child\" data-index=\"1\" ><div\n\t\t\t\n\t\t\tclass=\"so-widget-sow-editor so-widget-sow-editor-base\"\n\t\t\t\n\t\t>\n<div class=\"siteorigin-widget-tinymce textwidget\">\n\t<p style=\"text-align: center;\"><strong>Dur\u00e9e moyenne :<\/strong><br \/>\n20 min<\/p>\n<\/div>\n<\/div><\/div><\/div><div id=\"pgc-13593-0-2\"  class=\"panel-grid-cell\" ><div id=\"panel-13593-0-2-0\" class=\"so-panel widget widget_sow-editor panel-first-child panel-last-child\" data-index=\"2\" ><div\n\t\t\t\n\t\t\tclass=\"so-widget-sow-editor so-widget-sow-editor-base\"\n\t\t\t\n\t\t>\n<div class=\"siteorigin-widget-tinymce textwidget\">\n\t<p style=\"text-align: center;\"><strong>Age :<\/strong><br \/>\n14 ans et plus<\/p>\n<\/div>\n<\/div><\/div><\/div><\/div><div id=\"pg-13593-1\"  class=\"panel-grid panel-no-style\" ><div id=\"pgc-13593-1-0\"  class=\"panel-grid-cell\" ><div id=\"panel-13593-1-0-0\" class=\"so-panel widget widget_sow-editor panel-first-child panel-last-child\" data-index=\"3\" ><div\n\t\t\t\n\t\t\tclass=\"so-widget-sow-editor so-widget-sow-editor-base\"\n\t\t\t\n\t\t>\n<div class=\"siteorigin-widget-tinymce textwidget\">\n\t<p style=\"text-align: center;\"><strong>Auteur(s) :<br \/>\n<\/strong>CD Projekt<br \/>\nRafa\u0142 Jaki<br \/>\nDamien Monnier<\/p>\n<\/div>\n<\/div><\/div><\/div><div id=\"pgc-13593-1-1\"  class=\"panel-grid-cell\" ><div id=\"panel-13593-1-1-0\" class=\"so-panel widget widget_sow-editor panel-first-child panel-last-child\" data-index=\"4\" ><div\n\t\t\t\n\t\t\tclass=\"so-widget-sow-editor so-widget-sow-editor-base\"\n\t\t\t\n\t\t>\n<div class=\"siteorigin-widget-tinymce textwidget\">\n\t<p style=\"text-align: center;\"><strong>Illustrations :<\/strong><br \/>\n<span class=\"data-siloing\" title=\"D\u00e9couvrez tous ces jeux\" data-siloing=\"https:\/\/www.philibertnet.com\/fr\/recherche?feature=41&amp;feature_value=Ian Rosenthaler\">CD Projekt<\/span><\/p>\n<\/div>\n<\/div><\/div><\/div><div id=\"pgc-13593-1-2\"  class=\"panel-grid-cell\" ><div id=\"panel-13593-1-2-0\" class=\"so-panel widget widget_sow-editor panel-first-child panel-last-child\" data-index=\"5\" ><div\n\t\t\t\n\t\t\tclass=\"so-widget-sow-editor so-widget-sow-editor-base\"\n\t\t\t\n\t\t>\n<div class=\"siteorigin-widget-tinymce textwidget\">\n\t<p style=\"text-align: center;\"><strong>\u00c9dition :<\/strong><br \/>\nNo Loading Games<br \/>\n2024<\/p>\n<\/div>\n<\/div><\/div><\/div><div id=\"pgc-13593-1-3\"  class=\"panel-grid-cell\" ><div id=\"panel-13593-1-3-0\" class=\"so-panel widget widget_sow-editor panel-first-child panel-last-child\" data-index=\"6\" ><div\n\t\t\t\n\t\t\tclass=\"so-widget-sow-editor so-widget-sow-editor-base\"\n\t\t\t\n\t\t>\n<div class=\"siteorigin-widget-tinymce textwidget\">\n\t<p style=\"text-align: center;\"><strong>Version :<\/strong><br \/>\nFran\u00e7aise<\/p>\n<\/div>\n<\/div><\/div><\/div><\/div><div id=\"pg-13593-2\"  class=\"panel-grid panel-no-style\" ><div id=\"pgc-13593-2-0\"  class=\"panel-grid-cell\" ><div id=\"panel-13593-2-0-0\" class=\"so-panel widget widget_sow-editor panel-first-child panel-last-child\" data-index=\"7\" ><div\n\t\t\t\n\t\t\tclass=\"so-widget-sow-editor so-widget-sow-editor-base\"\n\t\t\t\n\t\t>\n<div class=\"siteorigin-widget-tinymce textwidget\">\n\t<hr \/>\n<p>Plongez dans l\u2019univers de <em>The Witcher 3 : Wild Hunt<\/em> avec<em> Gwent : Le Jeu de Cartes L\u00e9gendaire<\/em>, le premier jeu de cartes physique officiel du c\u00e9l\u00e8bre RPG. Con\u00e7u pour c\u00e9l\u00e9brer le 10e anniversaire de <em>The Witcher 3<\/em>, ce jeu de strat\u00e9gie et de deck-building vous permet d\u2019incarner l\u2019une des cinq factions embl\u00e9matiques : Monstres, Empire Nilfgaardien, Royaumes du Nord, Scoia'tael et Skellige.<\/p>\n<p>Avec des cartes magnifiquement illustr\u00e9es et une profondeur tactique fid\u00e8le \u00e0 l\u2019exp\u00e9rience originale, <em>Gwent <\/em>propose une aventure strat\u00e9gique captivante sur table. Id\u00e9al pour les fans de longue date comme pour les nouveaux venus, ce jeu ravira les amateurs de jeux de cartes comp\u00e9titifs. Pr\u00e9parez votre deck, affrontez vos adversaires et faites preuve de strat\u00e9gie pour conqu\u00e9rir le monde de <em>Gwent<\/em> !<\/p>\n<\/div>\n<\/div><\/div><\/div><\/div><div id=\"pg-13593-3\"  class=\"panel-grid panel-no-style\" ><div id=\"pgc-13593-3-0\"  class=\"panel-grid-cell\" ><div id=\"panel-13593-3-0-0\" class=\"so-panel widget widget_sow-editor panel-first-child panel-last-child\" data-index=\"8\" ><div\n\t\t\t\n\t\t\tclass=\"so-widget-sow-editor so-widget-sow-editor-base\"\n\t\t\t\n\t\t>\n<div class=\"siteorigin-widget-tinymce textwidget\">\n\t<hr \/>\n<h3 style=\"text-align: center;\">En vid\u00e9o<\/h3>\n<p><a href=\"https:\/\/www.youtube.com\/watch?v=d9nO2dAG-Fg\" target=\"_blank\" rel=\"noopener\"><img loading=\"lazy\" decoding=\"async\" class=\"alignnone size-full wp-image-9090\" src=\"https:\/\/meeplendice.net\/wp-content\/uploads\/2022\/01\/Link_CJ_v2.png\" alt=\"\" width=\"200\" height=\"170\" \/><\/a><\/p>\n<\/div>\n<\/div><\/div><\/div><\/div><div id=\"pg-13593-4\"  class=\"panel-grid panel-no-style\" ><div id=\"pgc-13593-4-0\"  class=\"panel-grid-cell\" ><div id=\"panel-13593-4-0-0\" class=\"so-panel widget widget_sow-editor panel-first-child panel-last-child\" data-index=\"9\" ><div\n\t\t\t\n\t\t\tclass=\"so-widget-sow-editor so-widget-sow-editor-base\"\n\t\t\t\n\t\t>\n<div class=\"siteorigin-widget-tinymce textwidget\">\n\t<hr \/>\n<h3 style=\"text-align: center;\">Extension(s)<\/h3>\n<p style=\"text-align: center;\"><style type='text\/css' media='all'>#rt-tpg-container-2644804622 .read-more a{border-radius:px;}#rt-tpg-container-2644804622 .rt-img-holder img.rt-img-responsive,#rt-tpg-container-2644804622 .rt-img-holder,\n\t\t\t\t\t#rt-tpg-container-2644804622 .rt-post-overlay .post-img,\n\t\t\t\t\t#rt-tpg-container-2644804622 .post-sm .post-img,\n\t\t\t\t\t#rt-tpg-container-2644804622 .rt-post-grid .post-img,\n\t\t\t\t\t#rt-tpg-container-2644804622 .post-img img {border-radius:px;}#rt-tpg-container-2644804622 .layout9 .rt-holder h2.entry-title,\n\t\t\t\t\t#rt-tpg-container-2644804622 .layout9 .rt-holder h3.entry-title,\n\t\t\t\t\t#rt-tpg-container-2644804622 .layout9 .rt-holder h4.entry-title,\n\t\t\t\t\t#rt-tpg-container-2644804622 .layout9 .rt-holder h2.entry-title a,\n\t\t\t\t\t#rt-tpg-container-2644804622 .layout9 .rt-holder h3.entry-title a,\n\t\t\t\t\t#rt-tpg-container-2644804622 .layout9 .rt-holder h4.entry-title a,\n\t\t\t\t\t#rt-tpg-container-2644804622 .rt-holder .rt-woo-info h2 a,\n\t\t\t\t\t#rt-tpg-container-2644804622 .rt-holder .rt-woo-info h3 a,\n\t\t\t\t\t#rt-tpg-container-2644804622 .rt-holder .rt-woo-info h4 a,\n\t\t\t\t\t#rt-tpg-container-2644804622 .post-content .post-title,\n\t\t\t\t\t#rt-tpg-container-2644804622 .rt-post-grid .post-title,\n\t\t\t\t\t#rt-tpg-container-2644804622 .rt-post-grid .post-title a,\n\t\t\t\t\t#rt-tpg-container-2644804622 .post-content .post-title a,\n\t\t\t\t\t#rt-tpg-container-2644804622 .rt-holder .rt-woo-info h2,\n\t\t\t\t\t#rt-tpg-container-2644804622 .rt-holder .rt-woo-info h3,\n\t\t\t\t\t#rt-tpg-container-2644804622 .rt-holder .rt-woo-info h4{font-size:16px;line-height:26px;font-weight:normal;text-align:center;}#rt-tpg-container-2644804622 .post-grid-lg-style-1 .post-title,\n\t\t\t\t\t\t#rt-tpg-container-2644804622 .post-grid-lg-style-1 .post-title a,\n\t\t\t\t\t\t#rt-tpg-container-2644804622 .big-layout .post-title,\n\t\t\t\t\t\t#rt-tpg-container-2644804622 .big-layout .post-title a,\n\t\t\t\t\t\t#rt-tpg-container-2644804622 .post-grid-lg-style-1 .post-title,\n\t\t\t\t\t\t#rt-tpg-container-2644804622 .post-grid-lg-style-1 .post-title a {font-size:24px;line-height:34px;}<\/style><div class='rt-container-fluid rt-tpg-container tpg-shortcode-main-wrapper ' id='rt-tpg-container-2644804622'   data-layout='layout9' data-grid-style='masonry' data-desktop-col='3'  data-tab-col='2'  data-mobile-col='1' data-sc-id='13598'><div data-title='Loading ...' class='rt-row rt-content-loader   layout9 tpg-masonry '><div class=\"rt-col-md-4 rt-col-sm-6 rt-col-xs-12 masonry-grid-item rt-grid-item img_zoom_in\" data-id=\"13599\"><div class=\"rt-holder\"><div class='overlay'><a data-id='13599' class=' tpg-single-popup' href='https:\/\/meeplendice.net\/?page_id=13599'><img loading=\"lazy\" decoding=\"async\" width=\"350\" height=\"350\" src=\"https:\/\/meeplendice.net\/wp-content\/uploads\/2025\/12\/Gwent_Ballades_Skellige.png\" class=\"rt-img-responsive \" alt=\"\" \/><\/a><\/div><div class='post-info'><h3 class=\"entry-title\"><a data-id=\"13599\" class=\" tpg-single-popup\" href=\"https:\/\/meeplendice.net\/?page_id=13599\">Cartes Ballades Skellige<\/a><\/h3><div class='post-meta-user '><\/div><\/div><\/div><\/div><div class=\"rt-col-md-4 rt-col-sm-6 rt-col-xs-12 masonry-grid-item rt-grid-item img_zoom_in\" data-id=\"13607\"><div class=\"rt-holder\"><div class='overlay'><a data-id='13607' class=' tpg-single-popup' href='https:\/\/meeplendice.net\/?page_id=13607'><img loading=\"lazy\" decoding=\"async\" width=\"350\" height=\"350\" src=\"https:\/\/meeplendice.net\/wp-content\/uploads\/2025\/12\/Gwent_Ballades_Scoiatael.png\" class=\"rt-img-responsive \" alt=\"\" \/><\/a><\/div><div class='post-info'><h3 class=\"entry-title\"><a data-id=\"13607\" class=\" tpg-single-popup\" href=\"https:\/\/meeplendice.net\/?page_id=13607\">Cartes Ballades Scoia&rsquo;tael<\/a><\/h3><div class='post-meta-user '><\/div><\/div><\/div><\/div><div class=\"rt-col-md-4 rt-col-sm-6 rt-col-xs-12 masonry-grid-item rt-grid-item img_zoom_in\" data-id=\"13609\"><div class=\"rt-holder\"><div class='overlay'><a data-id='13609' class=' tpg-single-popup' href='https:\/\/meeplendice.net\/?page_id=13609'><img loading=\"lazy\" decoding=\"async\" width=\"350\" height=\"350\" src=\"https:\/\/meeplendice.net\/wp-content\/uploads\/2025\/12\/Gwent_Ballades_Nilfgaard.png\" class=\"rt-img-responsive \" alt=\"\" \/><\/a><\/div><div class='post-info'><h3 class=\"entry-title\"><a data-id=\"13609\" class=\" tpg-single-popup\" href=\"https:\/\/meeplendice.net\/?page_id=13609\">Cartes Ballades Nilfgaard<\/a><\/h3><div class='post-meta-user '><\/div><\/div><\/div><\/div><\/div><div class='rt-pagination-wrap' data-total-pages='2' data-posts-per-page='3' data-type='pagination_ajax'  ><div class='rt-page-numbers'><\/div><\/div><\/div><\/p>\n<\/div>\n<\/div><\/div><\/div><\/div><div id=\"pg-13593-5\"  class=\"panel-grid panel-no-style\" ><div id=\"pgc-13593-5-0\"  class=\"panel-grid-cell\" ><div id=\"panel-13593-5-0-0\" class=\"so-panel widget widget_sow-editor panel-first-child panel-last-child\" data-index=\"10\" ><div\n\t\t\t\n\t\t\tclass=\"so-widget-sow-editor so-widget-sow-editor-base\"\n\t\t\t\n\t\t>\n<div class=\"siteorigin-widget-tinymce textwidget\">\n\t<hr \/>\n<h3 style=\"text-align: center;\">Pour aller plus loin<\/h3>\n<p style=\"text-align: center;\">\n<\/div>\n<\/div><\/div><\/div><\/div><\/div>","protected":false},"excerpt":{"rendered":"<p>Nombre de joueurs : 1 &#8211; 5 Dur\u00e9e moyenne : 20 min Age : 14 ans et plus Auteur(s) : CD Projekt Rafa\u0142 Jaki Damien Monnier Illustrations : CD Projekt \u00c9dition : No Loading Games 2024 Version : Fran\u00e7aise<\/p>\n","protected":false},"author":2,"featured_media":13596,"parent":0,"menu_order":0,"comment_status":"closed","ping_status":"closed","template":"","meta":{"footnotes":""},"class_list":["post-13593","page","type-page","status-publish","has-post-thumbnail","hentry"],"acf":[],"rttpg_featured_image_url":{"full":["https:\/\/meeplendice.net\/wp-content\/uploads\/2025\/12\/Gwent.png",350,350,false],"landscape":["https:\/\/meeplendice.net\/wp-content\/uploads\/2025\/12\/Gwent.png",350,350,false],"portraits":["https:\/\/meeplendice.net\/wp-content\/uploads\/2025\/12\/Gwent.png",350,350,false],"thumbnail":["https:\/\/meeplendice.net\/wp-content\/uploads\/2025\/12\/Gwent-150x150.png",150,150,true],"medium":["https:\/\/meeplendice.net\/wp-content\/uploads\/2025\/12\/Gwent-300x300.png",300,300,true],"large":["https:\/\/meeplendice.net\/wp-content\/uploads\/2025\/12\/Gwent.png",350,350,false],"ug_big":["https:\/\/meeplendice.net\/wp-content\/uploads\/2025\/12\/Gwent.png",350,350,false],"1536x1536":["https:\/\/meeplendice.net\/wp-content\/uploads\/2025\/12\/Gwent.png",350,350,false],"2048x2048":["https:\/\/meeplendice.net\/wp-content\/uploads\/2025\/12\/Gwent.png",350,350,false],"ashe-slider-grid-thumbnail":["https:\/\/meeplendice.net\/wp-content\/uploads\/2025\/12\/Gwent.png",350,350,false],"ashe-full-thumbnail":["https:\/\/meeplendice.net\/wp-content\/uploads\/2025\/12\/Gwent.png",350,350,false],"ashe-grid-thumbnail":["https:\/\/meeplendice.net\/wp-content\/uploads\/2025\/12\/Gwent-350x330.png",350,330,true],"ashe-list-thumbnail":["https:\/\/meeplendice.net\/wp-content\/uploads\/2025\/12\/Gwent-300x300.png",300,300,true],"ashe-single-navigation":["https:\/\/meeplendice.net\/wp-content\/uploads\/2025\/12\/Gwent-75x75.png",75,75,true],"mailpoet_newsletter_max":["https:\/\/meeplendice.net\/wp-content\/uploads\/2025\/12\/Gwent.png",350,350,false],"rpwe-thumbnail":["https:\/\/meeplendice.net\/wp-content\/uploads\/2025\/12\/Gwent-45x45.png",45,45,true],"sow-carousel-default":["https:\/\/meeplendice.net\/wp-content\/uploads\/2025\/12\/Gwent-272x182.png",272,182,true],"rt_custom":["https:\/\/meeplendice.net\/wp-content\/uploads\/2025\/12\/Gwent.png",350,350,false]},"rttpg_author":{"display_name":"Karnby","author_link":"https:\/\/meeplendice.net\/?author=2"},"rttpg_comment":0,"rttpg_category":null,"rttpg_excerpt":"Nombre de joueurs : 1 - 5 Dur\u00e9e moyenne : 20 min Age : 14 ans et plus Auteur(s) : CD Projekt Rafa\u0142 Jaki Damien Monnier Illustrations : CD Projekt \u00c9dition : No Loading Games 2024 Version : Fran\u00e7aise","_links":{"self":[{"href":"https:\/\/meeplendice.net\/index.php?rest_route=\/wp\/v2\/pages\/13593","targetHints":{"allow":["GET"]}}],"collection":[{"href":"https:\/\/meeplendice.net\/index.php?rest_route=\/wp\/v2\/pages"}],"about":[{"href":"https:\/\/meeplendice.net\/index.php?rest_route=\/wp\/v2\/types\/page"}],"author":[{"embeddable":true,"href":"https:\/\/meeplendice.net\/index.php?rest_route=\/wp\/v2\/users\/2"}],"replies":[{"embeddable":true,"href":"https:\/\/meeplendice.net\/index.php?rest_route=%2Fwp%2Fv2%2Fcomments&post=13593"}],"version-history":[{"count":5,"href":"https:\/\/meeplendice.net\/index.php?rest_route=\/wp\/v2\/pages\/13593\/revisions"}],"predecessor-version":[{"id":13617,"href":"https:\/\/meeplendice.net\/index.php?rest_route=\/wp\/v2\/pages\/13593\/revisions\/13617"}],"wp:featuredmedia":[{"embeddable":true,"href":"https:\/\/meeplendice.net\/index.php?rest_route=\/wp\/v2\/media\/13596"}],"wp:attachment":[{"href":"https:\/\/meeplendice.net\/index.php?rest_route=%2Fwp%2Fv2%2Fmedia&parent=13593"}],"curies":[{"name":"wp","href":"https:\/\/api.w.org\/{rel}","templated":true}]}}