{"id":13620,"date":"2025-12-05T00:23:01","date_gmt":"2025-12-04T22:23:01","guid":{"rendered":"https:\/\/meeplendice.net\/?page_id=13620"},"modified":"2025-12-05T17:26:48","modified_gmt":"2025-12-05T15:26:48","slug":"mindbug-premier-contact","status":"publish","type":"page","link":"https:\/\/meeplendice.net\/?page_id=13620","title":{"rendered":"Mindbug &#8211; Premier Contact"},"content":{"rendered":"<div id=\"pl-13620\"  class=\"panel-layout\" ><div id=\"pg-13620-0\"  class=\"panel-grid panel-no-style\" ><div id=\"pgc-13620-0-0\"  class=\"panel-grid-cell\" ><div id=\"panel-13620-0-0-0\" class=\"so-panel widget widget_sow-editor panel-first-child panel-last-child\" data-index=\"0\" ><div\n\t\t\t\n\t\t\tclass=\"so-widget-sow-editor so-widget-sow-editor-base\"\n\t\t\t\n\t\t>\n<div class=\"siteorigin-widget-tinymce textwidget\">\n\t<p style=\"text-align: center;\"><strong>Nombre de joueurs :<\/strong><br \/>\n2 - 2<\/p>\n<\/div>\n<\/div><\/div><\/div><div id=\"pgc-13620-0-1\"  class=\"panel-grid-cell\" ><div id=\"panel-13620-0-1-0\" class=\"so-panel widget widget_sow-editor panel-first-child panel-last-child\" data-index=\"1\" ><div\n\t\t\t\n\t\t\tclass=\"so-widget-sow-editor so-widget-sow-editor-base\"\n\t\t\t\n\t\t>\n<div class=\"siteorigin-widget-tinymce textwidget\">\n\t<p style=\"text-align: center;\"><strong>Auteur(s) :<br \/>\n<\/strong><span class=\"data-siloing\" title=\"D\u00e9couvrez tous ces jeux\" data-siloing=\"https:\/\/www.philibertnet.com\/fr\/recherche?feature=31&amp;feature_value=Th\u00e9o Riviere\">Christian Kudahl<br \/>\nMarvin Hegen<br \/>\nRichard Garfield<br \/>\nSkaff Elias<br \/>\n<\/span><\/p>\n<\/div>\n<\/div><\/div><\/div><div id=\"pgc-13620-0-2\"  class=\"panel-grid-cell\" ><div id=\"panel-13620-0-2-0\" class=\"so-panel widget widget_sow-editor panel-first-child panel-last-child\" data-index=\"2\" ><div\n\t\t\t\n\t\t\tclass=\"so-widget-sow-editor so-widget-sow-editor-base\"\n\t\t\t\n\t\t>\n<div class=\"siteorigin-widget-tinymce textwidget\">\n\t<p style=\"text-align: center;\"><strong>Illustrations :<\/strong><br \/>\n<span class=\"data-siloing\" title=\"D\u00e9couvrez tous ces jeux\" data-siloing=\"https:\/\/www.philibertnet.com\/fr\/recherche?feature=41&amp;feature_value=Jiahui Eva Gao\">Denis Martynets<br \/>\n<\/span><\/p>\n<\/div>\n<\/div><\/div><\/div><div id=\"pgc-13620-0-3\"  class=\"panel-grid-cell\" ><div id=\"panel-13620-0-3-0\" class=\"so-panel widget widget_sow-editor panel-first-child panel-last-child\" data-index=\"3\" ><div\n\t\t\t\n\t\t\tclass=\"so-widget-sow-editor so-widget-sow-editor-base\"\n\t\t\t\n\t\t>\n<div class=\"siteorigin-widget-tinymce textwidget\">\n\t<p style=\"text-align: center;\"><strong>\u00c9dition :<\/strong><br \/>\nIello<br \/>\n2023<\/p>\n<\/div>\n<\/div><\/div><\/div><div id=\"pgc-13620-0-4\"  class=\"panel-grid-cell\" ><div id=\"panel-13620-0-4-0\" class=\"so-panel widget widget_sow-editor panel-first-child panel-last-child\" data-index=\"4\" ><div\n\t\t\t\n\t\t\tclass=\"so-widget-sow-editor so-widget-sow-editor-base\"\n\t\t\t\n\t\t>\n<div class=\"siteorigin-widget-tinymce textwidget\">\n\t<p style=\"text-align: center;\"><strong>Version :<\/strong><br \/>\nFran\u00e7aise<\/p>\n<\/div>\n<\/div><\/div><\/div><\/div><div id=\"pg-13620-1\"  class=\"panel-grid panel-no-style\" ><div id=\"pgc-13620-1-0\"  class=\"panel-grid-cell\" ><div id=\"panel-13620-1-0-0\" class=\"so-panel widget widget_sow-editor panel-first-child panel-last-child\" data-index=\"5\" ><div\n\t\t\t\n\t\t\tclass=\"so-widget-sow-editor so-widget-sow-editor-base\"\n\t\t\t\n\t\t>\n<div class=\"siteorigin-widget-tinymce textwidget\">\n\t<hr \/>\n<p><em>Lancez vos cr\u00e9atures \u00e0 l'assaut de votre adversaire, mais m\u00e9fiez-vous : elles pourraient se retourner contre vous !<\/em><\/p>\n<p><em>Votre adversaire joue une cr\u00e9ature qui lui donne un avantage d\u00e9cisif ?<br \/>\nActivez l'un de vos Mindbugs, et ajoutez cette cr\u00e9ature \u00e0 vos propres forces !<\/em><\/p>\n<p>Dans <em>Mindbug<\/em>, vous invoquez des cr\u00e9atures hybrides et les envoyez au combat contre les cr\u00e9atures de votre adversaire. Mais faite attention : lorsque vous invoquez une cr\u00e9ature, votre adversaire peut utiliser l'un de ses Mindsbugs pour en prendre le contr\u00f4le.<\/p>\n<p>D\u00e9jouez votre adversaire lors d'un duel tactique fascinant, dans lequel avoir les meilleures cartes et les jouer au mauvais moment peut s'av\u00e9rer fatal.<\/p>\n<\/div>\n<\/div><\/div><\/div><\/div><\/div>","protected":false},"excerpt":{"rendered":"<p>Nombre de joueurs : 2 &#8211; 2 Auteur(s) : Christian Kudahl Marvin Hegen Richard Garfield Skaff Elias Illustrations : Denis Martynets \u00c9dition : Iello 2023 Version : Fran\u00e7aise Lancez vos cr\u00e9atures \u00e0 l&rsquo;assaut de votre adversaire, mais m\u00e9fiez-vous : elles pourraient se retourner contre vous ! Votre adversaire joue une cr\u00e9ature qui lui donne un avantage d\u00e9cisif ? Activez l&rsquo;un de vos Mindbugs, et ajoutez cette cr\u00e9ature \u00e0 vos propres forces ! Dans Mindbug, vous invoquez des cr\u00e9atures hybrides et les envoyez au combat contre les cr\u00e9atures de votre adversaire. Mais faite attention : lorsque vous invoquez une cr\u00e9ature, votre adversaire peut utiliser l&rsquo;un de ses Mindsbugs pour en prendre le contr\u00f4le. D\u00e9jouez votre adversaire lors d&rsquo;un duel tactique fascinant, dans lequel avoir les meilleures cartes et les jouer au mauvais moment peut s&rsquo;av\u00e9rer fatal.<\/p>\n","protected":false},"author":2,"featured_media":13637,"parent":11025,"menu_order":1,"comment_status":"closed","ping_status":"closed","template":"","meta":{"footnotes":""},"class_list":["post-13620","page","type-page","status-publish","has-post-thumbnail","hentry"],"acf":[],"rttpg_featured_image_url":{"full":["https:\/\/meeplendice.net\/wp-content\/uploads\/2025\/12\/Mindbug_Mindbug.png",350,350,false],"landscape":["https:\/\/meeplendice.net\/wp-content\/uploads\/2025\/12\/Mindbug_Mindbug.png",350,350,false],"portraits":["https:\/\/meeplendice.net\/wp-content\/uploads\/2025\/12\/Mindbug_Mindbug.png",350,350,false],"thumbnail":["https:\/\/meeplendice.net\/wp-content\/uploads\/2025\/12\/Mindbug_Mindbug-150x150.png",150,150,true],"medium":["https:\/\/meeplendice.net\/wp-content\/uploads\/2025\/12\/Mindbug_Mindbug-300x300.png",300,300,true],"large":["https:\/\/meeplendice.net\/wp-content\/uploads\/2025\/12\/Mindbug_Mindbug.png",350,350,false],"ug_big":["https:\/\/meeplendice.net\/wp-content\/uploads\/2025\/12\/Mindbug_Mindbug.png",350,350,false],"1536x1536":["https:\/\/meeplendice.net\/wp-content\/uploads\/2025\/12\/Mindbug_Mindbug.png",350,350,false],"2048x2048":["https:\/\/meeplendice.net\/wp-content\/uploads\/2025\/12\/Mindbug_Mindbug.png",350,350,false],"ashe-slider-grid-thumbnail":["https:\/\/meeplendice.net\/wp-content\/uploads\/2025\/12\/Mindbug_Mindbug.png",350,350,false],"ashe-full-thumbnail":["https:\/\/meeplendice.net\/wp-content\/uploads\/2025\/12\/Mindbug_Mindbug.png",350,350,false],"ashe-grid-thumbnail":["https:\/\/meeplendice.net\/wp-content\/uploads\/2025\/12\/Mindbug_Mindbug-350x330.png",350,330,true],"ashe-list-thumbnail":["https:\/\/meeplendice.net\/wp-content\/uploads\/2025\/12\/Mindbug_Mindbug-300x300.png",300,300,true],"ashe-single-navigation":["https:\/\/meeplendice.net\/wp-content\/uploads\/2025\/12\/Mindbug_Mindbug-75x75.png",75,75,true],"mailpoet_newsletter_max":["https:\/\/meeplendice.net\/wp-content\/uploads\/2025\/12\/Mindbug_Mindbug.png",350,350,false],"rpwe-thumbnail":["https:\/\/meeplendice.net\/wp-content\/uploads\/2025\/12\/Mindbug_Mindbug-45x45.png",45,45,true],"sow-carousel-default":["https:\/\/meeplendice.net\/wp-content\/uploads\/2025\/12\/Mindbug_Mindbug-272x182.png",272,182,true],"rt_custom":["https:\/\/meeplendice.net\/wp-content\/uploads\/2025\/12\/Mindbug_Mindbug.png",350,350,false]},"rttpg_author":{"display_name":"Karnby","author_link":"https:\/\/meeplendice.net\/?author=2"},"rttpg_comment":0,"rttpg_category":null,"rttpg_excerpt":"Nombre de joueurs : 2 - 2 Auteur(s) : Christian Kudahl Marvin Hegen Richard Garfield Skaff Elias Illustrations : Denis Martynets \u00c9dition : Iello 2023 Version : Fran\u00e7aise Lancez vos cr\u00e9atures \u00e0 l'assaut de votre adversaire, mais m\u00e9fiez-vous : elles pourraient se retourner contre vous ! Votre adversaire joue une cr\u00e9ature qui lui donne un\u2026","_links":{"self":[{"href":"https:\/\/meeplendice.net\/index.php?rest_route=\/wp\/v2\/pages\/13620","targetHints":{"allow":["GET"]}}],"collection":[{"href":"https:\/\/meeplendice.net\/index.php?rest_route=\/wp\/v2\/pages"}],"about":[{"href":"https:\/\/meeplendice.net\/index.php?rest_route=\/wp\/v2\/types\/page"}],"author":[{"embeddable":true,"href":"https:\/\/meeplendice.net\/index.php?rest_route=\/wp\/v2\/users\/2"}],"replies":[{"embeddable":true,"href":"https:\/\/meeplendice.net\/index.php?rest_route=%2Fwp%2Fv2%2Fcomments&post=13620"}],"version-history":[{"count":3,"href":"https:\/\/meeplendice.net\/index.php?rest_route=\/wp\/v2\/pages\/13620\/revisions"}],"predecessor-version":[{"id":13653,"href":"https:\/\/meeplendice.net\/index.php?rest_route=\/wp\/v2\/pages\/13620\/revisions\/13653"}],"up":[{"embeddable":true,"href":"https:\/\/meeplendice.net\/index.php?rest_route=\/wp\/v2\/pages\/11025"}],"wp:featuredmedia":[{"embeddable":true,"href":"https:\/\/meeplendice.net\/index.php?rest_route=\/wp\/v2\/media\/13637"}],"wp:attachment":[{"href":"https:\/\/meeplendice.net\/index.php?rest_route=%2Fwp%2Fv2%2Fmedia&parent=13620"}],"curies":[{"name":"wp","href":"https:\/\/api.w.org\/{rel}","templated":true}]}}