{"id":13659,"date":"2025-12-06T01:11:09","date_gmt":"2025-12-05T23:11:09","guid":{"rendered":"https:\/\/meeplendice.net\/?page_id=13659"},"modified":"2025-12-06T01:29:39","modified_gmt":"2025-12-05T23:29:39","slug":"extra-pepper","status":"publish","type":"page","link":"https:\/\/meeplendice.net\/?page_id=13659","title":{"rendered":"Extra Pepper"},"content":{"rendered":"<p><em>Sea Salt &amp; Paper &#8211; Extra Pepper<\/em> est une mini-extension pour le jeu <em>Sea Salt &amp; Paper<\/em> qui ajoute 12 nouvelles cartes pour enrichir le jeu de base.<\/p>\n<p>Cette extension propose 12 cartes \u00e9v\u00e8nement ajoutant une r\u00e8gle sp\u00e9ciale \u00e0 tous les joueurs.<\/p>\n<p><em>\u00a0<\/em><\/p>\n<p>&nbsp;<\/p>\n<p style=\"text-align: justify;\"><span id=\"result_box\" class=\"\" lang=\"fr\"><span class=\"\">\u00a0<\/span><\/span><\/p>\n","protected":false},"excerpt":{"rendered":"<p>Sea Salt &amp; Paper &#8211; Extra Pepper est une mini-extension pour le jeu Sea Salt &amp; Paper qui ajoute 12 nouvelles cartes pour enrichir le jeu de base. Cette extension propose 12 cartes \u00e9v\u00e8nement ajoutant une r\u00e8gle sp\u00e9ciale \u00e0 tous les joueurs. \u00a0 &nbsp; \u00a0<\/p>\n","protected":false},"author":2,"featured_media":13660,"parent":12324,"menu_order":2,"comment_status":"closed","ping_status":"closed","template":"","meta":{"footnotes":""},"class_list":["post-13659","page","type-page","status-publish","has-post-thumbnail","hentry"],"acf":[],"rttpg_featured_image_url":{"full":["https:\/\/meeplendice.net\/wp-content\/uploads\/2025\/12\/SSP_ExtraPepper.png",350,350,false],"landscape":["https:\/\/meeplendice.net\/wp-content\/uploads\/2025\/12\/SSP_ExtraPepper.png",350,350,false],"portraits":["https:\/\/meeplendice.net\/wp-content\/uploads\/2025\/12\/SSP_ExtraPepper.png",350,350,false],"thumbnail":["https:\/\/meeplendice.net\/wp-content\/uploads\/2025\/12\/SSP_ExtraPepper-150x150.png",150,150,true],"medium":["https:\/\/meeplendice.net\/wp-content\/uploads\/2025\/12\/SSP_ExtraPepper-300x300.png",300,300,true],"large":["https:\/\/meeplendice.net\/wp-content\/uploads\/2025\/12\/SSP_ExtraPepper.png",350,350,false],"ug_big":["https:\/\/meeplendice.net\/wp-content\/uploads\/2025\/12\/SSP_ExtraPepper.png",350,350,false],"1536x1536":["https:\/\/meeplendice.net\/wp-content\/uploads\/2025\/12\/SSP_ExtraPepper.png",350,350,false],"2048x2048":["https:\/\/meeplendice.net\/wp-content\/uploads\/2025\/12\/SSP_ExtraPepper.png",350,350,false],"ashe-slider-grid-thumbnail":["https:\/\/meeplendice.net\/wp-content\/uploads\/2025\/12\/SSP_ExtraPepper.png",350,350,false],"ashe-full-thumbnail":["https:\/\/meeplendice.net\/wp-content\/uploads\/2025\/12\/SSP_ExtraPepper.png",350,350,false],"ashe-grid-thumbnail":["https:\/\/meeplendice.net\/wp-content\/uploads\/2025\/12\/SSP_ExtraPepper-350x330.png",350,330,true],"ashe-list-thumbnail":["https:\/\/meeplendice.net\/wp-content\/uploads\/2025\/12\/SSP_ExtraPepper-300x300.png",300,300,true],"ashe-single-navigation":["https:\/\/meeplendice.net\/wp-content\/uploads\/2025\/12\/SSP_ExtraPepper-75x75.png",75,75,true],"mailpoet_newsletter_max":["https:\/\/meeplendice.net\/wp-content\/uploads\/2025\/12\/SSP_ExtraPepper.png",350,350,false],"rpwe-thumbnail":["https:\/\/meeplendice.net\/wp-content\/uploads\/2025\/12\/SSP_ExtraPepper-45x45.png",45,45,true],"sow-carousel-default":["https:\/\/meeplendice.net\/wp-content\/uploads\/2025\/12\/SSP_ExtraPepper-272x182.png",272,182,true],"rt_custom":["https:\/\/meeplendice.net\/wp-content\/uploads\/2025\/12\/SSP_ExtraPepper.png",350,350,false]},"rttpg_author":{"display_name":"Karnby","author_link":"https:\/\/meeplendice.net\/?author=2"},"rttpg_comment":0,"rttpg_category":null,"rttpg_excerpt":"Sea Salt &amp; Paper &#8211; Extra Pepper est une mini-extension pour le jeu Sea Salt &amp; Paper qui ajoute 12 nouvelles cartes pour enrichir le jeu de base. Cette extension propose 12 cartes \u00e9v\u00e8nement ajoutant une r\u00e8gle sp\u00e9ciale \u00e0 tous les joueurs. \u00a0 &nbsp; \u00a0","_links":{"self":[{"href":"https:\/\/meeplendice.net\/index.php?rest_route=\/wp\/v2\/pages\/13659","targetHints":{"allow":["GET"]}}],"collection":[{"href":"https:\/\/meeplendice.net\/index.php?rest_route=\/wp\/v2\/pages"}],"about":[{"href":"https:\/\/meeplendice.net\/index.php?rest_route=\/wp\/v2\/types\/page"}],"author":[{"embeddable":true,"href":"https:\/\/meeplendice.net\/index.php?rest_route=\/wp\/v2\/users\/2"}],"replies":[{"embeddable":true,"href":"https:\/\/meeplendice.net\/index.php?rest_route=%2Fwp%2Fv2%2Fcomments&post=13659"}],"version-history":[{"count":1,"href":"https:\/\/meeplendice.net\/index.php?rest_route=\/wp\/v2\/pages\/13659\/revisions"}],"predecessor-version":[{"id":13661,"href":"https:\/\/meeplendice.net\/index.php?rest_route=\/wp\/v2\/pages\/13659\/revisions\/13661"}],"up":[{"embeddable":true,"href":"https:\/\/meeplendice.net\/index.php?rest_route=\/wp\/v2\/pages\/12324"}],"wp:featuredmedia":[{"embeddable":true,"href":"https:\/\/meeplendice.net\/index.php?rest_route=\/wp\/v2\/media\/13660"}],"wp:attachment":[{"href":"https:\/\/meeplendice.net\/index.php?rest_route=%2Fwp%2Fv2%2Fmedia&parent=13659"}],"curies":[{"name":"wp","href":"https:\/\/api.w.org\/{rel}","templated":true}]}}