{"id":13662,"date":"2025-12-06T01:32:49","date_gmt":"2025-12-05T23:32:49","guid":{"rendered":"https:\/\/meeplendice.net\/?page_id=13662"},"modified":"2025-12-06T01:35:46","modified_gmt":"2025-12-05T23:35:46","slug":"allies","status":"publish","type":"page","link":"https:\/\/meeplendice.net\/?page_id=13662","title":{"rendered":"Alli\u00e9s"},"content":{"rendered":"<p><em>Entourez vous d&rsquo;alli\u00e9s pour vaincre l&rsquo;ennemi !<\/em><\/p>\n<p>Alli\u00e9s est un booster d&rsquo;extension pour le jeu Le Seigneur des Anneaux : Duel pour la Terre du Milieu.<br \/>\nCollectez et utilisez des jetons de pouvoir pour obtenir le soutien de vos alli\u00e9s.<\/p>\n<p>Les alli\u00e9s modifient certaines r\u00e8gles du jeu de base, mais les conditions de victoire restent les m\u00eames.<span id=\"result_box\" class=\"\" lang=\"fr\"><span class=\"\">\u00a0<\/span><\/span><\/p>\n","protected":false},"excerpt":{"rendered":"<p>Entourez vous d&rsquo;alli\u00e9s pour vaincre l&rsquo;ennemi ! Alli\u00e9s est un booster d&rsquo;extension pour le jeu Le Seigneur des Anneaux : Duel pour la Terre du Milieu. Collectez et utilisez des jetons de pouvoir pour obtenir le soutien de vos alli\u00e9s. Les alli\u00e9s modifient certaines r\u00e8gles du jeu de base, mais les conditions de victoire restent les m\u00eames.\u00a0<\/p>\n","protected":false},"author":2,"featured_media":13664,"parent":12783,"menu_order":1,"comment_status":"closed","ping_status":"closed","template":"","meta":{"footnotes":""},"class_list":["post-13662","page","type-page","status-publish","has-post-thumbnail","hentry"],"acf":[],"rttpg_featured_image_url":{"full":["https:\/\/meeplendice.net\/wp-content\/uploads\/2025\/12\/SDA_Duel_Allies.png",350,350,false],"landscape":["https:\/\/meeplendice.net\/wp-content\/uploads\/2025\/12\/SDA_Duel_Allies.png",350,350,false],"portraits":["https:\/\/meeplendice.net\/wp-content\/uploads\/2025\/12\/SDA_Duel_Allies.png",350,350,false],"thumbnail":["https:\/\/meeplendice.net\/wp-content\/uploads\/2025\/12\/SDA_Duel_Allies-150x150.png",150,150,true],"medium":["https:\/\/meeplendice.net\/wp-content\/uploads\/2025\/12\/SDA_Duel_Allies-300x300.png",300,300,true],"large":["https:\/\/meeplendice.net\/wp-content\/uploads\/2025\/12\/SDA_Duel_Allies.png",350,350,false],"ug_big":["https:\/\/meeplendice.net\/wp-content\/uploads\/2025\/12\/SDA_Duel_Allies.png",350,350,false],"1536x1536":["https:\/\/meeplendice.net\/wp-content\/uploads\/2025\/12\/SDA_Duel_Allies.png",350,350,false],"2048x2048":["https:\/\/meeplendice.net\/wp-content\/uploads\/2025\/12\/SDA_Duel_Allies.png",350,350,false],"ashe-slider-grid-thumbnail":["https:\/\/meeplendice.net\/wp-content\/uploads\/2025\/12\/SDA_Duel_Allies.png",350,350,false],"ashe-full-thumbnail":["https:\/\/meeplendice.net\/wp-content\/uploads\/2025\/12\/SDA_Duel_Allies.png",350,350,false],"ashe-grid-thumbnail":["https:\/\/meeplendice.net\/wp-content\/uploads\/2025\/12\/SDA_Duel_Allies-350x330.png",350,330,true],"ashe-list-thumbnail":["https:\/\/meeplendice.net\/wp-content\/uploads\/2025\/12\/SDA_Duel_Allies-300x300.png",300,300,true],"ashe-single-navigation":["https:\/\/meeplendice.net\/wp-content\/uploads\/2025\/12\/SDA_Duel_Allies-75x75.png",75,75,true],"mailpoet_newsletter_max":["https:\/\/meeplendice.net\/wp-content\/uploads\/2025\/12\/SDA_Duel_Allies.png",350,350,false],"rpwe-thumbnail":["https:\/\/meeplendice.net\/wp-content\/uploads\/2025\/12\/SDA_Duel_Allies-45x45.png",45,45,true],"sow-carousel-default":["https:\/\/meeplendice.net\/wp-content\/uploads\/2025\/12\/SDA_Duel_Allies-272x182.png",272,182,true],"rt_custom":["https:\/\/meeplendice.net\/wp-content\/uploads\/2025\/12\/SDA_Duel_Allies.png",350,350,false]},"rttpg_author":{"display_name":"Karnby","author_link":"https:\/\/meeplendice.net\/?author=2"},"rttpg_comment":0,"rttpg_category":null,"rttpg_excerpt":"Entourez vous d&rsquo;alli\u00e9s pour vaincre l&rsquo;ennemi ! Alli\u00e9s est un booster d&rsquo;extension pour le jeu Le Seigneur des Anneaux : Duel pour la Terre du Milieu. Collectez et utilisez des jetons de pouvoir pour obtenir le soutien de vos alli\u00e9s. Les alli\u00e9s modifient certaines r\u00e8gles du jeu de base, mais les conditions de victoire restent\u2026","_links":{"self":[{"href":"https:\/\/meeplendice.net\/index.php?rest_route=\/wp\/v2\/pages\/13662","targetHints":{"allow":["GET"]}}],"collection":[{"href":"https:\/\/meeplendice.net\/index.php?rest_route=\/wp\/v2\/pages"}],"about":[{"href":"https:\/\/meeplendice.net\/index.php?rest_route=\/wp\/v2\/types\/page"}],"author":[{"embeddable":true,"href":"https:\/\/meeplendice.net\/index.php?rest_route=\/wp\/v2\/users\/2"}],"replies":[{"embeddable":true,"href":"https:\/\/meeplendice.net\/index.php?rest_route=%2Fwp%2Fv2%2Fcomments&post=13662"}],"version-history":[{"count":1,"href":"https:\/\/meeplendice.net\/index.php?rest_route=\/wp\/v2\/pages\/13662\/revisions"}],"predecessor-version":[{"id":13663,"href":"https:\/\/meeplendice.net\/index.php?rest_route=\/wp\/v2\/pages\/13662\/revisions\/13663"}],"up":[{"embeddable":true,"href":"https:\/\/meeplendice.net\/index.php?rest_route=\/wp\/v2\/pages\/12783"}],"wp:featuredmedia":[{"embeddable":true,"href":"https:\/\/meeplendice.net\/index.php?rest_route=\/wp\/v2\/media\/13664"}],"wp:attachment":[{"href":"https:\/\/meeplendice.net\/index.php?rest_route=%2Fwp%2Fv2%2Fmedia&parent=13662"}],"curies":[{"name":"wp","href":"https:\/\/api.w.org\/{rel}","templated":true}]}}