{"id":13673,"date":"2025-12-06T15:35:22","date_gmt":"2025-12-06T13:35:22","guid":{"rendered":"https:\/\/meeplendice.net\/?page_id=13673"},"modified":"2025-12-06T15:57:57","modified_gmt":"2025-12-06T13:57:57","slug":"00_template-2","status":"publish","type":"page","link":"https:\/\/meeplendice.net\/?page_id=13673","title":{"rendered":"Legions : Abyss Universe"},"content":{"rendered":"<div id=\"pl-13673\"  class=\"panel-layout\" ><div id=\"pg-13673-0\"  class=\"panel-grid panel-no-style\" ><div id=\"pgc-13673-0-0\"  class=\"panel-grid-cell\" ><div id=\"panel-13673-0-0-0\" class=\"so-panel widget widget_sow-editor panel-first-child panel-last-child\" data-index=\"0\" ><div\n\t\t\t\n\t\t\tclass=\"so-widget-sow-editor so-widget-sow-editor-base\"\n\t\t\t\n\t\t>\n<div class=\"siteorigin-widget-tinymce textwidget\">\n\t<p style=\"text-align: center;\"><strong>Nombre de joueurs :<\/strong><br \/>\n2 - 2<\/p>\n<\/div>\n<\/div><\/div><\/div><div id=\"pgc-13673-0-1\"  class=\"panel-grid-cell\" ><div id=\"panel-13673-0-1-0\" class=\"so-panel widget widget_sow-editor panel-first-child panel-last-child\" data-index=\"1\" ><div\n\t\t\t\n\t\t\tclass=\"so-widget-sow-editor so-widget-sow-editor-base\"\n\t\t\t\n\t\t>\n<div class=\"siteorigin-widget-tinymce textwidget\">\n\t<p style=\"text-align: center;\"><strong>Dur\u00e9e moyenne :<\/strong><br \/>\n30 min<\/p>\n<\/div>\n<\/div><\/div><\/div><div id=\"pgc-13673-0-2\"  class=\"panel-grid-cell\" ><div id=\"panel-13673-0-2-0\" class=\"so-panel widget widget_sow-editor panel-first-child panel-last-child\" data-index=\"2\" ><div\n\t\t\t\n\t\t\tclass=\"so-widget-sow-editor so-widget-sow-editor-base\"\n\t\t\t\n\t\t>\n<div class=\"siteorigin-widget-tinymce textwidget\">\n\t<p style=\"text-align: center;\"><strong>Age :<\/strong><br \/>\n10 ans et plus<\/p>\n<\/div>\n<\/div><\/div><\/div><\/div><div id=\"pg-13673-1\"  class=\"panel-grid panel-no-style\" ><div id=\"pgc-13673-1-0\"  class=\"panel-grid-cell\" ><div id=\"panel-13673-1-0-0\" class=\"so-panel widget widget_sow-editor panel-first-child panel-last-child\" data-index=\"3\" ><div\n\t\t\t\n\t\t\tclass=\"so-widget-sow-editor so-widget-sow-editor-base\"\n\t\t\t\n\t\t>\n<div class=\"siteorigin-widget-tinymce textwidget\">\n\t<p style=\"text-align: center;\"><strong>Auteur(s) :<br \/>\n<\/strong>Bruno Cathala<br \/>\nCharles Chevallier<br \/>\nJohannes Goupy<\/p>\n<\/div>\n<\/div><\/div><\/div><div id=\"pgc-13673-1-1\"  class=\"panel-grid-cell\" ><div id=\"panel-13673-1-1-0\" class=\"so-panel widget widget_sow-editor panel-first-child panel-last-child\" data-index=\"4\" ><div\n\t\t\t\n\t\t\tclass=\"so-widget-sow-editor so-widget-sow-editor-base\"\n\t\t\t\n\t\t>\n<div class=\"siteorigin-widget-tinymce textwidget\">\n\t<p style=\"text-align: center;\"><strong>Illustrations :<\/strong><br \/>\n<span class=\"data-siloing\" title=\"D\u00e9couvrez tous ces jeux\" data-siloing=\"https:\/\/www.philibertnet.com\/fr\/recherche?feature=41&amp;feature_value=Ian Rosenthaler\">Xavier Collette<br \/>\nPascal Quidault<\/span><\/p>\n<\/div>\n<\/div><\/div><\/div><div id=\"pgc-13673-1-2\"  class=\"panel-grid-cell\" ><div id=\"panel-13673-1-2-0\" class=\"so-panel widget widget_sow-editor panel-first-child panel-last-child\" data-index=\"5\" ><div\n\t\t\t\n\t\t\tclass=\"so-widget-sow-editor so-widget-sow-editor-base\"\n\t\t\t\n\t\t>\n<div class=\"siteorigin-widget-tinymce textwidget\">\n\t<p style=\"text-align: center;\"><strong>\u00c9dition :<\/strong><br \/>\nBombyx<br \/>\n2025<\/p>\n<\/div>\n<\/div><\/div><\/div><div id=\"pgc-13673-1-3\"  class=\"panel-grid-cell\" ><div id=\"panel-13673-1-3-0\" class=\"so-panel widget widget_sow-editor panel-first-child panel-last-child\" data-index=\"6\" ><div\n\t\t\t\n\t\t\tclass=\"so-widget-sow-editor so-widget-sow-editor-base\"\n\t\t\t\n\t\t>\n<div class=\"siteorigin-widget-tinymce textwidget\">\n\t<p style=\"text-align: center;\"><strong>Version :<\/strong><br \/>\nFran\u00e7aise<\/p>\n<\/div>\n<\/div><\/div><\/div><\/div><div id=\"pg-13673-2\"  class=\"panel-grid panel-no-style\" ><div id=\"pgc-13673-2-0\"  class=\"panel-grid-cell\" ><div id=\"panel-13673-2-0-0\" class=\"so-panel widget widget_sow-editor panel-first-child panel-last-child\" data-index=\"7\" ><div\n\t\t\t\n\t\t\tclass=\"so-widget-sow-editor so-widget-sow-editor-base\"\n\t\t\t\n\t\t>\n<div class=\"siteorigin-widget-tinymce textwidget\">\n\t<hr \/>\n<p><em>Les innombrables l\u00e9gions, mont\u00e9es sur des m\u00e9duses g\u00e9antes, des tortues colossales et d'effroyables crabes, se massent devant les portes d'Abyss. Un front se cr\u00e9e. Rejouez le mythique duel du N\u00e9crocampe contre le Roi !<\/em><\/p>\n<p><em>Envoyez vos l\u00e9gions sur les diff\u00e9rents lieux pour en prendre le contr\u00f4le et recrutez des h\u00e9ros aux pouvoirs puissants !<\/em><\/p>\n<p>&nbsp;<\/p>\n<p><em><span class=\"style-client-colored-text\">L\u00e9gions : Abyss Universe<\/span> <\/em>est un jeu malin, tendu et dynamique, avec ce qu'il faut de choix tendu : initier le combat ou attendre, contr\u00f4ler un lieu ou miser sur les Seigneurs, prot\u00e9ger ses troupes ou saboter celles de l\u2019adversaire...<\/p>\n<\/div>\n<\/div><\/div><\/div><\/div><div id=\"pg-13673-3\"  class=\"panel-grid panel-no-style\" ><div id=\"pgc-13673-3-0\"  class=\"panel-grid-cell\" ><div id=\"panel-13673-3-0-0\" class=\"so-panel widget widget_sow-editor panel-first-child panel-last-child\" data-index=\"8\" ><div\n\t\t\t\n\t\t\tclass=\"so-widget-sow-editor so-widget-sow-editor-base\"\n\t\t\t\n\t\t>\n<div class=\"siteorigin-widget-tinymce textwidget\">\n\t<hr \/>\n<h3 style=\"text-align: center;\">En vid\u00e9o<\/h3>\n<p><a href=\"https:\/\/www.youtube.com\/watch?v=3avAPvplX7k&amp;t=2s\" target=\"_blank\" rel=\"noopener\"><img loading=\"lazy\" decoding=\"async\" class=\"alignnone size-full wp-image-9090\" src=\"https:\/\/meeplendice.net\/wp-content\/uploads\/2022\/01\/Link_CJ_v2.png\" alt=\"\" width=\"200\" height=\"170\" \/><\/a><\/p>\n<\/div>\n<\/div><\/div><\/div><\/div><div id=\"pg-13673-4\"  class=\"panel-grid panel-no-style\" ><div id=\"pgc-13673-4-0\"  class=\"panel-grid-cell\" ><div id=\"panel-13673-4-0-0\" class=\"so-panel widget widget_sow-editor panel-first-child panel-last-child\" data-index=\"9\" ><div\n\t\t\t\n\t\t\tclass=\"so-widget-sow-editor so-widget-sow-editor-base\"\n\t\t\t\n\t\t>\n<div class=\"siteorigin-widget-tinymce textwidget\">\n\t<hr \/>\n<h3 style=\"text-align: center;\">Pour aller plus loin<\/h3>\n<p style=\"text-align: center;\">\n<\/div>\n<\/div><\/div><\/div><\/div><\/div>","protected":false},"excerpt":{"rendered":"<p>Nombre de joueurs : 2 &#8211; 2 Dur\u00e9e moyenne : 30 min Age : 10 ans et plus Auteur(s) : Bruno Cathala Charles Chevallier Johannes Goupy Illustrations : Xavier Collette Pascal Quidault \u00c9dition : Bombyx 2025 Version : Fran\u00e7aise<\/p>\n","protected":false},"author":2,"featured_media":13679,"parent":0,"menu_order":0,"comment_status":"closed","ping_status":"closed","template":"","meta":{"footnotes":""},"class_list":["post-13673","page","type-page","status-publish","has-post-thumbnail","hentry"],"acf":[],"rttpg_featured_image_url":{"full":["https:\/\/meeplendice.net\/wp-content\/uploads\/2025\/12\/Legions_AU.png",350,350,false],"landscape":["https:\/\/meeplendice.net\/wp-content\/uploads\/2025\/12\/Legions_AU.png",350,350,false],"portraits":["https:\/\/meeplendice.net\/wp-content\/uploads\/2025\/12\/Legions_AU.png",350,350,false],"thumbnail":["https:\/\/meeplendice.net\/wp-content\/uploads\/2025\/12\/Legions_AU-150x150.png",150,150,true],"medium":["https:\/\/meeplendice.net\/wp-content\/uploads\/2025\/12\/Legions_AU-300x300.png",300,300,true],"large":["https:\/\/meeplendice.net\/wp-content\/uploads\/2025\/12\/Legions_AU.png",350,350,false],"ug_big":["https:\/\/meeplendice.net\/wp-content\/uploads\/2025\/12\/Legions_AU.png",350,350,false],"1536x1536":["https:\/\/meeplendice.net\/wp-content\/uploads\/2025\/12\/Legions_AU.png",350,350,false],"2048x2048":["https:\/\/meeplendice.net\/wp-content\/uploads\/2025\/12\/Legions_AU.png",350,350,false],"ashe-slider-grid-thumbnail":["https:\/\/meeplendice.net\/wp-content\/uploads\/2025\/12\/Legions_AU.png",350,350,false],"ashe-full-thumbnail":["https:\/\/meeplendice.net\/wp-content\/uploads\/2025\/12\/Legions_AU.png",350,350,false],"ashe-grid-thumbnail":["https:\/\/meeplendice.net\/wp-content\/uploads\/2025\/12\/Legions_AU-350x330.png",350,330,true],"ashe-list-thumbnail":["https:\/\/meeplendice.net\/wp-content\/uploads\/2025\/12\/Legions_AU-300x300.png",300,300,true],"ashe-single-navigation":["https:\/\/meeplendice.net\/wp-content\/uploads\/2025\/12\/Legions_AU-75x75.png",75,75,true],"mailpoet_newsletter_max":["https:\/\/meeplendice.net\/wp-content\/uploads\/2025\/12\/Legions_AU.png",350,350,false],"rpwe-thumbnail":["https:\/\/meeplendice.net\/wp-content\/uploads\/2025\/12\/Legions_AU-45x45.png",45,45,true],"sow-carousel-default":["https:\/\/meeplendice.net\/wp-content\/uploads\/2025\/12\/Legions_AU-272x182.png",272,182,true],"rt_custom":["https:\/\/meeplendice.net\/wp-content\/uploads\/2025\/12\/Legions_AU.png",350,350,false]},"rttpg_author":{"display_name":"Karnby","author_link":"https:\/\/meeplendice.net\/?author=2"},"rttpg_comment":0,"rttpg_category":null,"rttpg_excerpt":"Nombre de joueurs : 2 - 2 Dur\u00e9e moyenne : 30 min Age : 10 ans et plus Auteur(s) : Bruno Cathala Charles Chevallier Johannes Goupy Illustrations : Xavier Collette Pascal Quidault \u00c9dition : Bombyx 2025 Version : Fran\u00e7aise","_links":{"self":[{"href":"https:\/\/meeplendice.net\/index.php?rest_route=\/wp\/v2\/pages\/13673","targetHints":{"allow":["GET"]}}],"collection":[{"href":"https:\/\/meeplendice.net\/index.php?rest_route=\/wp\/v2\/pages"}],"about":[{"href":"https:\/\/meeplendice.net\/index.php?rest_route=\/wp\/v2\/types\/page"}],"author":[{"embeddable":true,"href":"https:\/\/meeplendice.net\/index.php?rest_route=\/wp\/v2\/users\/2"}],"replies":[{"embeddable":true,"href":"https:\/\/meeplendice.net\/index.php?rest_route=%2Fwp%2Fv2%2Fcomments&post=13673"}],"version-history":[{"count":5,"href":"https:\/\/meeplendice.net\/index.php?rest_route=\/wp\/v2\/pages\/13673\/revisions"}],"predecessor-version":[{"id":13678,"href":"https:\/\/meeplendice.net\/index.php?rest_route=\/wp\/v2\/pages\/13673\/revisions\/13678"}],"wp:featuredmedia":[{"embeddable":true,"href":"https:\/\/meeplendice.net\/index.php?rest_route=\/wp\/v2\/media\/13679"}],"wp:attachment":[{"href":"https:\/\/meeplendice.net\/index.php?rest_route=%2Fwp%2Fv2%2Fmedia&parent=13673"}],"curies":[{"name":"wp","href":"https:\/\/api.w.org\/{rel}","templated":true}]}}