{"id":13681,"date":"2025-12-06T16:12:39","date_gmt":"2025-12-06T14:12:39","guid":{"rendered":"https:\/\/meeplendice.net\/?page_id=13681"},"modified":"2025-12-06T16:28:57","modified_gmt":"2025-12-06T14:28:57","slug":"agent-avenue","status":"publish","type":"page","link":"https:\/\/meeplendice.net\/?page_id=13681","title":{"rendered":"Agent Avenue"},"content":{"rendered":"<div id=\"pl-13681\"  class=\"panel-layout\" ><div id=\"pg-13681-0\"  class=\"panel-grid panel-no-style\" ><div id=\"pgc-13681-0-0\"  class=\"panel-grid-cell\" ><div id=\"panel-13681-0-0-0\" class=\"so-panel widget widget_sow-editor panel-first-child panel-last-child\" data-index=\"0\" ><div\n\t\t\t\n\t\t\tclass=\"so-widget-sow-editor so-widget-sow-editor-base\"\n\t\t\t\n\t\t>\n<div class=\"siteorigin-widget-tinymce textwidget\">\n\t<p style=\"text-align: center;\"><strong>Nombre de joueurs :<\/strong><br \/>\n2 - 2<\/p>\n<\/div>\n<\/div><\/div><\/div><div id=\"pgc-13681-0-1\"  class=\"panel-grid-cell\" ><div id=\"panel-13681-0-1-0\" class=\"so-panel widget widget_sow-editor panel-first-child panel-last-child\" data-index=\"1\" ><div\n\t\t\t\n\t\t\tclass=\"so-widget-sow-editor so-widget-sow-editor-base\"\n\t\t\t\n\t\t>\n<div class=\"siteorigin-widget-tinymce textwidget\">\n\t<p style=\"text-align: center;\"><strong>Dur\u00e9e moyenne :<\/strong><br \/>\n15 min<\/p>\n<\/div>\n<\/div><\/div><\/div><div id=\"pgc-13681-0-2\"  class=\"panel-grid-cell\" ><div id=\"panel-13681-0-2-0\" class=\"so-panel widget widget_sow-editor panel-first-child panel-last-child\" data-index=\"2\" ><div\n\t\t\t\n\t\t\tclass=\"so-widget-sow-editor so-widget-sow-editor-base\"\n\t\t\t\n\t\t>\n<div class=\"siteorigin-widget-tinymce textwidget\">\n\t<p style=\"text-align: center;\"><strong>Age :<\/strong><br \/>\n8 ans et plus<\/p>\n<\/div>\n<\/div><\/div><\/div><\/div><div id=\"pg-13681-1\"  class=\"panel-grid panel-no-style\" ><div id=\"pgc-13681-1-0\"  class=\"panel-grid-cell\" ><div id=\"panel-13681-1-0-0\" class=\"so-panel widget widget_sow-editor panel-first-child panel-last-child\" data-index=\"3\" ><div\n\t\t\t\n\t\t\tclass=\"so-widget-sow-editor so-widget-sow-editor-base\"\n\t\t\t\n\t\t>\n<div class=\"siteorigin-widget-tinymce textwidget\">\n\t<p style=\"text-align: center;\"><strong>Auteur(s) :<br \/>\n<\/strong>Christian Kudahl<br \/>\nLaura Kudahl<\/p>\n<\/div>\n<\/div><\/div><\/div><div id=\"pgc-13681-1-1\"  class=\"panel-grid-cell\" ><div id=\"panel-13681-1-1-0\" class=\"so-panel widget widget_sow-editor panel-first-child panel-last-child\" data-index=\"4\" ><div\n\t\t\t\n\t\t\tclass=\"so-widget-sow-editor so-widget-sow-editor-base\"\n\t\t\t\n\t\t>\n<div class=\"siteorigin-widget-tinymce textwidget\">\n\t<p style=\"text-align: center;\"><strong>Illustrations :<\/strong><br \/>\n<span class=\"data-siloing\" title=\"D\u00e9couvrez tous ces jeux\" data-siloing=\"https:\/\/www.philibertnet.com\/fr\/recherche?feature=41&amp;feature_value=Ian Rosenthaler\">Fanny Pastor-Berlie<\/span><\/p>\n<\/div>\n<\/div><\/div><\/div><div id=\"pgc-13681-1-2\"  class=\"panel-grid-cell\" ><div id=\"panel-13681-1-2-0\" class=\"so-panel widget widget_sow-editor panel-first-child panel-last-child\" data-index=\"5\" ><div\n\t\t\t\n\t\t\tclass=\"so-widget-sow-editor so-widget-sow-editor-base\"\n\t\t\t\n\t\t>\n<div class=\"siteorigin-widget-tinymce textwidget\">\n\t<p style=\"text-align: center;\"><strong>\u00c9dition :<\/strong><br \/>\nIello<br \/>\n2025<\/p>\n<\/div>\n<\/div><\/div><\/div><div id=\"pgc-13681-1-3\"  class=\"panel-grid-cell\" ><div id=\"panel-13681-1-3-0\" class=\"so-panel widget widget_sow-editor panel-first-child panel-last-child\" data-index=\"6\" ><div\n\t\t\t\n\t\t\tclass=\"so-widget-sow-editor so-widget-sow-editor-base\"\n\t\t\t\n\t\t>\n<div class=\"siteorigin-widget-tinymce textwidget\">\n\t<p style=\"text-align: center;\"><strong>Version :<\/strong><br \/>\nFran\u00e7aise<\/p>\n<\/div>\n<\/div><\/div><\/div><\/div><div id=\"pg-13681-2\"  class=\"panel-grid panel-no-style\" ><div id=\"pgc-13681-2-0\"  class=\"panel-grid-cell\" ><div id=\"panel-13681-2-0-0\" class=\"so-panel widget widget_sow-editor panel-first-child panel-last-child\" data-index=\"7\" ><div\n\t\t\t\n\t\t\tclass=\"so-widget-sow-editor so-widget-sow-editor-base\"\n\t\t\t\n\t\t>\n<div class=\"siteorigin-widget-tinymce textwidget\">\n\t<hr \/>\n<p><em>Bienvenue a Oakfield,<br \/>\ncharmant faubourg qui, derri\u00e8re ses faux airs de quartier tranquille, abrite en r\u00e9alit\u00e9 un v\u00e9ritable champ de bataille pour agents secrets. En effet, alors qu'ils esp\u00e9raient chacun pouvoir couleur ici des jours paisibles, deux voisins ont un \u00e9pineux probl\u00e8me : ils se soup\u00e7onnent l'un l'autre - \u00e0 raison - d'\u00eatre en r\u00e9alit\u00e9 un espion !<\/em><\/p>\n<p><em>Soucieux de v\u00e9rifier leur th\u00e9orie, mais bien oblig\u00e9s d'\u00eatre discrets, les deux voisins emploient sans le savoir la m\u00eame tactique : enr\u00f4ler les autres r\u00e9sidents du voisinage pour en faire des agents de renseignement improvis\u00e9s. De la m\u00e8re au foyer qui cuisine de bonnes tartes au voyou du coin de la rue qui p\u00e9tarade \u00e0 mobylette, tous s'observent les uns les autres, en qu\u00eate de preuves pour d\u00e9voiler la v\u00e9rit\u00e9.<\/em><\/p>\n<p><em>Quand une adorable banlieue r\u00e9sidentielle devient le th\u00e9\u00e2tre d'un jeu de manipulation grandeur nature, chaque barbecue prend des allures de missions d'espionnage, et chaque sourire dissimule un secret.<\/em><\/p>\n<p>Vous voil\u00e0 pr\u00e9venus !<\/p>\n<p><em>Le hic, c'est que l maire exige que l'affaire soit boucl\u00e9e avant que la presse ne s'en m\u00eale.<br \/>\nVous avez donc 48 heures avant que tout cella n\u2019explose sur la place publique... et que la guerre des gangs ne reprenne de plus belle.!<\/em><\/p>\n<p>&nbsp;<\/p>\n<p><em>Agent Avenue <\/em>est un jeu qui m\u00eale collection de cartes et bluff. Chaque tour, un espion propose \u00e0 l'autre deux cartes, dont l'une est face cach\u00e9e. Quelle carte garder, et quelle carte laisser \u00e0 son adversaire ?<br \/>\nA vous de choisir !<\/p>\n<\/div>\n<\/div><\/div><\/div><\/div><div id=\"pg-13681-3\"  class=\"panel-grid panel-no-style\" ><div id=\"pgc-13681-3-0\"  class=\"panel-grid-cell\" ><div id=\"panel-13681-3-0-0\" class=\"so-panel widget widget_sow-editor panel-first-child panel-last-child\" data-index=\"8\" ><div\n\t\t\t\n\t\t\tclass=\"so-widget-sow-editor so-widget-sow-editor-base\"\n\t\t\t\n\t\t>\n<div class=\"siteorigin-widget-tinymce textwidget\">\n\t<hr \/>\n<h3 style=\"text-align: center;\">En vid\u00e9o<\/h3>\n<p><a href=\"https:\/\/www.youtube.com\/watch?v=PdtsZSiVQ-E&amp;t=110s\" target=\"_blank\" rel=\"noopener\"><img loading=\"lazy\" decoding=\"async\" class=\"alignnone size-full wp-image-9090\" src=\"https:\/\/meeplendice.net\/wp-content\/uploads\/2022\/01\/Link_CJ_v2.png\" alt=\"\" width=\"200\" height=\"170\" \/><\/a><\/p>\n<\/div>\n<\/div><\/div><\/div><\/div><div id=\"pg-13681-4\"  class=\"panel-grid panel-no-style\" ><div id=\"pgc-13681-4-0\"  class=\"panel-grid-cell\" ><div id=\"panel-13681-4-0-0\" class=\"so-panel widget widget_sow-editor panel-first-child panel-last-child\" data-index=\"9\" ><div\n\t\t\t\n\t\t\tclass=\"so-widget-sow-editor so-widget-sow-editor-base\"\n\t\t\t\n\t\t>\n<div class=\"siteorigin-widget-tinymce textwidget\">\n\t<hr \/>\n<h3 style=\"text-align: center;\">Pour aller plus loin<\/h3>\n<p style=\"text-align: center;\">\n<\/div>\n<\/div><\/div><\/div><\/div><\/div>","protected":false},"excerpt":{"rendered":"<p>Nombre de joueurs : 2 &#8211; 2 Dur\u00e9e moyenne : 15 min Age : 8 ans et plus Auteur(s) : Christian Kudahl Laura Kudahl Illustrations : Fanny Pastor-Berlie \u00c9dition : Iello 2025 Version : Fran\u00e7aise<\/p>\n","protected":false},"author":2,"featured_media":13419,"parent":0,"menu_order":0,"comment_status":"closed","ping_status":"closed","template":"","meta":{"footnotes":""},"class_list":["post-13681","page","type-page","status-publish","has-post-thumbnail","hentry"],"acf":[],"rttpg_featured_image_url":{"full":["https:\/\/meeplendice.net\/wp-content\/uploads\/2025\/11\/Agent_Avenue.png",350,350,false],"landscape":["https:\/\/meeplendice.net\/wp-content\/uploads\/2025\/11\/Agent_Avenue.png",350,350,false],"portraits":["https:\/\/meeplendice.net\/wp-content\/uploads\/2025\/11\/Agent_Avenue.png",350,350,false],"thumbnail":["https:\/\/meeplendice.net\/wp-content\/uploads\/2025\/11\/Agent_Avenue-150x150.png",150,150,true],"medium":["https:\/\/meeplendice.net\/wp-content\/uploads\/2025\/11\/Agent_Avenue-300x300.png",300,300,true],"large":["https:\/\/meeplendice.net\/wp-content\/uploads\/2025\/11\/Agent_Avenue.png",350,350,false],"ug_big":["https:\/\/meeplendice.net\/wp-content\/uploads\/2025\/11\/Agent_Avenue.png",350,350,false],"1536x1536":["https:\/\/meeplendice.net\/wp-content\/uploads\/2025\/11\/Agent_Avenue.png",350,350,false],"2048x2048":["https:\/\/meeplendice.net\/wp-content\/uploads\/2025\/11\/Agent_Avenue.png",350,350,false],"ashe-slider-grid-thumbnail":["https:\/\/meeplendice.net\/wp-content\/uploads\/2025\/11\/Agent_Avenue.png",350,350,false],"ashe-full-thumbnail":["https:\/\/meeplendice.net\/wp-content\/uploads\/2025\/11\/Agent_Avenue.png",350,350,false],"ashe-grid-thumbnail":["https:\/\/meeplendice.net\/wp-content\/uploads\/2025\/11\/Agent_Avenue-350x330.png",350,330,true],"ashe-list-thumbnail":["https:\/\/meeplendice.net\/wp-content\/uploads\/2025\/11\/Agent_Avenue-300x300.png",300,300,true],"ashe-single-navigation":["https:\/\/meeplendice.net\/wp-content\/uploads\/2025\/11\/Agent_Avenue-75x75.png",75,75,true],"mailpoet_newsletter_max":["https:\/\/meeplendice.net\/wp-content\/uploads\/2025\/11\/Agent_Avenue.png",350,350,false],"rpwe-thumbnail":["https:\/\/meeplendice.net\/wp-content\/uploads\/2025\/11\/Agent_Avenue-45x45.png",45,45,true],"sow-carousel-default":["https:\/\/meeplendice.net\/wp-content\/uploads\/2025\/11\/Agent_Avenue-272x182.png",272,182,true],"rt_custom":["https:\/\/meeplendice.net\/wp-content\/uploads\/2025\/11\/Agent_Avenue.png",350,350,false]},"rttpg_author":{"display_name":"Karnby","author_link":"https:\/\/meeplendice.net\/?author=2"},"rttpg_comment":0,"rttpg_category":null,"rttpg_excerpt":"Nombre de joueurs : 2 - 2 Dur\u00e9e moyenne : 15 min Age : 8 ans et plus Auteur(s) : Christian Kudahl Laura Kudahl Illustrations : Fanny Pastor-Berlie \u00c9dition : Iello 2025 Version : Fran\u00e7aise","_links":{"self":[{"href":"https:\/\/meeplendice.net\/index.php?rest_route=\/wp\/v2\/pages\/13681","targetHints":{"allow":["GET"]}}],"collection":[{"href":"https:\/\/meeplendice.net\/index.php?rest_route=\/wp\/v2\/pages"}],"about":[{"href":"https:\/\/meeplendice.net\/index.php?rest_route=\/wp\/v2\/types\/page"}],"author":[{"embeddable":true,"href":"https:\/\/meeplendice.net\/index.php?rest_route=\/wp\/v2\/users\/2"}],"replies":[{"embeddable":true,"href":"https:\/\/meeplendice.net\/index.php?rest_route=%2Fwp%2Fv2%2Fcomments&post=13681"}],"version-history":[{"count":3,"href":"https:\/\/meeplendice.net\/index.php?rest_route=\/wp\/v2\/pages\/13681\/revisions"}],"predecessor-version":[{"id":13684,"href":"https:\/\/meeplendice.net\/index.php?rest_route=\/wp\/v2\/pages\/13681\/revisions\/13684"}],"wp:featuredmedia":[{"embeddable":true,"href":"https:\/\/meeplendice.net\/index.php?rest_route=\/wp\/v2\/media\/13419"}],"wp:attachment":[{"href":"https:\/\/meeplendice.net\/index.php?rest_route=%2Fwp%2Fv2%2Fmedia&parent=13681"}],"curies":[{"name":"wp","href":"https:\/\/api.w.org\/{rel}","templated":true}]}}