{"id":13690,"date":"2025-12-06T17:03:59","date_gmt":"2025-12-06T15:03:59","guid":{"rendered":"https:\/\/meeplendice.net\/?page_id=13690"},"modified":"2025-12-20T12:57:40","modified_gmt":"2025-12-20T10:57:40","slug":"seti-recherche-dintelligence-extraterrestre","status":"publish","type":"page","link":"https:\/\/meeplendice.net\/?page_id=13690","title":{"rendered":"SETI : Recherche d&rsquo;Intelligence Extraterrestre"},"content":{"rendered":"<div id=\"pl-13690\"  class=\"panel-layout\" ><div id=\"pg-13690-0\"  class=\"panel-grid panel-no-style\" ><div id=\"pgc-13690-0-0\"  class=\"panel-grid-cell\" ><div id=\"panel-13690-0-0-0\" class=\"so-panel widget widget_sow-editor panel-first-child panel-last-child\" data-index=\"0\" ><div\n\t\t\t\n\t\t\tclass=\"so-widget-sow-editor so-widget-sow-editor-base\"\n\t\t\t\n\t\t>\n<div class=\"siteorigin-widget-tinymce textwidget\">\n\t<p style=\"text-align: center;\"><strong>Nombre de joueurs :<\/strong><br \/>\n1 - 4<\/p>\n<\/div>\n<\/div><\/div><\/div><div id=\"pgc-13690-0-1\"  class=\"panel-grid-cell\" ><div id=\"panel-13690-0-1-0\" class=\"so-panel widget widget_sow-editor panel-first-child panel-last-child\" data-index=\"1\" ><div\n\t\t\t\n\t\t\tclass=\"so-widget-sow-editor so-widget-sow-editor-base\"\n\t\t\t\n\t\t>\n<div class=\"siteorigin-widget-tinymce textwidget\">\n\t<p style=\"text-align: center;\"><strong>Dur\u00e9e moyenne :<\/strong><br \/>\n160 min<\/p>\n<\/div>\n<\/div><\/div><\/div><div id=\"pgc-13690-0-2\"  class=\"panel-grid-cell\" ><div id=\"panel-13690-0-2-0\" class=\"so-panel widget widget_sow-editor panel-first-child panel-last-child\" data-index=\"2\" ><div\n\t\t\t\n\t\t\tclass=\"so-widget-sow-editor so-widget-sow-editor-base\"\n\t\t\t\n\t\t>\n<div class=\"siteorigin-widget-tinymce textwidget\">\n\t<p style=\"text-align: center;\"><strong>Age :<\/strong><br \/>\n14 ans et plus<\/p>\n<\/div>\n<\/div><\/div><\/div><\/div><div id=\"pg-13690-1\"  class=\"panel-grid panel-no-style\" ><div id=\"pgc-13690-1-0\"  class=\"panel-grid-cell\" ><div id=\"panel-13690-1-0-0\" class=\"so-panel widget widget_sow-editor panel-first-child panel-last-child\" data-index=\"3\" ><div\n\t\t\t\n\t\t\tclass=\"so-widget-sow-editor so-widget-sow-editor-base\"\n\t\t\t\n\t\t>\n<div class=\"siteorigin-widget-tinymce textwidget\">\n\t<p style=\"text-align: center;\"><strong>Auteur(s) :<br \/>\n<\/strong>Tom\u00e1\u0161 Holek<\/p>\n<\/div>\n<\/div><\/div><\/div><div id=\"pgc-13690-1-1\"  class=\"panel-grid-cell\" ><div id=\"panel-13690-1-1-0\" class=\"so-panel widget widget_sow-editor panel-first-child panel-last-child\" data-index=\"4\" ><div\n\t\t\t\n\t\t\tclass=\"so-widget-sow-editor so-widget-sow-editor-base\"\n\t\t\t\n\t\t>\n<div class=\"siteorigin-widget-tinymce textwidget\">\n\t<p style=\"text-align: center;\"><strong>Illustrations :<\/strong><br \/>\nOnd\u0159ej Hrdina<br \/>\nOto Kandera<br \/>\nJi\u0159\u00ed K\u016fs<br \/>\nJakub Lang<br \/>\nMichaela Loveck\u00e1<br \/>\nJi\u0159\u00ed Mikovec<br \/>\nJakub Politzer<br \/>\nPetra Rame\u0161ov\u00e1<br \/>\nFranti\u0161ek Sedl\u00e1\u010dek<br \/>\nPetr \u0160tich<br \/>\nPetr \u0160tich (III)<br \/>\nJosef Sur\u00fd<\/p>\n<\/div>\n<\/div><\/div><\/div><div id=\"pgc-13690-1-2\"  class=\"panel-grid-cell\" ><div id=\"panel-13690-1-2-0\" class=\"so-panel widget widget_sow-editor panel-first-child panel-last-child\" data-index=\"5\" ><div\n\t\t\t\n\t\t\tclass=\"so-widget-sow-editor so-widget-sow-editor-base\"\n\t\t\t\n\t\t>\n<div class=\"siteorigin-widget-tinymce textwidget\">\n\t<p style=\"text-align: center;\"><strong>\u00c9dition :<\/strong><br \/>\nIello<br \/>\n2024<\/p>\n<\/div>\n<\/div><\/div><\/div><div id=\"pgc-13690-1-3\"  class=\"panel-grid-cell\" ><div id=\"panel-13690-1-3-0\" class=\"so-panel widget widget_sow-editor panel-first-child panel-last-child\" data-index=\"6\" ><div\n\t\t\t\n\t\t\tclass=\"so-widget-sow-editor so-widget-sow-editor-base\"\n\t\t\t\n\t\t>\n<div class=\"siteorigin-widget-tinymce textwidget\">\n\t<p style=\"text-align: center;\"><strong>Version :<\/strong><br \/>\nFran\u00e7aise<\/p>\n<\/div>\n<\/div><\/div><\/div><\/div><div id=\"pg-13690-2\"  class=\"panel-grid panel-no-style\" ><div id=\"pgc-13690-2-0\"  class=\"panel-grid-cell\" ><div id=\"panel-13690-2-0-0\" class=\"so-panel widget widget_sow-editor panel-first-child panel-last-child\" data-index=\"7\" ><div\n\t\t\t\n\t\t\tclass=\"so-widget-sow-editor so-widget-sow-editor-base\"\n\t\t\t\n\t\t>\n<div class=\"siteorigin-widget-tinymce textwidget\">\n\t<hr \/>\n<p><em>O\u00f9 que vous regardiez dans le ciel, vos yeux se posent sur un million de galaxies, chacune compos\u00e9e de milliards d'\u00e9toile.<\/em><\/p>\n<p>Ces \u00e9toiles peuvent avoir des plan\u00e8tes en orbite et ces plan\u00e8tes peuvent abriter la vie... une vie potentiellement dot\u00e9e d'intelligence. Cela signifie que, o\u00f9 que vous dirigiez votre t\u00e9lescope, vous pourriez \u00eatre en train de regarder quelqu'un qui vous regarde \u00e9galement.<\/p>\n<p>&nbsp;<\/p>\n<div class=\"hide_info_annexe row small-collapse medium-uncollapse\">\n<div class=\"column small-12\">\n<p><em>SETI<\/em> est un jeu d'exploration et de d\u00e9couverte.<br \/>\nVous savez que la vie extraterrestre existe, mais encore faut-il parvenir \u00e0 en trouver les traces. En utilisant judicieusement les ressources, limit\u00e9es, \u00e0 votre disposition, vous lancerez des sondes, explorerez des plan\u00e8tes, \u00e9tudierez les \u00e9toiles et ferez progresser la science de l'exobiologie.<\/p>\n<p>Chaque joueur prend la t\u00eate d'une agence d'exploration spatiale qui s'appuie sur des technologie et des techniques bien r\u00e9elles afin d'\u00e9lucider l'un des plus grands myst\u00e8res de l'univers.<\/p>\n<\/div>\n<\/div>\n<\/div>\n<\/div><\/div><\/div><\/div><div id=\"pg-13690-3\"  class=\"panel-grid panel-no-style\" ><div id=\"pgc-13690-3-0\"  class=\"panel-grid-cell\" ><div id=\"panel-13690-3-0-0\" class=\"so-panel widget widget_sow-editor panel-first-child panel-last-child\" data-index=\"8\" ><div\n\t\t\t\n\t\t\tclass=\"so-widget-sow-editor so-widget-sow-editor-base\"\n\t\t\t\n\t\t>\n<div class=\"siteorigin-widget-tinymce textwidget\">\n\t<hr \/>\n<h3 style=\"text-align: center;\">En vid\u00e9o<\/h3>\n<p><a href=\"https:\/\/www.youtube.com\/watch?v=Ryd-tp4Pfh0\" target=\"_blank\" rel=\"noopener\"><img loading=\"lazy\" decoding=\"async\" class=\"alignnone size-full wp-image-9090\" src=\"https:\/\/meeplendice.net\/wp-content\/uploads\/2022\/01\/Link_CJ_v2.png\" alt=\"\" width=\"200\" height=\"170\" \/><\/a><\/p>\n<\/div>\n<\/div><\/div><\/div><\/div><div id=\"pg-13690-4\"  class=\"panel-grid panel-no-style\" ><div id=\"pgc-13690-4-0\"  class=\"panel-grid-cell\" ><div id=\"panel-13690-4-0-0\" class=\"so-panel widget widget_sow-editor panel-first-child panel-last-child\" data-index=\"9\" ><div\n\t\t\t\n\t\t\tclass=\"so-widget-sow-editor so-widget-sow-editor-base\"\n\t\t\t\n\t\t>\n<div class=\"siteorigin-widget-tinymce textwidget\">\n\t<hr \/>\n<h3 style=\"text-align: center;\">Extension(s)<\/h3>\n<style type='text\/css' media='all'>#rt-tpg-container-154318670 .read-more a{border-radius:px;}#rt-tpg-container-154318670 .rt-img-holder img.rt-img-responsive,#rt-tpg-container-154318670 .rt-img-holder,\n\t\t\t\t\t#rt-tpg-container-154318670 .rt-post-overlay .post-img,\n\t\t\t\t\t#rt-tpg-container-154318670 .post-sm .post-img,\n\t\t\t\t\t#rt-tpg-container-154318670 .rt-post-grid .post-img,\n\t\t\t\t\t#rt-tpg-container-154318670 .post-img img {border-radius:px;}#rt-tpg-container-154318670 .layout9 .rt-holder h2.entry-title,\n\t\t\t\t\t#rt-tpg-container-154318670 .layout9 .rt-holder h3.entry-title,\n\t\t\t\t\t#rt-tpg-container-154318670 .layout9 .rt-holder h4.entry-title,\n\t\t\t\t\t#rt-tpg-container-154318670 .layout9 .rt-holder h2.entry-title a,\n\t\t\t\t\t#rt-tpg-container-154318670 .layout9 .rt-holder h3.entry-title a,\n\t\t\t\t\t#rt-tpg-container-154318670 .layout9 .rt-holder h4.entry-title a,\n\t\t\t\t\t#rt-tpg-container-154318670 .rt-holder .rt-woo-info h2 a,\n\t\t\t\t\t#rt-tpg-container-154318670 .rt-holder .rt-woo-info h3 a,\n\t\t\t\t\t#rt-tpg-container-154318670 .rt-holder .rt-woo-info h4 a,\n\t\t\t\t\t#rt-tpg-container-154318670 .post-content .post-title,\n\t\t\t\t\t#rt-tpg-container-154318670 .rt-post-grid .post-title,\n\t\t\t\t\t#rt-tpg-container-154318670 .rt-post-grid .post-title a,\n\t\t\t\t\t#rt-tpg-container-154318670 .post-content .post-title a,\n\t\t\t\t\t#rt-tpg-container-154318670 .rt-holder .rt-woo-info h2,\n\t\t\t\t\t#rt-tpg-container-154318670 .rt-holder .rt-woo-info h3,\n\t\t\t\t\t#rt-tpg-container-154318670 .rt-holder .rt-woo-info h4{font-size:16px;line-height:26px;font-weight:normal;text-align:center;}#rt-tpg-container-154318670 .post-grid-lg-style-1 .post-title,\n\t\t\t\t\t\t#rt-tpg-container-154318670 .post-grid-lg-style-1 .post-title a,\n\t\t\t\t\t\t#rt-tpg-container-154318670 .big-layout .post-title,\n\t\t\t\t\t\t#rt-tpg-container-154318670 .big-layout .post-title a,\n\t\t\t\t\t\t#rt-tpg-container-154318670 .post-grid-lg-style-1 .post-title,\n\t\t\t\t\t\t#rt-tpg-container-154318670 .post-grid-lg-style-1 .post-title a {font-size:24px;line-height:34px;}<\/style><div class='rt-container-fluid rt-tpg-container tpg-shortcode-main-wrapper ' id='rt-tpg-container-154318670'   data-layout='layout9' data-grid-style='masonry' data-desktop-col='3'  data-tab-col='2'  data-mobile-col='1' data-sc-id='13960'><div data-title='Loading ...' class='rt-row rt-content-loader   layout9 tpg-masonry '><div class=\"rt-col-md-4 rt-col-sm-6 rt-col-xs-12 masonry-grid-item rt-grid-item img_zoom_in\" data-id=\"13957\"><div class=\"rt-holder\"><div class='overlay'><a data-id='13957' class=' tpg-single-popup' href='https:\/\/meeplendice.net\/?page_id=13957'><img loading=\"lazy\" decoding=\"async\" width=\"350\" height=\"350\" src=\"https:\/\/meeplendice.net\/wp-content\/uploads\/2025\/12\/SETI_Agences.png\" class=\"rt-img-responsive \" alt=\"\" \/><\/a><\/div><div class='post-info'><h3 class=\"entry-title\"><a data-id=\"13957\" class=\" tpg-single-popup\" href=\"https:\/\/meeplendice.net\/?page_id=13957\">Agences Spatiales<\/a><\/h3><div class='post-meta-user '><\/div><\/div><\/div><\/div><\/div><div class='rt-pagination-wrap' data-total-pages='1' data-posts-per-page='3' data-type='pagination_ajax'  ><div class='rt-page-numbers'><\/div><\/div><\/div>\n<\/div>\n<\/div><\/div><\/div><\/div><div id=\"pg-13690-5\"  class=\"panel-grid panel-no-style\" ><div id=\"pgc-13690-5-0\"  class=\"panel-grid-cell\" ><div id=\"panel-13690-5-0-0\" class=\"so-panel widget widget_sow-editor panel-first-child panel-last-child\" data-index=\"10\" ><div\n\t\t\t\n\t\t\tclass=\"so-widget-sow-editor so-widget-sow-editor-base\"\n\t\t\t\n\t\t>\n<div class=\"siteorigin-widget-tinymce textwidget\">\n\t<hr \/>\n<h3 style=\"text-align: center;\">Pour aller plus loin<\/h3>\n<p style=\"text-align: center;\">\n<\/div>\n<\/div><\/div><\/div><\/div><\/div>","protected":false},"excerpt":{"rendered":"<p>Nombre de joueurs : 1 &#8211; 4 Dur\u00e9e moyenne : 160 min Age : 14 ans et plus Auteur(s) : Tom\u00e1\u0161 Holek Illustrations : Ond\u0159ej Hrdina Oto Kandera Ji\u0159\u00ed K\u016fs Jakub Lang Michaela Loveck\u00e1 Ji\u0159\u00ed Mikovec Jakub Politzer Petra Rame\u0161ov\u00e1 Franti\u0161ek Sedl\u00e1\u010dek Petr \u0160tich Petr \u0160tich (III) Josef Sur\u00fd \u00c9dition : Iello 2024 Version : Fran\u00e7aise<\/p>\n","protected":false},"author":2,"featured_media":13695,"parent":0,"menu_order":0,"comment_status":"closed","ping_status":"closed","template":"","meta":{"footnotes":""},"class_list":["post-13690","page","type-page","status-publish","has-post-thumbnail","hentry"],"acf":[],"rttpg_featured_image_url":{"full":["https:\/\/meeplendice.net\/wp-content\/uploads\/2025\/12\/SETI.png",350,350,false],"landscape":["https:\/\/meeplendice.net\/wp-content\/uploads\/2025\/12\/SETI.png",350,350,false],"portraits":["https:\/\/meeplendice.net\/wp-content\/uploads\/2025\/12\/SETI.png",350,350,false],"thumbnail":["https:\/\/meeplendice.net\/wp-content\/uploads\/2025\/12\/SETI-150x150.png",150,150,true],"medium":["https:\/\/meeplendice.net\/wp-content\/uploads\/2025\/12\/SETI-300x300.png",300,300,true],"large":["https:\/\/meeplendice.net\/wp-content\/uploads\/2025\/12\/SETI.png",350,350,false],"ug_big":["https:\/\/meeplendice.net\/wp-content\/uploads\/2025\/12\/SETI.png",350,350,false],"1536x1536":["https:\/\/meeplendice.net\/wp-content\/uploads\/2025\/12\/SETI.png",350,350,false],"2048x2048":["https:\/\/meeplendice.net\/wp-content\/uploads\/2025\/12\/SETI.png",350,350,false],"ashe-slider-grid-thumbnail":["https:\/\/meeplendice.net\/wp-content\/uploads\/2025\/12\/SETI.png",350,350,false],"ashe-full-thumbnail":["https:\/\/meeplendice.net\/wp-content\/uploads\/2025\/12\/SETI.png",350,350,false],"ashe-grid-thumbnail":["https:\/\/meeplendice.net\/wp-content\/uploads\/2025\/12\/SETI-350x330.png",350,330,true],"ashe-list-thumbnail":["https:\/\/meeplendice.net\/wp-content\/uploads\/2025\/12\/SETI-300x300.png",300,300,true],"ashe-single-navigation":["https:\/\/meeplendice.net\/wp-content\/uploads\/2025\/12\/SETI-75x75.png",75,75,true],"mailpoet_newsletter_max":["https:\/\/meeplendice.net\/wp-content\/uploads\/2025\/12\/SETI.png",350,350,false],"rpwe-thumbnail":["https:\/\/meeplendice.net\/wp-content\/uploads\/2025\/12\/SETI-45x45.png",45,45,true],"sow-carousel-default":["https:\/\/meeplendice.net\/wp-content\/uploads\/2025\/12\/SETI-272x182.png",272,182,true],"rt_custom":["https:\/\/meeplendice.net\/wp-content\/uploads\/2025\/12\/SETI.png",350,350,false]},"rttpg_author":{"display_name":"Karnby","author_link":"https:\/\/meeplendice.net\/?author=2"},"rttpg_comment":0,"rttpg_category":null,"rttpg_excerpt":"Nombre de joueurs : 1 - 4 Dur\u00e9e moyenne : 160 min Age : 14 ans et plus Auteur(s) : Tom\u00e1\u0161 Holek Illustrations : Ond\u0159ej Hrdina Oto Kandera Ji\u0159\u00ed K\u016fs Jakub Lang Michaela Loveck\u00e1 Ji\u0159\u00ed Mikovec Jakub Politzer Petra Rame\u0161ov\u00e1 Franti\u0161ek Sedl\u00e1\u010dek Petr \u0160tich Petr \u0160tich (III) Josef Sur\u00fd \u00c9dition : Iello 2024 Version :\u2026","_links":{"self":[{"href":"https:\/\/meeplendice.net\/index.php?rest_route=\/wp\/v2\/pages\/13690","targetHints":{"allow":["GET"]}}],"collection":[{"href":"https:\/\/meeplendice.net\/index.php?rest_route=\/wp\/v2\/pages"}],"about":[{"href":"https:\/\/meeplendice.net\/index.php?rest_route=\/wp\/v2\/types\/page"}],"author":[{"embeddable":true,"href":"https:\/\/meeplendice.net\/index.php?rest_route=\/wp\/v2\/users\/2"}],"replies":[{"embeddable":true,"href":"https:\/\/meeplendice.net\/index.php?rest_route=%2Fwp%2Fv2%2Fcomments&post=13690"}],"version-history":[{"count":4,"href":"https:\/\/meeplendice.net\/index.php?rest_route=\/wp\/v2\/pages\/13690\/revisions"}],"predecessor-version":[{"id":13961,"href":"https:\/\/meeplendice.net\/index.php?rest_route=\/wp\/v2\/pages\/13690\/revisions\/13961"}],"wp:featuredmedia":[{"embeddable":true,"href":"https:\/\/meeplendice.net\/index.php?rest_route=\/wp\/v2\/media\/13695"}],"wp:attachment":[{"href":"https:\/\/meeplendice.net\/index.php?rest_route=%2Fwp%2Fv2%2Fmedia&parent=13690"}],"curies":[{"name":"wp","href":"https:\/\/api.w.org\/{rel}","templated":true}]}}